{"id":1885,"date":"2024-11-07T02:05:46","date_gmt":"2024-11-07T02:05:46","guid":{"rendered":"https:\/\/chandelier-yc.com\/?page_id=1885"},"modified":"2024-11-27T03:44:15","modified_gmt":"2024-11-27T03:44:15","slug":"hanging-chandelier","status":"publish","type":"page","link":"https:\/\/chandelier-yc.com\/de\/hanging-chandelier\/","title":{"rendered":"Produkte"},"content":{"rendered":"<div class=\"banner has-hover has-parallax\" id=\"banner-1949413190\">\n          <div class=\"banner-inner fill\">\n        <div class=\"banner-bg fill\" data-parallax=\"-3\" data-parallax-container=\".banner\" data-parallax-background>\n            <div class=\"bg fill bg-fill\"><\/div>\n                                    \n                    <\/div>\n\t\t\n        <div class=\"banner-layers container\">\n            <div class=\"fill banner-link\"><\/div>            \n   <div id=\"text-box-588075980\" class=\"text-box banner-layer x50 md-x10 lg-x10 y50 md-y50 lg-y50 res-text\">\n                     <div data-animate=\"fadeInLeft\">           <div class=\"text-box-content text dark\">\n              \n              <div class=\"text-inner text-center\">\n                  \n\t<div id=\"text-329876897\" class=\"text\">\n\t\t\n<h1>H\u00e4ngender Kronleuchter<\/h1>\n\t\t\n<style>\n#text-329876897 {\n  color: rgb(255,255,255);\n}\n#text-329876897 > * {\n  color: rgb(255,255,255);\n}\n<\/style>\n\t<\/div>\n\t\n              <\/div>\n           <\/div>\n       <\/div>                     \n<style>\n#text-box-588075980 {\n  width: 80%;\n}\n#text-box-588075980 .text-box-content {\n  font-size: 100%;\n}\n@media (min-width:550px) {\n  #text-box-588075980 {\n    width: 72%;\n  }\n}\n<\/style>\n    <\/div>\n \n        <\/div>\n      <\/div>\n\n            \n<style>\n#banner-1949413190 {\n  padding-top: 35.25%;\n}\n#banner-1949413190 .bg.bg-loaded {\n  background-image: url(https:\/\/chandelier-yc.com\/wp-content\/uploads\/2024\/11\/800-scaled.jpg);\n}\n#banner-1949413190 .overlay {\n  background-color: rgba(0, 0, 0, 0.3);\n}\n#banner-1949413190 .bg {\n  background-position: 86% 100%;\n}\n<\/style>\n  <\/div>\n\n\n\t<section class=\"section\" id=\"section_1690040048\">\n\t\t<div class=\"bg section-bg fill bg-fill  bg-loaded\" >\n\n\t\t\t\n\t\t\t\n\t\t\t\n\n\t\t<\/div>\n\n\t\t\n\n\t\t<div class=\"section-content relative\">\n\t\t\t\n<div class=\"row\"  id=\"row-324567694\">\n\n\t<div id=\"col-824692869\" class=\"col medium-6 small-12 large-6\"  >\n\t\t\t\t<div class=\"col-inner\"  >\n\t\t\t\n\t\t\t\n<h2 style=\"text-align: left;\">H\u00e4ngekronleuchter - der Inbegriff zeitloser Eleganz<\/h2>\n<p data-sourcepos=\"3:1-3:198\">Ein h\u00e4ngender Kronleuchter ist eine klassische Beleuchtungseinrichtung, die das Ambiente eines jeden Raumes aufwerten kann. Er wird in der Regel von der Decke abgeh\u00e4ngt und verf\u00fcgt oft \u00fcber mehrere Lichtquellen und komplizierte Designs.<\/p>\n<p data-sourcepos=\"5:1-5:40\"><strong>Wichtigste Merkmale der h\u00e4ngenden Kronleuchter:<\/strong><\/p>\n<ul data-sourcepos=\"7:1-11:0\">\n<li data-sourcepos=\"7:1-7:117\"><strong>Vielseitiges Design:<\/strong> Erh\u00e4ltlich in verschiedenen Stilen, von traditionell bis modern, um verschiedenen Einrichtungsvorlieben gerecht zu werden.<\/li>\n<li data-sourcepos=\"8:1-8:117\"><strong>Elegante Beleuchtung:<\/strong> Schafft eine warme und einladende Atmosph\u00e4re, ideal f\u00fcr Esszimmer, Wohnzimmer und Schlafzimmer.<\/li>\n<li data-sourcepos=\"9:1-9:71\"><strong>Mehrere Lichtquellen:<\/strong> Bietet eine ausreichende Beleuchtung f\u00fcr den Raum.<\/li>\n<li data-sourcepos=\"10:1-11:0\"><strong>Anpassbar:<\/strong> Sie kann mit verschiedenen Oberfl\u00e4chen, Materialien und Gl\u00fchbirnen nach Ihrem pers\u00f6nlichen Geschmack gestaltet werden.<\/li>\n<\/ul>\n\t\t<\/div>\n\t\t\t\t\t<\/div>\n\n\t\n\n\t<div id=\"col-382279922\" class=\"col medium-6 small-12 large-6\"  >\n\t\t\t\t<div class=\"col-inner\"  >\n\t\t\t\n\t\t\t\n\t<div class=\"img has-hover x md-x lg-x y md-y lg-y\" id=\"image_1400039601\">\n\t\t<a class=\"\" href=\"https:\/\/chandelier-yc.com\/de\/manufacturer\/chandelier-large-crystal-\uff08at930\uff09\/\" >\t\t\t\t\t\t<div class=\"img-inner image-cover dark\" style=\"padding-top:75%;\">\n\t\t\t<img loading=\"lazy\" decoding=\"async\" width=\"1920\" height=\"812\" src=\"https:\/\/chandelier-yc.com\/wp-content\/uploads\/2024\/11\/565.jpg\" class=\"attachment-original size-original\" alt=\"Kronleuchter Produkte des Herstellers\" srcset=\"https:\/\/chandelier-yc.com\/wp-content\/uploads\/2024\/11\/565.jpg 1920w, https:\/\/chandelier-yc.com\/wp-content\/uploads\/2024\/11\/565-300x127.jpg 300w, https:\/\/chandelier-yc.com\/wp-content\/uploads\/2024\/11\/565-1024x433.jpg 1024w, https:\/\/chandelier-yc.com\/wp-content\/uploads\/2024\/11\/565-768x325.jpg 768w, https:\/\/chandelier-yc.com\/wp-content\/uploads\/2024\/11\/565-1536x650.jpg 1536w, https:\/\/chandelier-yc.com\/wp-content\/uploads\/2024\/11\/565-18x8.jpg 18w, https:\/\/chandelier-yc.com\/wp-content\/uploads\/2024\/11\/565-600x254.jpg 600w\" sizes=\"(max-width: 1920px) 100vw, 1920px\" title=\"\">\t\t\t\t\t\t\n\t\t\t\t\t<\/div>\n\t\t\t\t\t\t<\/a>\t\t\n<style>\n#image_1400039601 {\n  width: 100%;\n}\n<\/style>\n\t<\/div>\n\t\n\t\t<\/div>\n\t\t\t\t\t<\/div>\n\n\t\n<\/div>\n\t\t<\/div>\n\n\t\t\n<style>\n#section_1690040048 {\n  padding-top: 30px;\n  padding-bottom: 30px;\n}\n<\/style>\n\t<\/section>\n\t\n\t<section class=\"section\" id=\"section_1243840897\">\n\t\t<div class=\"bg section-bg fill bg-fill  bg-loaded\" >\n\n\t\t\t\n\t\t\t\n\t\t\t\n\n\t\t<\/div>\n\n\t\t\n\n\t\t<div class=\"section-content relative\">\n\t\t\t\n<div class=\"row\"  id=\"row-1520990670\">\n\n\t<div id=\"col-1044594752\" class=\"col small-12 large-12\"  >\n\t\t\t\t<div class=\"col-inner\"  >\n\t\t\t\n\t\t\t\n<h2 style=\"text-align: center;\">Passen Sie Ihren idealen h\u00e4ngenden Kronleuchter an<\/h2>\n\t\t<\/div>\n\t\t\t\t\t<\/div>\n\n\t\n<\/div>\n<div class=\"row\"  id=\"row-582220385\">\n\n\t<div id=\"col-711008700\" class=\"col medium-6 small-12 large-6\"  >\n\t\t\t\t<div class=\"col-inner\"  >\n\t\t\t\n\t\t\t\n\t<div class=\"img has-hover x md-x lg-x y md-y lg-y\" id=\"image_1606716362\">\n\t\t\t\t\t\t\t\t<div class=\"img-inner dark\" >\n\t\t\t<img loading=\"lazy\" decoding=\"async\" width=\"1020\" height=\"765\" src=\"https:\/\/chandelier-yc.com\/wp-content\/uploads\/2024\/11\/Tropika-club_-Best-Lighting-Shops-in-Singapore-1-1024x768.jpg\" class=\"attachment-large size-large\" alt=\"Hersteller von Kronleuchtern\" srcset=\"https:\/\/chandelier-yc.com\/wp-content\/uploads\/2024\/11\/Tropika-club_-Best-Lighting-Shops-in-Singapore-1-1024x768.jpg 1024w, https:\/\/chandelier-yc.com\/wp-content\/uploads\/2024\/11\/Tropika-club_-Best-Lighting-Shops-in-Singapore-1-300x225.jpg 300w, https:\/\/chandelier-yc.com\/wp-content\/uploads\/2024\/11\/Tropika-club_-Best-Lighting-Shops-in-Singapore-1-768x576.jpg 768w, https:\/\/chandelier-yc.com\/wp-content\/uploads\/2024\/11\/Tropika-club_-Best-Lighting-Shops-in-Singapore-1-1536x1152.jpg 1536w, https:\/\/chandelier-yc.com\/wp-content\/uploads\/2024\/11\/Tropika-club_-Best-Lighting-Shops-in-Singapore-1-16x12.jpg 16w, https:\/\/chandelier-yc.com\/wp-content\/uploads\/2024\/11\/Tropika-club_-Best-Lighting-Shops-in-Singapore-1-600x450.jpg 600w, https:\/\/chandelier-yc.com\/wp-content\/uploads\/2024\/11\/Tropika-club_-Best-Lighting-Shops-in-Singapore-1.jpg 2048w\" sizes=\"(max-width: 1020px) 100vw, 1020px\" title=\"\">\t\t\t\t\t\t\n\t\t\t\t\t<\/div>\n\t\t\t\t\t\t\t\t\n<style>\n#image_1606716362 {\n  width: 100%;\n}\n<\/style>\n\t<\/div>\n\t\n<p data-sourcepos=\"13:1-13:28\"><strong>3. Breite Palette von Stilen:<\/strong><\/p>\n<ul data-sourcepos=\"14:1-16:0\">\n<li data-sourcepos=\"14:1-14:112\"><strong>Vielseitige Optionen:<\/strong> W\u00e4hlen Sie aus einer Vielzahl von Stilen, darunter traditionelle, moderne, rustikale und industrielle.<\/li>\n<li data-sourcepos=\"15:1-16:0\"><strong>Anpassungsf\u00e4hige Designs:<\/strong> Die Hersteller k\u00f6nnen klassische Designs an den modernen Geschmack anpassen oder innovative zeitgen\u00f6ssische St\u00fccke entwerfen.<\/li>\n<\/ul>\n<p>.<strong>4. Energie-Effizienz:<\/strong><\/p>\n<ul data-sourcepos=\"18:1-20:0\">\n<li data-sourcepos=\"18:1-18:118\"><strong>LED-Integration:<\/strong> Viele Hersteller bauen energieeffiziente LED-Beleuchtungstechnik in ihre Kronleuchter ein.<\/li>\n<li data-sourcepos=\"19:1-20:0\"><strong>Dimmbare Optionen:<\/strong> Mit dimmbaren Kronleuchtern k\u00f6nnen Sie die Helligkeit an unterschiedliche Stimmungen und Aktivit\u00e4ten anpassen.<\/li>\n<\/ul>\n\t\t<\/div>\n\t\t\t\t\t<\/div>\n\n\t\n\n\t<div id=\"col-1512114146\" class=\"col medium-6 small-12 large-6\"  >\n\t\t\t\t<div class=\"col-inner\"  >\n\t\t\t\n\t\t\t\n<p data-sourcepos=\"5:1-5:26\"><strong>1. Kundenspezifische Designs:<\/strong><\/p>\n<ul data-sourcepos=\"6:1-8:0\">\n<li data-sourcepos=\"6:1-6:148\"><strong>Ma\u00dfgeschneidert f\u00fcr Ihre Vision:<\/strong> Die Hersteller k\u00f6nnen individuelle Designs entwerfen, die Ihren speziellen W\u00fcnschen entsprechen und sich perfekt in Ihr Interieur einf\u00fcgen.<\/li>\n<li data-sourcepos=\"7:1-8:0\"><strong>Einzigartige \u00c4sthetik:<\/strong> Von klassisch bis modern - die Hersteller k\u00f6nnen Ihre einzigartigen Designideen zum Leben erwecken.<\/li>\n<\/ul>\n<p data-sourcepos=\"9:1-9:30\"><strong>2. Hochwertige Materialien:<\/strong><\/p>\n<ul data-sourcepos=\"10:1-12:0\">\n<li data-sourcepos=\"10:1-10:141\"><strong>Hochwertige Komponenten:<\/strong> Die Hersteller beziehen oft hochwertige Materialien wie Kristall, Glas und Metall, um Haltbarkeit und Eleganz zu gew\u00e4hrleisten.<\/li>\n<li data-sourcepos=\"11:1-12:0\"><strong>Exquisite Handwerkskunst:<\/strong> Jeder Kronleuchter wird in sorgf\u00e4ltiger Handarbeit und mit viel Liebe zum Detail von erfahrenen Kunsthandwerkern gefertigt.<\/li>\n<\/ul>\n<p>.<\/p>\n\t<div id=\"gap-1088232306\" class=\"gap-element clearfix\" style=\"display:block; height:auto;\">\n\t\t\n<style>\n#gap-1088232306 {\n  padding-top: 30px;\n}\n<\/style>\n\t<\/div>\n\t\n\t<div class=\"img has-hover x md-x lg-x y md-y lg-y\" id=\"image_1555150639\">\n\t\t\t\t\t\t\t\t<div class=\"img-inner dark\" >\n\t\t\t<img loading=\"lazy\" decoding=\"async\" width=\"600\" height=\"362\" src=\"https:\/\/chandelier-yc.com\/wp-content\/uploads\/2024\/11\/2165.jpg\" class=\"attachment-large size-large\" alt=\"Hersteller von Kronleuchtern\" srcset=\"https:\/\/chandelier-yc.com\/wp-content\/uploads\/2024\/11\/2165.jpg 600w, https:\/\/chandelier-yc.com\/wp-content\/uploads\/2024\/11\/2165-300x181.jpg 300w, https:\/\/chandelier-yc.com\/wp-content\/uploads\/2024\/11\/2165-18x12.jpg 18w\" sizes=\"(max-width: 600px) 100vw, 600px\" title=\"\">\t\t\t\t\t\t\n\t\t\t\t\t<\/div>\n\t\t\t\t\t\t\t\t\n<style>\n#image_1555150639 {\n  width: 100%;\n}\n<\/style>\n\t<\/div>\n\t\n\t\t<\/div>\n\t\t\t\t\t<\/div>\n\n\t\n<\/div>\n\t\t<\/div>\n\n\t\t\n<style>\n#section_1243840897 {\n  padding-top: 30px;\n  padding-bottom: 30px;\n  background-color: rgba(187, 190, 193, 0.308);\n}\n<\/style>\n\t<\/section>\n\t\n\t<section class=\"section\" id=\"section_1791407413\">\n\t\t<div class=\"bg section-bg fill bg-fill  bg-loaded\" >\n\n\t\t\t\n\t\t\t\n\t\t\t\n\n\t\t<\/div>\n\n\t\t\n\n\t\t<div class=\"section-content relative\">\n\t\t\t\n<div class=\"row\"  id=\"row-1414221736\">\n\n\t<div id=\"col-228962993\" class=\"col medium-6 small-12 large-6\"  >\n\t\t\t\t<div class=\"col-inner\"  >\n\t\t\t\n\t\t\t\n\t<div class=\"img has-hover x md-x lg-x y md-y lg-y\" id=\"image_340967671\">\n\t\t\t\t\t\t\t\t<div class=\"img-inner image-cover dark\" style=\"padding-top:75%;\">\n\t\t\t<img loading=\"lazy\" decoding=\"async\" width=\"720\" height=\"720\" src=\"https:\/\/chandelier-yc.com\/wp-content\/uploads\/2024\/11\/wall-lamp.webp\" class=\"attachment-original size-original\" alt=\"Wandleuchte\" srcset=\"https:\/\/chandelier-yc.com\/wp-content\/uploads\/2024\/11\/wall-lamp.webp 720w, https:\/\/chandelier-yc.com\/wp-content\/uploads\/2024\/11\/wall-lamp-300x300.webp 300w, https:\/\/chandelier-yc.com\/wp-content\/uploads\/2024\/11\/wall-lamp-150x150.webp 150w, https:\/\/chandelier-yc.com\/wp-content\/uploads\/2024\/11\/wall-lamp-12x12.webp 12w, https:\/\/chandelier-yc.com\/wp-content\/uploads\/2024\/11\/wall-lamp-600x600.webp 600w, https:\/\/chandelier-yc.com\/wp-content\/uploads\/2024\/11\/wall-lamp-100x100.webp 100w\" sizes=\"(max-width: 720px) 100vw, 720px\" title=\"\">\t\t\t\t\t\t\n\t\t\t\t\t<\/div>\n\t\t\t\t\t\t\t\t\n<style>\n#image_340967671 {\n  width: 100%;\n}\n<\/style>\n\t<\/div>\n\t\n\t\t<\/div>\n\t\t\t\t\t<\/div>\n\n\t\n\n\t<div id=\"col-1119936671\" class=\"col medium-6 small-12 large-6\"  >\n\t\t\t\t<div class=\"col-inner\"  >\n\t\t\t\n\t\t\t\n<h2 data-sourcepos=\"1:1-1:57\">Wandlampen: Eine stilvolle und funktionale Beleuchtungsl\u00f6sung<\/h2>\n<p data-sourcepos=\"3:1-3:226\">Wandlampen, auch bekannt als Wandleuchter, sind vielseitige Beleuchtungsk\u00f6rper, die jedem Raum Stil und Funktionalit\u00e4t verleihen k\u00f6nnen. Sie eignen sich perfekt, um bestimmte Bereiche hervorzuheben, das Ambiente zu beleuchten oder eine gem\u00fctliche Atmosph\u00e4re zu schaffen.<\/p>\n<p data-sourcepos=\"12:1-12:38\"><strong>Allgemeine Anwendungen von Wandlampen:<\/strong><\/p>\n<ul data-sourcepos=\"14:1-18:0\">\n<li data-sourcepos=\"14:1-14:89\"><strong>Wohnr\u00e4ume:<\/strong> Zur Hervorhebung von Kunstwerken, in Leseecken oder zur Erzeugung von Umgebungslicht.<\/li>\n<li data-sourcepos=\"15:1-15:76\"><strong>Schlafr\u00e4ume:<\/strong> Ideal zum Lesen am Bett oder zur Schaffung einer entspannten Atmosph\u00e4re.<\/li>\n<li data-sourcepos=\"16:1-16:85\"><strong>Flure und Korridore:<\/strong> Bietet eine stimmungsvolle Beleuchtung und verleiht einen Hauch von Eleganz.<\/li>\n<li data-sourcepos=\"17:1-18:0\"><strong>B\u00e4der:<\/strong> Zur Beleuchtung von Waschbeckenbereichen und zur Schaffung eines Wellness-Ambientes.<\/li>\n<\/ul>\n\t\t<\/div>\n\t\t\t\t\t<\/div>\n\n\t\n<\/div>\n\t\t<\/div>\n\n\t\t\n<style>\n#section_1791407413 {\n  padding-top: 30px;\n  padding-bottom: 30px;\n}\n<\/style>\n\t<\/section>\n\t\n\t<section class=\"section\" id=\"section_835954845\">\n\t\t<div class=\"bg section-bg fill bg-fill\" >\n\n\t\t\t\n\t\t\t<div class=\"section-bg-overlay absolute fill\"><\/div>\n\t\t\t\n\n\t\t<\/div>\n\n\t\t\n\n\t\t<div class=\"section-content relative\">\n\t\t\t\n<div class=\"row\"  id=\"row-1483402960\">\n\n\t<div id=\"col-869151320\" class=\"col small-12 large-12\"  >\n\t\t\t\t<div class=\"col-inner\"  >\n\t\t\t\n\t\t\t\n<div class=\"row\"  id=\"row-2115482127\">\n\n\t<div id=\"col-1713742777\" class=\"col small-12 large-12\"  >\n\t\t\t\t<div class=\"col-inner\"  >\n\t\t\t\n\t\t\t\n\t<div id=\"text-3080753848\" class=\"text\">\n\t\t\n<h2 style=\"text-align: center;\">Kontakt<\/h2>\n\t\t\n<style>\n#text-3080753848 {\n  color: rgb(255,255,255);\n}\n#text-3080753848 > * {\n  color: rgb(255,255,255);\n}\n<\/style>\n\t<\/div>\n\t\n\t\t<\/div>\n\t\t\t\t\t<\/div>\n\n\t\n<\/div>\n\n<div class=\"wpcf7 no-js\" id=\"wpcf7-f280-o1\" lang=\"en-US\" dir=\"ltr\" data-wpcf7-id=\"280\">\n<div class=\"screen-reader-response\"><p role=\"status\" aria-live=\"polite\" aria-atomic=\"true\"><\/p> <ul><\/ul><\/div>\n<form action=\"\/de\/wp-json\/wp\/v2\/pages\/1885#wpcf7-f280-o1\" method=\"post\" class=\"wpcf7-form init\" aria-label=\"Kontakt-Formular\" novalidate=\"novalidate\" data-status=\"init\" data-trp-original-action=\"\/de\/wp-json\/wp\/v2\/pages\/1885#wpcf7-f280-o1\">\n<div style=\"display: none;\">\n<input type=\"hidden\" name=\"_wpcf7\" value=\"280\" \/>\n<input type=\"hidden\" name=\"_wpcf7_version\" value=\"6.0.6\" \/>\n<input type=\"hidden\" name=\"_wpcf7_locale\" value=\"en_US\" \/>\n<input type=\"hidden\" name=\"_wpcf7_unit_tag\" value=\"wpcf7-f280-o1\" \/>\n<input type=\"hidden\" name=\"_wpcf7_container_post\" value=\"0\" \/>\n<input type=\"hidden\" name=\"_wpcf7_posted_data_hash\" value=\"\" \/>\n<\/div>\n<div class='custom_contact_style'>\n\t<div class=\"row row-small\">\n\t\t<div class=\"col medium-6 small-12 large-6\">\n\t\t\t<div class=\"col-inner\">\n\t\t\t\t<p><span class=\"wpcf7-form-control-wrap\" data-name=\"your-name\"><input size=\"40\" maxlength=\"400\" class=\"wpcf7-form-control wpcf7-text wpcf7-validates-as-required\" aria-required=\"true\" aria-invalid=\"false\" placeholder=\"Name*\" value=\"\" type=\"text\" name=\"your-name\" \/><\/span>\n\t\t\t\t<\/p>\n\t\t\t<\/div>\n\t\t<\/div>\n\t\t<div class=\"col medium-6 small-12 large-6\">\n\t\t\t<div class=\"col-inner\">\n\t\t\t\t<p><span class=\"wpcf7-form-control-wrap\" data-name=\"your-email\"><input size=\"40\" maxlength=\"400\" class=\"wpcf7-form-control wpcf7-email wpcf7-validates-as-required wpcf7-text wpcf7-validates-as-email\" aria-required=\"true\" aria-invalid=\"false\" placeholder=\"E-Mail*\" value=\"\" type=\"email\" name=\"your-email\" \/><\/span>\n\t\t\t\t<\/p>\n\t\t\t<\/div>\n\t\t<\/div>\n\t<\/div>\n\t<div class='cus_contact_form_bottom'>\n\t\t<p><span class=\"wpcf7-form-control-wrap\" data-name=\"your-phone\"><input size=\"40\" maxlength=\"400\" class=\"wpcf7-form-control wpcf7-text\" aria-invalid=\"false\" placeholder=\"Telefon\" value=\"\" type=\"text\" name=\"your-phone\" \/><\/span>\n\t\t<\/p>\n\t<\/div>\n\t<div class='cus_contact_form_bottom'>\n\t\t<p><span class=\"wpcf7-form-control-wrap\" data-name=\"your-country\"><input size=\"40\" maxlength=\"400\" class=\"wpcf7-form-control wpcf7-text\" aria-invalid=\"false\" placeholder=\"Land\" value=\"\" type=\"text\" name=\"your-country\" \/><\/span>\n\t\t<\/p>\n\t<\/div>\n\t<p><span class=\"wpcf7-form-control-wrap\" data-name=\"your-message\"><textarea cols=\"40\" rows=\"10\" maxlength=\"2000\" class=\"wpcf7-form-control wpcf7-textarea wpcf7-validates-as-required\" aria-required=\"true\" aria-invalid=\"false\" placeholder=\"Ihre Nachricht *\" name=\"your-message\"><\/textarea><\/span>\n\t<\/p>\n\t<div style=\"margin-bottom:10px;\">\n\t\t<p><span class=\"wpcf7-form-control-wrap kc_captcha cf7ic-toggle\" data-name=\"kc_captcha\"><span class=\"wpcf7-form-control wpcf7-radio\"><span class=\"captcha-image\" style=\"display: none;\"><span class=\"cf7ic_instructions\">Bitte beweisen Sie, dass Sie ein Mensch sind, indem Sie die Option<span> Herz<\/span>.<\/span><label><input aria-label=\"1\" type=\"radio\" name=\"kc_captcha\" value=\"kc_human\" \/><svg aria-hidden=\"true\" role=\"img\" xmlns=\"http:\/\/www.w3.org\/2000\/svg\" viewbox=\"0 0 576 512\"><path fill=\"currentColor\" d=\"M415 24c-53 0-103 42-127 65-24-23-74-65-127-65C70 24 16 77 16 166c0 72 67 133 69 135l187 181c9 8 23 8 32 0l187-180c2-3 69-64 69-136 0-89-54-142-145-142z\"\/><\/svg><\/label><label><input aria-label=\"2\" type=\"radio\" name=\"kc_captcha\" value=\"bot\" \/><svg aria-hidden=\"true\" role=\"img\" xmlns=\"http:\/\/www.w3.org\/2000\/svg\" viewbox=\"0 0 576 512\"><path fill=\"currentColor\" d=\"M259 18l-65 132-146 22c-26 3-37 36-18 54l106 103-25 146c-5 26 23 46 46 33l131-68 131 68c23 13 51-7 46-33l-25-146 106-103c19-18 8-51-18-54l-146-22-65-132a32 32 0 00-58 0z\"\/><\/svg><\/label><label><input aria-label=\"3\" type=\"radio\" name=\"kc_captcha\" value=\"bot\" \/><svg aria-hidden=\"true\" role=\"img\" xmlns=\"http:\/\/www.w3.org\/2000\/svg\" viewbox=\"0 0 512 512\"><path fill=\"currentColor\" d=\"M500 168h-55l-8-21a127 127 0 00-120-83H195a127 127 0 00-120 83l-8 21H12c-8 0-14 8-11 16l8 24a12 12 0 0011 8h29a64 64 0 00-33 56v48c0 16 6 31 16 42v62c0 13 11 24 24 24h48c13 0 24-11 24-24v-40h256v40c0 13 11 24 24 24h48c13 0 24-11 24-24v-62c10-11 16-26 16-42v-48c0-24-13-45-33-56h29a12 12 0 0011-8l8-24c3-8-3-16-11-16zm-365 2c9-25 33-42 60-42h122c27 0 51 17 60 42l15 38H120l15-38zM88 328a32 32 0 010-64c18 0 48 30 48 48s-30 16-48 16zm336 0c-18 0-48 2-48-16s30-48 48-48 32 14 32 32-14 32-32 32z\"\/><\/svg><\/label>\r\n    <\/span>\r\n    <span style=\"display:none\">\r\n        <input type=\"text\" name=\"kc_honeypot\">\r\n    <\/span><\/span><\/span>\n\t\t<\/p>\n\t<\/div>\n\t<p><input class=\"wpcf7-form-control wpcf7-submit has-spinner\" type=\"submit\" value=\"Nachricht senden\" \/>\n\t<\/p>\n<\/div><div class=\"wpcf7-response-output\" aria-hidden=\"true\"><\/div>\n<input type=\"hidden\" name=\"trp-form-language\" value=\"de\"\/><\/form>\n<\/div>\n\n\t\t<\/div>\n\t\t\t\t\t<\/div>\n\n\t\n<\/div>\n\t\t<\/div>\n\n\t\t\n<style>\n#section_835954845 {\n  padding-top: 30px;\n  padding-bottom: 30px;\n}\n#section_835954845 .section-bg-overlay {\n  background-color: rgba(0, 0, 0, 0.308);\n}\n#section_835954845 .section-bg.bg-loaded {\n  background-image: url(https:\/\/chandelier-yc.com\/wp-content\/uploads\/2023\/05\/20230526183003.webp);\n}\n#section_835954845 .section-bg {\n  background-position: 46% 41%;\n}\n<\/style>\n\t<\/section>","protected":false},"excerpt":{"rendered":"","protected":false},"author":3,"featured_media":2014,"parent":0,"menu_order":0,"comment_status":"closed","ping_status":"closed","template":"page-blank.php","meta":{"footnotes":""},"class_list":["post-1885","page","type-page","status-publish","has-post-thumbnail","hentry"],"_links":{"self":[{"href":"https:\/\/chandelier-yc.com\/de\/wp-json\/wp\/v2\/pages\/1885"}],"collection":[{"href":"https:\/\/chandelier-yc.com\/de\/wp-json\/wp\/v2\/pages"}],"about":[{"href":"https:\/\/chandelier-yc.com\/de\/wp-json\/wp\/v2\/types\/page"}],"author":[{"embeddable":true,"href":"https:\/\/chandelier-yc.com\/de\/wp-json\/wp\/v2\/users\/3"}],"replies":[{"embeddable":true,"href":"https:\/\/chandelier-yc.com\/de\/wp-json\/wp\/v2\/comments?post=1885"}],"version-history":[{"count":41,"href":"https:\/\/chandelier-yc.com\/de\/wp-json\/wp\/v2\/pages\/1885\/revisions"}],"predecessor-version":[{"id":2115,"href":"https:\/\/chandelier-yc.com\/de\/wp-json\/wp\/v2\/pages\/1885\/revisions\/2115"}],"wp:featuredmedia":[{"embeddable":true,"href":"https:\/\/chandelier-yc.com\/de\/wp-json\/wp\/v2\/media\/2014"}],"wp:attachment":[{"href":"https:\/\/chandelier-yc.com\/de\/wp-json\/wp\/v2\/media?parent=1885"}],"curies":[{"name":"wp","href":"https:\/\/api.w.org\/{rel}","templated":true}]}}