{"id":513,"date":"2023-03-13T07:20:57","date_gmt":"2023-03-13T07:20:57","guid":{"rendered":"https:\/\/chandelier-yc.com\/?page_id=513"},"modified":"2024-11-28T03:10:03","modified_gmt":"2024-11-28T03:10:03","slug":"services","status":"publish","type":"page","link":"https:\/\/chandelier-yc.com\/de\/services\/","title":{"rendered":"Dienstleistungen"},"content":{"rendered":"<div class=\"banner has-hover\" id=\"banner-782934623\">\n          <div class=\"banner-inner fill\">\n        <div class=\"banner-bg fill\" >\n            <div class=\"bg fill bg-fill\"><\/div>\n                        <div class=\"overlay\"><\/div>            \n                    <\/div>\n\t\t\n        <div class=\"banner-layers container\">\n            <div class=\"fill banner-link\"><\/div>            \n   <div id=\"text-box-1319156056\" class=\"text-box banner-layer x5 md-x5 lg-x95 y50 md-y50 lg-y50 res-text\">\n                                <div class=\"text-box-content text dark\">\n              \n              <div class=\"text-inner text-center\">\n                  \n\t<div id=\"text-388568692\" class=\"text\">\n\t\t\n<h1>OEM-Dienst<\/h1>\n\t\t\n<style>\n#text-388568692 {\n  text-align: left;\n  color: #e5c988;\n}\n#text-388568692 > * {\n  color: #e5c988;\n}\n<\/style>\n\t<\/div>\n\t\n              <\/div>\n           <\/div>\n                            \n<style>\n#text-box-1319156056 {\n  width: 60%;\n}\n#text-box-1319156056 .text-box-content {\n  font-size: 100%;\n}\n<\/style>\n    <\/div>\n \n        <\/div>\n      <\/div>\n\n            \n<style>\n#banner-782934623 {\n  padding-top: 15%;\n  background-color: rgba(0, 0, 0, 0.587);\n}\n#banner-782934623 .overlay {\n  background-color: rgba(0, 0, 0, 0.593);\n}\n<\/style>\n  <\/div>\n\n\n\t<section class=\"section\" id=\"section_111714785\">\n\t\t<div class=\"bg section-bg fill bg-fill  bg-loaded\" >\n\n\t\t\t\n\t\t\t\n\t\t\t\n\n\t\t<\/div>\n\n\t\t\n\n\t\t<div class=\"section-content relative\">\n\t\t\t\n<div class=\"row\"  id=\"row-796866331\">\n\n\t<div id=\"col-199111400\" class=\"col small-12 large-12\"  >\n\t\t\t\t<div class=\"col-inner\"  >\n\t\t\t\n\t\t\t\n<h2 style=\"text-align: center;\">Kronleuchter OEM Customization Service: Beleuchten Sie Ihren exklusiven Beleuchtungstraum<\/h2>\n<p>Im heutigen Zeitalter des Strebens nach Personalisierung und Qualit\u00e4t sind Kronleuchter nicht mehr nur Beleuchtungsinstrumente, sondern auch dekorative Kunstwerke f\u00fcr den Raum, die den einzigartigen Stil und Geschmack unterstreichen. Wir konzentrieren uns auf die OEM-Anpassung von Kronleuchtern und sind bestrebt, einzigartige und bedarfsgerechte Kronleuchterprodukte f\u00fcr Sie zu schaffen, damit Ihr Raum in einem anderen Glanz erstrahlt.<\/p>\n\t\t<\/div>\n\t\t\t\t\t<\/div>\n\n\t\n<\/div>\n<div class=\"row\"  id=\"row-910228584\">\n\n\t<div id=\"col-115523368\" class=\"col medium-4 small-12 large-4\"  >\n\t\t\t\t<div class=\"col-inner\"  >\n\t\t\t\n\t\t\t\n\t<div class=\"img has-hover x md-x lg-x y md-y lg-y\" id=\"image_1565742690\">\n\t\t<a class=\"\" href=\"https:\/\/chandelier-yc.com\/de\/manufacturer\/branch-chandeliers-fa800\/\" >\t\t\t\t\t\t<div class=\"img-inner image-cover dark\" style=\"padding-top:75%;\">\n\t\t\t<img loading=\"lazy\" decoding=\"async\" width=\"750\" height=\"750\" src=\"https:\/\/chandelier-yc.com\/wp-content\/uploads\/2024\/11\/1-1.jpg\" class=\"attachment-original size-original\" alt=\"Exquisite Handwerkskunst\" srcset=\"https:\/\/chandelier-yc.com\/wp-content\/uploads\/2024\/11\/1-1.jpg 750w, https:\/\/chandelier-yc.com\/wp-content\/uploads\/2024\/11\/1-1-300x300.jpg 300w, https:\/\/chandelier-yc.com\/wp-content\/uploads\/2024\/11\/1-1-150x150.jpg 150w, https:\/\/chandelier-yc.com\/wp-content\/uploads\/2024\/11\/1-1-12x12.jpg 12w, https:\/\/chandelier-yc.com\/wp-content\/uploads\/2024\/11\/1-1-600x600.jpg 600w, https:\/\/chandelier-yc.com\/wp-content\/uploads\/2024\/11\/1-1-100x100.jpg 100w\" sizes=\"(max-width: 750px) 100vw, 750px\" title=\"\">\t\t\t\t\t\t\n\t\t\t\t\t<\/div>\n\t\t\t\t\t\t<\/a>\t\t\n<style>\n#image_1565742690 {\n  width: 100%;\n}\n<\/style>\n\t<\/div>\n\t\n\t\t<\/div>\n\t\t\t\t\t<\/div>\n\n\t\n\n\t<div id=\"col-1405030019\" class=\"col medium-8 small-12 large-8\"  >\n\t\t\t\t<div class=\"col-inner\"  >\n\t\t\t\n\t\t\t\n\t<div id=\"gap-904160114\" class=\"gap-element clearfix\" style=\"display:block; height:auto;\">\n\t\t\n<style>\n#gap-904160114 {\n  padding-top: 30px;\n}\n<\/style>\n\t<\/div>\n\t\n<h3>1. exquisite Handwerkskunst und reiche Erfahrung<\/h3>\n<p>Wir verf\u00fcgen \u00fcber ein erfahrenes und qualifiziertes Team, das sich seit vielen Jahren mit dem Design und der Herstellung von Kronleuchtern befasst und mit der Verwendung verschiedener Materialien und Verfahren vertraut ist. Ob komplexe Metallschnitzerei, exquisite Glasbl\u00e4serei oder filigrane Holzbearbeitung - alles kann auf einem exzellenten Niveau pr\u00e4sentiert werden. So wird sichergestellt, dass jeder ma\u00dfgeschneiderte Kronleuchter \u00fcber hochwertige handwerkliche Details verf\u00fcgt und eine unvergleichliche Raffinesse und Sch\u00f6nheit aufweist.<\/p>\n\t\t<\/div>\n\t\t\t\t\t<\/div>\n\n\t\n<\/div>\n\t\t<\/div>\n\n\t\t\n<style>\n#section_111714785 {\n  padding-top: 30px;\n  padding-bottom: 30px;\n  background-color: rgb(255,255,255);\n}\n@media (min-width:850px) {\n  #section_111714785 {\n    padding-top: 80px;\n    padding-bottom: 80px;\n  }\n}\n<\/style>\n\t<\/section>\n\t\n\t<section class=\"section\" id=\"section_661021439\">\n\t\t<div class=\"bg section-bg fill bg-fill  bg-loaded\" >\n\n\t\t\t\n\t\t\t\n\t\t\t\n\t<div class=\"is-border\"\n\t\tstyle=\"border-width:1px 0px 0px 0px;\">\n\t<\/div>\n\n\t\t<\/div>\n\n\t\t\n\n\t\t<div class=\"section-content relative\">\n\t\t\t\n<div class=\"row\"  id=\"row-658819696\">\n\n\t<div id=\"col-759062647\" class=\"col medium-8 small-12 large-8\"  >\n\t\t\t\t<div class=\"col-inner\"  >\n\t\t\t\n\t\t\t\n\t<div id=\"gap-986513193\" class=\"gap-element clearfix\" style=\"display:block; height:auto;\">\n\t\t\n<style>\n#gap-986513193 {\n  padding-top: 30px;\n}\n<\/style>\n\t<\/div>\n\t\n\t<div id=\"text-980151603\" class=\"text\">\n\t\t\n<h3>2. vielf\u00e4ltige Materialauswahl<\/h3>\n<p>Um den besonderen Anforderungen der verschiedenen Kunden an die Materialien f\u00fcr Kronleuchter gerecht zu werden, bieten wir eine reichhaltige und vielf\u00e4ltige Materialbibliothek. Von edlen und gl\u00e4nzenden Kristallen bis hin zu langlebigen Metallen (wie Edelstahl, Kupfer, Eisen usw.), von schlichtem und nat\u00fcrlichem Holz bis hin zu modernem und modischem Acryl und Glas k\u00f6nnen Sie je nach der stilistischen Ausrichtung des Projekts und Ihren pers\u00f6nlichen Vorlieben frei w\u00e4hlen und kombinieren, und wir werden Ihre Materialideen perfekt in konkrete Produkte umsetzen.<\/p>\n\t\t\n<style>\n#text-980151603 {\n  color: rgb(229, 201, 136);\n}\n#text-980151603 > * {\n  color: rgb(229, 201, 136);\n}\n<\/style>\n\t<\/div>\n\t\n\t\t<\/div>\n\t\t\t\t\t<\/div>\n\n\t\n\n\t<div id=\"col-1981581034\" class=\"col medium-4 small-12 large-4\"  >\n\t\t\t\t<div class=\"col-inner\"  >\n\t\t\t\n\t\t\t\n\t<div class=\"img has-hover x md-x lg-x y md-y lg-y\" id=\"image_442004337\">\n\t\t<a class=\"\" href=\"https:\/\/chandelier-yc.com\/de\/manufacturer\/twig-chandelierft1090ft800ft500\/\" >\t\t\t\t\t\t<div class=\"img-inner image-cover dark\" style=\"padding-top:75%;\">\n\t\t\t<img loading=\"lazy\" decoding=\"async\" width=\"750\" height=\"750\" src=\"https:\/\/chandelier-yc.com\/wp-content\/uploads\/2024\/11\/1-3.jpg\" class=\"attachment-original size-original\" alt=\"Vielf\u00e4ltige Materialauswahl\" srcset=\"https:\/\/chandelier-yc.com\/wp-content\/uploads\/2024\/11\/1-3.jpg 750w, https:\/\/chandelier-yc.com\/wp-content\/uploads\/2024\/11\/1-3-300x300.jpg 300w, https:\/\/chandelier-yc.com\/wp-content\/uploads\/2024\/11\/1-3-150x150.jpg 150w, https:\/\/chandelier-yc.com\/wp-content\/uploads\/2024\/11\/1-3-12x12.jpg 12w, https:\/\/chandelier-yc.com\/wp-content\/uploads\/2024\/11\/1-3-600x600.jpg 600w, https:\/\/chandelier-yc.com\/wp-content\/uploads\/2024\/11\/1-3-100x100.jpg 100w\" sizes=\"(max-width: 750px) 100vw, 750px\" title=\"\">\t\t\t\t\t\t\n\t\t\t\t\t<\/div>\n\t\t\t\t\t\t<\/a>\t\t\n<style>\n#image_442004337 {\n  width: 100%;\n}\n<\/style>\n\t<\/div>\n\t\n\t\t<\/div>\n\t\t\t\t\t<\/div>\n\n\t\n<\/div>\n\t\t<\/div>\n\n\t\t\n<style>\n#section_661021439 {\n  padding-top: 20px;\n  padding-bottom: 20px;\n  background-color: rgb(0,0,0);\n}\n@media (min-width:550px) {\n  #section_661021439 {\n    padding-top: 30px;\n    padding-bottom: 30px;\n  }\n}\n@media (min-width:850px) {\n  #section_661021439 {\n    padding-top: 50px;\n    padding-bottom: 50px;\n  }\n}\n<\/style>\n\t<\/section>\n\t\n\t<section class=\"section\" id=\"section_1355207045\">\n\t\t<div class=\"bg section-bg fill bg-fill  bg-loaded\" >\n\n\t\t\t\n\t\t\t\n\t\t\t\n\n\t\t<\/div>\n\n\t\t\n\n\t\t<div class=\"section-content relative\">\n\t\t\t\n<div class=\"row\"  id=\"row-1710997565\">\n\n\t<div id=\"col-692089430\" class=\"col medium-4 small-12 large-4\"  >\n\t\t\t\t<div class=\"col-inner\"  >\n\t\t\t\n\t\t\t\n\t<div class=\"img has-hover x md-x lg-x y md-y lg-y\" id=\"image_1866555599\">\n\t\t<a class=\"\" href=\"https:\/\/chandelier-yc.com\/de\/manufacturer\/large-entryway-chandelierft1090\/\" >\t\t\t\t\t\t<div class=\"img-inner image-cover dark\" style=\"padding-top:75%;\">\n\t\t\t<img loading=\"lazy\" decoding=\"async\" width=\"750\" height=\"750\" src=\"https:\/\/chandelier-yc.com\/wp-content\/uploads\/2024\/11\/1-4.jpg\" class=\"attachment-original size-original\" alt=\"Personalisierter Gestaltungsplan\" srcset=\"https:\/\/chandelier-yc.com\/wp-content\/uploads\/2024\/11\/1-4.jpg 750w, https:\/\/chandelier-yc.com\/wp-content\/uploads\/2024\/11\/1-4-300x300.jpg 300w, https:\/\/chandelier-yc.com\/wp-content\/uploads\/2024\/11\/1-4-150x150.jpg 150w, https:\/\/chandelier-yc.com\/wp-content\/uploads\/2024\/11\/1-4-12x12.jpg 12w, https:\/\/chandelier-yc.com\/wp-content\/uploads\/2024\/11\/1-4-600x600.jpg 600w, https:\/\/chandelier-yc.com\/wp-content\/uploads\/2024\/11\/1-4-100x100.jpg 100w\" sizes=\"(max-width: 750px) 100vw, 750px\" title=\"\">\t\t\t\t\t\t\n\t\t\t\t\t<\/div>\n\t\t\t\t\t\t<\/a>\t\t\n<style>\n#image_1866555599 {\n  width: 100%;\n}\n<\/style>\n\t<\/div>\n\t\n\t\t<\/div>\n\t\t\t\t\t<\/div>\n\n\t\n\n\t<div id=\"col-1628372931\" class=\"col medium-8 small-12 large-8\"  >\n\t\t\t\t<div class=\"col-inner\"  >\n\t\t\t\n\t\t\t\n<h3>3. personalisierter Gestaltungsplan<\/h3>\n<p>Unser Designteam ist in der Lage, auf jede Kreativit\u00e4t und Nachfrage der Kunden einzugehen und ma\u00dfgeschneiderte, personalisierte Kronleuchter-Designpl\u00e4ne f\u00fcr Sie mit einer professionellen Designperspektive zu entwerfen. Ob Sie einen luxuri\u00f6sen europ\u00e4ischen Palast-Stil, eine einfache und moderne Sinn f\u00fcr Mode, eine frische und nat\u00fcrliche pastorale Ton oder ein Retro-industriellen harten Stil verfolgen, k\u00f6nnen wir genau die Design-Richtung zu erfassen und anschaulich pr\u00e4sentieren die ideale Kronleuchter Bild in Ihrem Kopf durch handgezeichnete Skizzen, 3D-Modellierung, usw., so dass Sie deutlich die fertige Produkt-Effekt vor der Anpassung vorhersehen k\u00f6nnen, und sicherzustellen, dass der Design-Plan vollst\u00e4ndig Ihren Erwartungen entspricht.<\/p>\n\t\t<\/div>\n\t\t\t\t\t<\/div>\n\n\t\n<\/div>\n\t\t<\/div>\n\n\t\t\n<style>\n#section_1355207045 {\n  padding-top: 30px;\n  padding-bottom: 30px;\n}\n<\/style>\n\t<\/section>\n\t\n\t<section class=\"section\" id=\"section_335440888\">\n\t\t<div class=\"bg section-bg fill bg-fill  bg-loaded\" >\n\n\t\t\t\n\t\t\t\n\t\t\t\n\n\t\t<\/div>\n\n\t\t\n\n\t\t<div class=\"section-content relative\">\n\t\t\t\n<div class=\"row\"  id=\"row-1306368836\">\n\n\t<div id=\"col-1508499204\" class=\"col medium-8 small-12 large-8\"  >\n\t\t\t\t<div class=\"col-inner\"  >\n\t\t\t\n\t\t\t\n\t<div id=\"gap-830859955\" class=\"gap-element clearfix\" style=\"display:block; height:auto;\">\n\t\t\n<style>\n#gap-830859955 {\n  padding-top: 20px;\n}\n<\/style>\n\t<\/div>\n\t\n\t<div id=\"text-1589849840\" class=\"text\">\n\t\t\n<h3>4. strenges Qualit\u00e4tskontrollsystem<\/h3>\n<p>Qualit\u00e4t ist unser Lebenselixier. In jeder Phase der Kronleuchteranfertigung, von der Beschaffung des Rohmaterials bis zur Produktion und Verarbeitung, von der Montage und Fehlersuche bis zur Pr\u00fcfung des fertigen Produkts, haben wir ein strenges Qualit\u00e4tskontrollsystem eingef\u00fchrt. Wir verwenden fortschrittliche Pr\u00fcfger\u00e4te und strenge Pr\u00fcfstandards, um umfassende und detaillierte Tests des Aussehens, der Struktur, der elektrischen Sicherheit und anderer Aspekte des Kronleuchters durchzuf\u00fchren, um sicherzustellen, dass jeder an Sie gelieferte Kronleuchter sicher, zuverl\u00e4ssig und von hervorragender Qualit\u00e4t ist und dem Test der Zeit und des Marktes standhalten kann.<\/p>\n\t\t\n<style>\n#text-1589849840 {\n  color: rgb(229, 201, 136);\n}\n#text-1589849840 > * {\n  color: rgb(229, 201, 136);\n}\n<\/style>\n\t<\/div>\n\t\n\t\t<\/div>\n\t\t\t\t\t<\/div>\n\n\t\n\n\t<div id=\"col-139058258\" class=\"col medium-4 small-12 large-4\"  >\n\t\t\t\t<div class=\"col-inner\"  >\n\t\t\t\n\t\t\t\n\t<div class=\"img has-hover x md-x lg-x y md-y lg-y\" id=\"image_326310870\">\n\t\t<a class=\"\" href=\"https:\/\/chandelier-yc.com\/de\/manufacturer\/bubble-lighting-chandeliers-tr680tr1000tr1320\/\" >\t\t\t\t\t\t<div class=\"img-inner image-cover dark\" style=\"padding-top:75%;\">\n\t\t\t<img loading=\"lazy\" decoding=\"async\" width=\"750\" height=\"750\" src=\"https:\/\/chandelier-yc.com\/wp-content\/uploads\/2024\/11\/1-5.jpg\" class=\"attachment-original size-original\" alt=\"Strenges Qualit\u00e4tskontrollsystem\" srcset=\"https:\/\/chandelier-yc.com\/wp-content\/uploads\/2024\/11\/1-5.jpg 750w, https:\/\/chandelier-yc.com\/wp-content\/uploads\/2024\/11\/1-5-300x300.jpg 300w, https:\/\/chandelier-yc.com\/wp-content\/uploads\/2024\/11\/1-5-150x150.jpg 150w, https:\/\/chandelier-yc.com\/wp-content\/uploads\/2024\/11\/1-5-12x12.jpg 12w, https:\/\/chandelier-yc.com\/wp-content\/uploads\/2024\/11\/1-5-600x600.jpg 600w, https:\/\/chandelier-yc.com\/wp-content\/uploads\/2024\/11\/1-5-100x100.jpg 100w\" sizes=\"(max-width: 750px) 100vw, 750px\" title=\"\">\t\t\t\t\t\t\n\t\t\t\t\t<\/div>\n\t\t\t\t\t\t<\/a>\t\t\n<style>\n#image_326310870 {\n  width: 100%;\n}\n<\/style>\n\t<\/div>\n\t\n\t\t<\/div>\n\t\t\t\t\t<\/div>\n\n\t\n<\/div>\n\t\t<\/div>\n\n\t\t\n<style>\n#section_335440888 {\n  padding-top: 30px;\n  padding-bottom: 30px;\n  background-color: rgb(0,0,0);\n}\n<\/style>\n\t<\/section>\n\t\n\t<section class=\"section\" id=\"section_1696300250\">\n\t\t<div class=\"bg section-bg fill bg-fill  bg-loaded\" >\n\n\t\t\t\n\t\t\t\n\t\t\t\n\n\t\t<\/div>\n\n\t\t\n\n\t\t<div class=\"section-content relative\">\n\t\t\t\n<div class=\"row\"  id=\"row-529057521\">\n\n\t<div id=\"col-1928618572\" class=\"col medium-4 small-12 large-4\"  >\n\t\t\t\t<div class=\"col-inner\"  >\n\t\t\t\n\t\t\t\n\t<div class=\"img has-hover x md-x lg-x y md-y lg-y\" id=\"image_1208721834\">\n\t\t<a class=\"\" href=\"https:\/\/chandelier-yc.com\/de\/manufacturer\/turquoise-chandelier-earrings-fc0480fc0780fc1079\/\" >\t\t\t\t\t\t<div class=\"img-inner image-cover dark\" style=\"padding-top:75%;\">\n\t\t\t<img loading=\"lazy\" decoding=\"async\" width=\"750\" height=\"731\" src=\"https:\/\/chandelier-yc.com\/wp-content\/uploads\/2024\/11\/21.jpg\" class=\"attachment-original size-original\" alt=\"Flexible Anpassung\" srcset=\"https:\/\/chandelier-yc.com\/wp-content\/uploads\/2024\/11\/21.jpg 750w, https:\/\/chandelier-yc.com\/wp-content\/uploads\/2024\/11\/21-300x292.jpg 300w, https:\/\/chandelier-yc.com\/wp-content\/uploads\/2024\/11\/21-12x12.jpg 12w, https:\/\/chandelier-yc.com\/wp-content\/uploads\/2024\/11\/21-600x585.jpg 600w\" sizes=\"(max-width: 750px) 100vw, 750px\" title=\"\">\t\t\t\t\t\t\n\t\t\t\t\t<\/div>\n\t\t\t\t\t\t<\/a>\t\t\n<style>\n#image_1208721834 {\n  width: 100%;\n}\n<\/style>\n\t<\/div>\n\t\n\t\t<\/div>\n\t\t\t\t\t<\/div>\n\n\t\n\n\t<div id=\"col-1517918890\" class=\"col medium-8 small-12 large-8\"  >\n\t\t\t\t<div class=\"col-inner\"  >\n\t\t\t\n\t\t\t\n\t<div id=\"gap-256027479\" class=\"gap-element clearfix\" style=\"display:block; height:auto;\">\n\t\t\n<style>\n#gap-256027479 {\n  padding-top: 30px;\n}\n<\/style>\n\t<\/div>\n\t\n<h3>5. flexible Anpassung Menge und effiziente Lieferung<\/h3>\n<p>Ganz gleich, ob Sie eine Kleinserie f\u00fcr hochwertige Wohnprojekte oder eine Gro\u00dfserie f\u00fcr die Dekoration von Gesch\u00e4ftsr\u00e4umen (z. B. Hotels, Einkaufszentren, Restaurants usw.) ben\u00f6tigen, wir k\u00f6nnen flexibel reagieren und ma\u00dfgeschneiderte L\u00f6sungen anbieten. Gleichzeitig sind wir uns der Bedeutung des Faktors Zeit f\u00fcr unsere Kunden sehr bewusst. Durch die Optimierung des Produktionsprozesses und ein effizientes Management der Lieferkette stellen wir sicher, dass die ma\u00dfgeschneiderten Kronleuchter p\u00fcnktlich geliefert werden k\u00f6nnen und gleichzeitig die Qualit\u00e4t gew\u00e4hrleistet ist, so dass Ihr Projekt reibungslos ablaufen kann, ohne dass Sie sich Gedanken \u00fcber Bauverz\u00f6gerungen machen m\u00fcssen.<\/p>\n\t\t<\/div>\n\t\t\t\t\t<\/div>\n\n\t\n<\/div>\n\t\t<\/div>\n\n\t\t\n<style>\n#section_1696300250 {\n  padding-top: 30px;\n  padding-bottom: 30px;\n}\n<\/style>\n\t<\/section>\n\t\n\t<section class=\"section\" id=\"section_726485287\">\n\t\t<div class=\"bg section-bg fill bg-fill  bg-loaded\" >\n\n\t\t\t\n\t\t\t\n\t\t\t\n\n\t\t<\/div>\n\n\t\t\n\n\t\t<div class=\"section-content relative\">\n\t\t\t\n<div class=\"row\"  id=\"row-1061217015\">\n\n\t<div id=\"col-700563338\" class=\"col small-12 large-12\"  >\n\t\t\t\t<div class=\"col-inner\"  >\n\t\t\t\n\t\t\t\n\t<div id=\"text-133435120\" class=\"text\">\n\t\t\n<h2 style=\"text-align: center;\">Kontakt<\/h2>\n\t\t\n<style>\n#text-133435120 {\n  color: rgb(0,0,0);\n}\n#text-133435120 > * {\n  color: rgb(0,0,0);\n}\n<\/style>\n\t<\/div>\n\t\n\t\t<\/div>\n\t\t\t\t\t<\/div>\n\n\t\n<\/div>\n<div class=\"row\"  id=\"row-126338364\">\n\n\t<div id=\"col-1868830617\" class=\"col small-12 large-12\"  >\n\t\t\t\t<div class=\"col-inner\"  >\n\t\t\t\n\t\t\t\n\n<div class=\"wpcf7 no-js\" id=\"wpcf7-f280-o1\" lang=\"en-US\" dir=\"ltr\" data-wpcf7-id=\"280\">\n<div class=\"screen-reader-response\"><p role=\"status\" aria-live=\"polite\" aria-atomic=\"true\"><\/p> <ul><\/ul><\/div>\n<form action=\"\/de\/wp-json\/wp\/v2\/pages\/513#wpcf7-f280-o1\" method=\"post\" class=\"wpcf7-form init\" aria-label=\"Kontakt-Formular\" novalidate=\"novalidate\" data-status=\"init\" data-trp-original-action=\"\/de\/wp-json\/wp\/v2\/pages\/513#wpcf7-f280-o1\">\n<div style=\"display: none;\">\n<input type=\"hidden\" name=\"_wpcf7\" value=\"280\" \/>\n<input type=\"hidden\" name=\"_wpcf7_version\" value=\"6.0.6\" \/>\n<input type=\"hidden\" name=\"_wpcf7_locale\" value=\"en_US\" \/>\n<input type=\"hidden\" name=\"_wpcf7_unit_tag\" value=\"wpcf7-f280-o1\" \/>\n<input type=\"hidden\" name=\"_wpcf7_container_post\" value=\"0\" \/>\n<input type=\"hidden\" name=\"_wpcf7_posted_data_hash\" value=\"\" \/>\n<\/div>\n<div class='custom_contact_style'>\n\t<div class=\"row row-small\">\n\t\t<div class=\"col medium-6 small-12 large-6\">\n\t\t\t<div class=\"col-inner\">\n\t\t\t\t<p><span class=\"wpcf7-form-control-wrap\" data-name=\"your-name\"><input size=\"40\" maxlength=\"400\" class=\"wpcf7-form-control wpcf7-text wpcf7-validates-as-required\" aria-required=\"true\" aria-invalid=\"false\" placeholder=\"Name*\" value=\"\" type=\"text\" name=\"your-name\" \/><\/span>\n\t\t\t\t<\/p>\n\t\t\t<\/div>\n\t\t<\/div>\n\t\t<div class=\"col medium-6 small-12 large-6\">\n\t\t\t<div class=\"col-inner\">\n\t\t\t\t<p><span class=\"wpcf7-form-control-wrap\" data-name=\"your-email\"><input size=\"40\" maxlength=\"400\" class=\"wpcf7-form-control wpcf7-email wpcf7-validates-as-required wpcf7-text wpcf7-validates-as-email\" aria-required=\"true\" aria-invalid=\"false\" placeholder=\"E-Mail*\" value=\"\" type=\"email\" name=\"your-email\" \/><\/span>\n\t\t\t\t<\/p>\n\t\t\t<\/div>\n\t\t<\/div>\n\t<\/div>\n\t<div class='cus_contact_form_bottom'>\n\t\t<p><span class=\"wpcf7-form-control-wrap\" data-name=\"your-phone\"><input size=\"40\" maxlength=\"400\" class=\"wpcf7-form-control wpcf7-text\" aria-invalid=\"false\" placeholder=\"Telefon\" value=\"\" type=\"text\" name=\"your-phone\" \/><\/span>\n\t\t<\/p>\n\t<\/div>\n\t<div class='cus_contact_form_bottom'>\n\t\t<p><span class=\"wpcf7-form-control-wrap\" data-name=\"your-country\"><input size=\"40\" maxlength=\"400\" class=\"wpcf7-form-control wpcf7-text\" aria-invalid=\"false\" placeholder=\"Land\" value=\"\" type=\"text\" name=\"your-country\" \/><\/span>\n\t\t<\/p>\n\t<\/div>\n\t<p><span class=\"wpcf7-form-control-wrap\" data-name=\"your-message\"><textarea cols=\"40\" rows=\"10\" maxlength=\"2000\" class=\"wpcf7-form-control wpcf7-textarea wpcf7-validates-as-required\" aria-required=\"true\" aria-invalid=\"false\" placeholder=\"Ihre Nachricht *\" name=\"your-message\"><\/textarea><\/span>\n\t<\/p>\n\t<div style=\"margin-bottom:10px;\">\n\t\t<p><span class=\"wpcf7-form-control-wrap kc_captcha cf7ic-toggle\" data-name=\"kc_captcha\"><span class=\"wpcf7-form-control wpcf7-radio\"><span class=\"captcha-image\" style=\"display: none;\"><span class=\"cf7ic_instructions\">Bitte beweisen Sie, dass Sie ein Mensch sind, indem Sie die Option<span> truck<\/span>.<\/span><label><input aria-label=\"1\" type=\"radio\" name=\"kc_captcha\" value=\"bot\" \/><svg aria-hidden=\"true\" role=\"img\" xmlns=\"http:\/\/www.w3.org\/2000\/svg\" viewbox=\"0 0 576 512\"><path fill=\"currentColor\" d=\"M259 18l-65 132-146 22c-26 3-37 36-18 54l106 103-25 146c-5 26 23 46 46 33l131-68 131 68c23 13 51-7 46-33l-25-146 106-103c19-18 8-51-18-54l-146-22-65-132a32 32 0 00-58 0z\"\/><\/svg><\/label><label><input aria-label=\"2\" type=\"radio\" name=\"kc_captcha\" value=\"bot\" \/><svg aria-hidden=\"true\" role=\"img\" xmlns=\"http:\/\/www.w3.org\/2000\/svg\" viewbox=\"0 0 512 512\"><path fill=\"currentColor\" d=\"M500 168h-55l-8-21a127 127 0 00-120-83H195a127 127 0 00-120 83l-8 21H12c-8 0-14 8-11 16l8 24a12 12 0 0011 8h29a64 64 0 00-33 56v48c0 16 6 31 16 42v62c0 13 11 24 24 24h48c13 0 24-11 24-24v-40h256v40c0 13 11 24 24 24h48c13 0 24-11 24-24v-62c10-11 16-26 16-42v-48c0-24-13-45-33-56h29a12 12 0 0011-8l8-24c3-8-3-16-11-16zm-365 2c9-25 33-42 60-42h122c27 0 51 17 60 42l15 38H120l15-38zM88 328a32 32 0 010-64c18 0 48 30 48 48s-30 16-48 16zm336 0c-18 0-48 2-48-16s30-48 48-48 32 14 32 32-14 32-32 32z\"\/><\/svg><\/label><label><input aria-label=\"3\" type=\"radio\" name=\"kc_captcha\" value=\"kc_human\" \/><svg aria-hidden=\"true\" role=\"img\" xmlns=\"http:\/\/www.w3.org\/2000\/svg\" viewbox=\"0 0 640 512\"><path fill=\"currentColor\" d=\"M624 352h-16V244c0-13-5-25-14-34L494 110c-9-9-21-14-34-14h-44V48c0-26-21-48-48-48H48C22 0 0 22 0 48v320c0 27 22 48 48 48h16a96 96 0 00192 0h128a96 96 0 00192 0h48c9 0 16-7 16-16v-32c0-9-7-16-16-16zM160 464a48 48 0 110-96 48 48 0 010 96zm320 0a48 48 0 110-96 48 48 0 010 96zm80-208H416V144h44l100 100v12z\"\/><\/svg><\/label>\r\n    <\/span>\r\n    <span style=\"display:none\">\r\n        <input type=\"text\" name=\"kc_honeypot\">\r\n    <\/span><\/span><\/span>\n\t\t<\/p>\n\t<\/div>\n\t<p><input class=\"wpcf7-form-control wpcf7-submit has-spinner\" type=\"submit\" value=\"Nachricht senden\" \/>\n\t<\/p>\n<\/div><div class=\"wpcf7-response-output\" aria-hidden=\"true\"><\/div>\n<input type=\"hidden\" name=\"trp-form-language\" value=\"de\"\/><\/form>\n<\/div>\n\n\t\t<\/div>\n\t\t\t\t\t<\/div>\n\n\t\n<\/div>\n\t\t<\/div>\n\n\t\t\n<style>\n#section_726485287 {\n  padding-top: 30px;\n  padding-bottom: 30px;\n  background-color: rgba(0, 0, 0, 0.128);\n}\n<\/style>\n\t<\/section>","protected":false},"excerpt":{"rendered":"","protected":false},"author":3,"featured_media":2124,"parent":0,"menu_order":0,"comment_status":"closed","ping_status":"closed","template":"page-blank.php","meta":{"footnotes":""},"class_list":["post-513","page","type-page","status-publish","has-post-thumbnail","hentry"],"_links":{"self":[{"href":"https:\/\/chandelier-yc.com\/de\/wp-json\/wp\/v2\/pages\/513"}],"collection":[{"href":"https:\/\/chandelier-yc.com\/de\/wp-json\/wp\/v2\/pages"}],"about":[{"href":"https:\/\/chandelier-yc.com\/de\/wp-json\/wp\/v2\/types\/page"}],"author":[{"embeddable":true,"href":"https:\/\/chandelier-yc.com\/de\/wp-json\/wp\/v2\/users\/3"}],"replies":[{"embeddable":true,"href":"https:\/\/chandelier-yc.com\/de\/wp-json\/wp\/v2\/comments?post=513"}],"version-history":[{"count":28,"href":"https:\/\/chandelier-yc.com\/de\/wp-json\/wp\/v2\/pages\/513\/revisions"}],"predecessor-version":[{"id":2141,"href":"https:\/\/chandelier-yc.com\/de\/wp-json\/wp\/v2\/pages\/513\/revisions\/2141"}],"wp:featuredmedia":[{"embeddable":true,"href":"https:\/\/chandelier-yc.com\/de\/wp-json\/wp\/v2\/media\/2124"}],"wp:attachment":[{"href":"https:\/\/chandelier-yc.com\/de\/wp-json\/wp\/v2\/media?parent=513"}],"curies":[{"name":"wp","href":"https:\/\/api.w.org\/{rel}","templated":true}]}}