{"id":1642,"date":"2024-10-31T09:34:59","date_gmt":"2024-10-31T09:34:59","guid":{"rendered":"https:\/\/chandelier-yc.com\/?post_type=product&#038;p=1642"},"modified":"2024-11-01T01:43:08","modified_gmt":"2024-11-01T01:43:08","slug":"glass-bubble-chandelier510651075108","status":"publish","type":"product","link":"https:\/\/chandelier-yc.com\/de\/manufacturer\/glass-bubble-chandelier510651075108\/","title":{"rendered":"Glasblasenkronleuchter(5106,5107,5108)"},"content":{"rendered":"<p>Glasblasenkronleuchter sind eine atemberaubende und moderne Beleuchtungsoption, die jedem Raum einen Hauch von Eleganz und Laune verleihen kann. Sie zeichnen sich durch ihr einzigartiges Design aus, bei dem eine Gruppe von Glasblasen an einem zentralen Punkt aufgeh\u00e4ngt ist.<\/p>\n<h2><strong>Warum einen Glasblasenkronleuchter w\u00e4hlen?<\/strong><\/h2>\n<ul>\n<li><strong>Einzigartig und ins Auge fallend:<\/strong>Ihr unverwechselbares Design macht sie zu einem Blickfang in jedem Raum.<\/li>\n<li><strong>Vielseitiger Stil:<\/strong>\u00a0Sie k\u00f6nnen eine Vielzahl von Einrichtungsstilen erg\u00e4nzen, von modern bis traditionell.<\/li>\n<li><strong>Anpassbar<\/strong>: Sie k\u00f6nnen zwischen verschiedenen Gr\u00f6\u00dfen, Formen und Farben w\u00e4hlen, die Ihren pers\u00f6nlichen Vorlieben entsprechen.<\/li>\n<li><strong>Weiche, stimmungsvolle Beleuchtung:<\/strong>\u00a0Die Glasblasen streuen das Licht und schaffen eine warme und einladende Atmosph\u00e4re.<\/li>\n<\/ul>\n<h2><strong>Wo man einen Glasblasenkronleuchter verwendet:<\/strong><\/h2>\n<ul>\n<li><strong>Wohnzimmer:<\/strong> Ein gro\u00dfer, dramatischer Bubble-Kronleuchter kann der Mittelpunkt Ihres Wohnzimmers sein.<\/li>\n<li><strong>Speisesaal:<\/strong> Ein kleinerer, zarterer Kronleuchter kann Ihrem Esstisch Eleganz verleihen.<\/li>\n<li><strong>Schlafzimmer:<\/strong> Ein sanfter, stimmungsvoller Bubble-Kronleuchter kann eine entspannende Atmosph\u00e4re in Ihrem Schlafzimmer schaffen.<\/li>\n<li><strong>Eingangsbereich:<\/strong>Ein einzigartiger Bubble-Kronleuchter kann einen gro\u00dfartigen ersten Eindruck hinterlassen.<\/li>\n<\/ul>\n<h2 data-sourcepos=\"17:1-17:48\"><strong>Tipps f\u00fcr die Auswahl eines Glasblasenkronleuchters:<\/strong><\/h2>\n<ul data-sourcepos=\"19:1-23:0\">\n<li data-sourcepos=\"19:1-19:140\"><strong>Ber\u00fccksichtigen Sie die Gr\u00f6\u00dfe des Raumes:<\/strong> Ein gr\u00f6\u00dferer Kronleuchter eignet sich f\u00fcr einen gro\u00dfen Raum, w\u00e4hrend ein kleinerer Kronleuchter besser f\u00fcr einen kleinen Raum geeignet ist.<\/li>\n<li data-sourcepos=\"20:1-20:118\"><strong>W\u00e4hlen Sie die richtige Farbe und Ausf\u00fchrung:<\/strong> Die Farbe und die Ausf\u00fchrung der Glasblasen k\u00f6nnen Ihre vorhandene Einrichtung erg\u00e4nzen.<\/li>\n<li data-sourcepos=\"21:1-21:113\"><strong>Denken Sie an den Stil:<\/strong> Ber\u00fccksichtigen Sie den allgemeinen Stil Ihres Zimmers und w\u00e4hlen Sie einen Kronleuchter, der zu diesem passt.<\/li>\n<li data-sourcepos=\"22:1-23:0\"><strong>\u00dcberpr\u00fcfen Sie die Beleuchtung:<\/strong> Vergewissern Sie sich, dass der Kronleuchter eine f\u00fcr die Funktion des Raums angemessene Beleuchtung bietet.<\/li>\n<\/ul>","protected":false},"excerpt":{"rendered":"<p>Product size:\u03a6600MM*900MM\/\u03a6800MM*1040MM\/\u03a6900MM*1220MM<\/p>\n<p>Produktgewicht (kg):17.3\/32\/31.14<\/p>\n<p>Anzahl der Lampenk\u00f6pfe (St\u00fcck):5\/10\/15<\/p>\n<p>Verpackungsmethode:Schaumstoff+Karton<\/p>","protected":false},"featured_media":1643,"template":"","meta":[],"product_brand":[],"product_cat":[39],"product_tag":[],"class_list":{"0":"post-1642","1":"product","2":"type-product","3":"status-publish","4":"has-post-thumbnail","6":"product_cat-chandelier-1","8":"first","9":"instock","10":"shipping-taxable","11":"product-type-simple"},"_links":{"self":[{"href":"https:\/\/chandelier-yc.com\/de\/wp-json\/wp\/v2\/product\/1642"}],"collection":[{"href":"https:\/\/chandelier-yc.com\/de\/wp-json\/wp\/v2\/product"}],"about":[{"href":"https:\/\/chandelier-yc.com\/de\/wp-json\/wp\/v2\/types\/product"}],"wp:featuredmedia":[{"embeddable":true,"href":"https:\/\/chandelier-yc.com\/de\/wp-json\/wp\/v2\/media\/1643"}],"wp:attachment":[{"href":"https:\/\/chandelier-yc.com\/de\/wp-json\/wp\/v2\/media?parent=1642"}],"wp:term":[{"taxonomy":"product_brand","embeddable":true,"href":"https:\/\/chandelier-yc.com\/de\/wp-json\/wp\/v2\/product_brand?post=1642"},{"taxonomy":"product_cat","embeddable":true,"href":"https:\/\/chandelier-yc.com\/de\/wp-json\/wp\/v2\/product_cat?post=1642"},{"taxonomy":"product_tag","embeddable":true,"href":"https:\/\/chandelier-yc.com\/de\/wp-json\/wp\/v2\/product_tag?post=1642"}],"curies":[{"name":"wp","href":"https:\/\/api.w.org\/{rel}","templated":true}]}}