{"id":1648,"date":"2024-11-01T02:28:22","date_gmt":"2024-11-01T02:28:22","guid":{"rendered":"https:\/\/chandelier-yc.com\/?post_type=product&#038;p=1648"},"modified":"2024-11-01T02:28:22","modified_gmt":"2024-11-01T02:28:22","slug":"large-crystal-chandelier","status":"publish","type":"product","link":"https:\/\/chandelier-yc.com\/de\/manufacturer\/large-crystal-chandelier\/","title":{"rendered":"Gro\u00dfer Kristall-Kronleuchter(5109,5104)"},"content":{"rendered":"<p data-sourcepos=\"1:1-1:230\">Gro\u00dfe Kristallkronleuchter sind ein atemberaubendes Highlight, das die Eleganz und Erhabenheit eines jeden Raumes unterstreicht. Sie eignen sich besonders gut f\u00fcr gro\u00dfe R\u00e4ume mit hohen Decken, wie Foyers, Esszimmer und gro\u00dfe Hallen.<\/p>\n<h3 data-sourcepos=\"5:1-5:46\"><strong>Die wichtigsten Merkmale der gro\u00dfen Kristalll\u00fcster:<\/strong><\/h3>\n<ul data-sourcepos=\"7:1-13:0\">\n<li data-sourcepos=\"7:1-8:65\"><strong>Opulentes Design:<\/strong> Gro\u00dfe Kristalll\u00fcster sind oft mit Tausenden von funkelnden Kristallen geschm\u00fcckt, die ein schillerndes Licht- und Reflexionsspiel erzeugen.<\/li>\n<li data-sourcepos=\"7:1-8:65\"><strong style=\"font-size: 14.4px;\">Beeindruckende Gr\u00f6\u00dfe:<\/strong><span style=\"font-size: 14.4px;\"> Diese Kronleuchter sind in der Regel recht gro\u00df, mit Durchmessern von mehreren Metern bis zu mehreren Metern.<\/span><\/li>\n<li data-sourcepos=\"10:1-10:124\"><strong>Anpassbar:<\/strong> Sie k\u00f6nnen in Bezug auf Gr\u00f6\u00dfe, Form, Farbe und Anzahl der Lichter an Ihre speziellen Bed\u00fcrfnisse angepasst werden.<\/li>\n<li data-sourcepos=\"11:1-11:140\"><strong>Zeitlose Eleganz:<\/strong> Kristallkronleuchter werden seit Jahrhunderten verwendet und gelten als zeitloses Symbol f\u00fcr Luxus und Raffinesse.<\/li>\n<li data-sourcepos=\"12:1-13:0\"><strong>Vielseitigkeit:<\/strong> Obwohl sie oft mit traditionellem Dekor in Verbindung gebracht werden, k\u00f6nnen Kristallkronleuchter auch moderne und zeitgen\u00f6ssische Innenr\u00e4ume erg\u00e4nzen.<\/li>\n<\/ul>\n<h3 data-sourcepos=\"14:1-14:53\"><strong>Einige beliebte Arten von gro\u00dfen Kristall-Kronleuchtern:<\/strong><\/h3>\n<ul data-sourcepos=\"16:1-22:0\">\n<li data-sourcepos=\"16:1-17:47\"><strong>Traditionell:<\/strong> Diese Kronleuchter zeichnen sich h\u00e4ufig durch kunstvolle Details aus, wie z. B. Schnecken, Bl\u00e4tter und Blumen.<\/li>\n<li data-sourcepos=\"16:1-17:47\"><strong style=\"font-size: 14.4px;\">Modern:<\/strong><span style=\"font-size: 14.4px;\"> Diese Kronleuchter zeichnen sich h\u00e4ufig durch klare Linien und einfache Formen aus, wobei die nat\u00fcrliche Sch\u00f6nheit des Kristalls im Vordergrund steht.<\/span><\/li>\n<li data-sourcepos=\"16:1-17:47\"><strong style=\"font-size: 14.4px;\">Zeitgen\u00f6ssisch:<\/strong><span style=\"font-size: 14.4px;\"> Diese Kronleuchter kombinieren oft traditionelle Elemente mit modernen Materialien und Designs.<\/span>\n<div class=\"attachment-container search-images\">\n<div class=\"image-container hide-from-message-actions ng-star-inserted\">\n<div class=\"caption ellipsis gmat-caption ng-star-inserted\" aria-hidden=\"true\"><\/div>\n<\/div>\n<\/div>\n<\/li>\n<\/ul>\n<h3 data-sourcepos=\"23:1-23:49\"><strong>Tipps f\u00fcr die Auswahl eines gro\u00dfen Kristallkronleuchters:<\/strong><\/h3>\n<ul data-sourcepos=\"25:1-30:0\">\n<li data-sourcepos=\"25:1-25:99\"><strong>Ber\u00fccksichtigen Sie die Gr\u00f6\u00dfe des Raums:<\/strong> Der Kronleuchter sollte proportional zur Gr\u00f6\u00dfe des Raumes sein.<\/li>\n<li data-sourcepos=\"26:1-26:94\"><strong>Denken Sie an die H\u00f6he der Decke:<\/strong> Der Kronleuchter sollte weder zu niedrig noch zu hoch sein.<\/li>\n<li data-sourcepos=\"27:1-27:105\"><strong>Ber\u00fccksichtigen Sie den Stil des Raumes:<\/strong> W\u00e4hlen Sie einen Kronleuchter, der zum Gesamtstil des Raumes passt.<\/li>\n<li data-sourcepos=\"28:1-28:130\"><strong>Denken Sie an den Beleuchtungsbedarf des Raums:<\/strong> W\u00e4hlen Sie einen Kronleuchter mit der richtigen Anzahl von Gl\u00fchbirnen, um eine angemessene Beleuchtung zu gew\u00e4hrleisten.<\/li>\n<li data-sourcepos=\"29:1-30:0\"><strong>Ber\u00fccksichtigen Sie das Budget:<\/strong> Gro\u00dfe Kristallkronleuchter k\u00f6nnen recht teuer sein, daher ist es wichtig, dass Sie sich ein Budget setzen, bevor Sie einkaufen gehen.<\/li>\n<\/ul>","protected":false},"excerpt":{"rendered":"<p>Produktgr\u00f6\u00dfe:\u03a61150MM*1650MM \/\u03a6550MM*920MM<\/p>\n<p>Produktgewicht (kg):44.95\/6.04<\/p>\n<p>Anzahl der Lampenk\u00f6pfe (St\u00fcck):10\/6<\/p>\n<p>Verpackungsmethode:Schaumstoff+Karton<\/p>","protected":false},"featured_media":1649,"template":"","meta":[],"product_brand":[],"product_cat":[39],"product_tag":[],"class_list":{"0":"post-1648","1":"product","2":"type-product","3":"status-publish","4":"has-post-thumbnail","6":"product_cat-chandelier-1","8":"first","9":"instock","10":"shipping-taxable","11":"product-type-simple"},"_links":{"self":[{"href":"https:\/\/chandelier-yc.com\/de\/wp-json\/wp\/v2\/product\/1648"}],"collection":[{"href":"https:\/\/chandelier-yc.com\/de\/wp-json\/wp\/v2\/product"}],"about":[{"href":"https:\/\/chandelier-yc.com\/de\/wp-json\/wp\/v2\/types\/product"}],"wp:featuredmedia":[{"embeddable":true,"href":"https:\/\/chandelier-yc.com\/de\/wp-json\/wp\/v2\/media\/1649"}],"wp:attachment":[{"href":"https:\/\/chandelier-yc.com\/de\/wp-json\/wp\/v2\/media?parent=1648"}],"wp:term":[{"taxonomy":"product_brand","embeddable":true,"href":"https:\/\/chandelier-yc.com\/de\/wp-json\/wp\/v2\/product_brand?post=1648"},{"taxonomy":"product_cat","embeddable":true,"href":"https:\/\/chandelier-yc.com\/de\/wp-json\/wp\/v2\/product_cat?post=1648"},{"taxonomy":"product_tag","embeddable":true,"href":"https:\/\/chandelier-yc.com\/de\/wp-json\/wp\/v2\/product_tag?post=1648"}],"curies":[{"name":"wp","href":"https:\/\/api.w.org\/{rel}","templated":true}]}}