{"id":1651,"date":"2024-11-01T02:42:57","date_gmt":"2024-11-01T02:42:57","guid":{"rendered":"https:\/\/chandelier-yc.com\/?post_type=product&#038;p=1651"},"modified":"2024-11-01T02:42:57","modified_gmt":"2024-11-01T02:42:57","slug":"twig-chandelierft1090ft800ft500","status":"publish","type":"product","link":"https:\/\/chandelier-yc.com\/de\/manufacturer\/twig-chandelierft1090ft800ft500\/","title":{"rendered":"Twig Chandelier(FT1090,FT800,FT500)"},"content":{"rendered":"<p data-sourcepos=\"1:1-1:240\">Zweigleuchter sind eine einzigartige und stilvolle Beleuchtungsoption, die einen Hauch von Natur in Ihr Heim bringen kann. Sie werden oft aus echten oder k\u00fcnstlichen Zweigen, \u00c4sten oder Treibholz hergestellt und k\u00f6nnen an jeden Stil angepasst werden, von rustikal bis modern.<\/p>\n<h3 data-sourcepos=\"7:1-7:37\"><strong>Die wichtigsten Merkmale von Zweigleuchtern:<\/strong><\/h3>\n<ul data-sourcepos=\"9:1-14:0\">\n<li data-sourcepos=\"9:1-9:90\"><strong>Nat\u00fcrliche Sch\u00f6nheit:<\/strong> Die Verwendung von nat\u00fcrlichen Materialien schafft eine warme und einladende Atmosph\u00e4re.<\/li>\n<li data-sourcepos=\"10:1-10:131\"><strong>Vielseitig:<\/strong> Sie k\u00f6nnen in einer Vielzahl von Umgebungen verwendet werden, von Wohn- und Esszimmern bis hin zu Schlafzimmern und sogar Au\u00dfenbereichen.<\/li>\n<li data-sourcepos=\"11:1-11:106\"><strong>Anpassbar:<\/strong> Sie k\u00f6nnen in Bezug auf Gr\u00f6\u00dfe, Form und Farbe an Ihre speziellen Bed\u00fcrfnisse angepasst werden.<\/li>\n<li data-sourcepos=\"12:1-12:78\"><strong>Umweltfreundlich:<\/strong> Viele Zweigleuchter werden aus nachhaltigen Materialien hergestellt.<\/li>\n<li data-sourcepos=\"13:1-14:0\"><strong>Einzigartig:<\/strong> Sie sind ein einzigartiger und auff\u00e4lliger Dekorationsgegenstand.<\/li>\n<\/ul>\n<h3 data-sourcepos=\"15:1-15:44\"><strong>Einige beliebte Arten von Zweig-Kronleuchtern:<\/strong><\/h3>\n<ul data-sourcepos=\"17:1-23:0\">\n<li data-sourcepos=\"17:1-18:33\"><strong>Rustikal:<\/strong> Diese Kronleuchter sind oft mit grob behauenen \u00c4sten und Zweigen versehen.<\/li>\n<li data-sourcepos=\"17:1-18:33\"><strong style=\"font-size: 14.4px;\">Modern:<\/strong><span style=\"font-size: 14.4px;\"> Diese Kronleuchter zeichnen sich h\u00e4ufig durch klare Linien und ein minimalistisches Design aus.<\/span><\/li>\n<li data-sourcepos=\"17:1-18:33\"><strong style=\"font-size: 14.4px;\">Bohemien:<\/strong><span style=\"font-size: 14.4px;\"> Diese Kronleuchter bestehen oft aus einer Mischung von nat\u00fcrlichen Materialien wie Zweigen, Federn und Kristallen.<\/span>\n<div class=\"attachment-container search-images\">\n<div class=\"image-container hide-from-message-actions ng-star-inserted\">\n<div class=\"caption ellipsis gmat-caption ng-star-inserted\" aria-hidden=\"true\"><\/div>\n<\/div>\n<\/div>\n<\/li>\n<\/ul>\n<h3 data-sourcepos=\"24:1-24:40\"><strong>Tipps f\u00fcr die Auswahl eines Zweig-Kronleuchters:<\/strong><\/h3>\n<ul data-sourcepos=\"26:1-31:0\">\n<li data-sourcepos=\"26:1-26:99\"><strong>Ber\u00fccksichtigen Sie die Gr\u00f6\u00dfe des Raums:<\/strong> Der Kronleuchter sollte proportional zur Gr\u00f6\u00dfe des Raumes sein.<\/li>\n<li data-sourcepos=\"27:1-27:108\"><strong>Denken Sie an den Stil des Raumes:<\/strong> W\u00e4hlen Sie einen Kronleuchter, der zum Gesamtstil des Raumes passt.<\/li>\n<li data-sourcepos=\"28:1-28:127\"><strong>Ber\u00fccksichtigen Sie den Beleuchtungsbedarf des Raumes:<\/strong> W\u00e4hlen Sie einen Kronleuchter mit der richtigen Anzahl von Gl\u00fchbirnen, um eine angemessene Beleuchtung zu gew\u00e4hrleisten.<\/li>\n<li data-sourcepos=\"29:1-29:111\"><strong>Denken Sie an die Farbe der Zweige:<\/strong> Die Farbe der Zweige kann das Gesamtbild des Kronleuchters beeinflussen.<\/li>\n<li data-sourcepos=\"30:1-31:0\"><strong>Ber\u00fccksichtigen Sie die Form des Kronleuchters:<\/strong> Auch die Form des Kronleuchters kann das Gesamtbild beeinflussen.<\/li>\n<\/ul>","protected":false},"excerpt":{"rendered":"<p>Product size:\u03a61090MM*440MM\/\u03a6800MM*440MM\/\u03a6500MM*430MM<\/p>\n<p>Produktgewicht (kg):86\/72.1\/40.3<\/p>\n<p>Anzahl der Lampenk\u00f6pfe (St\u00fcck):10\/6\/6<\/p>\n<p>Verpackungsmethode:Schaumstoff+Karton<\/p>","protected":false},"featured_media":1652,"template":"","meta":[],"product_brand":[],"product_cat":[39],"product_tag":[],"class_list":{"0":"post-1651","1":"product","2":"type-product","3":"status-publish","4":"has-post-thumbnail","6":"product_cat-chandelier-1","8":"first","9":"instock","10":"shipping-taxable","11":"product-type-simple"},"_links":{"self":[{"href":"https:\/\/chandelier-yc.com\/de\/wp-json\/wp\/v2\/product\/1651"}],"collection":[{"href":"https:\/\/chandelier-yc.com\/de\/wp-json\/wp\/v2\/product"}],"about":[{"href":"https:\/\/chandelier-yc.com\/de\/wp-json\/wp\/v2\/types\/product"}],"wp:featuredmedia":[{"embeddable":true,"href":"https:\/\/chandelier-yc.com\/de\/wp-json\/wp\/v2\/media\/1652"}],"wp:attachment":[{"href":"https:\/\/chandelier-yc.com\/de\/wp-json\/wp\/v2\/media?parent=1651"}],"wp:term":[{"taxonomy":"product_brand","embeddable":true,"href":"https:\/\/chandelier-yc.com\/de\/wp-json\/wp\/v2\/product_brand?post=1651"},{"taxonomy":"product_cat","embeddable":true,"href":"https:\/\/chandelier-yc.com\/de\/wp-json\/wp\/v2\/product_cat?post=1651"},{"taxonomy":"product_tag","embeddable":true,"href":"https:\/\/chandelier-yc.com\/de\/wp-json\/wp\/v2\/product_tag?post=1651"}],"curies":[{"name":"wp","href":"https:\/\/api.w.org\/{rel}","templated":true}]}}