{"id":1655,"date":"2024-11-01T03:12:17","date_gmt":"2024-11-01T03:12:17","guid":{"rendered":"https:\/\/chandelier-yc.com\/?post_type=product&#038;p=1655"},"modified":"2024-11-01T03:12:17","modified_gmt":"2024-11-01T03:12:17","slug":"large-entryway-chandelierft1090","status":"publish","type":"product","link":"https:\/\/chandelier-yc.com\/de\/manufacturer\/large-entryway-chandelierft1090\/","title":{"rendered":"Gro\u00dfer Kronleuchter f\u00fcr den Eingangsbereich (FT1090)"},"content":{"rendered":"<p data-sourcepos=\"1:1-1:198\">Ein gro\u00dfer Kronleuchter f\u00fcr den Eingangsbereich kann ein atemberaubender Blickfang f\u00fcr Ihr Zuhause sein, der schon beim Betreten der Wohnung oder beim Eintreten Ihrer G\u00e4ste einen gro\u00dfen Eindruck hinterl\u00e4sst. Hier sind einige Tipps f\u00fcr die Auswahl des perfekten Kronleuchters:<\/p>\n<h2 data-sourcepos=\"3:1-3:24\"><strong>Large Entryway Kronleuchter Faktoren zu ber\u00fccksichtigen:<\/strong><\/h2>\n<ul data-sourcepos=\"5:1-18:0\">\n<li data-sourcepos=\"5:1-5:191\"><strong>Gr\u00f6\u00dfe des Zimmers:<\/strong> Der Kronleuchter sollte proportional zur Gr\u00f6\u00dfe Ihres Eingangsbereichs sein. <span class=\"citation-0 recitation citation-end-0\">Ein zu kleiner Kronleuchter wirkt verloren, w\u00e4hrend ein zu gro\u00dfer Kronleuchter den Raum \u00fcberw\u00e4ltigt.<\/span><\/li>\n<li data-sourcepos=\"5:1-5:191\"><strong><span class=\"citation-1 recitation\">H\u00f6he der Decke:<\/span><\/strong><span class=\"citation-1 recitation citation-end-1\"> Eine hohe Decke erlaubt einen dramatischeren Kronleuchter, w\u00e4hrend eine niedrigere Decke vielleicht eine kompaktere Variante erfordert.<\/span><\/li>\n<li data-sourcepos=\"5:1-5:191\"><strong>Stil:<\/strong> Ihr Kronleuchter sollte den Gesamtstil Ihrer Wohnung erg\u00e4nzen. Erw\u00e4gen Sie Optionen wie<\/li>\n<li data-sourcepos=\"5:1-5:191\"><strong><span class=\"citation-2 recitation\">Traditionell:<\/span><\/strong><span class=\"citation-2 recitation citation-end-2\"> Verschn\u00f6rkelte Kristallkronleuchter mit komplizierten Details.<\/span><\/li>\n<li data-sourcepos=\"5:1-5:191\"><strong>Modern:<\/strong> Schlankes, minimalistisches Design mit klaren Linien.<\/li>\n<li data-sourcepos=\"5:1-5:191\"><strong><span class=\"citation-3 recitation\">Rustikal:<\/span><\/strong><span class=\"citation-3 recitation citation-end-3\"> Kronleuchter aus nat\u00fcrlichen Materialien wie Holz oder Schmiedeeisen.<\/span><\/li>\n<li data-sourcepos=\"5:1-5:191\"><strong style=\"font-size: 14.4px;\">Zeitgen\u00f6ssisch:<\/strong><span style=\"font-size: 14.4px;\"> Eine Mischung aus modernen und traditionellen Elementen, oft mit einzigartigen Formen und Materialien.<\/span><\/li>\n<li data-sourcepos=\"16:1-16:133\"><strong>Beleuchtungsbed\u00fcrfnisse:<\/strong> Achten Sie darauf, dass der Kronleuchter den Raum angemessen beleuchtet. Achten Sie auf die Anzahl der Gl\u00fchbirnen und ihre Wattzahl.<\/li>\n<li data-sourcepos=\"16:1-16:133\"><strong>Dimmer:<\/strong> Erw\u00e4gen Sie den Einsatz von Dimmern, um das Beleuchtungsniveau zu regulieren und verschiedene Stimmungen in Ihrem Eingangsbereich zu erzeugen.<\/li>\n<li data-sourcepos=\"16:1-16:133\"><strong>Haushalt:<\/strong> Legen Sie ein Budget fest, bevor Sie mit dem Einkaufen beginnen, damit Sie nicht zu viel Geld ausgeben.<br \/>\n<h3 data-sourcepos=\"27:1-27:20\"><strong>Gro\u00dfer Kronleuchter f\u00fcr den Eingangsbereich Zus\u00e4tzliche Tipps:<\/strong><\/h3>\n<ul data-sourcepos=\"29:1-32:0\">\n<li data-sourcepos=\"29:1-29:164\"><strong>Professionelle Installation:<\/strong> Ziehen Sie in Erw\u00e4gung, einen professionellen Elektriker zu beauftragen, um eine sichere und ordnungsgem\u00e4\u00dfe Installation zu gew\u00e4hrleisten, insbesondere bei gr\u00f6\u00dferen, komplexeren Kronleuchtern.<\/li>\n<li data-sourcepos=\"30:1-30:183\"><strong>Wartung:<\/strong> Reinigen Sie Ihren Kronleuchter regelm\u00e4\u00dfig, damit er immer gut aussieht. Das Abstauben mit einem weichen Tuch oder die Verwendung eines speziellen Kronleuchter-Reinigungssets kann dazu beitragen, seinen Glanz zu erhalten.<\/li>\n<li data-sourcepos=\"31:1-32:0\"><strong>Dimmer:<\/strong> Erw\u00e4gen Sie den Einsatz von Dimmern, um das Beleuchtungsniveau zu regulieren und verschiedene Stimmungen in Ihrem Eingangsbereich zu erzeugen.<\/li>\n<\/ul>\n<\/li>\n<\/ul>","protected":false},"excerpt":{"rendered":"<p>Product size:L1090MM*W320MM*H440MM<\/p>\n<p>Produktgewicht (kg):72.1<\/p>\n<p>Anzahl der Lampenk\u00f6pfe (St\u00fcck):6<\/p>\n<p>Verpackungsmethode:Schaumstoff+Karton<\/p>","protected":false},"featured_media":1656,"template":"","meta":[],"product_brand":[],"product_cat":[39],"product_tag":[],"class_list":{"0":"post-1655","1":"product","2":"type-product","3":"status-publish","4":"has-post-thumbnail","6":"product_cat-chandelier-1","8":"first","9":"instock","10":"shipping-taxable","11":"product-type-simple"},"_links":{"self":[{"href":"https:\/\/chandelier-yc.com\/de\/wp-json\/wp\/v2\/product\/1655"}],"collection":[{"href":"https:\/\/chandelier-yc.com\/de\/wp-json\/wp\/v2\/product"}],"about":[{"href":"https:\/\/chandelier-yc.com\/de\/wp-json\/wp\/v2\/types\/product"}],"wp:featuredmedia":[{"embeddable":true,"href":"https:\/\/chandelier-yc.com\/de\/wp-json\/wp\/v2\/media\/1656"}],"wp:attachment":[{"href":"https:\/\/chandelier-yc.com\/de\/wp-json\/wp\/v2\/media?parent=1655"}],"wp:term":[{"taxonomy":"product_brand","embeddable":true,"href":"https:\/\/chandelier-yc.com\/de\/wp-json\/wp\/v2\/product_brand?post=1655"},{"taxonomy":"product_cat","embeddable":true,"href":"https:\/\/chandelier-yc.com\/de\/wp-json\/wp\/v2\/product_cat?post=1655"},{"taxonomy":"product_tag","embeddable":true,"href":"https:\/\/chandelier-yc.com\/de\/wp-json\/wp\/v2\/product_tag?post=1655"}],"curies":[{"name":"wp","href":"https:\/\/api.w.org\/{rel}","templated":true}]}}