{"id":1657,"date":"2024-11-01T03:17:00","date_gmt":"2024-11-01T03:17:00","guid":{"rendered":"https:\/\/chandelier-yc.com\/?post_type=product&#038;p=1657"},"modified":"2024-11-01T03:24:09","modified_gmt":"2024-11-01T03:24:09","slug":"flush-mount-chandeliers%ef%bc%88x51100x50910%ef%bc%89","status":"publish","type":"product","link":"https:\/\/chandelier-yc.com\/de\/manufacturer\/flush-mount-chandeliers\uff08x51100x50910\uff09\/","title":{"rendered":"Unterputz-Kronleuchter\uff08X51100,X50910\uff09"},"content":{"rendered":"<p data-sourcepos=\"1:1-1:247\">Fl\u00e4chenb\u00fcndige Kronleuchter sind eine stilvolle und praktische Beleuchtungsl\u00f6sung, insbesondere f\u00fcr R\u00e4ume mit niedrigeren Decken oder bei Platzmangel. Sie sitzen dicht an der Decke und sind daher ideal f\u00fcr Flure, Schlafzimmer, K\u00fcchen oder kleinere Esszimmer.<\/p>\n<h2><strong style=\"font-size: 14.4px; color: #555555;\">Die wichtigsten Merkmale von b\u00fcndig montierten Kronleuchtern:<\/strong><\/h2>\n<ul data-sourcepos=\"9:1-14:0\">\n<li data-sourcepos=\"9:1-9:91\"><strong>Platzsparendes Design:<\/strong> Sie h\u00e4ngen nicht herunter und sind daher perfekt f\u00fcr niedrige R\u00e4ume.<\/li>\n<li data-sourcepos=\"10:1-10:99\"><strong>Vielseitiger Stil:<\/strong> Es gibt sie in verschiedenen Stilen, von modern bis traditionell, passend zu jeder Einrichtung.<\/li>\n<li data-sourcepos=\"11:1-11:100\"><strong>Energieeffizient:<\/strong> Viele Modelle verwenden LED-Lampen, die energieeffizienter und langlebiger sind.<\/li>\n<li data-sourcepos=\"12:1-12:110\"><strong>Dimmbare Optionen:<\/strong> Einige b\u00fcndig montierte Kronleuchter bieten dimmbare Funktionen, um die Lichtintensit\u00e4t anzupassen.<\/li>\n<li data-sourcepos=\"13:1-14:0\"><strong>Sichere Installation:<\/strong> Sie sind im Vergleich zu herk\u00f6mmlichen H\u00e4ngeleuchtern einfacher zu installieren.<\/li>\n<\/ul>\n<h3 data-sourcepos=\"15:1-15:46\"><strong>Beliebte Arten von b\u00fcndig montierten Kronleuchtern:<\/strong><\/h3>\n<ul data-sourcepos=\"17:1-25:0\">\n<li data-sourcepos=\"17:1-18:40\"><strong>Modern:<\/strong> Klare Linien, minimalistisches Design und oft aus Metall oder Glas.<\/li>\n<li data-sourcepos=\"17:1-18:40\"><strong style=\"font-size: 14.4px;\">Traditionell:<\/strong><span style=\"font-size: 14.4px;\"> Verschn\u00f6rkelte Details, kristallene Akzente und vom Vintage-Stil inspirierte Designs.<\/span><\/li>\n<li data-sourcepos=\"17:1-18:40\"><strong style=\"font-size: 14.4px;\">Rustikal:<\/strong><span style=\"font-size: 14.4px;\"> Nat\u00fcrliche Materialien wie Holz, Eisen oder Weidengeflecht im Bauernhaus- oder Landhausstil.<\/span><\/li>\n<li data-sourcepos=\"17:1-18:40\"><strong style=\"font-size: 14.4px;\">Zeitgen\u00f6ssisch:<\/strong><span style=\"font-size: 14.4px;\"> Eine Mischung aus modernen und traditionellen Elementen, oft mit einzigartigen Formen und Materialien.<\/span>\n<div class=\"attachment-container search-images\">\n<div class=\"image-container hide-from-message-actions ng-star-inserted\">\n<div class=\"caption ellipsis gmat-caption ng-star-inserted\" aria-hidden=\"true\"><\/div>\n<\/div>\n<\/div>\n<\/li>\n<\/ul>\n<h3 data-sourcepos=\"26:1-26:47\"><strong>Tipps f\u00fcr die Auswahl eines fl\u00e4chenb\u00fcndigen Kronleuchters:<\/strong><\/h3>\n<ul data-sourcepos=\"28:1-33:0\">\n<li data-sourcepos=\"28:1-28:90\"><strong>Ber\u00fccksichtigen Sie die Raumgr\u00f6\u00dfe:<\/strong> W\u00e4hlen Sie einen Kronleuchter, der proportional zur Gr\u00f6\u00dfe des Raumes ist.<\/li>\n<li data-sourcepos=\"29:1-29:80\"><strong>Denken Sie an die Deckenh\u00f6he:<\/strong> Flush-Mounts sind ideal f\u00fcr niedrigere Decken.<\/li>\n<li data-sourcepos=\"30:1-30:79\"><strong>Passend zum Stil:<\/strong> W\u00e4hlen Sie einen Kronleuchter, der zu Ihrer gesamten Einrichtung passt.<\/li>\n<li data-sourcepos=\"31:1-31:91\"><strong>Pr\u00fcfen Sie den Beleuchtungsbedarf:<\/strong> Achten Sie darauf, dass der Kronleuchter den Raum ausreichend beleuchtet.<\/li>\n<li data-sourcepos=\"32:1-33:0\"><strong>Achten Sie auf energieeffiziente Optionen:<\/strong> LED-Gl\u00fchbirnen sind eine gute Wahl, um Energie zu sparen.<\/li>\n<\/ul>","protected":false},"excerpt":{"rendered":"<p>Product size:\u03a61100MM*660MM\/\u03a6910MM*660MM<\/p>\n<p>Produktgewicht (kg):85,1\/63,3<\/p>\n<p>Anzahl der Lampenk\u00f6pfe (St\u00fcck):10\/8<\/p>\n<p>Verpackungsmethode:Schaumstoff+Karton<\/p>","protected":false},"featured_media":1658,"template":"","meta":[],"product_brand":[],"product_cat":[39],"product_tag":[],"class_list":{"0":"post-1657","1":"product","2":"type-product","3":"status-publish","4":"has-post-thumbnail","6":"product_cat-chandelier-1","8":"first","9":"instock","10":"shipping-taxable","11":"product-type-simple"},"_links":{"self":[{"href":"https:\/\/chandelier-yc.com\/de\/wp-json\/wp\/v2\/product\/1657"}],"collection":[{"href":"https:\/\/chandelier-yc.com\/de\/wp-json\/wp\/v2\/product"}],"about":[{"href":"https:\/\/chandelier-yc.com\/de\/wp-json\/wp\/v2\/types\/product"}],"wp:featuredmedia":[{"embeddable":true,"href":"https:\/\/chandelier-yc.com\/de\/wp-json\/wp\/v2\/media\/1658"}],"wp:attachment":[{"href":"https:\/\/chandelier-yc.com\/de\/wp-json\/wp\/v2\/media?parent=1657"}],"wp:term":[{"taxonomy":"product_brand","embeddable":true,"href":"https:\/\/chandelier-yc.com\/de\/wp-json\/wp\/v2\/product_brand?post=1657"},{"taxonomy":"product_cat","embeddable":true,"href":"https:\/\/chandelier-yc.com\/de\/wp-json\/wp\/v2\/product_cat?post=1657"},{"taxonomy":"product_tag","embeddable":true,"href":"https:\/\/chandelier-yc.com\/de\/wp-json\/wp\/v2\/product_tag?post=1657"}],"curies":[{"name":"wp","href":"https:\/\/api.w.org\/{rel}","templated":true}]}}