{"id":1720,"date":"2024-11-02T09:47:59","date_gmt":"2024-11-02T09:47:59","guid":{"rendered":"https:\/\/chandelier-yc.com\/?post_type=product&#038;p=1720"},"modified":"2024-11-02T09:47:59","modified_gmt":"2024-11-02T09:47:59","slug":"brick-wall-with-lights-wl985","status":"publish","type":"product","link":"https:\/\/chandelier-yc.com\/de\/manufacturer\/brick-wall-with-lights-wl985\/","title":{"rendered":"Backsteinmauer mit Lichtern (WL985)"},"content":{"rendered":"<p data-sourcepos=\"1:1-1:208\">Eine Backsteinmauer mit Lichtern kann ein atemberaubendes und vielseitiges Gestaltungselement sein. Sie kann jedem Raum W\u00e4rme, Charakter und einen Hauch von industriellem Schick verleihen. Hier sind einige M\u00f6glichkeiten, wie man eine Ziegelmauer mit Lichtern ausstatten kann.<\/p>\n<h3 data-sourcepos=\"3:1-3:25\"><strong>1. Vertiefte Beleuchtung:<\/strong><\/h3>\n<ul data-sourcepos=\"4:1-7:0\">\n<li data-sourcepos=\"4:1-4:113\"><strong>Subtile Eleganz:<\/strong> Zwischen den Ziegeln k\u00f6nnen Einbauleuchten installiert werden, um ein sauberes und minimalistisches Aussehen zu erzielen.<\/li>\n<li data-sourcepos=\"5:1-5:66\"><strong>Warmes Gl\u00fchen:<\/strong> Verwenden Sie warmtonige Gl\u00fchbirnen, um eine gem\u00fctliche Atmosph\u00e4re zu schaffen.<\/li>\n<li data-sourcepos=\"6:1-7:0\"><strong>Akzentbeleuchtung:<\/strong> Heben Sie bestimmte Bereiche der Wand durch gezielte Beleuchtung hervor.<\/li>\n<\/ul>\n<h3 data-sourcepos=\"8:1-8:27\"><strong>2. An der Wand montierte Leuchten:<\/strong><\/h3>\n<ul data-sourcepos=\"9:1-12:0\">\n<li data-sourcepos=\"9:1-9:132\"><strong>Vielseitige Optionen:<\/strong> Backsteinmauern mit Beleuchtung, wie z. B. Wandleuchter oder Strahler, k\u00f6nnen zur Beleuchtung der Wand oder bestimmter Objekte verwendet werden.<\/li>\n<li data-sourcepos=\"10:1-10:86\"><strong>Einstellbare Beleuchtung:<\/strong> Schwenkarmleuchten bieten Flexibilit\u00e4t bei der Ausrichtung des Lichts.<\/li>\n<li data-sourcepos=\"11:1-12:0\"><strong>Dramatische Wirkung:<\/strong> Verwenden Sie dramatische Beleuchtungsk\u00f6rper, um ein klares Statement zu setzen.<\/li>\n<\/ul>\n<h3 data-sourcepos=\"13:1-13:21\"><strong>3. Lichterkette:<\/strong><\/h3>\n<ul data-sourcepos=\"14:1-17:0\">\n<li data-sourcepos=\"14:1-14:90\"><strong>Boh\u00e8me-Chic:<\/strong> Backsteinmauern mit Lichtern k\u00f6nnen einer Backsteinmauer einen skurrilen und romantischen Touch verleihen.<\/li>\n<li data-sourcepos=\"15:1-15:75\"><strong>Anpassbar:<\/strong> Erstellen Sie verschiedene Muster und Designs mit Lichterketten.<\/li>\n<li data-sourcepos=\"16:1-17:0\"><strong>Verwendung im Innen-\/Au\u00dfenbereich:<\/strong> Sowohl f\u00fcr Innen- als auch f\u00fcr Au\u00dfenbereiche geeignet.<\/li>\n<\/ul>","protected":false},"excerpt":{"rendered":"<p>Produktgr\u00f6\u00dfe:\u03a61100MM*127MM<\/p>\n<p>Produktgewicht (kg):55,5<\/p>\n<p>Anzahl der Lampenk\u00f6pfe (St\u00fcck):LED<\/p>\n<p>Verpackungsmethode: Karton+ Eisenrahmen+ Einlegekarton<\/p>","protected":false},"featured_media":1721,"template":"","meta":[],"product_brand":[],"product_cat":[40],"product_tag":[],"class_list":{"0":"post-1720","1":"product","2":"type-product","3":"status-publish","4":"has-post-thumbnail","6":"product_cat-wall-lights-1","8":"first","9":"instock","10":"shipping-taxable","11":"product-type-simple"},"_links":{"self":[{"href":"https:\/\/chandelier-yc.com\/de\/wp-json\/wp\/v2\/product\/1720"}],"collection":[{"href":"https:\/\/chandelier-yc.com\/de\/wp-json\/wp\/v2\/product"}],"about":[{"href":"https:\/\/chandelier-yc.com\/de\/wp-json\/wp\/v2\/types\/product"}],"wp:featuredmedia":[{"embeddable":true,"href":"https:\/\/chandelier-yc.com\/de\/wp-json\/wp\/v2\/media\/1721"}],"wp:attachment":[{"href":"https:\/\/chandelier-yc.com\/de\/wp-json\/wp\/v2\/media?parent=1720"}],"wp:term":[{"taxonomy":"product_brand","embeddable":true,"href":"https:\/\/chandelier-yc.com\/de\/wp-json\/wp\/v2\/product_brand?post=1720"},{"taxonomy":"product_cat","embeddable":true,"href":"https:\/\/chandelier-yc.com\/de\/wp-json\/wp\/v2\/product_cat?post=1720"},{"taxonomy":"product_tag","embeddable":true,"href":"https:\/\/chandelier-yc.com\/de\/wp-json\/wp\/v2\/product_tag?post=1720"}],"curies":[{"name":"wp","href":"https:\/\/api.w.org\/{rel}","templated":true}]}}