{"id":1722,"date":"2024-11-04T01:42:21","date_gmt":"2024-11-04T01:42:21","guid":{"rendered":"https:\/\/chandelier-yc.com\/?post_type=product&#038;p=1722"},"modified":"2024-11-04T01:52:46","modified_gmt":"2024-11-04T01:52:46","slug":"floor-lamps-5101","status":"publish","type":"product","link":"https:\/\/chandelier-yc.com\/de\/manufacturer\/floor-lamps-5101\/","title":{"rendered":"Stehleuchten (5101)"},"content":{"rendered":"<p data-sourcepos=\"1:1-1:187\">Stehlampen sind eine vielseitige und stilvolle M\u00f6glichkeit, jedem Raum in Ihrem Zuhause eine stimmungsvolle Beleuchtung zu verleihen. Es gibt sie in einer Vielzahl von Stilen, von modern und minimalistisch bis hin zu traditionell und verschn\u00f6rkelt.<\/p>\n<h3 data-sourcepos=\"6:1-6:59\"><strong>Hier sind einige der wichtigsten Vorteile von Stehlampen:<\/strong><\/h3>\n<ul data-sourcepos=\"8:1-12:0\">\n<li data-sourcepos=\"8:1-8:86\"><strong>Flexibilit\u00e4t:<\/strong> Stehlampen lassen sich leicht verschieben, um sie an Ihre wechselnden Bed\u00fcrfnisse anzupassen.<\/li>\n<li data-sourcepos=\"9:1-9:121\"><strong>Vielseitigkeit:<\/strong> Mit ihnen lassen sich verschiedene Beleuchtungseffekte erzielen, von weich und gem\u00fctlich bis hin zu hell und funktional.<\/li>\n<li data-sourcepos=\"10:1-10:86\"><strong>Stil:<\/strong> Mit Stehlampen k\u00f6nnen Sie Ihrer Einrichtung einen pers\u00f6nlichen Touch verleihen.<\/li>\n<li data-sourcepos=\"11:1-12:0\"><strong>Energieeffizienz:<\/strong> Viele moderne Stehlampen verwenden energieeffiziente LED-Lampen.<\/li>\n<\/ul>\n<h3 data-sourcepos=\"13:1-13:71\"><strong>Hier sind einige Tipps f\u00fcr die Auswahl der richtigen Stehlampe f\u00fcr Ihr Zuhause:<\/strong><\/h3>\n<ul data-sourcepos=\"15:1-19:0\">\n<li data-sourcepos=\"15:1-15:107\"><strong>Ber\u00fccksichtigen Sie den Stil Ihres Zimmers:<\/strong> W\u00e4hlen Sie eine Stehlampe, die zum Gesamtstil Ihres Zimmers passt.<\/li>\n<li data-sourcepos=\"16:1-16:93\"><strong>\u00dcberlegen Sie, wie gro\u00df Ihr Zimmer ist:<\/strong> F\u00fcr einen gr\u00f6\u00dferen Raum kann eine gr\u00f6\u00dfere Stehlampe erforderlich sein.<\/li>\n<li data-sourcepos=\"17:1-17:105\"><strong>Entscheiden Sie, welche Art von Licht Sie ben\u00f6tigen:<\/strong> M\u00f6chten Sie ein helles Leselicht oder ein weicheres Umgebungslicht?<\/li>\n<li data-sourcepos=\"18:1-19:0\"><strong>W\u00e4hlen Sie die richtige H\u00f6he:<\/strong> Die H\u00f6he der Stehleuchte sollte dem Raum und der Aufgabe, f\u00fcr die Sie sie verwenden wollen, angemessen sein.<\/li>\n<\/ul>\n<h3 data-sourcepos=\"20:1-20:48\"><strong>Hier finden Sie einige beliebte Arten von Stehlampen:<\/strong><\/h3>\n<ul data-sourcepos=\"22:1-26:0\">\n<li data-sourcepos=\"22:1-22:108\"><strong>Bogenlampen:<\/strong> Diese Lampen haben einen langen, gebogenen Arm, der so eingestellt werden kann, dass er das Licht dorthin lenkt, wo Sie es brauchen.<\/li>\n<li data-sourcepos=\"23:1-23:87\"><strong>Fackellampen:<\/strong> Diese hohen, schlanken Lampen spenden indirektes, nach oben gerichtetes Licht.<\/li>\n<li data-sourcepos=\"24:1-24:104\"><strong>Standard-Lampen:<\/strong> Diese Lampen haben ein gerades, aufrechtes Design und sind eine klassische Wahl f\u00fcr jeden Raum.<\/li>\n<li data-sourcepos=\"25:1-26:0\"><strong>Moderne Lampen:<\/strong> Diese Lampen zeichnen sich durch ein schlichtes, minimalistisches Design aus und verwenden h\u00e4ufig LED-Beleuchtung.<\/li>\n<\/ul>","protected":false},"excerpt":{"rendered":"<p>Produktgr\u00f6\u00dfe:\u03a6520MM*1820MM<\/p>\n<p>Produktgewicht (kg):25<\/p>\n<p>Anzahl der Lampenk\u00f6pfe5 (St\u00fcck):5\/10\/15<\/p>\n<p>Verpackungsmethode:Schaumstoff+Karton<\/p>","protected":false},"featured_media":1723,"template":"","meta":[],"product_brand":[],"product_cat":[41],"product_tag":[],"class_list":{"0":"post-1722","1":"product","2":"type-product","3":"status-publish","4":"has-post-thumbnail","6":"product_cat-table-lamp-and-floor-lamp-1","8":"first","9":"instock","10":"shipping-taxable","11":"product-type-simple"},"_links":{"self":[{"href":"https:\/\/chandelier-yc.com\/de\/wp-json\/wp\/v2\/product\/1722"}],"collection":[{"href":"https:\/\/chandelier-yc.com\/de\/wp-json\/wp\/v2\/product"}],"about":[{"href":"https:\/\/chandelier-yc.com\/de\/wp-json\/wp\/v2\/types\/product"}],"wp:featuredmedia":[{"embeddable":true,"href":"https:\/\/chandelier-yc.com\/de\/wp-json\/wp\/v2\/media\/1723"}],"wp:attachment":[{"href":"https:\/\/chandelier-yc.com\/de\/wp-json\/wp\/v2\/media?parent=1722"}],"wp:term":[{"taxonomy":"product_brand","embeddable":true,"href":"https:\/\/chandelier-yc.com\/de\/wp-json\/wp\/v2\/product_brand?post=1722"},{"taxonomy":"product_cat","embeddable":true,"href":"https:\/\/chandelier-yc.com\/de\/wp-json\/wp\/v2\/product_cat?post=1722"},{"taxonomy":"product_tag","embeddable":true,"href":"https:\/\/chandelier-yc.com\/de\/wp-json\/wp\/v2\/product_tag?post=1722"}],"curies":[{"name":"wp","href":"https:\/\/api.w.org\/{rel}","templated":true}]}}