{"id":1730,"date":"2024-11-04T02:31:24","date_gmt":"2024-11-04T02:31:24","guid":{"rendered":"https:\/\/chandelier-yc.com\/?post_type=product&#038;p=1730"},"modified":"2024-11-04T02:33:31","modified_gmt":"2024-11-04T02:33:31","slug":"modern-floor-and-table-lamps-ft1700","status":"publish","type":"product","link":"https:\/\/chandelier-yc.com\/de\/manufacturer\/modern-floor-and-table-lamps-ft1700\/","title":{"rendered":"Moderne Steh- und Tischleuchten (FT1700)"},"content":{"rendered":"<p data-sourcepos=\"1:1-1:194\">Moderne Steh- und Tischleuchten sind eine stilvolle und funktionelle Erg\u00e4nzung f\u00fcr jedes moderne Haus. Sie bieten eine schlichte und minimalistische \u00c4sthetik, die eine Vielzahl von Einrichtungsstilen erg\u00e4nzen kann.<\/p>\n<h3 data-sourcepos=\"3:1-3:41\"><strong>Hier sind einige beliebte Modern Floor And Table Lamps Designs:<\/strong><\/h3>\n<h4 data-sourcepos=\"5:1-5:23\"><strong>Moderne Tischlampen:<\/strong><\/h4>\n<ul data-sourcepos=\"7:1-11:0\">\n<li data-sourcepos=\"7:1-7:91\"><strong>Minimalistisch:<\/strong> Einfache, klare Linien und neutrale Farben, oft mit einem Sockel aus Metall oder Glas.<\/li>\n<li data-sourcepos=\"8:1-8:77\"><strong>Geometrisch:<\/strong> Kr\u00e4ftige geometrische Formen, wie Kugeln, W\u00fcrfel oder Zylinder.<\/li>\n<li data-sourcepos=\"9:1-9:92\"><strong>Industriell:<\/strong> Rohe Materialien wie Metall und Holz, mit freiliegenden Gl\u00fchbirnen oder k\u00e4figartigen Schirmen.<\/li>\n<li data-sourcepos=\"10:1-11:0\"><strong>Art Deco:<\/strong> Schlanke Kurven und luxuri\u00f6se Materialien wie Marmor oder Messing.<\/li>\n<\/ul>\n<h4 data-sourcepos=\"12:1-12:23\"><strong>Moderne Stehleuchten:<\/strong><\/h4>\n<ul data-sourcepos=\"14:1-18:0\">\n<li data-sourcepos=\"14:1-14:95\"><strong>Bogenlampe:<\/strong> Ein klassisch-modernes Design mit einem geschwungenen Arm, der zur Lichtlenkung verstellt werden kann.<\/li>\n<li data-sourcepos=\"15:1-15:82\"><strong>Torchiere:<\/strong> Eine hohe, schlanke Leuchte, die indirektes, nach oben gerichtetes Licht spendet.<\/li>\n<li data-sourcepos=\"16:1-16:102\"><strong>Stativ-Stehleuchte:<\/strong> Eine elegante und vielseitige Option mit drei Beinen und einer Vielzahl von Schirmtypen.<\/li>\n<li data-sourcepos=\"17:1-18:0\"><strong>Stehleuchte mit Regal:<\/strong> Ein funktionelles Design mit einem eingebauten Regal f\u00fcr B\u00fccher, Pflanzen oder andere dekorative Gegenst\u00e4nde.<\/li>\n<\/ul>\n<h4 data-sourcepos=\"19:1-19:51\"><strong>Tipps f\u00fcr die Auswahl moderner Steh- und Tischlampen:<\/strong><\/h4>\n<ul data-sourcepos=\"21:1-25:0\">\n<li data-sourcepos=\"21:1-21:83\"><strong>Ber\u00fccksichtigen Sie den Stil Ihres Zimmers:<\/strong> W\u00e4hlen Sie Lampen, die Ihre vorhandene Einrichtung erg\u00e4nzen.<\/li>\n<li data-sourcepos=\"22:1-22:111\"><strong>Denken Sie an den Beleuchtungsbedarf des Raums:<\/strong> Brauchen Sie ein helles Leselicht oder ein weicheres Umgebungslicht?<\/li>\n<li data-sourcepos=\"23:1-23:114\"><strong>Achten Sie auf die Gr\u00f6\u00dfe und den Ma\u00dfstab der Lampen:<\/strong> Die Lampen sollten in einem angemessenen Verh\u00e4ltnis zur Gr\u00f6\u00dfe des Raumes stehen.<\/li>\n<li data-sourcepos=\"24:1-25:0\"><strong>Achten Sie auf energieeffiziente Optionen:<\/strong> LED-Lampen sind eine gro\u00dfartige M\u00f6glichkeit, Energie und Geld zu sparen.<\/li>\n<\/ul>","protected":false},"excerpt":{"rendered":"<p>Produktgr\u00f6\u00dfe:\u03a6500MM*1700MM<\/p>\n<p>Produktgewicht (kg):57.99<\/p>\n<p>Anzahl der Lampenk\u00f6pfe (St\u00fcck):6<\/p>\n<p>Verpackungsmethode:Schaumstoff+Karton<\/p>","protected":false},"featured_media":1731,"template":"","meta":[],"product_brand":[],"product_cat":[41],"product_tag":[],"class_list":{"0":"post-1730","1":"product","2":"type-product","3":"status-publish","4":"has-post-thumbnail","6":"product_cat-table-lamp-and-floor-lamp-1","8":"first","9":"instock","10":"shipping-taxable","11":"product-type-simple"},"_links":{"self":[{"href":"https:\/\/chandelier-yc.com\/de\/wp-json\/wp\/v2\/product\/1730"}],"collection":[{"href":"https:\/\/chandelier-yc.com\/de\/wp-json\/wp\/v2\/product"}],"about":[{"href":"https:\/\/chandelier-yc.com\/de\/wp-json\/wp\/v2\/types\/product"}],"wp:featuredmedia":[{"embeddable":true,"href":"https:\/\/chandelier-yc.com\/de\/wp-json\/wp\/v2\/media\/1731"}],"wp:attachment":[{"href":"https:\/\/chandelier-yc.com\/de\/wp-json\/wp\/v2\/media?parent=1730"}],"wp:term":[{"taxonomy":"product_brand","embeddable":true,"href":"https:\/\/chandelier-yc.com\/de\/wp-json\/wp\/v2\/product_brand?post=1730"},{"taxonomy":"product_cat","embeddable":true,"href":"https:\/\/chandelier-yc.com\/de\/wp-json\/wp\/v2\/product_cat?post=1730"},{"taxonomy":"product_tag","embeddable":true,"href":"https:\/\/chandelier-yc.com\/de\/wp-json\/wp\/v2\/product_tag?post=1730"}],"curies":[{"name":"wp","href":"https:\/\/api.w.org\/{rel}","templated":true}]}}