{"id":1735,"date":"2024-11-04T02:57:24","date_gmt":"2024-11-04T02:57:24","guid":{"rendered":"https:\/\/chandelier-yc.com\/?post_type=product&#038;p=1735"},"modified":"2024-11-04T02:59:40","modified_gmt":"2024-11-04T02:59:40","slug":"table-and-floor-lamp-sets-lp600","status":"publish","type":"product","link":"https:\/\/chandelier-yc.com\/de\/manufacturer\/table-and-floor-lamp-sets-lp600\/","title":{"rendered":"Tisch- und Stehlampensets (LP600)"},"content":{"rendered":"<p data-sourcepos=\"1:1-1:189\">Tisch- und Stehlampensets sind eine stilvolle und funktionelle M\u00f6glichkeit, Ihren Wohnraum zu beleuchten. Es besteht aus einer koordinierten Stehlampe und einer Tischlampe, die oft eine \u00e4hnliche Design\u00e4sthetik aufweisen.<\/p>\n<h3 data-sourcepos=\"3:1-3:43\"><strong>Vorteile eines Tisch- und Stehlampensets:<\/strong><\/h3>\n<ul data-sourcepos=\"5:1-9:0\">\n<li data-sourcepos=\"5:1-5:90\"><strong>Koh\u00e4rentes Design:<\/strong> Ein passendes Set sorgt f\u00fcr ein harmonisches und ausgefeiltes Erscheinungsbild in Ihrem Zimmer.<\/li>\n<li data-sourcepos=\"6:1-6:143\"><strong>Vielseitige Beleuchtung:<\/strong> Die Kombination aus Steh- und Tischleuchte bietet sowohl Umgebungs- als auch Arbeitsbeleuchtung f\u00fcr verschiedene T\u00e4tigkeiten.<\/li>\n<li data-sourcepos=\"7:1-7:88\"><strong>Verbessertes Ambiente:<\/strong> Eine gut platzierte Beleuchtung kann eine warme und einladende Atmosph\u00e4re schaffen.<\/li>\n<li data-sourcepos=\"8:1-9:0\"><strong>Einfache Koordinierung:<\/strong> Passende Sets vereinfachen die Auswahl komplement\u00e4rer Beleuchtungsk\u00f6rper.<\/li>\n<\/ul>\n<h3 data-sourcepos=\"10:1-10:44\"><strong>Faktoren, die bei der Auswahl eines Sets zu ber\u00fccksichtigen sind:<\/strong><\/h3>\n<ul data-sourcepos=\"12:1-17:0\">\n<li data-sourcepos=\"12:1-12:135\"><strong>Stil:<\/strong> Ber\u00fccksichtigen Sie die Einrichtung Ihres Zimmers und w\u00e4hlen Sie ein Set, das den Stil erg\u00e4nzt, egal ob es modern, traditionell oder im \u00dcbergangsstil ist.<\/li>\n<li data-sourcepos=\"13:1-13:171\"><strong>Gr\u00f6\u00dfe:<\/strong> Achten Sie darauf, dass die Lampen der Raumgr\u00f6\u00dfe angemessen sind. Eine gr\u00f6\u00dfere Stehlampe eignet sich vielleicht f\u00fcr ger\u00e4umige Zimmer, w\u00e4hrend kleinere Sets in gem\u00fctlichen R\u00e4umen gut funktionieren.<\/li>\n<li data-sourcepos=\"14:1-14:165\"><strong>Beenden:<\/strong> W\u00e4hlen Sie eine Oberfl\u00e4che, die zu Ihren M\u00f6beln und Ihrem Farbkonzept passt. Beliebte Optionen sind geb\u00fcrstetes Nickel, Messing und verschiedene Metallic-Farben.<\/li>\n<li data-sourcepos=\"15:1-15:176\"><strong>Material des Schirms:<\/strong> Das Material des Schirms kann die Lichtqualit\u00e4t beeinflussen. Stoffschirme bieten ein weicheres, diffuses Licht, w\u00e4hrend Glas- oder Metallschirme einen konzentrierteren Lichtstrahl erzeugen.<\/li>\n<li data-sourcepos=\"16:1-17:0\"><strong>Funktionsweise:<\/strong> Ber\u00fccksichtigen Sie den spezifischen Beleuchtungsbedarf des Raums. Ein Dimmschalter kann f\u00fcr die Einstellung der Lichtintensit\u00e4t n\u00fctzlich sein.<\/li>\n<\/ul>\n<h3 data-sourcepos=\"18:1-18:48\"><strong>Beliebte Arten von Tisch- und Stehlampensets:<\/strong><\/h3>\n<ul data-sourcepos=\"20:1-23:0\">\n<li data-sourcepos=\"20:1-20:92\"><strong>Modern:<\/strong> Schlanke Linien, minimalistisches Design, oft aus Metall oder Glas.<\/li>\n<li data-sourcepos=\"21:1-21:98\"><strong>Traditionell:<\/strong> Verschn\u00f6rkelte Details, klassische Formen und oft auch Materialien wie Holz oder Keramik.<\/li>\n<li data-sourcepos=\"22:1-23:0\"><strong>\u00dcbergangsphase:<\/strong> Eine Mischung aus modernem und traditionellem Stil, die ein ausgewogenes und vielseitiges Aussehen bietet.<\/li>\n<\/ul>","protected":false},"excerpt":{"rendered":"<p>Produktgr\u00f6\u00dfe:\u03a6330MM*600MM<\/p>\n<p>Produktgewicht (kg):25.39<\/p>\n<p>Anzahl der Lampenk\u00f6pfe (St\u00fcck):1<\/p>\n<p>Verpackungsmethode:Schaumstoff+Karton<\/p>","protected":false},"featured_media":1736,"template":"","meta":[],"product_brand":[],"product_cat":[41],"product_tag":[],"class_list":{"0":"post-1735","1":"product","2":"type-product","3":"status-publish","4":"has-post-thumbnail","6":"product_cat-table-lamp-and-floor-lamp-1","8":"first","9":"instock","10":"shipping-taxable","11":"product-type-simple"},"_links":{"self":[{"href":"https:\/\/chandelier-yc.com\/de\/wp-json\/wp\/v2\/product\/1735"}],"collection":[{"href":"https:\/\/chandelier-yc.com\/de\/wp-json\/wp\/v2\/product"}],"about":[{"href":"https:\/\/chandelier-yc.com\/de\/wp-json\/wp\/v2\/types\/product"}],"wp:featuredmedia":[{"embeddable":true,"href":"https:\/\/chandelier-yc.com\/de\/wp-json\/wp\/v2\/media\/1736"}],"wp:attachment":[{"href":"https:\/\/chandelier-yc.com\/de\/wp-json\/wp\/v2\/media?parent=1735"}],"wp:term":[{"taxonomy":"product_brand","embeddable":true,"href":"https:\/\/chandelier-yc.com\/de\/wp-json\/wp\/v2\/product_brand?post=1735"},{"taxonomy":"product_cat","embeddable":true,"href":"https:\/\/chandelier-yc.com\/de\/wp-json\/wp\/v2\/product_cat?post=1735"},{"taxonomy":"product_tag","embeddable":true,"href":"https:\/\/chandelier-yc.com\/de\/wp-json\/wp\/v2\/product_tag?post=1735"}],"curies":[{"name":"wp","href":"https:\/\/api.w.org\/{rel}","templated":true}]}}