{"id":1748,"date":"2024-11-04T03:55:17","date_gmt":"2024-11-04T03:55:17","guid":{"rendered":"https:\/\/chandelier-yc.com\/?post_type=product&#038;p=1748"},"modified":"2024-11-04T03:55:17","modified_gmt":"2024-11-04T03:55:17","slug":"farmhouse-style-floor-lamp-and-table-lamp-set-%ef%bc%88wl301330%ef%bc%89","status":"publish","type":"product","link":"https:\/\/chandelier-yc.com\/de\/manufacturer\/farmhouse-style-floor-lamp-and-table-lamp-set-\uff08wl301330\uff09\/","title":{"rendered":"Stehlampe und Tischlampe im Landhausstil \uff08WL301330\uff09"},"content":{"rendered":"<p data-sourcepos=\"1:1-1:207\">Stehlampen und Tischlampen im Landhausstil sind eine beliebte Wahl, um Ihrer Einrichtung einen Hauch von rustikalem Charme zu verleihen. Sie zeichnen sich h\u00e4ufig durch Holzoberfl\u00e4chen in Used-Optik, nat\u00fcrliche Materialien und einfache, klare Linien aus.<\/p>\n<h3 data-sourcepos=\"3:1-3:76\"><strong>Hier sind einige wichtige Landhausstil Stehlampe und Tischlampe Set :<\/strong><\/h3>\n<ul data-sourcepos=\"5:1-10:0\">\n<li data-sourcepos=\"5:1-5:88\"><strong>Distressed-Holzoberfl\u00e4chen:<\/strong> Diese Oberfl\u00e4chen verleihen den Lampen ein verwittertes, altes Aussehen.<\/li>\n<li data-sourcepos=\"6:1-6:101\"><strong>Nat\u00fcrliche Materialien:<\/strong> Holz, Metall und Leinen sind die am h\u00e4ufigsten verwendeten Materialien f\u00fcr Lampen im Landhausstil.<\/li>\n<li data-sourcepos=\"7:1-7:101\"><strong>Einfache Formen:<\/strong> Klare Linien und unkompliziertes Design sind charakteristisch f\u00fcr den Landhausstil.<\/li>\n<li data-sourcepos=\"8:1-8:98\"><strong>Neutrale Farben:<\/strong> Wei\u00df, Beige, Braun und Grau sind beliebte Farben f\u00fcr Landhauslampen.<\/li>\n<li data-sourcepos=\"9:1-10:0\"><strong>Stoff-Farben:<\/strong> Diese oft aus Leinen oder Baumwolle gefertigten Lampenschirme spenden ein weiches, diffuses Licht.<\/li>\n<\/ul>\n<h3 data-sourcepos=\"11:1-11:44\"><strong>Wo finden Sie Lampen-Sets im Landhausstil:<\/strong><\/h3>\n<ul data-sourcepos=\"13:1-16:0\">\n<li data-sourcepos=\"13:1-13:98\"><strong>M\u00f6belh\u00e4user:<\/strong> Viele M\u00f6belh\u00e4user bieten eine Vielzahl von Beleuchtungsm\u00f6glichkeiten im Landhausstil an.<\/li>\n<li data-sourcepos=\"14:1-14:102\"><strong>Gesch\u00e4fte f\u00fcr Wohnkultur:<\/strong> L\u00e4den wie HomeGoods, Target und Walmart f\u00fchren oft Lampen im Landhausstil.<\/li>\n<li data-sourcepos=\"15:1-16:0\"><strong>Online-Einzelh\u00e4ndler:<\/strong> Websites wie Amazon, Wayfair und Overstock bieten eine gro\u00dfe Auswahl an Lampen im Landhausstil.<\/li>\n<\/ul>","protected":false},"excerpt":{"rendered":"<p>Product size:\u03a6660MM*1330MM<\/p>\n<p>Product weight (kg):225<\/p>\n<p>Anzahl der Lampenk\u00f6pfe (St\u00fcck):LED<\/p>\n<p>Verpackungsmethode:Schaumstoff+Karton+Einlegekarton<\/p>","protected":false},"featured_media":1749,"template":"","meta":[],"product_brand":[],"product_cat":[41],"product_tag":[],"class_list":{"0":"post-1748","1":"product","2":"type-product","3":"status-publish","4":"has-post-thumbnail","6":"product_cat-table-lamp-and-floor-lamp-1","8":"first","9":"instock","10":"shipping-taxable","11":"product-type-simple"},"_links":{"self":[{"href":"https:\/\/chandelier-yc.com\/de\/wp-json\/wp\/v2\/product\/1748"}],"collection":[{"href":"https:\/\/chandelier-yc.com\/de\/wp-json\/wp\/v2\/product"}],"about":[{"href":"https:\/\/chandelier-yc.com\/de\/wp-json\/wp\/v2\/types\/product"}],"wp:featuredmedia":[{"embeddable":true,"href":"https:\/\/chandelier-yc.com\/de\/wp-json\/wp\/v2\/media\/1749"}],"wp:attachment":[{"href":"https:\/\/chandelier-yc.com\/de\/wp-json\/wp\/v2\/media?parent=1748"}],"wp:term":[{"taxonomy":"product_brand","embeddable":true,"href":"https:\/\/chandelier-yc.com\/de\/wp-json\/wp\/v2\/product_brand?post=1748"},{"taxonomy":"product_cat","embeddable":true,"href":"https:\/\/chandelier-yc.com\/de\/wp-json\/wp\/v2\/product_cat?post=1748"},{"taxonomy":"product_tag","embeddable":true,"href":"https:\/\/chandelier-yc.com\/de\/wp-json\/wp\/v2\/product_tag?post=1748"}],"curies":[{"name":"wp","href":"https:\/\/api.w.org\/{rel}","templated":true}]}}