{"id":1750,"date":"2024-11-04T06:22:58","date_gmt":"2024-11-04T06:22:58","guid":{"rendered":"https:\/\/chandelier-yc.com\/?post_type=product&#038;p=1750"},"modified":"2024-11-04T06:22:58","modified_gmt":"2024-11-04T06:22:58","slug":"table-lamp-clear-glass-wl1107","status":"publish","type":"product","link":"https:\/\/chandelier-yc.com\/de\/manufacturer\/table-lamp-clear-glass-wl1107\/","title":{"rendered":"Tischlampe Klarglas (WL1107)"},"content":{"rendered":"<p data-sourcepos=\"1:1-1:226\">Tischlampen aus Klarglas sind eine beliebte Wahl, um jedem Raum einen Hauch von Eleganz und Raffinesse zu verleihen. Es gibt sie in einer Vielzahl von Stilen, von minimalistisch bis verschn\u00f6rkelt, und sie k\u00f6nnen f\u00fcr eine Vielzahl von Lichteffekten verwendet werden.<\/p>\n<h3 data-sourcepos=\"3:1-3:67\"><strong>Hier sind einige der Vorteile der Verwendung von Tischlampe Klarglas :<\/strong><\/h3>\n<ul data-sourcepos=\"5:1-9:0\">\n<li data-sourcepos=\"5:1-5:119\"><strong>Vielseitigkeit:<\/strong> Lampen aus klarem Glas k\u00f6nnen eine breite Palette von Einrichtungsstilen erg\u00e4nzen, von modern bis traditionell.<\/li>\n<li data-sourcepos=\"6:1-6:128\"><strong>Lichtstreuung:<\/strong> Das klare Glas l\u00e4sst das Licht durch und streut es gleichm\u00e4\u00dfig, wodurch eine weiche und einladende Atmosph\u00e4re entsteht.<\/li>\n<li data-sourcepos=\"7:1-7:139\"><strong>Visuelles Interesse:<\/strong> Die Transparenz des Glases kann einen Raum optisch aufwerten, vor allem, wenn es mit einem einzigartigen Sockel oder Schirm kombiniert wird.<\/li>\n<li data-sourcepos=\"8:1-9:0\"><strong>Leicht zu reinigen:<\/strong> Klarglas ist leicht zu reinigen und zu pflegen.<\/li>\n<\/ul>\n<h3><strong>Hier sind einige Tipps f\u00fcr die Auswahl der richtigen Tischlampe Klarglas :<\/strong><\/h3>\n<ul data-sourcepos=\"12:1-16:0\">\n<li data-sourcepos=\"12:1-12:101\"><strong>Ber\u00fccksichtigen Sie den Stil Ihres Zimmers:<\/strong> W\u00e4hlen Sie eine Lampe, die zum Gesamtstil Ihres Zimmers passt.<\/li>\n<li data-sourcepos=\"13:1-13:87\"><strong>\u00dcberlegen Sie, wie gro\u00df Ihr Zimmer ist:<\/strong> F\u00fcr einen gr\u00f6\u00dferen Raum wird m\u00f6glicherweise eine gr\u00f6\u00dfere Lampe ben\u00f6tigt.<\/li>\n<li data-sourcepos=\"14:1-14:105\"><strong>Entscheiden Sie, welche Art von Licht Sie ben\u00f6tigen:<\/strong> M\u00f6chten Sie ein helles Leselicht oder ein weicheres Umgebungslicht?<\/li>\n<li data-sourcepos=\"15:1-16:0\"><strong>W\u00e4hlen Sie die richtige H\u00f6he:<\/strong> Die H\u00f6he der Lampe sollte dem Raum und der Aufgabe, f\u00fcr die Sie sie verwenden wollen, angemessen sein.<\/li>\n<\/ul>\n<h3 data-sourcepos=\"17:1-17:60\"><strong>Hier sind einige beliebte Modelle von Tischlampen aus Klarglas:<\/strong><\/h3>\n<ul data-sourcepos=\"19:1-23:0\">\n<li data-sourcepos=\"19:1-19:91\"><strong>Minimalistisch:<\/strong> Diese Lampen zeichnen sich durch einfache, klare Linien aus und haben oft einen minimalistischen Sockel.<\/li>\n<li data-sourcepos=\"20:1-20:96\"><strong>Art Deco:<\/strong> Diese Lampen zeichnen sich durch ihre geometrischen Formen und luxuri\u00f6sen Materialien aus.<\/li>\n<li data-sourcepos=\"21:1-21:73\"><strong>Traditionell:<\/strong> Diese Lampen haben oft verzierte Sockel und Stoffschirme.<\/li>\n<li data-sourcepos=\"22:1-23:0\"><strong>Modern:<\/strong> Diese Lampen zeichnen sich durch ein schlankes, modernes Design aus und verwenden h\u00e4ufig LED-Beleuchtung.<\/li>\n<\/ul>","protected":false},"excerpt":{"rendered":"<p>Produktgr\u00f6\u00dfe:\u03a61107MM*420MM<\/p>\n<p>Produktgewicht (kg):149,5<\/p>\n<p>Anzahl der Lampenk\u00f6pfe (St\u00fcck):LED<\/p>\n<p>Verpackungsmethode:Schaumstoff+Karton+Einlegekarton<\/p>","protected":false},"featured_media":1751,"template":"","meta":[],"product_brand":[],"product_cat":[42],"product_tag":[],"class_list":{"0":"post-1750","1":"product","2":"type-product","3":"status-publish","4":"has-post-thumbnail","6":"product_cat-light-up-dinner-table-1","8":"first","9":"instock","10":"shipping-taxable","11":"product-type-simple"},"_links":{"self":[{"href":"https:\/\/chandelier-yc.com\/de\/wp-json\/wp\/v2\/product\/1750"}],"collection":[{"href":"https:\/\/chandelier-yc.com\/de\/wp-json\/wp\/v2\/product"}],"about":[{"href":"https:\/\/chandelier-yc.com\/de\/wp-json\/wp\/v2\/types\/product"}],"wp:featuredmedia":[{"embeddable":true,"href":"https:\/\/chandelier-yc.com\/de\/wp-json\/wp\/v2\/media\/1751"}],"wp:attachment":[{"href":"https:\/\/chandelier-yc.com\/de\/wp-json\/wp\/v2\/media?parent=1750"}],"wp:term":[{"taxonomy":"product_brand","embeddable":true,"href":"https:\/\/chandelier-yc.com\/de\/wp-json\/wp\/v2\/product_brand?post=1750"},{"taxonomy":"product_cat","embeddable":true,"href":"https:\/\/chandelier-yc.com\/de\/wp-json\/wp\/v2\/product_cat?post=1750"},{"taxonomy":"product_tag","embeddable":true,"href":"https:\/\/chandelier-yc.com\/de\/wp-json\/wp\/v2\/product_tag?post=1750"}],"curies":[{"name":"wp","href":"https:\/\/api.w.org\/{rel}","templated":true}]}}