{"id":1885,"date":"2024-11-07T02:05:46","date_gmt":"2024-11-07T02:05:46","guid":{"rendered":"https:\/\/chandelier-yc.com\/?page_id=1885"},"modified":"2024-11-27T03:44:15","modified_gmt":"2024-11-27T03:44:15","slug":"hanging-chandelier","status":"publish","type":"page","link":"https:\/\/chandelier-yc.com\/es\/hanging-chandelier\/","title":{"rendered":"Productos"},"content":{"rendered":"<div class=\"banner has-hover has-parallax\" id=\"banner-382627616\">\n          <div class=\"banner-inner fill\">\n        <div class=\"banner-bg fill\" data-parallax=\"-3\" data-parallax-container=\".banner\" data-parallax-background>\n            <div class=\"bg fill bg-fill\"><\/div>\n                                    \n                    <\/div>\n\t\t\n        <div class=\"banner-layers container\">\n            <div class=\"fill banner-link\"><\/div>            \n   <div id=\"text-box-1783857089\" class=\"text-box banner-layer x50 md-x10 lg-x10 y50 md-y50 lg-y50 res-text\">\n                     <div data-animate=\"fadeInLeft\">           <div class=\"text-box-content text dark\">\n              \n              <div class=\"text-inner text-center\">\n                  \n\t<div id=\"text-3749997258\" class=\"text\">\n\t\t\n<h1>Ara\u00f1a colgante<\/h1>\n\t\t\n<style>\n#text-3749997258 {\n  color: rgb(255,255,255);\n}\n#text-3749997258 > * {\n  color: rgb(255,255,255);\n}\n<\/style>\n\t<\/div>\n\t\n              <\/div>\n           <\/div>\n       <\/div>                     \n<style>\n#text-box-1783857089 {\n  width: 80%;\n}\n#text-box-1783857089 .text-box-content {\n  font-size: 100%;\n}\n@media (min-width:550px) {\n  #text-box-1783857089 {\n    width: 72%;\n  }\n}\n<\/style>\n    <\/div>\n \n        <\/div>\n      <\/div>\n\n            \n<style>\n#banner-382627616 {\n  padding-top: 35.25%;\n}\n#banner-382627616 .bg.bg-loaded {\n  background-image: url(https:\/\/chandelier-yc.com\/wp-content\/uploads\/2024\/11\/800-scaled.jpg);\n}\n#banner-382627616 .overlay {\n  background-color: rgba(0, 0, 0, 0.3);\n}\n#banner-382627616 .bg {\n  background-position: 86% 100%;\n}\n<\/style>\n  <\/div>\n\n\n\t<section class=\"section\" id=\"section_510743622\">\n\t\t<div class=\"bg section-bg fill bg-fill  bg-loaded\" >\n\n\t\t\t\n\t\t\t\n\t\t\t\n\n\t\t<\/div>\n\n\t\t\n\n\t\t<div class=\"section-content relative\">\n\t\t\t\n<div class=\"row\"  id=\"row-380077848\">\n\n\t<div id=\"col-1625233909\" class=\"col medium-6 small-12 large-6\"  >\n\t\t\t\t<div class=\"col-inner\"  >\n\t\t\t\n\t\t\t\n<h2 style=\"text-align: left;\">L\u00e1mparas de ara\u00f1a colgantes: el ep\u00edtome de la elegancia atemporal<\/h2>\n<p data-sourcepos=\"3:1-3:198\">Una l\u00e1mpara de ara\u00f1a colgante es un accesorio de iluminaci\u00f3n cl\u00e1sico que puede realzar el ambiente de cualquier habitaci\u00f3n. Suele estar suspendida del techo y a menudo cuenta con varias fuentes de luz y dise\u00f1os intrincados.<\/p>\n<p data-sourcepos=\"5:1-5:40\"><strong>Caracter\u00edsticas principales de las l\u00e1mparas de ara\u00f1a colgantes:<\/strong><\/p>\n<ul data-sourcepos=\"7:1-11:0\">\n<li data-sourcepos=\"7:1-7:117\"><strong>Dise\u00f1o vers\u00e1til:<\/strong> Disponible en varios estilos, de tradicional a moderno, para adaptarse a las distintas preferencias decorativas.<\/li>\n<li data-sourcepos=\"8:1-8:117\"><strong>Iluminaci\u00f3n elegante:<\/strong> Crea un ambiente c\u00e1lido y acogedor, perfecto para comedores, salones y dormitorios.<\/li>\n<li data-sourcepos=\"9:1-9:71\"><strong>M\u00faltiples fuentes de luz:<\/strong> Proporciona una amplia iluminaci\u00f3n de la habitaci\u00f3n.<\/li>\n<li data-sourcepos=\"10:1-11:0\"><strong>Personalizable:<\/strong> Se puede personalizar con distintos acabados, materiales y bombillas para adaptarlo a su gusto personal.<\/li>\n<\/ul>\n\t\t<\/div>\n\t\t\t\t\t<\/div>\n\n\t\n\n\t<div id=\"col-871855003\" class=\"col medium-6 small-12 large-6\"  >\n\t\t\t\t<div class=\"col-inner\"  >\n\t\t\t\n\t\t\t\n\t<div class=\"img has-hover x md-x lg-x y md-y lg-y\" id=\"image_984986463\">\n\t\t<a class=\"\" href=\"https:\/\/chandelier-yc.com\/es\/manufacturer\/chandelier-large-crystal-\uff08at930\uff09\/\" >\t\t\t\t\t\t<div class=\"img-inner image-cover dark\" style=\"padding-top:75%;\">\n\t\t\t<img loading=\"lazy\" decoding=\"async\" width=\"1920\" height=\"812\" src=\"https:\/\/chandelier-yc.com\/wp-content\/uploads\/2024\/11\/565.jpg\" class=\"attachment-original size-original\" alt=\"Ara\u00f1a Productos del fabricante\" srcset=\"https:\/\/chandelier-yc.com\/wp-content\/uploads\/2024\/11\/565.jpg 1920w, https:\/\/chandelier-yc.com\/wp-content\/uploads\/2024\/11\/565-300x127.jpg 300w, https:\/\/chandelier-yc.com\/wp-content\/uploads\/2024\/11\/565-1024x433.jpg 1024w, https:\/\/chandelier-yc.com\/wp-content\/uploads\/2024\/11\/565-768x325.jpg 768w, https:\/\/chandelier-yc.com\/wp-content\/uploads\/2024\/11\/565-1536x650.jpg 1536w, https:\/\/chandelier-yc.com\/wp-content\/uploads\/2024\/11\/565-18x8.jpg 18w, https:\/\/chandelier-yc.com\/wp-content\/uploads\/2024\/11\/565-600x254.jpg 600w\" sizes=\"(max-width: 1920px) 100vw, 1920px\" title=\"\">\t\t\t\t\t\t\n\t\t\t\t\t<\/div>\n\t\t\t\t\t\t<\/a>\t\t\n<style>\n#image_984986463 {\n  width: 100%;\n}\n<\/style>\n\t<\/div>\n\t\n\t\t<\/div>\n\t\t\t\t\t<\/div>\n\n\t\n<\/div>\n\t\t<\/div>\n\n\t\t\n<style>\n#section_510743622 {\n  padding-top: 30px;\n  padding-bottom: 30px;\n}\n<\/style>\n\t<\/section>\n\t\n\t<section class=\"section\" id=\"section_1879370317\">\n\t\t<div class=\"bg section-bg fill bg-fill  bg-loaded\" >\n\n\t\t\t\n\t\t\t\n\t\t\t\n\n\t\t<\/div>\n\n\t\t\n\n\t\t<div class=\"section-content relative\">\n\t\t\t\n<div class=\"row\"  id=\"row-1004266241\">\n\n\t<div id=\"col-1765705398\" class=\"col small-12 large-12\"  >\n\t\t\t\t<div class=\"col-inner\"  >\n\t\t\t\n\t\t\t\n<h2 style=\"text-align: center;\">Personalice su l\u00e1mpara colgante ideal<\/h2>\n\t\t<\/div>\n\t\t\t\t\t<\/div>\n\n\t\n<\/div>\n<div class=\"row\"  id=\"row-1517051386\">\n\n\t<div id=\"col-442794244\" class=\"col medium-6 small-12 large-6\"  >\n\t\t\t\t<div class=\"col-inner\"  >\n\t\t\t\n\t\t\t\n\t<div class=\"img has-hover x md-x lg-x y md-y lg-y\" id=\"image_68536191\">\n\t\t\t\t\t\t\t\t<div class=\"img-inner dark\" >\n\t\t\t<img loading=\"lazy\" decoding=\"async\" width=\"1020\" height=\"765\" src=\"https:\/\/chandelier-yc.com\/wp-content\/uploads\/2024\/11\/Tropika-club_-Best-Lighting-Shops-in-Singapore-1-1024x768.jpg\" class=\"attachment-large size-large\" alt=\"Fabricante de l\u00e1mparas de ara\u00f1a\" srcset=\"https:\/\/chandelier-yc.com\/wp-content\/uploads\/2024\/11\/Tropika-club_-Best-Lighting-Shops-in-Singapore-1-1024x768.jpg 1024w, https:\/\/chandelier-yc.com\/wp-content\/uploads\/2024\/11\/Tropika-club_-Best-Lighting-Shops-in-Singapore-1-300x225.jpg 300w, https:\/\/chandelier-yc.com\/wp-content\/uploads\/2024\/11\/Tropika-club_-Best-Lighting-Shops-in-Singapore-1-768x576.jpg 768w, https:\/\/chandelier-yc.com\/wp-content\/uploads\/2024\/11\/Tropika-club_-Best-Lighting-Shops-in-Singapore-1-1536x1152.jpg 1536w, https:\/\/chandelier-yc.com\/wp-content\/uploads\/2024\/11\/Tropika-club_-Best-Lighting-Shops-in-Singapore-1-16x12.jpg 16w, https:\/\/chandelier-yc.com\/wp-content\/uploads\/2024\/11\/Tropika-club_-Best-Lighting-Shops-in-Singapore-1-600x450.jpg 600w, https:\/\/chandelier-yc.com\/wp-content\/uploads\/2024\/11\/Tropika-club_-Best-Lighting-Shops-in-Singapore-1.jpg 2048w\" sizes=\"(max-width: 1020px) 100vw, 1020px\" title=\"\">\t\t\t\t\t\t\n\t\t\t\t\t<\/div>\n\t\t\t\t\t\t\t\t\n<style>\n#image_68536191 {\n  width: 100%;\n}\n<\/style>\n\t<\/div>\n\t\n<p data-sourcepos=\"13:1-13:28\"><strong>3. Amplia gama de estilos:<\/strong><\/p>\n<ul data-sourcepos=\"14:1-16:0\">\n<li data-sourcepos=\"14:1-14:112\"><strong>Opciones vers\u00e1tiles:<\/strong> Elija entre una gran variedad de estilos, como tradicional, moderno, r\u00fastico e industrial.<\/li>\n<li data-sourcepos=\"15:1-16:0\"><strong>Dise\u00f1os adaptables:<\/strong> Los fabricantes pueden adaptar los dise\u00f1os cl\u00e1sicos a los gustos modernos o crear piezas contempor\u00e1neas innovadoras.<\/li>\n<\/ul>\n<p>.<strong>4. Eficiencia energ\u00e9tica:<\/strong><\/p>\n<ul data-sourcepos=\"18:1-20:0\">\n<li data-sourcepos=\"18:1-18:118\"><strong>Integraci\u00f3n de LED:<\/strong> Muchos fabricantes incorporan la tecnolog\u00eda de iluminaci\u00f3n LED de bajo consumo a sus l\u00e1mparas de ara\u00f1a.<\/li>\n<li data-sourcepos=\"19:1-20:0\"><strong>Opciones regulables:<\/strong> Las l\u00e1mparas de ara\u00f1a regulables permiten ajustar la luminosidad a los distintos estados de \u00e1nimo y actividades.<\/li>\n<\/ul>\n\t\t<\/div>\n\t\t\t\t\t<\/div>\n\n\t\n\n\t<div id=\"col-299748624\" class=\"col medium-6 small-12 large-6\"  >\n\t\t\t\t<div class=\"col-inner\"  >\n\t\t\t\n\t\t\t\n<p data-sourcepos=\"5:1-5:26\"><strong>1. Dise\u00f1os personalizados:<\/strong><\/p>\n<ul data-sourcepos=\"6:1-8:0\">\n<li data-sourcepos=\"6:1-6:148\"><strong>A la medida de su visi\u00f3n:<\/strong> Los fabricantes pueden crear dise\u00f1os personalizados que se adapten a sus preferencias espec\u00edficas, garantizando un ajuste perfecto a su interior.<\/li>\n<li data-sourcepos=\"7:1-8:0\"><strong>Est\u00e9tica \u00fanica:<\/strong> De lo cl\u00e1sico a lo contempor\u00e1neo, los fabricantes pueden dar vida a sus ideas de dise\u00f1o \u00fanicas.<\/li>\n<\/ul>\n<p data-sourcepos=\"9:1-9:30\"><strong>2. Materiales de alta calidad:<\/strong><\/p>\n<ul data-sourcepos=\"10:1-12:0\">\n<li data-sourcepos=\"10:1-10:141\"><strong>Componentes de primera calidad:<\/strong> Los fabricantes suelen abastecerse de materiales de alta calidad, como cristal, vidrio y metal, para garantizar la durabilidad y la elegancia.<\/li>\n<li data-sourcepos=\"11:1-12:0\"><strong>Artesan\u00eda exquisita:<\/strong> H\u00e1biles artesanos elaboran meticulosamente a mano cada l\u00e1mpara de ara\u00f1a, prestando atenci\u00f3n a cada detalle.<\/li>\n<\/ul>\n<p>.<\/p>\n\t<div id=\"gap-1865692905\" class=\"gap-element clearfix\" style=\"display:block; height:auto;\">\n\t\t\n<style>\n#gap-1865692905 {\n  padding-top: 30px;\n}\n<\/style>\n\t<\/div>\n\t\n\t<div class=\"img has-hover x md-x lg-x y md-y lg-y\" id=\"image_1818755626\">\n\t\t\t\t\t\t\t\t<div class=\"img-inner dark\" >\n\t\t\t<img loading=\"lazy\" decoding=\"async\" width=\"600\" height=\"362\" src=\"https:\/\/chandelier-yc.com\/wp-content\/uploads\/2024\/11\/2165.jpg\" class=\"attachment-large size-large\" alt=\"Fabricante de l\u00e1mparas de ara\u00f1a\" srcset=\"https:\/\/chandelier-yc.com\/wp-content\/uploads\/2024\/11\/2165.jpg 600w, https:\/\/chandelier-yc.com\/wp-content\/uploads\/2024\/11\/2165-300x181.jpg 300w, https:\/\/chandelier-yc.com\/wp-content\/uploads\/2024\/11\/2165-18x12.jpg 18w\" sizes=\"(max-width: 600px) 100vw, 600px\" title=\"\">\t\t\t\t\t\t\n\t\t\t\t\t<\/div>\n\t\t\t\t\t\t\t\t\n<style>\n#image_1818755626 {\n  width: 100%;\n}\n<\/style>\n\t<\/div>\n\t\n\t\t<\/div>\n\t\t\t\t\t<\/div>\n\n\t\n<\/div>\n\t\t<\/div>\n\n\t\t\n<style>\n#section_1879370317 {\n  padding-top: 30px;\n  padding-bottom: 30px;\n  background-color: rgba(187, 190, 193, 0.308);\n}\n<\/style>\n\t<\/section>\n\t\n\t<section class=\"section\" id=\"section_1925511988\">\n\t\t<div class=\"bg section-bg fill bg-fill  bg-loaded\" >\n\n\t\t\t\n\t\t\t\n\t\t\t\n\n\t\t<\/div>\n\n\t\t\n\n\t\t<div class=\"section-content relative\">\n\t\t\t\n<div class=\"row\"  id=\"row-1522388834\">\n\n\t<div id=\"col-335225723\" class=\"col medium-6 small-12 large-6\"  >\n\t\t\t\t<div class=\"col-inner\"  >\n\t\t\t\n\t\t\t\n\t<div class=\"img has-hover x md-x lg-x y md-y lg-y\" id=\"image_2127691266\">\n\t\t\t\t\t\t\t\t<div class=\"img-inner image-cover dark\" style=\"padding-top:75%;\">\n\t\t\t<img loading=\"lazy\" decoding=\"async\" width=\"720\" height=\"720\" src=\"https:\/\/chandelier-yc.com\/wp-content\/uploads\/2024\/11\/wall-lamp.webp\" class=\"attachment-original size-original\" alt=\"l\u00e1mpara de pared\" srcset=\"https:\/\/chandelier-yc.com\/wp-content\/uploads\/2024\/11\/wall-lamp.webp 720w, https:\/\/chandelier-yc.com\/wp-content\/uploads\/2024\/11\/wall-lamp-300x300.webp 300w, https:\/\/chandelier-yc.com\/wp-content\/uploads\/2024\/11\/wall-lamp-150x150.webp 150w, https:\/\/chandelier-yc.com\/wp-content\/uploads\/2024\/11\/wall-lamp-12x12.webp 12w, https:\/\/chandelier-yc.com\/wp-content\/uploads\/2024\/11\/wall-lamp-600x600.webp 600w, https:\/\/chandelier-yc.com\/wp-content\/uploads\/2024\/11\/wall-lamp-100x100.webp 100w\" sizes=\"(max-width: 720px) 100vw, 720px\" title=\"\">\t\t\t\t\t\t\n\t\t\t\t\t<\/div>\n\t\t\t\t\t\t\t\t\n<style>\n#image_2127691266 {\n  width: 100%;\n}\n<\/style>\n\t<\/div>\n\t\n\t\t<\/div>\n\t\t\t\t\t<\/div>\n\n\t\n\n\t<div id=\"col-1998735704\" class=\"col medium-6 small-12 large-6\"  >\n\t\t\t\t<div class=\"col-inner\"  >\n\t\t\t\n\t\t\t\n<h2 data-sourcepos=\"1:1-1:57\">L\u00e1mparas de pared: Una soluci\u00f3n de iluminaci\u00f3n elegante y funcional<\/h2>\n<p data-sourcepos=\"3:1-3:226\">Las l\u00e1mparas de pared, tambi\u00e9n conocidas como apliques, son accesorios de iluminaci\u00f3n vers\u00e1tiles que pueden a\u00f1adir estilo y funcionalidad a cualquier habitaci\u00f3n. Son perfectos para resaltar zonas concretas, proporcionar iluminaci\u00f3n ambiental o crear un ambiente acogedor.<\/p>\n<p data-sourcepos=\"12:1-12:38\"><strong>Aplicaciones comunes de las l\u00e1mparas de pared:<\/strong><\/p>\n<ul data-sourcepos=\"14:1-18:0\">\n<li data-sourcepos=\"14:1-14:89\"><strong>Salones:<\/strong> Se utiliza para resaltar obras de arte, rincones de lectura o crear una iluminaci\u00f3n ambiental.<\/li>\n<li data-sourcepos=\"15:1-15:76\"><strong>Dormitorios:<\/strong> Ideal para leer junto a la cama o crear un ambiente relajante.<\/li>\n<li data-sourcepos=\"16:1-16:85\"><strong>Pasillos y corredores:<\/strong> Proporciona iluminaci\u00f3n ambiental y a\u00f1ade un toque de elegancia.<\/li>\n<li data-sourcepos=\"17:1-18:0\"><strong>Ba\u00f1os:<\/strong> Se utiliza para iluminar los tocadores y crear un ambiente de spa.<\/li>\n<\/ul>\n\t\t<\/div>\n\t\t\t\t\t<\/div>\n\n\t\n<\/div>\n\t\t<\/div>\n\n\t\t\n<style>\n#section_1925511988 {\n  padding-top: 30px;\n  padding-bottom: 30px;\n}\n<\/style>\n\t<\/section>\n\t\n\t<section class=\"section\" id=\"section_223387194\">\n\t\t<div class=\"bg section-bg fill bg-fill\" >\n\n\t\t\t\n\t\t\t<div class=\"section-bg-overlay absolute fill\"><\/div>\n\t\t\t\n\n\t\t<\/div>\n\n\t\t\n\n\t\t<div class=\"section-content relative\">\n\t\t\t\n<div class=\"row\"  id=\"row-1368647916\">\n\n\t<div id=\"col-839857631\" class=\"col small-12 large-12\"  >\n\t\t\t\t<div class=\"col-inner\"  >\n\t\t\t\n\t\t\t\n<div class=\"row\"  id=\"row-1655662309\">\n\n\t<div id=\"col-211247145\" class=\"col small-12 large-12\"  >\n\t\t\t\t<div class=\"col-inner\"  >\n\t\t\t\n\t\t\t\n\t<div id=\"text-1937079382\" class=\"text\">\n\t\t\n<h2 style=\"text-align: center;\">P\u00f3ngase en contacto con nosotros<\/h2>\n\t\t\n<style>\n#text-1937079382 {\n  color: rgb(255,255,255);\n}\n#text-1937079382 > * {\n  color: rgb(255,255,255);\n}\n<\/style>\n\t<\/div>\n\t\n\t\t<\/div>\n\t\t\t\t\t<\/div>\n\n\t\n<\/div>\n\n<div class=\"wpcf7 no-js\" id=\"wpcf7-f280-o1\" lang=\"en-US\" dir=\"ltr\" data-wpcf7-id=\"280\">\n<div class=\"screen-reader-response\"><p role=\"status\" aria-live=\"polite\" aria-atomic=\"true\"><\/p> <ul><\/ul><\/div>\n<form action=\"\/es\/wp-json\/wp\/v2\/pages\/1885#wpcf7-f280-o1\" method=\"post\" class=\"wpcf7-form init\" aria-label=\"Formulario de contacto\" novalidate=\"novalidate\" data-status=\"init\" data-trp-original-action=\"\/es\/wp-json\/wp\/v2\/pages\/1885#wpcf7-f280-o1\">\n<div style=\"display: none;\">\n<input type=\"hidden\" name=\"_wpcf7\" value=\"280\" \/>\n<input type=\"hidden\" name=\"_wpcf7_version\" value=\"6.0.6\" \/>\n<input type=\"hidden\" name=\"_wpcf7_locale\" value=\"en_US\" \/>\n<input type=\"hidden\" name=\"_wpcf7_unit_tag\" value=\"wpcf7-f280-o1\" \/>\n<input type=\"hidden\" name=\"_wpcf7_container_post\" value=\"0\" \/>\n<input type=\"hidden\" name=\"_wpcf7_posted_data_hash\" value=\"\" \/>\n<\/div>\n<div class='custom_contact_style'>\n\t<div class=\"row row-small\">\n\t\t<div class=\"col medium-6 small-12 large-6\">\n\t\t\t<div class=\"col-inner\">\n\t\t\t\t<p><span class=\"wpcf7-form-control-wrap\" data-name=\"your-name\"><input size=\"40\" maxlength=\"400\" class=\"wpcf7-form-control wpcf7-text wpcf7-validates-as-required\" aria-required=\"true\" aria-invalid=\"false\" placeholder=\"Nombre\" value=\"\" type=\"text\" name=\"your-name\" \/><\/span>\n\t\t\t\t<\/p>\n\t\t\t<\/div>\n\t\t<\/div>\n\t\t<div class=\"col medium-6 small-12 large-6\">\n\t\t\t<div class=\"col-inner\">\n\t\t\t\t<p><span class=\"wpcf7-form-control-wrap\" data-name=\"your-email\"><input size=\"40\" maxlength=\"400\" class=\"wpcf7-form-control wpcf7-email wpcf7-validates-as-required wpcf7-text wpcf7-validates-as-email\" aria-required=\"true\" aria-invalid=\"false\" placeholder=\"Correo electr\u00f3nico\" value=\"\" type=\"email\" name=\"your-email\" \/><\/span>\n\t\t\t\t<\/p>\n\t\t\t<\/div>\n\t\t<\/div>\n\t<\/div>\n\t<div class='cus_contact_form_bottom'>\n\t\t<p><span class=\"wpcf7-form-control-wrap\" data-name=\"your-phone\"><input size=\"40\" maxlength=\"400\" class=\"wpcf7-form-control wpcf7-text\" aria-invalid=\"false\" placeholder=\"Tel\u00e9fono\" value=\"\" type=\"text\" name=\"your-phone\" \/><\/span>\n\t\t<\/p>\n\t<\/div>\n\t<div class='cus_contact_form_bottom'>\n\t\t<p><span class=\"wpcf7-form-control-wrap\" data-name=\"your-country\"><input size=\"40\" maxlength=\"400\" class=\"wpcf7-form-control wpcf7-text\" aria-invalid=\"false\" placeholder=\"Pa\u00eds\" value=\"\" type=\"text\" name=\"your-country\" \/><\/span>\n\t\t<\/p>\n\t<\/div>\n\t<p><span class=\"wpcf7-form-control-wrap\" data-name=\"your-message\"><textarea cols=\"40\" rows=\"10\" maxlength=\"2000\" class=\"wpcf7-form-control wpcf7-textarea wpcf7-validates-as-required\" aria-required=\"true\" aria-invalid=\"false\" placeholder=\"Su mensaje *\" name=\"your-message\"><\/textarea><\/span>\n\t<\/p>\n\t<div style=\"margin-bottom:10px;\">\n\t\t<p><span class=\"wpcf7-form-control-wrap kc_captcha cf7ic-toggle\" data-name=\"kc_captcha\"><span class=\"wpcf7-form-control wpcf7-radio\"><span class=\"captcha-image\" style=\"display: none;\"><span class=\"cf7ic_instructions\">Por favor, demuestre que es humano seleccionando la casilla<span> coche<\/span>.<\/span><label><input aria-label=\"1\" type=\"radio\" name=\"kc_captcha\" value=\"kc_human\" \/><svg aria-hidden=\"true\" role=\"img\" xmlns=\"http:\/\/www.w3.org\/2000\/svg\" viewbox=\"0 0 512 512\"><path fill=\"currentColor\" d=\"M500 168h-55l-8-21a127 127 0 00-120-83H195a127 127 0 00-120 83l-8 21H12c-8 0-14 8-11 16l8 24a12 12 0 0011 8h29a64 64 0 00-33 56v48c0 16 6 31 16 42v62c0 13 11 24 24 24h48c13 0 24-11 24-24v-40h256v40c0 13 11 24 24 24h48c13 0 24-11 24-24v-62c10-11 16-26 16-42v-48c0-24-13-45-33-56h29a12 12 0 0011-8l8-24c3-8-3-16-11-16zm-365 2c9-25 33-42 60-42h122c27 0 51 17 60 42l15 38H120l15-38zM88 328a32 32 0 010-64c18 0 48 30 48 48s-30 16-48 16zm336 0c-18 0-48 2-48-16s30-48 48-48 32 14 32 32-14 32-32 32z\"\/><\/svg><\/label><label><input aria-label=\"2\" type=\"radio\" name=\"kc_captcha\" value=\"bot\" \/><svg aria-hidden=\"true\" role=\"img\" xmlns=\"http:\/\/www.w3.org\/2000\/svg\" viewbox=\"0 0 640 512\"><path fill=\"currentColor\" d=\"M192 384h192c53 0 96-43 96-96h32a128 128 0 000-256H120c-13 0-24 11-24 24v232c0 53 43 96 96 96zM512 96a64 64 0 010 128h-32V96h32zm48 384H48c-47 0-61-64-36-64h584c25 0 11 64-36 64z\"\/><\/svg><\/label><label><input aria-label=\"3\" type=\"radio\" name=\"kc_captcha\" value=\"bot\" \/><svg aria-hidden=\"true\" role=\"img\" xmlns=\"http:\/\/www.w3.org\/2000\/svg\" viewbox=\"0 0 576 512\"><path fill=\"currentColor\" d=\"M472 200H360L256 6a12 12 0 00-10-6h-58c-8 0-14 7-12 15l34 185H100l-35-58a12 12 0 00-10-6H12c-8 0-13 7-12 14l21 106L0 362c-1 7 4 14 12 14h43c4 0 8-2 10-6l35-58h110l-34 185c-2 8 4 15 12 15h58a12 12 0 0010-6l104-194h112c57 0 104-25 104-56s-47-56-104-56z\"\/><\/svg><\/label>\r\n    <\/span>\r\n    <span style=\"display:none\">\r\n        <input type=\"text\" name=\"kc_honeypot\">\r\n    <\/span><\/span><\/span>\n\t\t<\/p>\n\t<\/div>\n\t<p><input class=\"wpcf7-form-control wpcf7-submit has-spinner\" type=\"submit\" value=\"Enviar mensaje\" \/>\n\t<\/p>\n<\/div><div class=\"wpcf7-response-output\" aria-hidden=\"true\"><\/div>\n<input type=\"hidden\" name=\"trp-form-language\" value=\"es\"\/><\/form>\n<\/div>\n\n\t\t<\/div>\n\t\t\t\t\t<\/div>\n\n\t\n<\/div>\n\t\t<\/div>\n\n\t\t\n<style>\n#section_223387194 {\n  padding-top: 30px;\n  padding-bottom: 30px;\n}\n#section_223387194 .section-bg-overlay {\n  background-color: rgba(0, 0, 0, 0.308);\n}\n#section_223387194 .section-bg.bg-loaded {\n  background-image: url(https:\/\/chandelier-yc.com\/wp-content\/uploads\/2023\/05\/20230526183003.webp);\n}\n#section_223387194 .section-bg {\n  background-position: 46% 41%;\n}\n<\/style>\n\t<\/section>","protected":false},"excerpt":{"rendered":"","protected":false},"author":3,"featured_media":2014,"parent":0,"menu_order":0,"comment_status":"closed","ping_status":"closed","template":"page-blank.php","meta":{"footnotes":""},"class_list":["post-1885","page","type-page","status-publish","has-post-thumbnail","hentry"],"_links":{"self":[{"href":"https:\/\/chandelier-yc.com\/es\/wp-json\/wp\/v2\/pages\/1885"}],"collection":[{"href":"https:\/\/chandelier-yc.com\/es\/wp-json\/wp\/v2\/pages"}],"about":[{"href":"https:\/\/chandelier-yc.com\/es\/wp-json\/wp\/v2\/types\/page"}],"author":[{"embeddable":true,"href":"https:\/\/chandelier-yc.com\/es\/wp-json\/wp\/v2\/users\/3"}],"replies":[{"embeddable":true,"href":"https:\/\/chandelier-yc.com\/es\/wp-json\/wp\/v2\/comments?post=1885"}],"version-history":[{"count":41,"href":"https:\/\/chandelier-yc.com\/es\/wp-json\/wp\/v2\/pages\/1885\/revisions"}],"predecessor-version":[{"id":2115,"href":"https:\/\/chandelier-yc.com\/es\/wp-json\/wp\/v2\/pages\/1885\/revisions\/2115"}],"wp:featuredmedia":[{"embeddable":true,"href":"https:\/\/chandelier-yc.com\/es\/wp-json\/wp\/v2\/media\/2014"}],"wp:attachment":[{"href":"https:\/\/chandelier-yc.com\/es\/wp-json\/wp\/v2\/media?parent=1885"}],"curies":[{"name":"wp","href":"https:\/\/api.w.org\/{rel}","templated":true}]}}