{"id":513,"date":"2023-03-13T07:20:57","date_gmt":"2023-03-13T07:20:57","guid":{"rendered":"https:\/\/chandelier-yc.com\/?page_id=513"},"modified":"2024-11-28T03:10:03","modified_gmt":"2024-11-28T03:10:03","slug":"services","status":"publish","type":"page","link":"https:\/\/chandelier-yc.com\/es\/services\/","title":{"rendered":"Servicios"},"content":{"rendered":"<div class=\"banner has-hover\" id=\"banner-251528398\">\n          <div class=\"banner-inner fill\">\n        <div class=\"banner-bg fill\" >\n            <div class=\"bg fill bg-fill\"><\/div>\n                        <div class=\"overlay\"><\/div>            \n                    <\/div>\n\t\t\n        <div class=\"banner-layers container\">\n            <div class=\"fill banner-link\"><\/div>            \n   <div id=\"text-box-254566815\" class=\"text-box banner-layer x5 md-x5 lg-x95 y50 md-y50 lg-y50 res-text\">\n                                <div class=\"text-box-content text dark\">\n              \n              <div class=\"text-inner text-center\">\n                  \n\t<div id=\"text-3653916163\" class=\"text\">\n\t\t\n<h1>Servicio OEM<\/h1>\n\t\t\n<style>\n#text-3653916163 {\n  text-align: left;\n  color: #e5c988;\n}\n#text-3653916163 > * {\n  color: #e5c988;\n}\n<\/style>\n\t<\/div>\n\t\n              <\/div>\n           <\/div>\n                            \n<style>\n#text-box-254566815 {\n  width: 60%;\n}\n#text-box-254566815 .text-box-content {\n  font-size: 100%;\n}\n<\/style>\n    <\/div>\n \n        <\/div>\n      <\/div>\n\n            \n<style>\n#banner-251528398 {\n  padding-top: 15%;\n  background-color: rgba(0, 0, 0, 0.587);\n}\n#banner-251528398 .overlay {\n  background-color: rgba(0, 0, 0, 0.593);\n}\n<\/style>\n  <\/div>\n\n\n\t<section class=\"section\" id=\"section_1219447223\">\n\t\t<div class=\"bg section-bg fill bg-fill  bg-loaded\" >\n\n\t\t\t\n\t\t\t\n\t\t\t\n\n\t\t<\/div>\n\n\t\t\n\n\t\t<div class=\"section-content relative\">\n\t\t\t\n<div class=\"row\"  id=\"row-740262121\">\n\n\t<div id=\"col-516757838\" class=\"col small-12 large-12\"  >\n\t\t\t\t<div class=\"col-inner\"  >\n\t\t\t\n\t\t\t\n<h2 style=\"text-align: center;\">Servicio de personalizaci\u00f3n OEM de l\u00e1mparas de ara\u00f1a: ilumine su sue\u00f1o de iluminaci\u00f3n exclusiva<\/h2>\n<p>En la era actual en la que se persigue la personalizaci\u00f3n y la calidad, las l\u00e1mparas de ara\u00f1a ya no son s\u00f3lo herramientas de iluminaci\u00f3n, sino tambi\u00e9n obras de arte decorativas del espacio que ponen de relieve un estilo y un gusto \u00fanicos. Nos centramos en los servicios de personalizaci\u00f3n OEM de l\u00e1mparas de ara\u00f1a, y nos comprometemos a crear para usted productos de l\u00e1mparas de ara\u00f1a \u00fanicos y orientados a la demanda, para que su espacio pueda brillar con un resplandor diferente.<\/p>\n\t\t<\/div>\n\t\t\t\t\t<\/div>\n\n\t\n<\/div>\n<div class=\"row\"  id=\"row-1961191838\">\n\n\t<div id=\"col-494561605\" class=\"col medium-4 small-12 large-4\"  >\n\t\t\t\t<div class=\"col-inner\"  >\n\t\t\t\n\t\t\t\n\t<div class=\"img has-hover x md-x lg-x y md-y lg-y\" id=\"image_1136348933\">\n\t\t<a class=\"\" href=\"https:\/\/chandelier-yc.com\/es\/manufacturer\/branch-chandeliers-fa800\/\" >\t\t\t\t\t\t<div class=\"img-inner image-cover dark\" style=\"padding-top:75%;\">\n\t\t\t<img loading=\"lazy\" decoding=\"async\" width=\"750\" height=\"750\" src=\"https:\/\/chandelier-yc.com\/wp-content\/uploads\/2024\/11\/1-1.jpg\" class=\"attachment-original size-original\" alt=\"Artesan\u00eda exquisita\" srcset=\"https:\/\/chandelier-yc.com\/wp-content\/uploads\/2024\/11\/1-1.jpg 750w, https:\/\/chandelier-yc.com\/wp-content\/uploads\/2024\/11\/1-1-300x300.jpg 300w, https:\/\/chandelier-yc.com\/wp-content\/uploads\/2024\/11\/1-1-150x150.jpg 150w, https:\/\/chandelier-yc.com\/wp-content\/uploads\/2024\/11\/1-1-12x12.jpg 12w, https:\/\/chandelier-yc.com\/wp-content\/uploads\/2024\/11\/1-1-600x600.jpg 600w, https:\/\/chandelier-yc.com\/wp-content\/uploads\/2024\/11\/1-1-100x100.jpg 100w\" sizes=\"(max-width: 750px) 100vw, 750px\" title=\"\">\t\t\t\t\t\t\n\t\t\t\t\t<\/div>\n\t\t\t\t\t\t<\/a>\t\t\n<style>\n#image_1136348933 {\n  width: 100%;\n}\n<\/style>\n\t<\/div>\n\t\n\t\t<\/div>\n\t\t\t\t\t<\/div>\n\n\t\n\n\t<div id=\"col-1139084698\" class=\"col medium-8 small-12 large-8\"  >\n\t\t\t\t<div class=\"col-inner\"  >\n\t\t\t\n\t\t\t\n\t<div id=\"gap-2013375038\" class=\"gap-element clearfix\" style=\"display:block; height:auto;\">\n\t\t\n<style>\n#gap-2013375038 {\n  padding-top: 30px;\n}\n<\/style>\n\t<\/div>\n\t\n<h3>1.Exquisita artesan\u00eda y rica experiencia<\/h3>\n<p>Contamos con un equipo profesional experimentado y cualificado que lleva muchos a\u00f1os profundamente implicado en el campo del dise\u00f1o y la fabricaci\u00f3n de l\u00e1mparas de ara\u00f1a y est\u00e1 familiarizado con el uso de diversos materiales y procesos. Ya se trate de una compleja talla de metal, un exquisito soplado de vidrio o un delicado trabajo en madera, se puede presentar a un nivel excelente, garantizando que cada l\u00e1mpara de ara\u00f1a personalizada tenga detalles artesanales de alta calidad y muestre un refinamiento y una belleza sin igual.<\/p>\n\t\t<\/div>\n\t\t\t\t\t<\/div>\n\n\t\n<\/div>\n\t\t<\/div>\n\n\t\t\n<style>\n#section_1219447223 {\n  padding-top: 30px;\n  padding-bottom: 30px;\n  background-color: rgb(255,255,255);\n}\n@media (min-width:850px) {\n  #section_1219447223 {\n    padding-top: 80px;\n    padding-bottom: 80px;\n  }\n}\n<\/style>\n\t<\/section>\n\t\n\t<section class=\"section\" id=\"section_126305330\">\n\t\t<div class=\"bg section-bg fill bg-fill  bg-loaded\" >\n\n\t\t\t\n\t\t\t\n\t\t\t\n\t<div class=\"is-border\"\n\t\tstyle=\"border-width:1px 0px 0px 0px;\">\n\t<\/div>\n\n\t\t<\/div>\n\n\t\t\n\n\t\t<div class=\"section-content relative\">\n\t\t\t\n<div class=\"row\"  id=\"row-330715008\">\n\n\t<div id=\"col-1255451405\" class=\"col medium-8 small-12 large-8\"  >\n\t\t\t\t<div class=\"col-inner\"  >\n\t\t\t\n\t\t\t\n\t<div id=\"gap-1562944759\" class=\"gap-element clearfix\" style=\"display:block; height:auto;\">\n\t\t\n<style>\n#gap-1562944759 {\n  padding-top: 30px;\n}\n<\/style>\n\t<\/div>\n\t\n\t<div id=\"text-4019817714\" class=\"text\">\n\t\t\n<h3>2.Diversa selecci\u00f3n de materiales<\/h3>\n<p>Para satisfacer los requisitos especiales de los distintos clientes en cuanto a materiales para l\u00e1mparas de ara\u00f1a, ofrecemos una biblioteca de materiales rica y diversa. Desde cristales nobles y brillantes hasta metales duraderos (como acero inoxidable, cobre, hierro, etc.), desde madera sencilla y natural hasta acr\u00edlico y cristal modernos y a la moda, puede combinarlos libremente seg\u00fan el posicionamiento de estilo del proyecto y las preferencias personales, y nosotros transformaremos perfectamente sus ideas de materiales en productos reales.<\/p>\n\t\t\n<style>\n#text-4019817714 {\n  color: rgb(229, 201, 136);\n}\n#text-4019817714 > * {\n  color: rgb(229, 201, 136);\n}\n<\/style>\n\t<\/div>\n\t\n\t\t<\/div>\n\t\t\t\t\t<\/div>\n\n\t\n\n\t<div id=\"col-1819211669\" class=\"col medium-4 small-12 large-4\"  >\n\t\t\t\t<div class=\"col-inner\"  >\n\t\t\t\n\t\t\t\n\t<div class=\"img has-hover x md-x lg-x y md-y lg-y\" id=\"image_537368455\">\n\t\t<a class=\"\" href=\"https:\/\/chandelier-yc.com\/es\/manufacturer\/twig-chandelierft1090ft800ft500\/\" >\t\t\t\t\t\t<div class=\"img-inner image-cover dark\" style=\"padding-top:75%;\">\n\t\t\t<img loading=\"lazy\" decoding=\"async\" width=\"750\" height=\"750\" src=\"https:\/\/chandelier-yc.com\/wp-content\/uploads\/2024\/11\/1-3.jpg\" class=\"attachment-original size-original\" alt=\"Diversa selecci\u00f3n de materiales\" srcset=\"https:\/\/chandelier-yc.com\/wp-content\/uploads\/2024\/11\/1-3.jpg 750w, https:\/\/chandelier-yc.com\/wp-content\/uploads\/2024\/11\/1-3-300x300.jpg 300w, https:\/\/chandelier-yc.com\/wp-content\/uploads\/2024\/11\/1-3-150x150.jpg 150w, https:\/\/chandelier-yc.com\/wp-content\/uploads\/2024\/11\/1-3-12x12.jpg 12w, https:\/\/chandelier-yc.com\/wp-content\/uploads\/2024\/11\/1-3-600x600.jpg 600w, https:\/\/chandelier-yc.com\/wp-content\/uploads\/2024\/11\/1-3-100x100.jpg 100w\" sizes=\"(max-width: 750px) 100vw, 750px\" title=\"\">\t\t\t\t\t\t\n\t\t\t\t\t<\/div>\n\t\t\t\t\t\t<\/a>\t\t\n<style>\n#image_537368455 {\n  width: 100%;\n}\n<\/style>\n\t<\/div>\n\t\n\t\t<\/div>\n\t\t\t\t\t<\/div>\n\n\t\n<\/div>\n\t\t<\/div>\n\n\t\t\n<style>\n#section_126305330 {\n  padding-top: 20px;\n  padding-bottom: 20px;\n  background-color: rgb(0,0,0);\n}\n@media (min-width:550px) {\n  #section_126305330 {\n    padding-top: 30px;\n    padding-bottom: 30px;\n  }\n}\n@media (min-width:850px) {\n  #section_126305330 {\n    padding-top: 50px;\n    padding-bottom: 50px;\n  }\n}\n<\/style>\n\t<\/section>\n\t\n\t<section class=\"section\" id=\"section_1304697683\">\n\t\t<div class=\"bg section-bg fill bg-fill  bg-loaded\" >\n\n\t\t\t\n\t\t\t\n\t\t\t\n\n\t\t<\/div>\n\n\t\t\n\n\t\t<div class=\"section-content relative\">\n\t\t\t\n<div class=\"row\"  id=\"row-1313536499\">\n\n\t<div id=\"col-111699069\" class=\"col medium-4 small-12 large-4\"  >\n\t\t\t\t<div class=\"col-inner\"  >\n\t\t\t\n\t\t\t\n\t<div class=\"img has-hover x md-x lg-x y md-y lg-y\" id=\"image_2034462190\">\n\t\t<a class=\"\" href=\"https:\/\/chandelier-yc.com\/es\/manufacturer\/large-entryway-chandelierft1090\/\" >\t\t\t\t\t\t<div class=\"img-inner image-cover dark\" style=\"padding-top:75%;\">\n\t\t\t<img loading=\"lazy\" decoding=\"async\" width=\"750\" height=\"750\" src=\"https:\/\/chandelier-yc.com\/wp-content\/uploads\/2024\/11\/1-4.jpg\" class=\"attachment-original size-original\" alt=\"Plan de dise\u00f1o personalizado\" srcset=\"https:\/\/chandelier-yc.com\/wp-content\/uploads\/2024\/11\/1-4.jpg 750w, https:\/\/chandelier-yc.com\/wp-content\/uploads\/2024\/11\/1-4-300x300.jpg 300w, https:\/\/chandelier-yc.com\/wp-content\/uploads\/2024\/11\/1-4-150x150.jpg 150w, https:\/\/chandelier-yc.com\/wp-content\/uploads\/2024\/11\/1-4-12x12.jpg 12w, https:\/\/chandelier-yc.com\/wp-content\/uploads\/2024\/11\/1-4-600x600.jpg 600w, https:\/\/chandelier-yc.com\/wp-content\/uploads\/2024\/11\/1-4-100x100.jpg 100w\" sizes=\"(max-width: 750px) 100vw, 750px\" title=\"\">\t\t\t\t\t\t\n\t\t\t\t\t<\/div>\n\t\t\t\t\t\t<\/a>\t\t\n<style>\n#image_2034462190 {\n  width: 100%;\n}\n<\/style>\n\t<\/div>\n\t\n\t\t<\/div>\n\t\t\t\t\t<\/div>\n\n\t\n\n\t<div id=\"col-2036075117\" class=\"col medium-8 small-12 large-8\"  >\n\t\t\t\t<div class=\"col-inner\"  >\n\t\t\t\n\t\t\t\n<h3>3.Plan de dise\u00f1o personalizado<\/h3>\n<p>Nuestro equipo de dise\u00f1o sabe escuchar cada creatividad y demanda de los clientes, y elabora planes de dise\u00f1o de l\u00e1mparas de ara\u00f1a personalizados para usted con una perspectiva de dise\u00f1o profesional. Tanto si persigue un lujoso estilo palaciego europeo, un sentido de la moda sencillo y moderno, un tono pastoral fresco y natural, o un estilo retro industrial duro, podemos captar con precisi\u00f3n la direcci\u00f3n del dise\u00f1o y presentar v\u00edvidamente la imagen ideal de la l\u00e1mpara de ara\u00f1a en su mente a trav\u00e9s de bocetos dibujados a mano, modelado 3D, etc., para que pueda prever claramente el efecto del producto acabado antes de la personalizaci\u00f3n, y garantizar que el plan de dise\u00f1o satisfaga plenamente sus expectativas.<\/p>\n\t\t<\/div>\n\t\t\t\t\t<\/div>\n\n\t\n<\/div>\n\t\t<\/div>\n\n\t\t\n<style>\n#section_1304697683 {\n  padding-top: 30px;\n  padding-bottom: 30px;\n}\n<\/style>\n\t<\/section>\n\t\n\t<section class=\"section\" id=\"section_1732596334\">\n\t\t<div class=\"bg section-bg fill bg-fill  bg-loaded\" >\n\n\t\t\t\n\t\t\t\n\t\t\t\n\n\t\t<\/div>\n\n\t\t\n\n\t\t<div class=\"section-content relative\">\n\t\t\t\n<div class=\"row\"  id=\"row-1562497368\">\n\n\t<div id=\"col-1172143563\" class=\"col medium-8 small-12 large-8\"  >\n\t\t\t\t<div class=\"col-inner\"  >\n\t\t\t\n\t\t\t\n\t<div id=\"gap-2144849940\" class=\"gap-element clearfix\" style=\"display:block; height:auto;\">\n\t\t\n<style>\n#gap-2144849940 {\n  padding-top: 20px;\n}\n<\/style>\n\t<\/div>\n\t\n\t<div id=\"text-482163776\" class=\"text\">\n\t\t\n<h3>4.Estricto sistema de control de calidad<\/h3>\n<p>La calidad es nuestra l\u00ednea de vida. Hemos establecido un estricto sistema de control de calidad en todos los eslabones de la personalizaci\u00f3n de l\u00e1mparas de ara\u00f1a, desde la adquisici\u00f3n de materias primas hasta la producci\u00f3n y el procesamiento, desde el montaje y la depuraci\u00f3n hasta la inspecci\u00f3n del producto acabado. Utilizamos avanzados equipos de pruebas y rigurosas normas de ensayo para realizar pruebas exhaustivas y detalladas sobre el aspecto, la estructura, la seguridad el\u00e9ctrica y otros aspectos de la l\u00e1mpara de ara\u00f1a, para garantizar que cada l\u00e1mpara de ara\u00f1a personalizada que le entreguemos sea segura, fiable, de excelente calidad y pueda resistir la prueba del tiempo y del mercado.<\/p>\n\t\t\n<style>\n#text-482163776 {\n  color: rgb(229, 201, 136);\n}\n#text-482163776 > * {\n  color: rgb(229, 201, 136);\n}\n<\/style>\n\t<\/div>\n\t\n\t\t<\/div>\n\t\t\t\t\t<\/div>\n\n\t\n\n\t<div id=\"col-279471677\" class=\"col medium-4 small-12 large-4\"  >\n\t\t\t\t<div class=\"col-inner\"  >\n\t\t\t\n\t\t\t\n\t<div class=\"img has-hover x md-x lg-x y md-y lg-y\" id=\"image_1727065486\">\n\t\t<a class=\"\" href=\"https:\/\/chandelier-yc.com\/es\/manufacturer\/bubble-lighting-chandeliers-tr680tr1000tr1320\/\" >\t\t\t\t\t\t<div class=\"img-inner image-cover dark\" style=\"padding-top:75%;\">\n\t\t\t<img loading=\"lazy\" decoding=\"async\" width=\"750\" height=\"750\" src=\"https:\/\/chandelier-yc.com\/wp-content\/uploads\/2024\/11\/1-5.jpg\" class=\"attachment-original size-original\" alt=\"Estricto sistema de control de calidad\" srcset=\"https:\/\/chandelier-yc.com\/wp-content\/uploads\/2024\/11\/1-5.jpg 750w, https:\/\/chandelier-yc.com\/wp-content\/uploads\/2024\/11\/1-5-300x300.jpg 300w, https:\/\/chandelier-yc.com\/wp-content\/uploads\/2024\/11\/1-5-150x150.jpg 150w, https:\/\/chandelier-yc.com\/wp-content\/uploads\/2024\/11\/1-5-12x12.jpg 12w, https:\/\/chandelier-yc.com\/wp-content\/uploads\/2024\/11\/1-5-600x600.jpg 600w, https:\/\/chandelier-yc.com\/wp-content\/uploads\/2024\/11\/1-5-100x100.jpg 100w\" sizes=\"(max-width: 750px) 100vw, 750px\" title=\"\">\t\t\t\t\t\t\n\t\t\t\t\t<\/div>\n\t\t\t\t\t\t<\/a>\t\t\n<style>\n#image_1727065486 {\n  width: 100%;\n}\n<\/style>\n\t<\/div>\n\t\n\t\t<\/div>\n\t\t\t\t\t<\/div>\n\n\t\n<\/div>\n\t\t<\/div>\n\n\t\t\n<style>\n#section_1732596334 {\n  padding-top: 30px;\n  padding-bottom: 30px;\n  background-color: rgb(0,0,0);\n}\n<\/style>\n\t<\/section>\n\t\n\t<section class=\"section\" id=\"section_1127299323\">\n\t\t<div class=\"bg section-bg fill bg-fill  bg-loaded\" >\n\n\t\t\t\n\t\t\t\n\t\t\t\n\n\t\t<\/div>\n\n\t\t\n\n\t\t<div class=\"section-content relative\">\n\t\t\t\n<div class=\"row\"  id=\"row-1074152918\">\n\n\t<div id=\"col-1208107212\" class=\"col medium-4 small-12 large-4\"  >\n\t\t\t\t<div class=\"col-inner\"  >\n\t\t\t\n\t\t\t\n\t<div class=\"img has-hover x md-x lg-x y md-y lg-y\" id=\"image_553944472\">\n\t\t<a class=\"\" href=\"https:\/\/chandelier-yc.com\/es\/manufacturer\/turquoise-chandelier-earrings-fc0480fc0780fc1079\/\" >\t\t\t\t\t\t<div class=\"img-inner image-cover dark\" style=\"padding-top:75%;\">\n\t\t\t<img loading=\"lazy\" decoding=\"async\" width=\"750\" height=\"731\" src=\"https:\/\/chandelier-yc.com\/wp-content\/uploads\/2024\/11\/21.jpg\" class=\"attachment-original size-original\" alt=\"Personalizaci\u00f3n flexible\" srcset=\"https:\/\/chandelier-yc.com\/wp-content\/uploads\/2024\/11\/21.jpg 750w, https:\/\/chandelier-yc.com\/wp-content\/uploads\/2024\/11\/21-300x292.jpg 300w, https:\/\/chandelier-yc.com\/wp-content\/uploads\/2024\/11\/21-12x12.jpg 12w, https:\/\/chandelier-yc.com\/wp-content\/uploads\/2024\/11\/21-600x585.jpg 600w\" sizes=\"(max-width: 750px) 100vw, 750px\" title=\"\">\t\t\t\t\t\t\n\t\t\t\t\t<\/div>\n\t\t\t\t\t\t<\/a>\t\t\n<style>\n#image_553944472 {\n  width: 100%;\n}\n<\/style>\n\t<\/div>\n\t\n\t\t<\/div>\n\t\t\t\t\t<\/div>\n\n\t\n\n\t<div id=\"col-458758320\" class=\"col medium-8 small-12 large-8\"  >\n\t\t\t\t<div class=\"col-inner\"  >\n\t\t\t\n\t\t\t\n\t<div id=\"gap-1971616711\" class=\"gap-element clearfix\" style=\"display:block; height:auto;\">\n\t\t\n<style>\n#gap-1971616711 {\n  padding-top: 30px;\n}\n<\/style>\n\t<\/div>\n\t\n<h3>5.Cantidad de personalizaci\u00f3n flexible y entrega eficaz<\/h3>\n<p>Tanto si necesita personalizar peque\u00f1os lotes para proyectos residenciales de gama alta, como si necesita personalizar a gran escala para satisfacer las necesidades de decoraci\u00f3n de lugares comerciales (como hoteles, centros comerciales, restaurantes, etc.), podemos responder con flexibilidad y ofrecer soluciones personalizadas adecuadas. Al mismo tiempo, somos muy conscientes de la importancia del tiempo para los clientes. Gracias a la optimizaci\u00f3n del proceso de producci\u00f3n y a una gesti\u00f3n eficaz de la cadena de suministro, nos aseguramos de que las l\u00e1mparas de ara\u00f1a personalizadas puedan entregarse a tiempo, al tiempo que garantizamos la calidad, para que su proyecto pueda desarrollarse sin problemas y sin preocuparse por los retrasos en la construcci\u00f3n.<\/p>\n\t\t<\/div>\n\t\t\t\t\t<\/div>\n\n\t\n<\/div>\n\t\t<\/div>\n\n\t\t\n<style>\n#section_1127299323 {\n  padding-top: 30px;\n  padding-bottom: 30px;\n}\n<\/style>\n\t<\/section>\n\t\n\t<section class=\"section\" id=\"section_2091543538\">\n\t\t<div class=\"bg section-bg fill bg-fill  bg-loaded\" >\n\n\t\t\t\n\t\t\t\n\t\t\t\n\n\t\t<\/div>\n\n\t\t\n\n\t\t<div class=\"section-content relative\">\n\t\t\t\n<div class=\"row\"  id=\"row-1606535829\">\n\n\t<div id=\"col-2101373270\" class=\"col small-12 large-12\"  >\n\t\t\t\t<div class=\"col-inner\"  >\n\t\t\t\n\t\t\t\n\t<div id=\"text-2343534556\" class=\"text\">\n\t\t\n<h2 style=\"text-align: center;\">P\u00f3ngase en contacto con nosotros<\/h2>\n\t\t\n<style>\n#text-2343534556 {\n  color: rgb(0,0,0);\n}\n#text-2343534556 > * {\n  color: rgb(0,0,0);\n}\n<\/style>\n\t<\/div>\n\t\n\t\t<\/div>\n\t\t\t\t\t<\/div>\n\n\t\n<\/div>\n<div class=\"row\"  id=\"row-1504695843\">\n\n\t<div id=\"col-1657928642\" class=\"col small-12 large-12\"  >\n\t\t\t\t<div class=\"col-inner\"  >\n\t\t\t\n\t\t\t\n\n<div class=\"wpcf7 no-js\" id=\"wpcf7-f280-o1\" lang=\"en-US\" dir=\"ltr\" data-wpcf7-id=\"280\">\n<div class=\"screen-reader-response\"><p role=\"status\" aria-live=\"polite\" aria-atomic=\"true\"><\/p> <ul><\/ul><\/div>\n<form action=\"\/es\/wp-json\/wp\/v2\/pages\/513#wpcf7-f280-o1\" method=\"post\" class=\"wpcf7-form init\" aria-label=\"Formulario de contacto\" novalidate=\"novalidate\" data-status=\"init\" data-trp-original-action=\"\/es\/wp-json\/wp\/v2\/pages\/513#wpcf7-f280-o1\">\n<div style=\"display: none;\">\n<input type=\"hidden\" name=\"_wpcf7\" value=\"280\" \/>\n<input type=\"hidden\" name=\"_wpcf7_version\" value=\"6.0.6\" \/>\n<input type=\"hidden\" name=\"_wpcf7_locale\" value=\"en_US\" \/>\n<input type=\"hidden\" name=\"_wpcf7_unit_tag\" value=\"wpcf7-f280-o1\" \/>\n<input type=\"hidden\" name=\"_wpcf7_container_post\" value=\"0\" \/>\n<input type=\"hidden\" name=\"_wpcf7_posted_data_hash\" value=\"\" \/>\n<\/div>\n<div class='custom_contact_style'>\n\t<div class=\"row row-small\">\n\t\t<div class=\"col medium-6 small-12 large-6\">\n\t\t\t<div class=\"col-inner\">\n\t\t\t\t<p><span class=\"wpcf7-form-control-wrap\" data-name=\"your-name\"><input size=\"40\" maxlength=\"400\" class=\"wpcf7-form-control wpcf7-text wpcf7-validates-as-required\" aria-required=\"true\" aria-invalid=\"false\" placeholder=\"Nombre\" value=\"\" type=\"text\" name=\"your-name\" \/><\/span>\n\t\t\t\t<\/p>\n\t\t\t<\/div>\n\t\t<\/div>\n\t\t<div class=\"col medium-6 small-12 large-6\">\n\t\t\t<div class=\"col-inner\">\n\t\t\t\t<p><span class=\"wpcf7-form-control-wrap\" data-name=\"your-email\"><input size=\"40\" maxlength=\"400\" class=\"wpcf7-form-control wpcf7-email wpcf7-validates-as-required wpcf7-text wpcf7-validates-as-email\" aria-required=\"true\" aria-invalid=\"false\" placeholder=\"Correo electr\u00f3nico\" value=\"\" type=\"email\" name=\"your-email\" \/><\/span>\n\t\t\t\t<\/p>\n\t\t\t<\/div>\n\t\t<\/div>\n\t<\/div>\n\t<div class='cus_contact_form_bottom'>\n\t\t<p><span class=\"wpcf7-form-control-wrap\" data-name=\"your-phone\"><input size=\"40\" maxlength=\"400\" class=\"wpcf7-form-control wpcf7-text\" aria-invalid=\"false\" placeholder=\"Tel\u00e9fono\" value=\"\" type=\"text\" name=\"your-phone\" \/><\/span>\n\t\t<\/p>\n\t<\/div>\n\t<div class='cus_contact_form_bottom'>\n\t\t<p><span class=\"wpcf7-form-control-wrap\" data-name=\"your-country\"><input size=\"40\" maxlength=\"400\" class=\"wpcf7-form-control wpcf7-text\" aria-invalid=\"false\" placeholder=\"Pa\u00eds\" value=\"\" type=\"text\" name=\"your-country\" \/><\/span>\n\t\t<\/p>\n\t<\/div>\n\t<p><span class=\"wpcf7-form-control-wrap\" data-name=\"your-message\"><textarea cols=\"40\" rows=\"10\" maxlength=\"2000\" class=\"wpcf7-form-control wpcf7-textarea wpcf7-validates-as-required\" aria-required=\"true\" aria-invalid=\"false\" placeholder=\"Su mensaje *\" name=\"your-message\"><\/textarea><\/span>\n\t<\/p>\n\t<div style=\"margin-bottom:10px;\">\n\t\t<p><span class=\"wpcf7-form-control-wrap kc_captcha cf7ic-toggle\" data-name=\"kc_captcha\"><span class=\"wpcf7-form-control wpcf7-radio\"><span class=\"captcha-image\" style=\"display: none;\"><span class=\"cf7ic_instructions\">Por favor, demuestre que es humano seleccionando la casilla<span> cami\u00f3n<\/span>.<\/span><label><input aria-label=\"1\" type=\"radio\" name=\"kc_captcha\" value=\"bot\" \/><svg aria-hidden=\"true\" role=\"img\" xmlns=\"http:\/\/www.w3.org\/2000\/svg\" viewbox=\"0 0 512 512\"><path fill=\"currentColor\" d=\"M350 99c-54 0-98-35-166-35-25 0-47 4-68 12a56 56 0 004-24C118 24 95 1 66 0a56 56 0 00-34 102v386c0 13 11 24 24 24h16c13 0 24-11 24-24v-94c28-12 64-23 114-23 54 0 98 35 166 35 48 0 86-16 122-41 9-6 14-15 14-26V96c0-23-24-39-45-29-35 16-77 32-117 32z\"\/><\/svg><\/label><label><input aria-label=\"2\" type=\"radio\" name=\"kc_captcha\" value=\"kc_human\" \/><svg aria-hidden=\"true\" role=\"img\" xmlns=\"http:\/\/www.w3.org\/2000\/svg\" viewbox=\"0 0 640 512\"><path fill=\"currentColor\" d=\"M624 352h-16V244c0-13-5-25-14-34L494 110c-9-9-21-14-34-14h-44V48c0-26-21-48-48-48H48C22 0 0 22 0 48v320c0 27 22 48 48 48h16a96 96 0 00192 0h128a96 96 0 00192 0h48c9 0 16-7 16-16v-32c0-9-7-16-16-16zM160 464a48 48 0 110-96 48 48 0 010 96zm320 0a48 48 0 110-96 48 48 0 010 96zm80-208H416V144h44l100 100v12z\"\/><\/svg><\/label><label><input aria-label=\"3\" type=\"radio\" name=\"kc_captcha\" value=\"bot\" \/><svg aria-hidden=\"true\" role=\"img\" xmlns=\"http:\/\/www.w3.org\/2000\/svg\" viewbox=\"0 0 384 512\"><path fill=\"currentColor\" d=\"M377 375l-83-87h34c21 0 32-25 17-40l-82-88h33c21 0 32-25 18-40L210 8c-10-11-26-11-36 0L70 120c-14 15-3 40 18 40h33l-82 88c-15 15-4 40 17 40h34L7 375c-15 16-4 41 17 41h120c0 33-11 49-34 68-12 9-5 28 10 28h144c15 0 22-19 10-28-20-16-34-32-34-68h120c21 0 32-25 17-41z\"\/><\/svg><\/label>\r\n    <\/span>\r\n    <span style=\"display:none\">\r\n        <input type=\"text\" name=\"kc_honeypot\">\r\n    <\/span><\/span><\/span>\n\t\t<\/p>\n\t<\/div>\n\t<p><input class=\"wpcf7-form-control wpcf7-submit has-spinner\" type=\"submit\" value=\"Enviar mensaje\" \/>\n\t<\/p>\n<\/div><div class=\"wpcf7-response-output\" aria-hidden=\"true\"><\/div>\n<input type=\"hidden\" name=\"trp-form-language\" value=\"es\"\/><\/form>\n<\/div>\n\n\t\t<\/div>\n\t\t\t\t\t<\/div>\n\n\t\n<\/div>\n\t\t<\/div>\n\n\t\t\n<style>\n#section_2091543538 {\n  padding-top: 30px;\n  padding-bottom: 30px;\n  background-color: rgba(0, 0, 0, 0.128);\n}\n<\/style>\n\t<\/section>","protected":false},"excerpt":{"rendered":"","protected":false},"author":3,"featured_media":2124,"parent":0,"menu_order":0,"comment_status":"closed","ping_status":"closed","template":"page-blank.php","meta":{"footnotes":""},"class_list":["post-513","page","type-page","status-publish","has-post-thumbnail","hentry"],"_links":{"self":[{"href":"https:\/\/chandelier-yc.com\/es\/wp-json\/wp\/v2\/pages\/513"}],"collection":[{"href":"https:\/\/chandelier-yc.com\/es\/wp-json\/wp\/v2\/pages"}],"about":[{"href":"https:\/\/chandelier-yc.com\/es\/wp-json\/wp\/v2\/types\/page"}],"author":[{"embeddable":true,"href":"https:\/\/chandelier-yc.com\/es\/wp-json\/wp\/v2\/users\/3"}],"replies":[{"embeddable":true,"href":"https:\/\/chandelier-yc.com\/es\/wp-json\/wp\/v2\/comments?post=513"}],"version-history":[{"count":28,"href":"https:\/\/chandelier-yc.com\/es\/wp-json\/wp\/v2\/pages\/513\/revisions"}],"predecessor-version":[{"id":2141,"href":"https:\/\/chandelier-yc.com\/es\/wp-json\/wp\/v2\/pages\/513\/revisions\/2141"}],"wp:featuredmedia":[{"embeddable":true,"href":"https:\/\/chandelier-yc.com\/es\/wp-json\/wp\/v2\/media\/2124"}],"wp:attachment":[{"href":"https:\/\/chandelier-yc.com\/es\/wp-json\/wp\/v2\/media?parent=513"}],"curies":[{"name":"wp","href":"https:\/\/api.w.org\/{rel}","templated":true}]}}