{"id":1642,"date":"2024-10-31T09:34:59","date_gmt":"2024-10-31T09:34:59","guid":{"rendered":"https:\/\/chandelier-yc.com\/?post_type=product&#038;p=1642"},"modified":"2024-11-01T01:43:08","modified_gmt":"2024-11-01T01:43:08","slug":"glass-bubble-chandelier510651075108","status":"publish","type":"product","link":"https:\/\/chandelier-yc.com\/es\/manufacturer\/glass-bubble-chandelier510651075108\/","title":{"rendered":"Ara\u00f1a de burbujas de cristal(5106,5107,5108)"},"content":{"rendered":"<p>Las l\u00e1mparas de ara\u00f1a de burbujas de cristal son una opci\u00f3n de iluminaci\u00f3n moderna y sorprendente que puede a\u00f1adir un toque de elegancia y fantas\u00eda a cualquier espacio. Se caracterizan por su dise\u00f1o \u00fanico, con un grupo de burbujas de cristal suspendidas de un punto central.<\/p>\n<h2><strong>\u00bfPor qu\u00e9 elegir una ara\u00f1a de burbujas de cristal?<\/strong><\/h2>\n<ul>\n<li><strong>\u00danico y llamativo:<\/strong>Su dise\u00f1o distintivo las convierte en el centro de atenci\u00f3n de cualquier habitaci\u00f3n.<\/li>\n<li><strong>Estilo vers\u00e1til:<\/strong>\u00a0Pueden complementar una gran variedad de estilos de dise\u00f1o de interiores, desde el moderno al tradicional.<\/li>\n<li><strong>Personalizable<\/strong>: Puede elegir entre diferentes tama\u00f1os, formas y colores para adaptarse a sus preferencias personales.<\/li>\n<li><strong>Iluminaci\u00f3n suave y ambiental:<\/strong>\u00a0Las burbujas de cristal difunden la luz, creando un ambiente c\u00e1lido y acogedor.<\/li>\n<\/ul>\n<h2><strong>D\u00f3nde utilizar una ara\u00f1a de burbujas de cristal:<\/strong><\/h2>\n<ul>\n<li><strong>Sala de estar:<\/strong> Una gran y espectacular ara\u00f1a de burbujas puede ser la pieza central de tu sal\u00f3n.<\/li>\n<li><strong>Comedor:<\/strong> Una l\u00e1mpara de ara\u00f1a m\u00e1s peque\u00f1a y delicada puede aportar elegancia a tu mesa de comedor.<\/li>\n<li><strong>Dormitorio:<\/strong> Una l\u00e1mpara de burbujas suave y ambiental puede crear una atm\u00f3sfera relajante en tu dormitorio.<\/li>\n<li><strong>Entrada:<\/strong>Una l\u00e1mpara de burbujas \u00fanica puede causar una gran primera impresi\u00f3n.<\/li>\n<\/ul>\n<h2 data-sourcepos=\"17:1-17:48\"><strong>Consejos para elegir una ara\u00f1a de burbujas de cristal:<\/strong><\/h2>\n<ul data-sourcepos=\"19:1-23:0\">\n<li data-sourcepos=\"19:1-19:140\"><strong>Tenga en cuenta el tama\u00f1o de la habitaci\u00f3n:<\/strong> Una l\u00e1mpara de ara\u00f1a m\u00e1s grande es adecuada para una habitaci\u00f3n espaciosa, mientras que una m\u00e1s peque\u00f1a es mejor para un espacio m\u00e1s reducido.<\/li>\n<li data-sourcepos=\"20:1-20:118\"><strong>Elija el color y el acabado adecuados:<\/strong> El color y el acabado de las burbujas de cristal pueden complementar su decoraci\u00f3n actual.<\/li>\n<li data-sourcepos=\"21:1-21:113\"><strong>Piensa en el estilo:<\/strong> Tenga en cuenta el estilo general de su habitaci\u00f3n y elija una l\u00e1mpara de ara\u00f1a que lo complemente.<\/li>\n<li data-sourcepos=\"22:1-23:0\"><strong>Compruebe la iluminaci\u00f3n:<\/strong> Aseg\u00farese de que la l\u00e1mpara de ara\u00f1a proporciona la iluminaci\u00f3n adecuada para la funci\u00f3n de la habitaci\u00f3n.<\/li>\n<\/ul>","protected":false},"excerpt":{"rendered":"<p>Product size:\u03a6600MM*900MM\/\u03a6800MM*1040MM\/\u03a6900MM*1220MM<\/p>\n<p>Peso del producto (kg):17.3\/32\/31.14<\/p>\n<p>N\u00famero de focos (piezas):5\/10\/15<\/p>\n<p>M\u00e9todo de embalaje:Espuma+cart\u00f3n<\/p>","protected":false},"featured_media":1643,"template":"","meta":[],"product_brand":[],"product_cat":[39],"product_tag":[],"class_list":{"0":"post-1642","1":"product","2":"type-product","3":"status-publish","4":"has-post-thumbnail","6":"product_cat-chandelier-1","8":"first","9":"instock","10":"shipping-taxable","11":"product-type-simple"},"_links":{"self":[{"href":"https:\/\/chandelier-yc.com\/es\/wp-json\/wp\/v2\/product\/1642"}],"collection":[{"href":"https:\/\/chandelier-yc.com\/es\/wp-json\/wp\/v2\/product"}],"about":[{"href":"https:\/\/chandelier-yc.com\/es\/wp-json\/wp\/v2\/types\/product"}],"wp:featuredmedia":[{"embeddable":true,"href":"https:\/\/chandelier-yc.com\/es\/wp-json\/wp\/v2\/media\/1643"}],"wp:attachment":[{"href":"https:\/\/chandelier-yc.com\/es\/wp-json\/wp\/v2\/media?parent=1642"}],"wp:term":[{"taxonomy":"product_brand","embeddable":true,"href":"https:\/\/chandelier-yc.com\/es\/wp-json\/wp\/v2\/product_brand?post=1642"},{"taxonomy":"product_cat","embeddable":true,"href":"https:\/\/chandelier-yc.com\/es\/wp-json\/wp\/v2\/product_cat?post=1642"},{"taxonomy":"product_tag","embeddable":true,"href":"https:\/\/chandelier-yc.com\/es\/wp-json\/wp\/v2\/product_tag?post=1642"}],"curies":[{"name":"wp","href":"https:\/\/api.w.org\/{rel}","templated":true}]}}