{"id":1648,"date":"2024-11-01T02:28:22","date_gmt":"2024-11-01T02:28:22","guid":{"rendered":"https:\/\/chandelier-yc.com\/?post_type=product&#038;p=1648"},"modified":"2024-11-01T02:28:22","modified_gmt":"2024-11-01T02:28:22","slug":"large-crystal-chandelier","status":"publish","type":"product","link":"https:\/\/chandelier-yc.com\/es\/manufacturer\/large-crystal-chandelier\/","title":{"rendered":"Ara\u00f1a de cristal grande(5109,5104)"},"content":{"rendered":"<p data-sourcepos=\"1:1-1:230\">Las grandes ara\u00f1as de cristal son una pieza impresionante que puede elevar la elegancia y la grandeza de cualquier espacio. Son especialmente adecuadas para habitaciones grandes con techos altos, como vest\u00edbulos, comedores y grandes salones.<\/p>\n<h3 data-sourcepos=\"5:1-5:46\"><strong>Caracter\u00edsticas principales de las grandes ara\u00f1as de cristal:<\/strong><\/h3>\n<ul data-sourcepos=\"7:1-13:0\">\n<li data-sourcepos=\"7:1-8:65\"><strong>Dise\u00f1o opulento:<\/strong> Las grandes ara\u00f1as de cristal suelen estar adornadas con miles de brillantes cristales que crean un deslumbrante despliegue de luz y reflejos.<\/li>\n<li data-sourcepos=\"7:1-8:65\"><strong style=\"font-size: 14.4px;\">Tama\u00f1o impresionante:<\/strong><span style=\"font-size: 14.4px;\"> Estas l\u00e1mparas suelen ser bastante grandes, con di\u00e1metros que oscilan entre varios metros y varios metros.<\/span><\/li>\n<li data-sourcepos=\"10:1-10:124\"><strong>Personalizable:<\/strong> Pueden personalizarse en cuanto a tama\u00f1o, forma, color y n\u00famero de luces para adaptarse a sus necesidades espec\u00edficas.<\/li>\n<li data-sourcepos=\"11:1-11:140\"><strong>Elegancia atemporal:<\/strong> Las l\u00e1mparas de cristal se utilizan desde hace siglos y se consideran un s\u00edmbolo intemporal de lujo y sofisticaci\u00f3n.<\/li>\n<li data-sourcepos=\"12:1-13:0\"><strong>Versatilidad:<\/strong> Aunque a menudo se asocian con la decoraci\u00f3n tradicional, las ara\u00f1as de cristal tambi\u00e9n pueden complementar interiores modernos y contempor\u00e1neos.<\/li>\n<\/ul>\n<h3 data-sourcepos=\"14:1-14:53\"><strong>Algunos estilos populares de grandes ara\u00f1as de cristal:<\/strong><\/h3>\n<ul data-sourcepos=\"16:1-22:0\">\n<li data-sourcepos=\"16:1-17:47\"><strong>Tradicional:<\/strong> Estas l\u00e1mparas suelen presentar detalles ornamentales, como volutas, hojas y flores.<\/li>\n<li data-sourcepos=\"16:1-17:47\"><strong style=\"font-size: 14.4px;\">Moderno:<\/strong><span style=\"font-size: 14.4px;\"> Estas l\u00e1mparas suelen presentar l\u00edneas limpias y formas sencillas, centradas en la belleza natural del cristal.<\/span><\/li>\n<li data-sourcepos=\"16:1-17:47\"><strong style=\"font-size: 14.4px;\">Contempor\u00e1neo:<\/strong><span style=\"font-size: 14.4px;\"> Estas l\u00e1mparas suelen combinar elementos tradicionales con materiales y dise\u00f1os modernos.<\/span>\n<div class=\"attachment-container search-images\">\n<div class=\"image-container hide-from-message-actions ng-star-inserted\">\n<div class=\"caption ellipsis gmat-caption ng-star-inserted\" aria-hidden=\"true\"><\/div>\n<\/div>\n<\/div>\n<\/li>\n<\/ul>\n<h3 data-sourcepos=\"23:1-23:49\"><strong>Consejos para elegir una gran ara\u00f1a de cristal:<\/strong><\/h3>\n<ul data-sourcepos=\"25:1-30:0\">\n<li data-sourcepos=\"25:1-25:99\"><strong>Tenga en cuenta el tama\u00f1o de la habitaci\u00f3n:<\/strong> La l\u00e1mpara de ara\u00f1a debe ser proporcional al tama\u00f1o de la habitaci\u00f3n.<\/li>\n<li data-sourcepos=\"26:1-26:94\"><strong>Piensa en la altura del techo:<\/strong> La l\u00e1mpara de ara\u00f1a no debe ser ni demasiado baja ni demasiado alta.<\/li>\n<li data-sourcepos=\"27:1-27:105\"><strong>Ten en cuenta el estilo de la habitaci\u00f3n:<\/strong> Elige una l\u00e1mpara de ara\u00f1a que complemente el estilo general de la habitaci\u00f3n.<\/li>\n<li data-sourcepos=\"28:1-28:130\"><strong>Piensa en las necesidades de iluminaci\u00f3n de la habitaci\u00f3n:<\/strong> Elija una l\u00e1mpara de ara\u00f1a con el n\u00famero adecuado de bombillas para proporcionar una iluminaci\u00f3n adecuada.<\/li>\n<li data-sourcepos=\"29:1-30:0\"><strong>Tenga en cuenta el presupuesto:<\/strong> Las grandes ara\u00f1as de cristal pueden ser bastante caras, por lo que es importante fijar un presupuesto antes de empezar a comprar.<\/li>\n<\/ul>","protected":false},"excerpt":{"rendered":"<p>Tama\u00f1o del producto:\u03a61150MM*1650MM \/\u03a6550MM*920MM<\/p>\n<p>Peso del producto (kg):44.95\/6.04<\/p>\n<p>N\u00famero de focos (piezas):10\/6<\/p>\n<p>M\u00e9todo de embalaje:Espuma+cart\u00f3n<\/p>","protected":false},"featured_media":1649,"template":"","meta":[],"product_brand":[],"product_cat":[39],"product_tag":[],"class_list":{"0":"post-1648","1":"product","2":"type-product","3":"status-publish","4":"has-post-thumbnail","6":"product_cat-chandelier-1","8":"first","9":"instock","10":"shipping-taxable","11":"product-type-simple"},"_links":{"self":[{"href":"https:\/\/chandelier-yc.com\/es\/wp-json\/wp\/v2\/product\/1648"}],"collection":[{"href":"https:\/\/chandelier-yc.com\/es\/wp-json\/wp\/v2\/product"}],"about":[{"href":"https:\/\/chandelier-yc.com\/es\/wp-json\/wp\/v2\/types\/product"}],"wp:featuredmedia":[{"embeddable":true,"href":"https:\/\/chandelier-yc.com\/es\/wp-json\/wp\/v2\/media\/1649"}],"wp:attachment":[{"href":"https:\/\/chandelier-yc.com\/es\/wp-json\/wp\/v2\/media?parent=1648"}],"wp:term":[{"taxonomy":"product_brand","embeddable":true,"href":"https:\/\/chandelier-yc.com\/es\/wp-json\/wp\/v2\/product_brand?post=1648"},{"taxonomy":"product_cat","embeddable":true,"href":"https:\/\/chandelier-yc.com\/es\/wp-json\/wp\/v2\/product_cat?post=1648"},{"taxonomy":"product_tag","embeddable":true,"href":"https:\/\/chandelier-yc.com\/es\/wp-json\/wp\/v2\/product_tag?post=1648"}],"curies":[{"name":"wp","href":"https:\/\/api.w.org\/{rel}","templated":true}]}}