{"id":1651,"date":"2024-11-01T02:42:57","date_gmt":"2024-11-01T02:42:57","guid":{"rendered":"https:\/\/chandelier-yc.com\/?post_type=product&#038;p=1651"},"modified":"2024-11-01T02:42:57","modified_gmt":"2024-11-01T02:42:57","slug":"twig-chandelierft1090ft800ft500","status":"publish","type":"product","link":"https:\/\/chandelier-yc.com\/es\/manufacturer\/twig-chandelierft1090ft800ft500\/","title":{"rendered":"Twig Chandelier(FT1090,FT800,FT500)"},"content":{"rendered":"<p data-sourcepos=\"1:1-1:240\">Las l\u00e1mparas de ramitas son una opci\u00f3n de iluminaci\u00f3n \u00fanica y elegante que puede a\u00f1adir un toque de naturaleza a la decoraci\u00f3n de su hogar. Suelen estar hechas de ramitas, ramas o madera a la deriva, reales o falsas, y pueden personalizarse para adaptarse a cualquier estilo, desde el r\u00fastico al moderno.<\/p>\n<h3 data-sourcepos=\"7:1-7:37\"><strong>Caracter\u00edsticas principales de las l\u00e1mparas de ara\u00f1a twig:<\/strong><\/h3>\n<ul data-sourcepos=\"9:1-14:0\">\n<li data-sourcepos=\"9:1-9:90\"><strong>Belleza natural:<\/strong> El uso de materiales naturales crea un ambiente c\u00e1lido y acogedor.<\/li>\n<li data-sourcepos=\"10:1-10:131\"><strong>Vers\u00e1til:<\/strong> Pueden utilizarse en una gran variedad de ambientes, desde salones y comedores hasta dormitorios e incluso espacios al aire libre.<\/li>\n<li data-sourcepos=\"11:1-11:106\"><strong>Personalizable:<\/strong> Pueden personalizarse en cuanto a tama\u00f1o, forma y color para adaptarse a sus necesidades espec\u00edficas.<\/li>\n<li data-sourcepos=\"12:1-12:78\"><strong>Respetuoso con el medio ambiente:<\/strong> Muchas l\u00e1mparas de ramita se fabrican con materiales sostenibles.<\/li>\n<li data-sourcepos=\"13:1-14:0\"><strong>\u00danica:<\/strong> Son una pieza de decoraci\u00f3n \u00fanica y llamativa.<\/li>\n<\/ul>\n<h3 data-sourcepos=\"15:1-15:44\"><strong>Algunos estilos populares de l\u00e1mparas de ara\u00f1a de ramitas:<\/strong><\/h3>\n<ul data-sourcepos=\"17:1-23:0\">\n<li data-sourcepos=\"17:1-18:33\"><strong>R\u00fastico:<\/strong> Estas l\u00e1mparas suelen presentar ramas y ramitas toscamente talladas.<\/li>\n<li data-sourcepos=\"17:1-18:33\"><strong style=\"font-size: 14.4px;\">Moderno:<\/strong><span style=\"font-size: 14.4px;\"> Estas l\u00e1mparas suelen presentar l\u00edneas elegantes y dise\u00f1os minimalistas.<\/span><\/li>\n<li data-sourcepos=\"17:1-18:33\"><strong style=\"font-size: 14.4px;\">Bohemio:<\/strong><span style=\"font-size: 14.4px;\"> Estas l\u00e1mparas suelen presentar una mezcla de materiales naturales, como ramitas, plumas y cristales.<\/span>\n<div class=\"attachment-container search-images\">\n<div class=\"image-container hide-from-message-actions ng-star-inserted\">\n<div class=\"caption ellipsis gmat-caption ng-star-inserted\" aria-hidden=\"true\"><\/div>\n<\/div>\n<\/div>\n<\/li>\n<\/ul>\n<h3 data-sourcepos=\"24:1-24:40\"><strong>Consejos para elegir una l\u00e1mpara de ara\u00f1a de ramitas:<\/strong><\/h3>\n<ul data-sourcepos=\"26:1-31:0\">\n<li data-sourcepos=\"26:1-26:99\"><strong>Tenga en cuenta el tama\u00f1o de la habitaci\u00f3n:<\/strong> La l\u00e1mpara de ara\u00f1a debe ser proporcional al tama\u00f1o de la habitaci\u00f3n.<\/li>\n<li data-sourcepos=\"27:1-27:108\"><strong>Piensa en el estilo de la habitaci\u00f3n:<\/strong> Elige una l\u00e1mpara de ara\u00f1a que complemente el estilo general de la habitaci\u00f3n.<\/li>\n<li data-sourcepos=\"28:1-28:127\"><strong>Tenga en cuenta las necesidades de iluminaci\u00f3n de la habitaci\u00f3n:<\/strong> Elija una l\u00e1mpara de ara\u00f1a con el n\u00famero adecuado de bombillas para proporcionar una iluminaci\u00f3n adecuada.<\/li>\n<li data-sourcepos=\"29:1-29:111\"><strong>Piensa en el color de las ramitas:<\/strong> El color de las ramitas puede afectar al aspecto general de la l\u00e1mpara.<\/li>\n<li data-sourcepos=\"30:1-31:0\"><strong>Ten en cuenta la forma de la l\u00e1mpara de ara\u00f1a:<\/strong> La forma de la l\u00e1mpara tambi\u00e9n puede influir en el aspecto general.<\/li>\n<\/ul>","protected":false},"excerpt":{"rendered":"<p>Product size:\u03a61090MM*440MM\/\u03a6800MM*440MM\/\u03a6500MM*430MM<\/p>\n<p>Peso del producto (kg):86\/72,1\/40,3<\/p>\n<p>N\u00famero de focos (piezas):10\/6\/6<\/p>\n<p>M\u00e9todo de embalaje:Espuma+cart\u00f3n<\/p>","protected":false},"featured_media":1652,"template":"","meta":[],"product_brand":[],"product_cat":[39],"product_tag":[],"class_list":{"0":"post-1651","1":"product","2":"type-product","3":"status-publish","4":"has-post-thumbnail","6":"product_cat-chandelier-1","8":"first","9":"instock","10":"shipping-taxable","11":"product-type-simple"},"_links":{"self":[{"href":"https:\/\/chandelier-yc.com\/es\/wp-json\/wp\/v2\/product\/1651"}],"collection":[{"href":"https:\/\/chandelier-yc.com\/es\/wp-json\/wp\/v2\/product"}],"about":[{"href":"https:\/\/chandelier-yc.com\/es\/wp-json\/wp\/v2\/types\/product"}],"wp:featuredmedia":[{"embeddable":true,"href":"https:\/\/chandelier-yc.com\/es\/wp-json\/wp\/v2\/media\/1652"}],"wp:attachment":[{"href":"https:\/\/chandelier-yc.com\/es\/wp-json\/wp\/v2\/media?parent=1651"}],"wp:term":[{"taxonomy":"product_brand","embeddable":true,"href":"https:\/\/chandelier-yc.com\/es\/wp-json\/wp\/v2\/product_brand?post=1651"},{"taxonomy":"product_cat","embeddable":true,"href":"https:\/\/chandelier-yc.com\/es\/wp-json\/wp\/v2\/product_cat?post=1651"},{"taxonomy":"product_tag","embeddable":true,"href":"https:\/\/chandelier-yc.com\/es\/wp-json\/wp\/v2\/product_tag?post=1651"}],"curies":[{"name":"wp","href":"https:\/\/api.w.org\/{rel}","templated":true}]}}