{"id":1655,"date":"2024-11-01T03:12:17","date_gmt":"2024-11-01T03:12:17","guid":{"rendered":"https:\/\/chandelier-yc.com\/?post_type=product&#038;p=1655"},"modified":"2024-11-01T03:12:17","modified_gmt":"2024-11-01T03:12:17","slug":"large-entryway-chandelierft1090","status":"publish","type":"product","link":"https:\/\/chandelier-yc.com\/es\/manufacturer\/large-entryway-chandelierft1090\/","title":{"rendered":"L\u00e1mpara de entrada grande(FT1090)"},"content":{"rendered":"<p data-sourcepos=\"1:1-1:198\">Una gran l\u00e1mpara de ara\u00f1a para la entrada puede ser el centro de atenci\u00f3n de su hogar y convertirse en una gran declaraci\u00f3n de intenciones en cuanto usted o sus invitados entren por la puerta. Aqu\u00ed tienes algunos consejos para elegir la perfecta:<\/p>\n<h2 data-sourcepos=\"3:1-3:24\"><strong>L\u00e1mpara de entrada grande Factores a tener en cuenta:<\/strong><\/h2>\n<ul data-sourcepos=\"5:1-18:0\">\n<li data-sourcepos=\"5:1-5:191\"><strong>Tama\u00f1o de la habitaci\u00f3n:<\/strong> La l\u00e1mpara de ara\u00f1a debe ser proporcional al tama\u00f1o de su entrada. <span class=\"citation-0 recitation citation-end-0\">Una l\u00e1mpara de ara\u00f1a demasiado peque\u00f1a parecer\u00e1 perdida, mientras que una demasiado grande abrumar\u00e1 el espacio.<\/span><\/li>\n<li data-sourcepos=\"5:1-5:191\"><strong><span class=\"citation-1 recitation\">Altura del techo:<\/span><\/strong><span class=\"citation-1 recitation citation-end-1\"> Un techo alto permite colocar una l\u00e1mpara de ara\u00f1a m\u00e1s espectacular, mientras que un techo m\u00e1s bajo puede requerir una opci\u00f3n m\u00e1s compacta.<\/span><\/li>\n<li data-sourcepos=\"5:1-5:191\"><strong>Estilo:<\/strong> La l\u00e1mpara de ara\u00f1a debe complementar el estilo general de la casa. Considere opciones como<\/li>\n<li data-sourcepos=\"5:1-5:191\"><strong><span class=\"citation-2 recitation\">Tradicional:<\/span><\/strong><span class=\"citation-2 recitation citation-end-2\"> Ara\u00f1as de cristal ornamentadas con detalles intrincados.<\/span><\/li>\n<li data-sourcepos=\"5:1-5:191\"><strong>Moderno:<\/strong> Dise\u00f1os elegantes y minimalistas con l\u00edneas limpias.<\/li>\n<li data-sourcepos=\"5:1-5:191\"><strong><span class=\"citation-3 recitation\">R\u00fastico:<\/span><\/strong><span class=\"citation-3 recitation citation-end-3\"> L\u00e1mparas de ara\u00f1a fabricadas con materiales naturales como la madera o el hierro forjado.<\/span><\/li>\n<li data-sourcepos=\"5:1-5:191\"><strong style=\"font-size: 14.4px;\">Contempor\u00e1neo:<\/strong><span style=\"font-size: 14.4px;\"> Una mezcla de elementos modernos y tradicionales, a menudo con formas y materiales \u00fanicos.<\/span><\/li>\n<li data-sourcepos=\"16:1-16:133\"><strong>Necesidades de iluminaci\u00f3n:<\/strong> Aseg\u00farese de que la l\u00e1mpara de ara\u00f1a proporciona la iluminaci\u00f3n adecuada para el espacio. Ten en cuenta el n\u00famero de bombillas y su potencia.<\/li>\n<li data-sourcepos=\"16:1-16:133\"><strong>Reguladores:<\/strong> Considere la posibilidad de utilizar reguladores para ajustar el nivel de iluminaci\u00f3n y crear diferentes ambientes en la entrada.<\/li>\n<li data-sourcepos=\"16:1-16:133\"><strong>Presupuesto:<\/strong> Fija un presupuesto antes de empezar a comprar para evitar gastar m\u00e1s de la cuenta.<br \/>\n<h3 data-sourcepos=\"27:1-27:20\"><strong>Gran ara\u00f1a de entrada Consejos adicionales:<\/strong><\/h3>\n<ul data-sourcepos=\"29:1-32:0\">\n<li data-sourcepos=\"29:1-29:164\"><strong>Instalaci\u00f3n profesional:<\/strong> Considere la posibilidad de contratar a un electricista profesional para garantizar una instalaci\u00f3n segura y adecuada, especialmente en el caso de las l\u00e1mparas de ara\u00f1a m\u00e1s grandes y complejas.<\/li>\n<li data-sourcepos=\"30:1-30:183\"><strong>Mantenimiento:<\/strong> Limpie con regularidad la l\u00e1mpara de ara\u00f1a para que conserve su mejor aspecto. Limpiar el polvo con un pa\u00f1o suave o utilizar un kit de limpieza especializado puede ayudar a mantener su brillo.<\/li>\n<li data-sourcepos=\"31:1-32:0\"><strong>Reguladores:<\/strong> Considere la posibilidad de utilizar reguladores para ajustar el nivel de iluminaci\u00f3n y crear diferentes ambientes en la entrada.<\/li>\n<\/ul>\n<\/li>\n<\/ul>","protected":false},"excerpt":{"rendered":"<p>Product size:L1090MM*W320MM*H440MM<\/p>\n<p>Peso del producto (kg):72,1<\/p>\n<p>N\u00famero de focos (piezas):6<\/p>\n<p>M\u00e9todo de embalaje:Espuma+cart\u00f3n<\/p>","protected":false},"featured_media":1656,"template":"","meta":[],"product_brand":[],"product_cat":[39],"product_tag":[],"class_list":{"0":"post-1655","1":"product","2":"type-product","3":"status-publish","4":"has-post-thumbnail","6":"product_cat-chandelier-1","8":"first","9":"instock","10":"shipping-taxable","11":"product-type-simple"},"_links":{"self":[{"href":"https:\/\/chandelier-yc.com\/es\/wp-json\/wp\/v2\/product\/1655"}],"collection":[{"href":"https:\/\/chandelier-yc.com\/es\/wp-json\/wp\/v2\/product"}],"about":[{"href":"https:\/\/chandelier-yc.com\/es\/wp-json\/wp\/v2\/types\/product"}],"wp:featuredmedia":[{"embeddable":true,"href":"https:\/\/chandelier-yc.com\/es\/wp-json\/wp\/v2\/media\/1656"}],"wp:attachment":[{"href":"https:\/\/chandelier-yc.com\/es\/wp-json\/wp\/v2\/media?parent=1655"}],"wp:term":[{"taxonomy":"product_brand","embeddable":true,"href":"https:\/\/chandelier-yc.com\/es\/wp-json\/wp\/v2\/product_brand?post=1655"},{"taxonomy":"product_cat","embeddable":true,"href":"https:\/\/chandelier-yc.com\/es\/wp-json\/wp\/v2\/product_cat?post=1655"},{"taxonomy":"product_tag","embeddable":true,"href":"https:\/\/chandelier-yc.com\/es\/wp-json\/wp\/v2\/product_tag?post=1655"}],"curies":[{"name":"wp","href":"https:\/\/api.w.org\/{rel}","templated":true}]}}