{"id":1657,"date":"2024-11-01T03:17:00","date_gmt":"2024-11-01T03:17:00","guid":{"rendered":"https:\/\/chandelier-yc.com\/?post_type=product&#038;p=1657"},"modified":"2024-11-01T03:24:09","modified_gmt":"2024-11-01T03:24:09","slug":"flush-mount-chandeliers%ef%bc%88x51100x50910%ef%bc%89","status":"publish","type":"product","link":"https:\/\/chandelier-yc.com\/es\/manufacturer\/flush-mount-chandeliers\uff08x51100x50910\uff09\/","title":{"rendered":"L\u00e1mparas empotrables\uff08X51100,X50910\uff09"},"content":{"rendered":"<p data-sourcepos=\"1:1-1:247\">Las l\u00e1mparas de ara\u00f1a empotradas son una soluci\u00f3n de iluminaci\u00f3n elegante y pr\u00e1ctica, especialmente para habitaciones con techos bajos o donde el espacio es limitado. Se colocan cerca del techo, por lo que son ideales para pasillos, dormitorios, cocinas o comedores peque\u00f1os.<\/p>\n<h2><strong style=\"font-size: 14.4px; color: #555555;\">Caracter\u00edsticas principales de las l\u00e1mparas de ara\u00f1a empotradas:<\/strong><\/h2>\n<ul data-sourcepos=\"9:1-14:0\">\n<li data-sourcepos=\"9:1-9:91\"><strong>Dise\u00f1o que ahorra espacio:<\/strong> No cuelgan, por lo que son perfectas para habitaciones de techo bajo.<\/li>\n<li data-sourcepos=\"10:1-10:99\"><strong>Estilo vers\u00e1til:<\/strong> Los hay de varios estilos, de moderno a tradicional, para combinar con cualquier decoraci\u00f3n.<\/li>\n<li data-sourcepos=\"11:1-11:100\"><strong>Eficiencia energ\u00e9tica:<\/strong> Muchos modelos utilizan bombillas LED, que son m\u00e1s eficientes energ\u00e9ticamente y duraderas.<\/li>\n<li data-sourcepos=\"12:1-12:110\"><strong>Opciones de regulaci\u00f3n:<\/strong> Algunas l\u00e1mparas de ara\u00f1a empotradas ofrecen funciones regulables para ajustar la intensidad de la iluminaci\u00f3n.<\/li>\n<li data-sourcepos=\"13:1-14:0\"><strong>Instalaci\u00f3n segura:<\/strong> Son m\u00e1s f\u00e1ciles de instalar que las l\u00e1mparas de ara\u00f1a colgantes tradicionales.<\/li>\n<\/ul>\n<h3 data-sourcepos=\"15:1-15:46\"><strong>Estilos populares de l\u00e1mparas de ara\u00f1a empotradas:<\/strong><\/h3>\n<ul data-sourcepos=\"17:1-25:0\">\n<li data-sourcepos=\"17:1-18:40\"><strong>Moderno:<\/strong> L\u00edneas limpias, dise\u00f1os minimalistas y, a menudo, de metal o cristal.<\/li>\n<li data-sourcepos=\"17:1-18:40\"><strong style=\"font-size: 14.4px;\">Tradicional:<\/strong><span style=\"font-size: 14.4px;\"> Detalles ornamentales, detalles de cristal y dise\u00f1os de inspiraci\u00f3n vintage.<\/span><\/li>\n<li data-sourcepos=\"17:1-18:40\"><strong style=\"font-size: 14.4px;\">R\u00fastico:<\/strong><span style=\"font-size: 14.4px;\"> Materiales naturales como la madera, el hierro o el mimbre, con un aspecto de granja o casa de campo.<\/span><\/li>\n<li data-sourcepos=\"17:1-18:40\"><strong style=\"font-size: 14.4px;\">Contempor\u00e1neo:<\/strong><span style=\"font-size: 14.4px;\"> Una mezcla de elementos modernos y tradicionales, a menudo con formas y materiales \u00fanicos.<\/span>\n<div class=\"attachment-container search-images\">\n<div class=\"image-container hide-from-message-actions ng-star-inserted\">\n<div class=\"caption ellipsis gmat-caption ng-star-inserted\" aria-hidden=\"true\"><\/div>\n<\/div>\n<\/div>\n<\/li>\n<\/ul>\n<h3 data-sourcepos=\"26:1-26:47\"><strong>Consejos para elegir una l\u00e1mpara de ara\u00f1a empotrada:<\/strong><\/h3>\n<ul data-sourcepos=\"28:1-33:0\">\n<li data-sourcepos=\"28:1-28:90\"><strong>Tenga en cuenta el tama\u00f1o de la habitaci\u00f3n:<\/strong> Elija una l\u00e1mpara de ara\u00f1a proporcional al tama\u00f1o de la habitaci\u00f3n.<\/li>\n<li data-sourcepos=\"29:1-29:80\"><strong>Piensa en la altura del techo:<\/strong> Los empotrables son ideales para techos bajos.<\/li>\n<li data-sourcepos=\"30:1-30:79\"><strong>A juego con el estilo:<\/strong> Elige una l\u00e1mpara de ara\u00f1a que complemente tu decoraci\u00f3n general.<\/li>\n<li data-sourcepos=\"31:1-31:91\"><strong>Comprueba las necesidades de iluminaci\u00f3n:<\/strong> Aseg\u00farese de que la l\u00e1mpara de ara\u00f1a proporciona la luz adecuada para la habitaci\u00f3n.<\/li>\n<li data-sourcepos=\"32:1-33:0\"><strong>Busca opciones energ\u00e9ticamente eficientes:<\/strong> Las bombillas LED son una gran opci\u00f3n para ahorrar energ\u00eda.<\/li>\n<\/ul>","protected":false},"excerpt":{"rendered":"<p>Product size:\u03a61100MM*660MM\/\u03a6910MM*660MM<\/p>\n<p>Peso del producto (kg):85,1\/63,3<\/p>\n<p>N\u00famero de focos (piezas):10\/8<\/p>\n<p>M\u00e9todo de embalaje:Espuma+cart\u00f3n<\/p>","protected":false},"featured_media":1658,"template":"","meta":[],"product_brand":[],"product_cat":[39],"product_tag":[],"class_list":{"0":"post-1657","1":"product","2":"type-product","3":"status-publish","4":"has-post-thumbnail","6":"product_cat-chandelier-1","8":"first","9":"instock","10":"shipping-taxable","11":"product-type-simple"},"_links":{"self":[{"href":"https:\/\/chandelier-yc.com\/es\/wp-json\/wp\/v2\/product\/1657"}],"collection":[{"href":"https:\/\/chandelier-yc.com\/es\/wp-json\/wp\/v2\/product"}],"about":[{"href":"https:\/\/chandelier-yc.com\/es\/wp-json\/wp\/v2\/types\/product"}],"wp:featuredmedia":[{"embeddable":true,"href":"https:\/\/chandelier-yc.com\/es\/wp-json\/wp\/v2\/media\/1658"}],"wp:attachment":[{"href":"https:\/\/chandelier-yc.com\/es\/wp-json\/wp\/v2\/media?parent=1657"}],"wp:term":[{"taxonomy":"product_brand","embeddable":true,"href":"https:\/\/chandelier-yc.com\/es\/wp-json\/wp\/v2\/product_brand?post=1657"},{"taxonomy":"product_cat","embeddable":true,"href":"https:\/\/chandelier-yc.com\/es\/wp-json\/wp\/v2\/product_cat?post=1657"},{"taxonomy":"product_tag","embeddable":true,"href":"https:\/\/chandelier-yc.com\/es\/wp-json\/wp\/v2\/product_tag?post=1657"}],"curies":[{"name":"wp","href":"https:\/\/api.w.org\/{rel}","templated":true}]}}