{"id":1660,"date":"2024-11-01T03:40:52","date_gmt":"2024-11-01T03:40:52","guid":{"rendered":"https:\/\/chandelier-yc.com\/?post_type=product&#038;p=1660"},"modified":"2024-11-01T03:40:52","modified_gmt":"2024-11-01T03:40:52","slug":"maria-theresa-chandelier-bk1870","status":"publish","type":"product","link":"https:\/\/chandelier-yc.com\/es\/manufacturer\/maria-theresa-chandelier-bk1870\/","title":{"rendered":"Ara\u00f1a Mar\u00eda Teresa (BK1870)"},"content":{"rendered":"<p data-sourcepos=\"1:1-1:268\"><span class=\"citation-0 recitation citation-end-0\">Las ara\u00f1as Mar\u00eda Teresa son un estilo cl\u00e1sico de luminaria, conocido por su dise\u00f1o elegante y ornamentado.<\/span> <span class=\"citation-1 recitation citation-end-1\">Se caracterizan por su intrincada estructura, a menudo de metal, y adornada con miles de brillantes gotas de cristal.<\/span><\/p>\n<h3 data-sourcepos=\"5:1-5:46\"><strong>Caracter\u00edsticas principales de las l\u00e1mparas de ara\u00f1a:<\/strong><\/h3>\n<ul data-sourcepos=\"7:1-11:0\">\n<li data-sourcepos=\"7:1-7:123\"><strong><span class=\"citation-2 recitation\">Dise\u00f1o opulento:<\/span><\/strong><span class=\"citation-2 recitation citation-end-2\"> El intrincado entramado y las gotas de cristal crean un aspecto lujoso y deslumbrante.<\/span><\/li>\n<li data-sourcepos=\"7:1-7:123\"><strong style=\"font-size: 14.4px;\">Elegancia atemporal:<\/strong> <span class=\"citation-3 recitation citation-end-3\" style=\"font-size: 14.4px;\">Este estilo de l\u00e1mpara de ara\u00f1a ha sido popular durante siglos y sigue siendo un cl\u00e1sico atemporal.<\/span><\/li>\n<li data-sourcepos=\"7:1-7:123\"><strong><span class=\"citation-4 recitation\">Versatilidad:<\/span><\/strong><span class=\"citation-4 recitation citation-end-4\"> Aunque a menudo se asocian con la decoraci\u00f3n tradicional, las ara\u00f1as Mar\u00eda Teresa tambi\u00e9n pueden complementar interiores modernos y contempor\u00e1neos.<\/span><\/li>\n<li data-sourcepos=\"7:1-7:123\"><strong><span class=\"citation-5 recitation\">Personalizaci\u00f3n:<\/span><\/strong><span class=\"citation-5 recitation citation-end-5\"> Pueden personalizarse en cuanto a tama\u00f1o, forma, color y n\u00famero de luces para adaptarse a sus necesidades espec\u00edficas.<\/span>\n<div class=\"container\"><\/div>\n<\/li>\n<\/ul>","protected":false},"excerpt":{"rendered":"<p>Tama\u00f1o del producto: L1870MM*W550MM*H460MM<\/p>\n<p>Peso del producto (kg):102,98<\/p>\n<p>N\u00famero de focos (piezas):22<\/p>\n<p>M\u00e9todo de embalaje:Espuma+cart\u00f3n<\/p>","protected":false},"featured_media":1661,"template":"","meta":[],"product_brand":[],"product_cat":[39],"product_tag":[],"class_list":{"0":"post-1660","1":"product","2":"type-product","3":"status-publish","4":"has-post-thumbnail","6":"product_cat-chandelier-1","8":"first","9":"instock","10":"shipping-taxable","11":"product-type-simple"},"_links":{"self":[{"href":"https:\/\/chandelier-yc.com\/es\/wp-json\/wp\/v2\/product\/1660"}],"collection":[{"href":"https:\/\/chandelier-yc.com\/es\/wp-json\/wp\/v2\/product"}],"about":[{"href":"https:\/\/chandelier-yc.com\/es\/wp-json\/wp\/v2\/types\/product"}],"wp:featuredmedia":[{"embeddable":true,"href":"https:\/\/chandelier-yc.com\/es\/wp-json\/wp\/v2\/media\/1661"}],"wp:attachment":[{"href":"https:\/\/chandelier-yc.com\/es\/wp-json\/wp\/v2\/media?parent=1660"}],"wp:term":[{"taxonomy":"product_brand","embeddable":true,"href":"https:\/\/chandelier-yc.com\/es\/wp-json\/wp\/v2\/product_brand?post=1660"},{"taxonomy":"product_cat","embeddable":true,"href":"https:\/\/chandelier-yc.com\/es\/wp-json\/wp\/v2\/product_cat?post=1660"},{"taxonomy":"product_tag","embeddable":true,"href":"https:\/\/chandelier-yc.com\/es\/wp-json\/wp\/v2\/product_tag?post=1660"}],"curies":[{"name":"wp","href":"https:\/\/api.w.org\/{rel}","templated":true}]}}