{"id":1669,"date":"2024-11-02T02:20:47","date_gmt":"2024-11-02T02:20:47","guid":{"rendered":"https:\/\/chandelier-yc.com\/?post_type=product&#038;p=1669"},"modified":"2024-11-02T02:20:47","modified_gmt":"2024-11-02T02:20:47","slug":"chandelier-glasses-x101500","status":"publish","type":"product","link":"https:\/\/chandelier-yc.com\/es\/manufacturer\/chandelier-glasses-x101500\/","title":{"rendered":"Gafas de ara\u00f1a (X101500)"},"content":{"rendered":"<p data-sourcepos=\"1:1-1:247\">Las copas de ara\u00f1a son un tipo de cristaler\u00eda \u00fanico y con estilo que puede a\u00f1adir un toque de elegancia a cualquier mesa. Suelen caracterizarse por su forma distintiva, que recuerda a una l\u00e1mpara de ara\u00f1a, con m\u00faltiples niveles y detalles intrincados.<\/p>\n<h2 data-sourcepos=\"3:1-3:39\"><strong>Caracter\u00edsticas principales de las gafas de ara\u00f1a:<\/strong><\/h2>\n<ul data-sourcepos=\"5:1-8:0\">\n<li data-sourcepos=\"5:1-5:139\"><strong>Forma \u00fanica:<\/strong> El rasgo m\u00e1s caracter\u00edstico de las l\u00e1mparas de ara\u00f1a es su singular forma escalonada, que a menudo se asemeja a una ara\u00f1a en miniatura.<\/li>\n<li data-sourcepos=\"6:1-6:135\"><strong>Detalles intrincados:<\/strong> Muchas l\u00e1mparas presentan detalles intrincados, como motivos grabados, vidrios de colores o detalles de cristal.<\/li>\n<li data-sourcepos=\"7:1-8:0\"><strong><span class=\"citation-0 recitation\">Versatilidad:<\/span><\/strong><span class=\"citation-0 recitation citation-end-0\"> Aunque suelen utilizarse para beber c\u00f3cteles, tambi\u00e9n pueden emplearse para servir postres, aperitivos o incluso como piezas decorativas.<\/span><\/li>\n<\/ul>","protected":false},"excerpt":{"rendered":"<p>Product size:L1530MM*W230MM*H230MM<\/p>\n<p>Peso del producto (kg):34,6<\/p>\n<p>N\u00famero de focos (piezas):8<\/p>\n<p>M\u00e9todo de embalaje:Espuma+cart\u00f3n<\/p>","protected":false},"featured_media":1670,"template":"","meta":[],"product_brand":[],"product_cat":[39],"product_tag":[],"class_list":{"0":"post-1669","1":"product","2":"type-product","3":"status-publish","4":"has-post-thumbnail","6":"product_cat-chandelier-1","8":"first","9":"instock","10":"shipping-taxable","11":"product-type-simple"},"_links":{"self":[{"href":"https:\/\/chandelier-yc.com\/es\/wp-json\/wp\/v2\/product\/1669"}],"collection":[{"href":"https:\/\/chandelier-yc.com\/es\/wp-json\/wp\/v2\/product"}],"about":[{"href":"https:\/\/chandelier-yc.com\/es\/wp-json\/wp\/v2\/types\/product"}],"wp:featuredmedia":[{"embeddable":true,"href":"https:\/\/chandelier-yc.com\/es\/wp-json\/wp\/v2\/media\/1670"}],"wp:attachment":[{"href":"https:\/\/chandelier-yc.com\/es\/wp-json\/wp\/v2\/media?parent=1669"}],"wp:term":[{"taxonomy":"product_brand","embeddable":true,"href":"https:\/\/chandelier-yc.com\/es\/wp-json\/wp\/v2\/product_brand?post=1669"},{"taxonomy":"product_cat","embeddable":true,"href":"https:\/\/chandelier-yc.com\/es\/wp-json\/wp\/v2\/product_cat?post=1669"},{"taxonomy":"product_tag","embeddable":true,"href":"https:\/\/chandelier-yc.com\/es\/wp-json\/wp\/v2\/product_tag?post=1669"}],"curies":[{"name":"wp","href":"https:\/\/api.w.org\/{rel}","templated":true}]}}