{"id":1678,"date":"2024-11-02T03:13:13","date_gmt":"2024-11-02T03:13:13","guid":{"rendered":"https:\/\/chandelier-yc.com\/?post_type=product&#038;p=1678"},"modified":"2024-11-02T03:13:14","modified_gmt":"2024-11-02T03:13:14","slug":"elk-chandelier-antler-ff480","status":"publish","type":"product","link":"https:\/\/chandelier-yc.com\/es\/manufacturer\/elk-chandelier-antler-ff480\/","title":{"rendered":"Candelabro de alce Antler (FF480)"},"content":{"rendered":"<p data-sourcepos=\"1:1-1:232\">Las l\u00e1mparas de ara\u00f1a de asta de alce son una opci\u00f3n de iluminaci\u00f3n \u00fanica y con estilo que puede a\u00f1adir un toque de elegancia r\u00fastica a cualquier espacio. Suelen estar hechas de astas de alce reales o de imitaci\u00f3n, cuidadosamente elaboradas y cableadas para alojar bombillas.<\/p>\n<h2 data-sourcepos=\"5:1-5:43\"><strong>Caracter\u00edsticas principales de Elk Chandelier Antler :<\/strong><\/h2>\n<ul data-sourcepos=\"7:1-11:0\">\n<li data-sourcepos=\"7:1-7:101\"><strong>Belleza natural:<\/strong> La belleza natural de la cornamenta de alce crea un dise\u00f1o \u00fanico y llamativo.<\/li>\n<li data-sourcepos=\"8:1-8:88\"><strong>Encanto r\u00fastico:<\/strong> Las ara\u00f1as de asta de alce evocan una sensaci\u00f3n de encanto r\u00fastico y naturaleza salvaje.<\/li>\n<li data-sourcepos=\"9:1-9:112\"><strong>Personalizable:<\/strong> Pueden personalizarse para adaptarse a cualquier tama\u00f1o o estilo de habitaci\u00f3n, desde una acogedora caba\u00f1a hasta una gran casa de campo.<\/li>\n<li data-sourcepos=\"10:1-11:0\"><strong>Duradera:<\/strong> Las astas de alce son un material duradero que puede durar muchos a\u00f1os.<\/li>\n<\/ul>","protected":false},"excerpt":{"rendered":"<p>Tama\u00f1o del producto:\u03a6480MM*610MM<\/p>\n<p>Peso del producto (kg):42,5<\/p>\n<p>N\u00famero de focos (piezas):10<\/p>\n<p>M\u00e9todo de embalaje:Espuma+cart\u00f3n<\/p>","protected":false},"featured_media":1679,"template":"","meta":[],"product_brand":[],"product_cat":[39],"product_tag":[],"class_list":{"0":"post-1678","1":"product","2":"type-product","3":"status-publish","4":"has-post-thumbnail","6":"product_cat-chandelier-1","8":"first","9":"instock","10":"shipping-taxable","11":"product-type-simple"},"_links":{"self":[{"href":"https:\/\/chandelier-yc.com\/es\/wp-json\/wp\/v2\/product\/1678"}],"collection":[{"href":"https:\/\/chandelier-yc.com\/es\/wp-json\/wp\/v2\/product"}],"about":[{"href":"https:\/\/chandelier-yc.com\/es\/wp-json\/wp\/v2\/types\/product"}],"wp:featuredmedia":[{"embeddable":true,"href":"https:\/\/chandelier-yc.com\/es\/wp-json\/wp\/v2\/media\/1679"}],"wp:attachment":[{"href":"https:\/\/chandelier-yc.com\/es\/wp-json\/wp\/v2\/media?parent=1678"}],"wp:term":[{"taxonomy":"product_brand","embeddable":true,"href":"https:\/\/chandelier-yc.com\/es\/wp-json\/wp\/v2\/product_brand?post=1678"},{"taxonomy":"product_cat","embeddable":true,"href":"https:\/\/chandelier-yc.com\/es\/wp-json\/wp\/v2\/product_cat?post=1678"},{"taxonomy":"product_tag","embeddable":true,"href":"https:\/\/chandelier-yc.com\/es\/wp-json\/wp\/v2\/product_tag?post=1678"}],"curies":[{"name":"wp","href":"https:\/\/api.w.org\/{rel}","templated":true}]}}