{"id":1686,"date":"2024-11-02T03:54:34","date_gmt":"2024-11-02T03:54:34","guid":{"rendered":"https:\/\/chandelier-yc.com\/?post_type=product&#038;p=1686"},"modified":"2024-11-02T03:54:35","modified_gmt":"2024-11-02T03:54:35","slug":"four-light-chandelier-gw550","status":"publish","type":"product","link":"https:\/\/chandelier-yc.com\/es\/manufacturer\/four-light-chandelier-gw550\/","title":{"rendered":"L\u00e1mpara de ara\u00f1a de cuatro luces (GW550)"},"content":{"rendered":"<p data-sourcepos=\"1:1-1:293\">La l\u00e1mpara de ara\u00f1a de cuatro luces es un accesorio de iluminaci\u00f3n vers\u00e1til que puede a\u00f1adir estilo y funcionalidad a varios espacios de su hogar. Con cuatro fuentes de luz, proporciona una amplia iluminaci\u00f3n, mientras que hace una declaraci\u00f3n de dise\u00f1o. Aqu\u00ed tiene un desglose de lo que es una l\u00e1mpara de ara\u00f1a de ocho luces y c\u00f3mo se puede utilizar:<\/p>\n<h2 data-sourcepos=\"3:1-3:36\"><strong>\u00bfQu\u00e9 es una l\u00e1mpara de ara\u00f1a de cuatro luces?<\/strong><\/h2>\n<p data-sourcepos=\"5:1-5:340\">Una l\u00e1mpara de ara\u00f1a de cuatro luces es un tipo de l\u00e1mpara colgante que cuenta con cuatro fuentes de luz individuales. Estas fuentes pueden ser bombillas, velas u otros elementos decorativos, y suelen estar dispuestas siguiendo un patr\u00f3n o dise\u00f1o espec\u00edfico. La l\u00e1mpara puede estar hecha de distintos materiales, como metal, cristal, vidrio o madera.<\/p>\n<h3 data-sourcepos=\"7:1-7:45\"><strong>Estilos populares de ara\u00f1a de cuatro luces:<\/strong><\/h3>\n<ul data-sourcepos=\"9:1-17:0\">\n<li data-sourcepos=\"9:1-10:44\"><strong>Tradicional:<\/strong> Dise\u00f1os ornamentados con varios niveles, detalles de cristal y bombillas tipo vela.<\/li>\n<li data-sourcepos=\"9:1-10:44\"><strong style=\"font-size: 14.4px;\">Moderno:<\/strong><span style=\"font-size: 14.4px;\"> Dise\u00f1os elegantes y minimalistas con l\u00edneas limpias y formas geom\u00e9tricas.<\/span><\/li>\n<li data-sourcepos=\"9:1-10:44\"><strong style=\"font-size: 14.4px;\">Transicional:<\/strong><span style=\"font-size: 14.4px;\"> Una mezcla de elementos tradicionales y modernos que ofrece un aspecto equilibrado.<\/span><\/li>\n<li data-sourcepos=\"14:1-15:39\"><strong>R\u00fastico:<\/strong> Materiales naturales como la madera y el hierro, a menudo con un acabado envejecido.<\/li>\n<li data-sourcepos=\"14:1-15:39\"><strong style=\"font-size: 14.4px;\">Granja:<\/strong><span style=\"font-size: 14.4px;\"> Dise\u00f1os sencillos y funcionales, a menudo con bombillas a la vista y detalles met\u00e1licos.<\/span><\/li>\n<\/ul>","protected":false},"excerpt":{"rendered":"<p>Tama\u00f1o del producto:\u03a6550MM*1200MM<\/p>\n<p>Peso del producto (kg):67,5<\/p>\n<p>N\u00famero de focos (piezas):5<\/p>\n<p>M\u00e9todo de embalaje:Espuma+cart\u00f3n<\/p>","protected":false},"featured_media":1687,"template":"","meta":[],"product_brand":[],"product_cat":[39],"product_tag":[],"class_list":{"0":"post-1686","1":"product","2":"type-product","3":"status-publish","4":"has-post-thumbnail","6":"product_cat-chandelier-1","8":"first","9":"instock","10":"shipping-taxable","11":"product-type-simple"},"_links":{"self":[{"href":"https:\/\/chandelier-yc.com\/es\/wp-json\/wp\/v2\/product\/1686"}],"collection":[{"href":"https:\/\/chandelier-yc.com\/es\/wp-json\/wp\/v2\/product"}],"about":[{"href":"https:\/\/chandelier-yc.com\/es\/wp-json\/wp\/v2\/types\/product"}],"wp:featuredmedia":[{"embeddable":true,"href":"https:\/\/chandelier-yc.com\/es\/wp-json\/wp\/v2\/media\/1687"}],"wp:attachment":[{"href":"https:\/\/chandelier-yc.com\/es\/wp-json\/wp\/v2\/media?parent=1686"}],"wp:term":[{"taxonomy":"product_brand","embeddable":true,"href":"https:\/\/chandelier-yc.com\/es\/wp-json\/wp\/v2\/product_brand?post=1686"},{"taxonomy":"product_cat","embeddable":true,"href":"https:\/\/chandelier-yc.com\/es\/wp-json\/wp\/v2\/product_cat?post=1686"},{"taxonomy":"product_tag","embeddable":true,"href":"https:\/\/chandelier-yc.com\/es\/wp-json\/wp\/v2\/product_tag?post=1686"}],"curies":[{"name":"wp","href":"https:\/\/api.w.org\/{rel}","templated":true}]}}