{"id":1696,"date":"2024-11-02T08:31:26","date_gmt":"2024-11-02T08:31:26","guid":{"rendered":"https:\/\/chandelier-yc.com\/?post_type=product&#038;p=1696"},"modified":"2024-11-02T08:31:53","modified_gmt":"2024-11-02T08:31:53","slug":"small-brass-chandelier-6080","status":"publish","type":"product","link":"https:\/\/chandelier-yc.com\/es\/manufacturer\/small-brass-chandelier-6080\/","title":{"rendered":"Ara\u00f1a peque\u00f1a de lat\u00f3n (6080)"},"content":{"rendered":"<p data-sourcepos=\"1:1-1:270\">Las peque\u00f1as l\u00e1mparas de ara\u00f1a de lat\u00f3n son un complemento encantador para cualquier espacio, ya que a\u00f1aden un toque de elegancia y calidez. Son perfectas para habitaciones peque\u00f1as o zonas en las que una l\u00e1mpara de ara\u00f1a de tama\u00f1o normal podr\u00eda resultar demasiado abrumadora. He aqu\u00ed algunas razones por las que las peque\u00f1as l\u00e1mparas de ara\u00f1a de lat\u00f3n son tan atractivas:<\/p>\n<h4 data-sourcepos=\"3:1-3:25\"><strong>1. Elegancia atemporal:<\/strong><\/h4>\n<ul data-sourcepos=\"4:4-6:0\">\n<li data-sourcepos=\"4:4-4:62\">El lat\u00f3n es un material cl\u00e1sico que nunca pasa de moda.<\/li>\n<li data-sourcepos=\"5:4-6:0\">Su c\u00e1lido tono dorado complementa una gran variedad de estilos de dise\u00f1o de interiores, desde el tradicional al contempor\u00e1neo.<\/li>\n<\/ul>\n<h4 data-sourcepos=\"7:1-7:22\"><strong>2. Dise\u00f1o compacto:<\/strong><\/h4>\n<ul data-sourcepos=\"8:4-10:0\">\n<li data-sourcepos=\"8:4-8:106\">Las peque\u00f1as l\u00e1mparas de ara\u00f1a de lat\u00f3n son ideales para espacios peque\u00f1os como tocadores, entradas y dormitorios acogedores.<\/li>\n<li data-sourcepos=\"9:4-10:0\">No sobrecargar\u00e1n la habitaci\u00f3n, pero causar\u00e1n un gran impacto visual.<\/li>\n<\/ul>\n<h4 data-sourcepos=\"11:1-11:26\"><strong>3. Iluminaci\u00f3n vers\u00e1til:<\/strong><\/h4>\n<ul data-sourcepos=\"12:4-14:0\">\n<li data-sourcepos=\"12:4-12:126\">Pueden utilizarse para crear iluminaci\u00f3n ambiental, de trabajo o de acento, seg\u00fan el tipo de bombilla y su colocaci\u00f3n.<\/li>\n<li data-sourcepos=\"13:4-14:0\">Las bombillas regulables permiten ajustar el ambiente de la habitaci\u00f3n.<\/li>\n<\/ul>\n<h4 data-sourcepos=\"15:1-15:23\"><strong>4. F\u00e1cil de instalar:<\/strong><\/h4>\n<ul data-sourcepos=\"16:4-17:0\">\n<li data-sourcepos=\"16:4-17:0\">Las l\u00e1mparas de ara\u00f1a peque\u00f1as suelen ser m\u00e1s f\u00e1ciles de instalar que las grandes, lo que las convierte en una opci\u00f3n id\u00f3nea para el bricolaje.<\/li>\n<\/ul>","protected":false},"excerpt":{"rendered":"<p>Tama\u00f1o del producto:\u03a6800MM*460MM<\/p>\n<p>Peso del producto (kg):27,4<\/p>\n<p>N\u00famero de focos (piezas):8<\/p>\n<p>M\u00e9todo de embalaje:Espuma+cart\u00f3n<\/p>","protected":false},"featured_media":1697,"template":"","meta":[],"product_brand":[],"product_cat":[39],"product_tag":[],"class_list":{"0":"post-1696","1":"product","2":"type-product","3":"status-publish","4":"has-post-thumbnail","6":"product_cat-chandelier-1","8":"first","9":"instock","10":"shipping-taxable","11":"product-type-simple"},"_links":{"self":[{"href":"https:\/\/chandelier-yc.com\/es\/wp-json\/wp\/v2\/product\/1696"}],"collection":[{"href":"https:\/\/chandelier-yc.com\/es\/wp-json\/wp\/v2\/product"}],"about":[{"href":"https:\/\/chandelier-yc.com\/es\/wp-json\/wp\/v2\/types\/product"}],"wp:featuredmedia":[{"embeddable":true,"href":"https:\/\/chandelier-yc.com\/es\/wp-json\/wp\/v2\/media\/1697"}],"wp:attachment":[{"href":"https:\/\/chandelier-yc.com\/es\/wp-json\/wp\/v2\/media?parent=1696"}],"wp:term":[{"taxonomy":"product_brand","embeddable":true,"href":"https:\/\/chandelier-yc.com\/es\/wp-json\/wp\/v2\/product_brand?post=1696"},{"taxonomy":"product_cat","embeddable":true,"href":"https:\/\/chandelier-yc.com\/es\/wp-json\/wp\/v2\/product_cat?post=1696"},{"taxonomy":"product_tag","embeddable":true,"href":"https:\/\/chandelier-yc.com\/es\/wp-json\/wp\/v2\/product_tag?post=1696"}],"curies":[{"name":"wp","href":"https:\/\/api.w.org\/{rel}","templated":true}]}}