{"id":1708,"date":"2024-11-02T09:04:42","date_gmt":"2024-11-02T09:04:42","guid":{"rendered":"https:\/\/chandelier-yc.com\/?post_type=product&#038;p=1708"},"modified":"2024-11-02T09:05:15","modified_gmt":"2024-11-02T09:05:15","slug":"rope-chandelier-light-wl1100","status":"publish","type":"product","link":"https:\/\/chandelier-yc.com\/es\/manufacturer\/rope-chandelier-light-wl1100\/","title":{"rendered":"L\u00e1mpara de ara\u00f1a de cuerda (WL1100)"},"content":{"rendered":"<p data-sourcepos=\"1:1-1:181\">Las l\u00e1mparas de ara\u00f1a de cuerda son un accesorio de iluminaci\u00f3n \u00fanico y elegante que puede a\u00f1adir un toque de encanto r\u00fastico o minimalismo moderno a cualquier espacio. Estas son algunas de las ventajas de las l\u00e1mparas de ara\u00f1a de cuerda:<\/p>\n<h2 data-sourcepos=\"3:1-3:18\"><strong>Atractivo visual:<\/strong><\/h2>\n<ul data-sourcepos=\"5:1-8:0\">\n<li data-sourcepos=\"5:1-5:135\"><strong>\u00danico y llamativo:<\/strong> Su distintivo dise\u00f1o, que incorpora elementos de cuerda tejida, crea un impresionante punto focal en cualquier habitaci\u00f3n.<\/li>\n<li data-sourcepos=\"6:1-6:133\"><strong>Vers\u00e1til:<\/strong> Las l\u00e1mparas de ara\u00f1a de cuerda pueden personalizarse para adaptarse a varios estilos de interior, desde el r\u00fastico de granja hasta el minimalista contempor\u00e1neo.<\/li>\n<li data-sourcepos=\"7:1-8:0\"><strong>Textura y calidez:<\/strong> La textura natural de la cuerda aporta calidez y profundidad a un espacio.<\/li>\n<\/ul>\n<h4 data-sourcepos=\"9:1-9:24\"><strong>Beneficios funcionales:<\/strong><\/h4>\n<ul data-sourcepos=\"11:1-14:0\">\n<li data-sourcepos=\"11:1-11:176\"><strong>Luz suave y difusa:<\/strong> El dise\u00f1o de la l\u00e1mpara de ara\u00f1a Rope Chandelier Light suele incorporar espacios abiertos o pantallas de tela, lo que se traduce en una iluminaci\u00f3n suave y difusa que crea un ambiente acogedor.<\/li>\n<li data-sourcepos=\"12:1-12:122\"><strong>Eficiencia energ\u00e9tica:<\/strong> Muchas l\u00e1mparas de ara\u00f1a de cuerda son compatibles con bombillas LED de bajo consumo, lo que reduce el consumo de energ\u00eda.<\/li>\n<li data-sourcepos=\"13:1-14:0\"><strong>Colocaci\u00f3n vers\u00e1til:<\/strong> Pueden utilizarse en diversos ambientes, desde comedores y salones hasta dormitorios e incluso espacios al aire libre.<\/li>\n<\/ul>","protected":false},"excerpt":{"rendered":"<p>Tama\u00f1o del producto:\u03a61100MM*137MM<\/p>\n<p>Peso del producto (kg):26,5<\/p>\n<p>N\u00famero de focos (piezas):LED<\/p>\n<p>M\u00e9todo de embalaje: Espuma+cart\u00f3n+placa de inserci\u00f3n<\/p>","protected":false},"featured_media":1709,"template":"","meta":[],"product_brand":[],"product_cat":[39],"product_tag":[],"class_list":{"0":"post-1708","1":"product","2":"type-product","3":"status-publish","4":"has-post-thumbnail","6":"product_cat-chandelier-1","8":"first","9":"instock","10":"shipping-taxable","11":"product-type-simple"},"_links":{"self":[{"href":"https:\/\/chandelier-yc.com\/es\/wp-json\/wp\/v2\/product\/1708"}],"collection":[{"href":"https:\/\/chandelier-yc.com\/es\/wp-json\/wp\/v2\/product"}],"about":[{"href":"https:\/\/chandelier-yc.com\/es\/wp-json\/wp\/v2\/types\/product"}],"wp:featuredmedia":[{"embeddable":true,"href":"https:\/\/chandelier-yc.com\/es\/wp-json\/wp\/v2\/media\/1709"}],"wp:attachment":[{"href":"https:\/\/chandelier-yc.com\/es\/wp-json\/wp\/v2\/media?parent=1708"}],"wp:term":[{"taxonomy":"product_brand","embeddable":true,"href":"https:\/\/chandelier-yc.com\/es\/wp-json\/wp\/v2\/product_brand?post=1708"},{"taxonomy":"product_cat","embeddable":true,"href":"https:\/\/chandelier-yc.com\/es\/wp-json\/wp\/v2\/product_cat?post=1708"},{"taxonomy":"product_tag","embeddable":true,"href":"https:\/\/chandelier-yc.com\/es\/wp-json\/wp\/v2\/product_tag?post=1708"}],"curies":[{"name":"wp","href":"https:\/\/api.w.org\/{rel}","templated":true}]}}