{"id":1710,"date":"2024-11-02T09:15:31","date_gmt":"2024-11-02T09:15:31","guid":{"rendered":"https:\/\/chandelier-yc.com\/?post_type=product&#038;p=1710"},"modified":"2024-11-02T09:15:32","modified_gmt":"2024-11-02T09:15:32","slug":"toast-wall-light-at330","status":"publish","type":"product","link":"https:\/\/chandelier-yc.com\/es\/manufacturer\/toast-wall-light-at330\/","title":{"rendered":"Aplique de pared Toast (AT330)"},"content":{"rendered":"<p data-sourcepos=\"1:1-1:230\">Toast Wall Light es una soluci\u00f3n de iluminaci\u00f3n minimalista y elegante que juega con las luces y las sombras. Dise\u00f1ada por Alberto Zattin para Davide Groppi, presenta un sencillo dise\u00f1o en forma de caja cuadrada de metal con una funci\u00f3n de iluminaci\u00f3n \u00fanica.<\/p>\n<h3 data-sourcepos=\"5:1-5:17\"><strong>Caracter\u00edsticas principales:<\/strong><\/h3>\n<ul data-sourcepos=\"7:1-11:0\">\n<li data-sourcepos=\"7:1-7:133\"><strong>Dise\u00f1o minimalista:<\/strong> Las l\u00edneas limpias y la forma sencilla del aplique Toast lo convierten en un complemento vers\u00e1til para cualquier interior moderno.<\/li>\n<li data-sourcepos=\"8:1-8:239\"><strong>Efecto de iluminaci\u00f3n \u00fanico:<\/strong> La fuente de luz est\u00e1 encerrada dentro de dos \"l\u00e1minas\" de cristal bloqueadas por bordes met\u00e1licos pintados. Esto crea un cautivador juego de luces y sombras, que ilumina tanto la pared superior como la inferior.<\/li>\n<li data-sourcepos=\"9:1-9:133\"><strong>Colocaci\u00f3n vers\u00e1til:<\/strong> El aplique Toast puede instalarse horizontal o verticalmente, lo que ofrece flexibilidad en su aplicaci\u00f3n.<\/li>\n<li data-sourcepos=\"10:1-11:0\"><strong>Eficiencia energ\u00e9tica:<\/strong> Utiliza tecnolog\u00eda LED de bajo consumo, que proporciona tanto una iluminaci\u00f3n funcional como una est\u00e9tica elegante.<\/li>\n<\/ul>\n<h3 data-sourcepos=\"12:1-12:33\"><strong>Ventajas del aplique Toast:<\/strong><\/h3>\n<ul data-sourcepos=\"14:1-18:0\">\n<li data-sourcepos=\"14:1-14:128\"><strong>Elegante y moderno:<\/strong> Su dise\u00f1o minimalista y su efecto de iluminaci\u00f3n \u00fanico la convierten en un complemento elegante para cualquier espacio contempor\u00e1neo.<\/li>\n<li data-sourcepos=\"15:1-15:119\"><strong>Iluminaci\u00f3n vers\u00e1til:<\/strong> Puede utilizarse tanto como iluminaci\u00f3n ambiental como de acento, lo que proporciona flexibilidad en su aplicaci\u00f3n.<\/li>\n<li data-sourcepos=\"16:1-16:92\"><strong>Eficiencia energ\u00e9tica:<\/strong> La tecnolog\u00eda LED reduce el consumo de energ\u00eda y los costes de mantenimiento.<\/li>\n<li data-sourcepos=\"17:1-18:0\"><strong>F\u00e1cil instalaci\u00f3n:<\/strong> Su sencillo dise\u00f1o facilita la instalaci\u00f3n.<\/li>\n<\/ul>","protected":false},"excerpt":{"rendered":"<p>Product size:L330MM*W165MM*H520MM<\/p>\n<p>Peso del producto (kg):8,9<\/p>\n<p>N\u00famero de focos (piezas):3<\/p>\n<p>M\u00e9todo de embalaje:Espuma+cart\u00f3n<\/p>","protected":false},"featured_media":1711,"template":"","meta":[],"product_brand":[],"product_cat":[40],"product_tag":[],"class_list":{"0":"post-1710","1":"product","2":"type-product","3":"status-publish","4":"has-post-thumbnail","6":"product_cat-wall-lights-1","8":"first","9":"instock","10":"shipping-taxable","11":"product-type-simple"},"_links":{"self":[{"href":"https:\/\/chandelier-yc.com\/es\/wp-json\/wp\/v2\/product\/1710"}],"collection":[{"href":"https:\/\/chandelier-yc.com\/es\/wp-json\/wp\/v2\/product"}],"about":[{"href":"https:\/\/chandelier-yc.com\/es\/wp-json\/wp\/v2\/types\/product"}],"wp:featuredmedia":[{"embeddable":true,"href":"https:\/\/chandelier-yc.com\/es\/wp-json\/wp\/v2\/media\/1711"}],"wp:attachment":[{"href":"https:\/\/chandelier-yc.com\/es\/wp-json\/wp\/v2\/media?parent=1710"}],"wp:term":[{"taxonomy":"product_brand","embeddable":true,"href":"https:\/\/chandelier-yc.com\/es\/wp-json\/wp\/v2\/product_brand?post=1710"},{"taxonomy":"product_cat","embeddable":true,"href":"https:\/\/chandelier-yc.com\/es\/wp-json\/wp\/v2\/product_cat?post=1710"},{"taxonomy":"product_tag","embeddable":true,"href":"https:\/\/chandelier-yc.com\/es\/wp-json\/wp\/v2\/product_tag?post=1710"}],"curies":[{"name":"wp","href":"https:\/\/api.w.org\/{rel}","templated":true}]}}