{"id":1712,"date":"2024-11-02T09:23:21","date_gmt":"2024-11-02T09:23:21","guid":{"rendered":"https:\/\/chandelier-yc.com\/?post_type=product&#038;p=1712"},"modified":"2024-11-06T02:35:26","modified_gmt":"2024-11-06T02:35:26","slug":"light-up-wall-art-2001","status":"publish","type":"product","link":"https:\/\/chandelier-yc.com\/es\/manufacturer\/light-up-wall-art-2001\/","title":{"rendered":"Arte luminoso de pared (2001)"},"content":{"rendered":"<p data-sourcepos=\"1:1-1:249\">Light Up Wall Art es una forma cautivadora y vers\u00e1til de a\u00f1adir un toque \u00fanico a la decoraci\u00f3n de su hogar. Combina el atractivo visual del arte mural tradicional con el encantador resplandor de la iluminaci\u00f3n integrada. A continuaci\u00f3n le explicamos por qu\u00e9 el arte mural iluminado est\u00e1 ganando popularidad:<\/p>\n<h3 data-sourcepos=\"3:1-3:18\"><strong>Atractivo visual:<\/strong><\/h3>\n<ul data-sourcepos=\"5:1-8:0\">\n<li data-sourcepos=\"5:1-5:168\"><strong>Belleza diurna y nocturna:<\/strong> Estas piezas ofrecen un atractivo est\u00e9tico tanto de d\u00eda como de noche. Cuando est\u00e1n encendidas, crean un ambiente hipnotizador que transforma su espacio.<\/li>\n<li data-sourcepos=\"6:1-6:183\"><strong>Opciones personalizables:<\/strong> Las obras de arte luminosas para pared est\u00e1n disponibles en varios estilos, desde moderno y abstracto hasta tradicional y vintage, lo que le permite encontrar la pieza perfecta para su decoraci\u00f3n.<\/li>\n<li data-sourcepos=\"7:1-8:0\"><strong>Efectos 3D:<\/strong> Algunos murales luminosos utilizan t\u00e9cnicas tridimensionales para crear profundidad y dimensi\u00f3n, a\u00f1adiendo una capa extra de inter\u00e9s visual.<\/li>\n<\/ul>\n<h4 data-sourcepos=\"9:1-9:24\"><strong>Light Up Wall Art Ventajas funcionales:<\/strong><\/h4>\n<ul data-sourcepos=\"11:1-14:0\">\n<li data-sourcepos=\"11:1-11:139\"><strong>Iluminaci\u00f3n de ambiente:<\/strong> Las opciones de iluminaci\u00f3n regulable permiten crear diferentes ambientes, desde tranquilos y serenos hasta en\u00e9rgicos y vibrantes.<\/li>\n<li data-sourcepos=\"12:1-12:138\"><strong>Eficiencia energ\u00e9tica:<\/strong> Muchas obras de arte luminosas utilizan iluminaci\u00f3n LED de bajo consumo, lo que reduce la huella de carbono y los costes energ\u00e9ticos.<\/li>\n<li data-sourcepos=\"13:1-14:0\"><strong>Bajo mantenimiento:<\/strong> Por lo general, estas piezas requieren poco mantenimiento y un cuidado m\u00ednimo, aparte de quitarles el polvo de vez en cuando.<\/li>\n<\/ul>","protected":false},"excerpt":{"rendered":"<p>Product size:L230MM*W140MM*H510MM<\/p>\n<p>Peso del producto (kg):5,1<\/p>\n<p>N\u00famero de focos (piezas):1<\/p>\n<p>M\u00e9todo de embalaje:Espuma+cart\u00f3n<\/p>","protected":false},"featured_media":1860,"template":"","meta":[],"product_brand":[],"product_cat":[40],"product_tag":[],"class_list":{"0":"post-1712","1":"product","2":"type-product","3":"status-publish","4":"has-post-thumbnail","6":"product_cat-wall-lights-1","8":"first","9":"instock","10":"shipping-taxable","11":"product-type-simple"},"_links":{"self":[{"href":"https:\/\/chandelier-yc.com\/es\/wp-json\/wp\/v2\/product\/1712"}],"collection":[{"href":"https:\/\/chandelier-yc.com\/es\/wp-json\/wp\/v2\/product"}],"about":[{"href":"https:\/\/chandelier-yc.com\/es\/wp-json\/wp\/v2\/types\/product"}],"wp:featuredmedia":[{"embeddable":true,"href":"https:\/\/chandelier-yc.com\/es\/wp-json\/wp\/v2\/media\/1860"}],"wp:attachment":[{"href":"https:\/\/chandelier-yc.com\/es\/wp-json\/wp\/v2\/media?parent=1712"}],"wp:term":[{"taxonomy":"product_brand","embeddable":true,"href":"https:\/\/chandelier-yc.com\/es\/wp-json\/wp\/v2\/product_brand?post=1712"},{"taxonomy":"product_cat","embeddable":true,"href":"https:\/\/chandelier-yc.com\/es\/wp-json\/wp\/v2\/product_cat?post=1712"},{"taxonomy":"product_tag","embeddable":true,"href":"https:\/\/chandelier-yc.com\/es\/wp-json\/wp\/v2\/product_tag?post=1712"}],"curies":[{"name":"wp","href":"https:\/\/api.w.org\/{rel}","templated":true}]}}