{"id":1716,"date":"2024-11-02T09:33:22","date_gmt":"2024-11-02T09:33:22","guid":{"rendered":"https:\/\/chandelier-yc.com\/?post_type=product&#038;p=1716"},"modified":"2024-11-02T09:33:22","modified_gmt":"2024-11-02T09:33:22","slug":"two-light-wall-sconce-7601","status":"publish","type":"product","link":"https:\/\/chandelier-yc.com\/es\/manufacturer\/two-light-wall-sconce-7601\/","title":{"rendered":"Aplique de pared de dos luces (7601)"},"content":{"rendered":"<p data-sourcepos=\"1:1-1:257\">El aplique de pared de dos luces es un accesorio de iluminaci\u00f3n vers\u00e1til que puede a\u00f1adir estilo y funcionalidad a cualquier habitaci\u00f3n. Normalmente consta de dos fuentes de luz montadas en una base de pared. Este dise\u00f1o proporciona una amplia iluminaci\u00f3n ocupando un espacio m\u00ednimo.<\/p>\n<h3 data-sourcepos=\"5:1-5:39\"><strong>Ventajas del aplique de pared de dos luces:<\/strong><\/h3>\n<ul data-sourcepos=\"7:1-12:0\">\n<li data-sourcepos=\"7:1-7:135\"><strong>Iluminaci\u00f3n vers\u00e1til:<\/strong> Los apliques de pared de dos luces ofrecen flexibilidad en las opciones de iluminaci\u00f3n, lo que le permite ajustar la luz a sus necesidades.<\/li>\n<li data-sourcepos=\"8:1-8:123\"><strong>Ahorro de espacio:<\/strong> El dise\u00f1o montado en la pared ahorra espacio en el suelo, por lo que es perfecto para habitaciones peque\u00f1as o zonas con espacio limitado.<\/li>\n<li data-sourcepos=\"9:1-9:147\"><strong>Estilo:<\/strong> Disponible en varios estilos, desde moderno y minimalista a tradicional y ornamentado, para complementar diferentes est\u00e9ticas de dise\u00f1o interior.<\/li>\n<li data-sourcepos=\"10:1-10:100\"><strong>Eficiencia energ\u00e9tica:<\/strong> Muchos apliques de pared de dos luces son compatibles con bombillas LED de bajo consumo.<\/li>\n<li data-sourcepos=\"11:1-12:0\"><strong>Ambiente:<\/strong> Puede utilizarse para crear un ambiente c\u00e1lido y acogedor, especialmente cuando se combina con bombillas regulables.<\/li>\n<\/ul>\n<h3 data-sourcepos=\"13:1-13:16\"><strong>Usos comunes:<\/strong><\/h3>\n<ul data-sourcepos=\"15:1-20:0\">\n<li data-sourcepos=\"15:1-15:94\"><strong>Iluminaci\u00f3n de cabecera:<\/strong> Coloque el aplique a ambos lados de la cama para leer c\u00f3modamente.<\/li>\n<li data-sourcepos=\"16:1-16:88\"><strong>Sala de estar:<\/strong> Util\u00edzalos para flanquear un espejo o una obra de arte, o para crear una iluminaci\u00f3n ambiental.<\/li>\n<li data-sourcepos=\"17:1-17:116\"><strong>Comedor:<\/strong> Inst\u00e1lelos a ambos lados de un espejo o encima de un aparador para conseguir una iluminaci\u00f3n funcional y decorativa.<\/li>\n<li data-sourcepos=\"18:1-18:71\"><strong>Pasillo:<\/strong> A\u00f1ade un toque de elegancia y proporciona una iluminaci\u00f3n funcional.<\/li>\n<li data-sourcepos=\"19:1-20:0\"><strong>Ba\u00f1o:<\/strong> Util\u00edzalos para iluminar el tocador o encima de un espejo.<\/li>\n<\/ul>","protected":false},"excerpt":{"rendered":"<p>Tama\u00f1o del producto:\u03a61500MM*1590MM<\/p>\n<p>Peso del producto (kg):30.22<\/p>\n<p>N\u00famero de focos (piezas):25<\/p>\n<p>M\u00e9todo de embalaje:Espuma+cart\u00f3n<\/p>","protected":false},"featured_media":1717,"template":"","meta":[],"product_brand":[],"product_cat":[40],"product_tag":[],"class_list":{"0":"post-1716","1":"product","2":"type-product","3":"status-publish","4":"has-post-thumbnail","6":"product_cat-wall-lights-1","8":"first","9":"instock","10":"shipping-taxable","11":"product-type-simple"},"_links":{"self":[{"href":"https:\/\/chandelier-yc.com\/es\/wp-json\/wp\/v2\/product\/1716"}],"collection":[{"href":"https:\/\/chandelier-yc.com\/es\/wp-json\/wp\/v2\/product"}],"about":[{"href":"https:\/\/chandelier-yc.com\/es\/wp-json\/wp\/v2\/types\/product"}],"wp:featuredmedia":[{"embeddable":true,"href":"https:\/\/chandelier-yc.com\/es\/wp-json\/wp\/v2\/media\/1717"}],"wp:attachment":[{"href":"https:\/\/chandelier-yc.com\/es\/wp-json\/wp\/v2\/media?parent=1716"}],"wp:term":[{"taxonomy":"product_brand","embeddable":true,"href":"https:\/\/chandelier-yc.com\/es\/wp-json\/wp\/v2\/product_brand?post=1716"},{"taxonomy":"product_cat","embeddable":true,"href":"https:\/\/chandelier-yc.com\/es\/wp-json\/wp\/v2\/product_cat?post=1716"},{"taxonomy":"product_tag","embeddable":true,"href":"https:\/\/chandelier-yc.com\/es\/wp-json\/wp\/v2\/product_tag?post=1716"}],"curies":[{"name":"wp","href":"https:\/\/api.w.org\/{rel}","templated":true}]}}