{"id":1718,"date":"2024-11-02T09:40:57","date_gmt":"2024-11-02T09:40:57","guid":{"rendered":"https:\/\/chandelier-yc.com\/?post_type=product&#038;p=1718"},"modified":"2024-11-02T09:40:57","modified_gmt":"2024-11-02T09:40:57","slug":"wall-mount-swing-arm-light-trb20136","status":"publish","type":"product","link":"https:\/\/chandelier-yc.com\/es\/manufacturer\/wall-mount-swing-arm-light-trb20136\/","title":{"rendered":"L\u00e1mpara de pared de brazo articulado (TRB20136)"},"content":{"rendered":"<p data-sourcepos=\"1:1-1:361\">Wall Mount Swing Arm Light es un accesorio de iluminaci\u00f3n vers\u00e1til y elegante que ofrece funcionalidad y atractivo est\u00e9tico. Consta de una base montada en la pared, un brazo ajustable y una pantalla de luz. Este dise\u00f1o le permite dirigir la luz con precisi\u00f3n hacia donde la necesita, lo que la hace perfecta para diversas tareas como leer, trabajar o simplemente crear ambiente.<\/p>\n<h3 data-sourcepos=\"5:1-5:46\"><strong>Ventajas de la l\u00e1mpara de pared de brazo articulado:<\/strong><\/h3>\n<ul data-sourcepos=\"7:1-12:0\">\n<li data-sourcepos=\"7:1-7:122\"><strong>Flexibilidad:<\/strong> El brazo ajustable permite dirigir la luz a zonas espec\u00edficas, por lo que es ideal para la iluminaci\u00f3n de tareas.<\/li>\n<li data-sourcepos=\"8:1-8:123\"><strong>Ahorro de espacio:<\/strong> El dise\u00f1o montado en la pared ahorra espacio en el suelo, por lo que es perfecto para habitaciones peque\u00f1as o zonas con espacio limitado.<\/li>\n<li data-sourcepos=\"9:1-9:147\"><strong>Estilo:<\/strong> Disponible en varios estilos, desde moderno y minimalista a vintage e industrial, para complementar diferentes est\u00e9ticas de dise\u00f1o de interiores.<\/li>\n<li data-sourcepos=\"10:1-10:99\"><strong>Eficiencia energ\u00e9tica:<\/strong> Muchos apliques de brazo articulado son compatibles con bombillas LED de bajo consumo.<\/li>\n<li data-sourcepos=\"11:1-12:0\"><strong>Versatilidad:<\/strong> Puede utilizarse en diversos entornos, como dormitorios, salones, despachos y cocinas.<\/li>\n<\/ul>\n<h3 data-sourcepos=\"13:1-13:16\"><strong>L\u00e1mpara de pared de brazo articulado Usos comunes:<\/strong><\/h3>\n<ul data-sourcepos=\"15:1-19:0\">\n<li data-sourcepos=\"15:1-15:108\"><strong>Lectura de cabecera:<\/strong> Coloque la luz para iluminar su libro o tableta sin molestar a su compa\u00f1ero.<\/li>\n<li data-sourcepos=\"16:1-16:82\"><strong>Ministerio del Interior:<\/strong> Dirija la luz hacia su espacio de trabajo para concentrar la iluminaci\u00f3n en las tareas.<\/li>\n<li data-sourcepos=\"17:1-17:78\"><strong>Sala de estar:<\/strong> Cree un rinc\u00f3n de lectura acogedor o destaque una obra de arte concreta.<\/li>\n<li data-sourcepos=\"18:1-19:0\"><strong>La cocina:<\/strong> Util\u00edcela como luz de trabajo para preparar alimentos o limpiar.<\/li>\n<\/ul>\n<p data-sourcepos=\"20:1-20:52\">","protected":false},"excerpt":{"rendered":"<p>Tama\u00f1o del producto: L1300MM*W120MM*H1300MM<\/p>\n<p>Peso del producto (kg):103,52<\/p>\n<p>N\u00famero de focos (piezas):LED<\/p>\n<p>M\u00e9todo de embalaje:Cart\u00f3n+ Marco de hierro+ Tablero de inserci\u00f3n<\/p>","protected":false},"featured_media":1719,"template":"","meta":[],"product_brand":[],"product_cat":[40],"product_tag":[],"class_list":{"0":"post-1718","1":"product","2":"type-product","3":"status-publish","4":"has-post-thumbnail","6":"product_cat-wall-lights-1","8":"first","9":"instock","10":"shipping-taxable","11":"product-type-simple"},"_links":{"self":[{"href":"https:\/\/chandelier-yc.com\/es\/wp-json\/wp\/v2\/product\/1718"}],"collection":[{"href":"https:\/\/chandelier-yc.com\/es\/wp-json\/wp\/v2\/product"}],"about":[{"href":"https:\/\/chandelier-yc.com\/es\/wp-json\/wp\/v2\/types\/product"}],"wp:featuredmedia":[{"embeddable":true,"href":"https:\/\/chandelier-yc.com\/es\/wp-json\/wp\/v2\/media\/1719"}],"wp:attachment":[{"href":"https:\/\/chandelier-yc.com\/es\/wp-json\/wp\/v2\/media?parent=1718"}],"wp:term":[{"taxonomy":"product_brand","embeddable":true,"href":"https:\/\/chandelier-yc.com\/es\/wp-json\/wp\/v2\/product_brand?post=1718"},{"taxonomy":"product_cat","embeddable":true,"href":"https:\/\/chandelier-yc.com\/es\/wp-json\/wp\/v2\/product_cat?post=1718"},{"taxonomy":"product_tag","embeddable":true,"href":"https:\/\/chandelier-yc.com\/es\/wp-json\/wp\/v2\/product_tag?post=1718"}],"curies":[{"name":"wp","href":"https:\/\/api.w.org\/{rel}","templated":true}]}}