{"id":1720,"date":"2024-11-02T09:47:59","date_gmt":"2024-11-02T09:47:59","guid":{"rendered":"https:\/\/chandelier-yc.com\/?post_type=product&#038;p=1720"},"modified":"2024-11-02T09:47:59","modified_gmt":"2024-11-02T09:47:59","slug":"brick-wall-with-lights-wl985","status":"publish","type":"product","link":"https:\/\/chandelier-yc.com\/es\/manufacturer\/brick-wall-with-lights-wl985\/","title":{"rendered":"Pared de ladrillo con luces (WL985)"},"content":{"rendered":"<p data-sourcepos=\"1:1-1:208\">Una pared de ladrillo con luces puede ser un elemento de dise\u00f1o impresionante y vers\u00e1til. Puede a\u00f1adir calidez, car\u00e1cter y un toque de elegancia industrial a cualquier espacio. He aqu\u00ed algunas formas de incorporar luces a una pared de ladrillo.<\/p>\n<h3 data-sourcepos=\"3:1-3:25\"><strong>1. Iluminaci\u00f3n empotrada:<\/strong><\/h3>\n<ul data-sourcepos=\"4:1-7:0\">\n<li data-sourcepos=\"4:1-4:113\"><strong>Elegancia sutil:<\/strong> Se pueden instalar luces empotradas entre los ladrillos para crear un aspecto limpio y minimalista.<\/li>\n<li data-sourcepos=\"5:1-5:66\"><strong>C\u00e1lido resplandor:<\/strong> Utiliza bombillas de tonos c\u00e1lidos para crear un ambiente acogedor.<\/li>\n<li data-sourcepos=\"6:1-7:0\"><strong>Iluminaci\u00f3n de acento:<\/strong> Resalte zonas concretas de la pared con una iluminaci\u00f3n espec\u00edfica.<\/li>\n<\/ul>\n<h3 data-sourcepos=\"8:1-8:27\"><strong>2. Luces de pared:<\/strong><\/h3>\n<ul data-sourcepos=\"9:1-12:0\">\n<li data-sourcepos=\"9:1-9:132\"><strong>Opciones vers\u00e1tiles:<\/strong> Pared de ladrillo con luces , como apliques o focos, pueden utilizarse para iluminar la pared u objetos concretos.<\/li>\n<li data-sourcepos=\"10:1-10:86\"><strong>Iluminaci\u00f3n regulable:<\/strong> Los apliques de brazo m\u00f3vil ofrecen flexibilidad para dirigir la luz.<\/li>\n<li data-sourcepos=\"11:1-12:0\"><strong>Efecto dram\u00e1tico:<\/strong> Utiliza accesorios de iluminaci\u00f3n espectaculares para dar un toque atrevido.<\/li>\n<\/ul>\n<h3 data-sourcepos=\"13:1-13:21\"><strong>3. Luces de hilo:<\/strong><\/h3>\n<ul data-sourcepos=\"14:1-17:0\">\n<li data-sourcepos=\"14:1-14:90\"><strong>Bohemian Chic:<\/strong> La pared de ladrillo con luces puede a\u00f1adir un toque caprichoso y rom\u00e1ntico a una pared de ladrillo.<\/li>\n<li data-sourcepos=\"15:1-15:75\"><strong>Personalizable:<\/strong> Crea distintos motivos y dise\u00f1os con las luces de cuerda.<\/li>\n<li data-sourcepos=\"16:1-17:0\"><strong>Uso interior\/exterior:<\/strong> Adecuado tanto para espacios interiores como exteriores.<\/li>\n<\/ul>","protected":false},"excerpt":{"rendered":"<p>Tama\u00f1o del producto:\u03a61100MM*127MM<\/p>\n<p>Peso del producto (kg):55,5<\/p>\n<p>N\u00famero de focos (piezas):LED<\/p>\n<p>M\u00e9todo de embalaje:Cart\u00f3n+ Marco de hierro+ Tablero de inserci\u00f3n<\/p>","protected":false},"featured_media":1721,"template":"","meta":[],"product_brand":[],"product_cat":[40],"product_tag":[],"class_list":{"0":"post-1720","1":"product","2":"type-product","3":"status-publish","4":"has-post-thumbnail","6":"product_cat-wall-lights-1","8":"first","9":"instock","10":"shipping-taxable","11":"product-type-simple"},"_links":{"self":[{"href":"https:\/\/chandelier-yc.com\/es\/wp-json\/wp\/v2\/product\/1720"}],"collection":[{"href":"https:\/\/chandelier-yc.com\/es\/wp-json\/wp\/v2\/product"}],"about":[{"href":"https:\/\/chandelier-yc.com\/es\/wp-json\/wp\/v2\/types\/product"}],"wp:featuredmedia":[{"embeddable":true,"href":"https:\/\/chandelier-yc.com\/es\/wp-json\/wp\/v2\/media\/1721"}],"wp:attachment":[{"href":"https:\/\/chandelier-yc.com\/es\/wp-json\/wp\/v2\/media?parent=1720"}],"wp:term":[{"taxonomy":"product_brand","embeddable":true,"href":"https:\/\/chandelier-yc.com\/es\/wp-json\/wp\/v2\/product_brand?post=1720"},{"taxonomy":"product_cat","embeddable":true,"href":"https:\/\/chandelier-yc.com\/es\/wp-json\/wp\/v2\/product_cat?post=1720"},{"taxonomy":"product_tag","embeddable":true,"href":"https:\/\/chandelier-yc.com\/es\/wp-json\/wp\/v2\/product_tag?post=1720"}],"curies":[{"name":"wp","href":"https:\/\/api.w.org\/{rel}","templated":true}]}}