{"id":1722,"date":"2024-11-04T01:42:21","date_gmt":"2024-11-04T01:42:21","guid":{"rendered":"https:\/\/chandelier-yc.com\/?post_type=product&#038;p=1722"},"modified":"2024-11-04T01:52:46","modified_gmt":"2024-11-04T01:52:46","slug":"floor-lamps-5101","status":"publish","type":"product","link":"https:\/\/chandelier-yc.com\/es\/manufacturer\/floor-lamps-5101\/","title":{"rendered":"L\u00e1mparas de pie (5101)"},"content":{"rendered":"<p data-sourcepos=\"1:1-1:187\">Las l\u00e1mparas de pie son una forma vers\u00e1til y elegante de a\u00f1adir iluminaci\u00f3n ambiental a cualquier habitaci\u00f3n de su hogar. Las hay de muchos estilos, desde modernas y minimalistas hasta tradicionales y ornamentadas.<\/p>\n<h3 data-sourcepos=\"6:1-6:59\"><strong>Estas son algunas de las principales ventajas de utilizar l\u00e1mparas de pie:<\/strong><\/h3>\n<ul data-sourcepos=\"8:1-12:0\">\n<li data-sourcepos=\"8:1-8:86\"><strong>Flexibilidad:<\/strong> Las l\u00e1mparas de pie pueden desplazarse f\u00e1cilmente para adaptarse a sus necesidades cambiantes.<\/li>\n<li data-sourcepos=\"9:1-9:121\"><strong>Versatilidad:<\/strong> Pueden utilizarse para crear diversos efectos luminosos, desde suaves y acogedores hasta brillantes y funcionales.<\/li>\n<li data-sourcepos=\"10:1-10:86\"><strong>Estilo:<\/strong> Las l\u00e1mparas de pie pueden utilizarse para a\u00f1adir un toque de personalidad a la decoraci\u00f3n de su hogar.<\/li>\n<li data-sourcepos=\"11:1-12:0\"><strong>Eficiencia energ\u00e9tica:<\/strong> Muchas l\u00e1mparas de pie modernas utilizan bombillas LED de bajo consumo.<\/li>\n<\/ul>\n<h3 data-sourcepos=\"13:1-13:71\"><strong>Estos son algunos consejos para elegir la l\u00e1mpara de pie adecuada para su hogar:<\/strong><\/h3>\n<ul data-sourcepos=\"15:1-19:0\">\n<li data-sourcepos=\"15:1-15:107\"><strong>Ten en cuenta el estilo de tu habitaci\u00f3n:<\/strong> Elija una l\u00e1mpara de pie que complemente el estilo general de su habitaci\u00f3n.<\/li>\n<li data-sourcepos=\"16:1-16:93\"><strong>Piensa en el tama\u00f1o de tu habitaci\u00f3n:<\/strong> Para una habitaci\u00f3n m\u00e1s grande puede ser necesaria una l\u00e1mpara de pie m\u00e1s grande.<\/li>\n<li data-sourcepos=\"17:1-17:105\"><strong>Decide el tipo de luz que necesitas:<\/strong> \u00bfQuiere una luz de lectura intensa o una luz de ambiente m\u00e1s suave?<\/li>\n<li data-sourcepos=\"18:1-19:0\"><strong>Elige la altura adecuada:<\/strong> La altura de la l\u00e1mpara de pie debe adecuarse a la habitaci\u00f3n y a la tarea para la que se desea utilizar.<\/li>\n<\/ul>\n<h3 data-sourcepos=\"20:1-20:48\"><strong>He aqu\u00ed algunos estilos populares de l\u00e1mparas de pie:<\/strong><\/h3>\n<ul data-sourcepos=\"22:1-26:0\">\n<li data-sourcepos=\"22:1-22:108\"><strong>L\u00e1mparas de arco:<\/strong> Estas l\u00e1mparas tienen un brazo largo y curvado que puede ajustarse para dirigir la luz donde la necesite.<\/li>\n<li data-sourcepos=\"23:1-23:87\"><strong>L\u00e1mparas Torchiere:<\/strong> Estas l\u00e1mparas altas y delgadas proporcionan una luz indirecta orientada hacia arriba.<\/li>\n<li data-sourcepos=\"24:1-24:104\"><strong>L\u00e1mparas est\u00e1ndar:<\/strong> Estas l\u00e1mparas tienen un dise\u00f1o recto y vertical y son una opci\u00f3n cl\u00e1sica para cualquier habitaci\u00f3n.<\/li>\n<li data-sourcepos=\"25:1-26:0\"><strong>L\u00e1mparas modernas:<\/strong> Estas l\u00e1mparas presentan dise\u00f1os elegantes y minimalistas y suelen utilizar iluminaci\u00f3n LED.<\/li>\n<\/ul>","protected":false},"excerpt":{"rendered":"<p>Tama\u00f1o del producto:\u03a6520MM*1820MM<\/p>\n<p>Peso del producto (kg):25<\/p>\n<p>N\u00famero de focos5 (piezas):5\/10\/15<\/p>\n<p>M\u00e9todo de embalaje:Espuma+cart\u00f3n<\/p>","protected":false},"featured_media":1723,"template":"","meta":[],"product_brand":[],"product_cat":[41],"product_tag":[],"class_list":{"0":"post-1722","1":"product","2":"type-product","3":"status-publish","4":"has-post-thumbnail","6":"product_cat-table-lamp-and-floor-lamp-1","8":"first","9":"instock","10":"shipping-taxable","11":"product-type-simple"},"_links":{"self":[{"href":"https:\/\/chandelier-yc.com\/es\/wp-json\/wp\/v2\/product\/1722"}],"collection":[{"href":"https:\/\/chandelier-yc.com\/es\/wp-json\/wp\/v2\/product"}],"about":[{"href":"https:\/\/chandelier-yc.com\/es\/wp-json\/wp\/v2\/types\/product"}],"wp:featuredmedia":[{"embeddable":true,"href":"https:\/\/chandelier-yc.com\/es\/wp-json\/wp\/v2\/media\/1723"}],"wp:attachment":[{"href":"https:\/\/chandelier-yc.com\/es\/wp-json\/wp\/v2\/media?parent=1722"}],"wp:term":[{"taxonomy":"product_brand","embeddable":true,"href":"https:\/\/chandelier-yc.com\/es\/wp-json\/wp\/v2\/product_brand?post=1722"},{"taxonomy":"product_cat","embeddable":true,"href":"https:\/\/chandelier-yc.com\/es\/wp-json\/wp\/v2\/product_cat?post=1722"},{"taxonomy":"product_tag","embeddable":true,"href":"https:\/\/chandelier-yc.com\/es\/wp-json\/wp\/v2\/product_tag?post=1722"}],"curies":[{"name":"wp","href":"https:\/\/api.w.org\/{rel}","templated":true}]}}