{"id":1724,"date":"2024-11-04T01:51:32","date_gmt":"2024-11-04T01:51:32","guid":{"rendered":"https:\/\/chandelier-yc.com\/?post_type=product&#038;p=1724"},"modified":"2024-11-04T01:53:31","modified_gmt":"2024-11-04T01:53:31","slug":"floor-and-table-lamp-set-5102","status":"publish","type":"product","link":"https:\/\/chandelier-yc.com\/es\/manufacturer\/floor-and-table-lamp-set-5102\/","title":{"rendered":"Juego de l\u00e1mpara de pie y sobremesa (5102)"},"content":{"rendered":"<p data-sourcepos=\"1:1-1:190\">Un conjunto de l\u00e1mpara de pie y sobremesa es una forma elegante y funcional de iluminar su sal\u00f3n. Se compone de una l\u00e1mpara de pie y una l\u00e1mpara de sobremesa coordinadas, que a menudo comparten una est\u00e9tica de dise\u00f1o similar.<\/p>\n<h3 data-sourcepos=\"3:1-3:43\"><strong>Ventajas de un juego de l\u00e1mpara de pie y sobremesa:<\/strong><\/h3>\n<ul data-sourcepos=\"5:1-9:0\">\n<li data-sourcepos=\"5:1-5:90\"><strong>Dise\u00f1o cohesivo:<\/strong> Un conjunto a juego crea un aspecto armonioso y pulido en su habitaci\u00f3n.<\/li>\n<li data-sourcepos=\"6:1-6:143\"><strong>Iluminaci\u00f3n vers\u00e1til:<\/strong> La combinaci\u00f3n de una l\u00e1mpara de pie y una de sobremesa ofrece iluminaci\u00f3n ambiental y de trabajo, lo que permite realizar diversas actividades.<\/li>\n<li data-sourcepos=\"7:1-7:88\"><strong>Ambiente mejorado:<\/strong> Una iluminaci\u00f3n bien colocada puede crear un ambiente c\u00e1lido y acogedor.<\/li>\n<li data-sourcepos=\"8:1-9:0\"><strong>Coordinaci\u00f3n f\u00e1cil:<\/strong> Los conjuntos a juego simplifican el proceso de elecci\u00f3n de luminarias complementarias.<\/li>\n<\/ul>\n<h3 data-sourcepos=\"10:1-10:44\"><strong>Factores a tener en cuenta al elegir un conjunto:<\/strong><\/h3>\n<ul data-sourcepos=\"12:1-17:0\">\n<li data-sourcepos=\"12:1-12:135\"><strong>Estilo:<\/strong> Tenga en cuenta la decoraci\u00f3n de su habitaci\u00f3n y elija un conjunto que complemente su estilo, ya sea moderno, tradicional o de transici\u00f3n.<\/li>\n<li data-sourcepos=\"13:1-13:171\"><strong>Tama\u00f1o:<\/strong> Aseg\u00farate de que las l\u00e1mparas guardan proporci\u00f3n con el tama\u00f1o de la habitaci\u00f3n. Una l\u00e1mpara de pie m\u00e1s grande puede ser adecuada para habitaciones espaciosas, mientras que los conjuntos m\u00e1s peque\u00f1os pueden funcionar bien en espacios acogedores.<\/li>\n<li data-sourcepos=\"14:1-14:165\"><strong>Acabado:<\/strong> Seleccione un acabado que complemente sus muebles y su combinaci\u00f3n de colores. Las opciones m\u00e1s populares son el n\u00edquel cepillado, el lat\u00f3n y varios acabados met\u00e1licos.<\/li>\n<li data-sourcepos=\"15:1-15:176\"><strong>Material de la pantalla:<\/strong> El material de la pantalla puede influir en la calidad de la luz. Las pantallas de tela ofrecen una luz m\u00e1s suave y difusa, mientras que las de cristal o metal proporcionan un haz m\u00e1s concentrado.<\/li>\n<li data-sourcepos=\"16:1-17:0\"><strong>Funcionalidad:<\/strong> Tenga en cuenta las necesidades espec\u00edficas de iluminaci\u00f3n de la habitaci\u00f3n. Un regulador de intensidad puede ser \u00fatil para ajustar la intensidad de la luz.<\/li>\n<\/ul>\n<h3 data-sourcepos=\"18:1-18:48\"><strong>Estilos populares de juegos de l\u00e1mparas de pie y de mesa:<\/strong><\/h3>\n<ul data-sourcepos=\"20:1-23:0\">\n<li data-sourcepos=\"20:1-20:92\"><strong>Moderno:<\/strong> L\u00edneas elegantes, dise\u00f1os minimalistas y, a menudo, materiales met\u00e1licos o de cristal.<\/li>\n<li data-sourcepos=\"21:1-21:98\"><strong>Tradicional:<\/strong> Detalles ornamentados, formas cl\u00e1sicas y, a menudo, materiales como la madera o la cer\u00e1mica.<\/li>\n<li data-sourcepos=\"22:1-23:0\"><strong>Transicional:<\/strong> Una mezcla de estilos moderno y tradicional, que ofrece un aspecto equilibrado y vers\u00e1til.<\/li>\n<\/ul>","protected":false},"excerpt":{"rendered":"<p>Tama\u00f1o del producto:\u03a6450MM*800MM<\/p>\n<p>Peso del producto (kg):12,1<\/p>\n<p>N\u00famero de focos (piezas):4<\/p>\n<p>M\u00e9todo de embalaje: Espuma+cart\u00f3n<\/p>","protected":false},"featured_media":1725,"template":"","meta":[],"product_brand":[],"product_cat":[41],"product_tag":[],"class_list":{"0":"post-1724","1":"product","2":"type-product","3":"status-publish","4":"has-post-thumbnail","6":"product_cat-table-lamp-and-floor-lamp-1","8":"first","9":"instock","10":"shipping-taxable","11":"product-type-simple"},"_links":{"self":[{"href":"https:\/\/chandelier-yc.com\/es\/wp-json\/wp\/v2\/product\/1724"}],"collection":[{"href":"https:\/\/chandelier-yc.com\/es\/wp-json\/wp\/v2\/product"}],"about":[{"href":"https:\/\/chandelier-yc.com\/es\/wp-json\/wp\/v2\/types\/product"}],"wp:featuredmedia":[{"embeddable":true,"href":"https:\/\/chandelier-yc.com\/es\/wp-json\/wp\/v2\/media\/1725"}],"wp:attachment":[{"href":"https:\/\/chandelier-yc.com\/es\/wp-json\/wp\/v2\/media?parent=1724"}],"wp:term":[{"taxonomy":"product_brand","embeddable":true,"href":"https:\/\/chandelier-yc.com\/es\/wp-json\/wp\/v2\/product_brand?post=1724"},{"taxonomy":"product_cat","embeddable":true,"href":"https:\/\/chandelier-yc.com\/es\/wp-json\/wp\/v2\/product_cat?post=1724"},{"taxonomy":"product_tag","embeddable":true,"href":"https:\/\/chandelier-yc.com\/es\/wp-json\/wp\/v2\/product_tag?post=1724"}],"curies":[{"name":"wp","href":"https:\/\/api.w.org\/{rel}","templated":true}]}}