{"id":1730,"date":"2024-11-04T02:31:24","date_gmt":"2024-11-04T02:31:24","guid":{"rendered":"https:\/\/chandelier-yc.com\/?post_type=product&#038;p=1730"},"modified":"2024-11-04T02:33:31","modified_gmt":"2024-11-04T02:33:31","slug":"modern-floor-and-table-lamps-ft1700","status":"publish","type":"product","link":"https:\/\/chandelier-yc.com\/es\/manufacturer\/modern-floor-and-table-lamps-ft1700\/","title":{"rendered":"L\u00e1mparas de pie y sobremesa modernas (FT1700)"},"content":{"rendered":"<p data-sourcepos=\"1:1-1:194\">Las l\u00e1mparas de pie y sobremesa modernas son un complemento elegante y funcional para cualquier hogar contempor\u00e1neo. Ofrecen una est\u00e9tica elegante y minimalista que puede complementar una variedad de estilos de dise\u00f1o de interiores.<\/p>\n<h3 data-sourcepos=\"3:1-3:41\"><strong>Estos son algunos de los dise\u00f1os m\u00e1s populares de L\u00e1mparas de pie y de mesa modernas:<\/strong><\/h3>\n<h4 data-sourcepos=\"5:1-5:23\"><strong>L\u00e1mparas de mesa modernas:<\/strong><\/h4>\n<ul data-sourcepos=\"7:1-11:0\">\n<li data-sourcepos=\"7:1-7:91\"><strong>Minimalista:<\/strong> L\u00edneas sencillas y limpias y colores neutros, a menudo con una base de metal o cristal.<\/li>\n<li data-sourcepos=\"8:1-8:77\"><strong>Geom\u00e9trico:<\/strong> Formas geom\u00e9tricas audaces, como esferas, cubos o cilindros.<\/li>\n<li data-sourcepos=\"9:1-9:92\"><strong>Industrial:<\/strong> Materiales en bruto como el metal y la madera, con bombillas a la vista o pantallas en forma de jaula.<\/li>\n<li data-sourcepos=\"10:1-11:0\"><strong>Art D\u00e9co:<\/strong> Curvas elegantes y materiales lujosos como el m\u00e1rmol o el lat\u00f3n.<\/li>\n<\/ul>\n<h4 data-sourcepos=\"12:1-12:23\"><strong>L\u00e1mparas de pie modernas:<\/strong><\/h4>\n<ul data-sourcepos=\"14:1-18:0\">\n<li data-sourcepos=\"14:1-14:95\"><strong>L\u00e1mpara de arco:<\/strong> Un dise\u00f1o cl\u00e1sico y moderno con un brazo curvado que puede ajustarse para dirigir la luz.<\/li>\n<li data-sourcepos=\"15:1-15:82\"><strong>Torchiere:<\/strong> Una l\u00e1mpara alta y esbelta que proporciona luz indirecta orientada hacia arriba.<\/li>\n<li data-sourcepos=\"16:1-16:102\"><strong>L\u00e1mpara de pie tr\u00edpode:<\/strong> Una opci\u00f3n elegante y vers\u00e1til con tres patas y una gran variedad de estilos de pantalla.<\/li>\n<li data-sourcepos=\"17:1-18:0\"><strong>L\u00e1mpara de pie con estante:<\/strong> Un dise\u00f1o funcional que incluye un estante integrado para libros, plantas u otros objetos decorativos.<\/li>\n<\/ul>\n<h4 data-sourcepos=\"19:1-19:51\"><strong>Consejos para elegir l\u00e1mparas de pie y de mesa modernas:<\/strong><\/h4>\n<ul data-sourcepos=\"21:1-25:0\">\n<li data-sourcepos=\"21:1-21:83\"><strong>Ten en cuenta el estilo de tu habitaci\u00f3n:<\/strong> Elige l\u00e1mparas que complementen tu decoraci\u00f3n actual.<\/li>\n<li data-sourcepos=\"22:1-22:111\"><strong>Piensa en las necesidades de iluminaci\u00f3n de la habitaci\u00f3n:<\/strong> \u00bfNecesita una luz de lectura intensa o una luz de ambiente m\u00e1s suave?<\/li>\n<li data-sourcepos=\"23:1-23:114\"><strong>Presta atenci\u00f3n al tama\u00f1o y la escala de las l\u00e1mparas:<\/strong> Las l\u00e1mparas deben ser proporcionales al tama\u00f1o de la habitaci\u00f3n.<\/li>\n<li data-sourcepos=\"24:1-25:0\"><strong>Busca opciones energ\u00e9ticamente eficientes:<\/strong> Las bombillas LED son una forma estupenda de ahorrar energ\u00eda y dinero.<\/li>\n<\/ul>","protected":false},"excerpt":{"rendered":"<p>Tama\u00f1o del producto:\u03a6500MM*1700MM<\/p>\n<p>Peso del producto (kg):57.99<\/p>\n<p>N\u00famero de focos (piezas):6<\/p>\n<p>M\u00e9todo de embalaje:Espuma+cart\u00f3n<\/p>","protected":false},"featured_media":1731,"template":"","meta":[],"product_brand":[],"product_cat":[41],"product_tag":[],"class_list":{"0":"post-1730","1":"product","2":"type-product","3":"status-publish","4":"has-post-thumbnail","6":"product_cat-table-lamp-and-floor-lamp-1","8":"first","9":"instock","10":"shipping-taxable","11":"product-type-simple"},"_links":{"self":[{"href":"https:\/\/chandelier-yc.com\/es\/wp-json\/wp\/v2\/product\/1730"}],"collection":[{"href":"https:\/\/chandelier-yc.com\/es\/wp-json\/wp\/v2\/product"}],"about":[{"href":"https:\/\/chandelier-yc.com\/es\/wp-json\/wp\/v2\/types\/product"}],"wp:featuredmedia":[{"embeddable":true,"href":"https:\/\/chandelier-yc.com\/es\/wp-json\/wp\/v2\/media\/1731"}],"wp:attachment":[{"href":"https:\/\/chandelier-yc.com\/es\/wp-json\/wp\/v2\/media?parent=1730"}],"wp:term":[{"taxonomy":"product_brand","embeddable":true,"href":"https:\/\/chandelier-yc.com\/es\/wp-json\/wp\/v2\/product_brand?post=1730"},{"taxonomy":"product_cat","embeddable":true,"href":"https:\/\/chandelier-yc.com\/es\/wp-json\/wp\/v2\/product_cat?post=1730"},{"taxonomy":"product_tag","embeddable":true,"href":"https:\/\/chandelier-yc.com\/es\/wp-json\/wp\/v2\/product_tag?post=1730"}],"curies":[{"name":"wp","href":"https:\/\/api.w.org\/{rel}","templated":true}]}}