{"id":1733,"date":"2024-11-04T02:49:09","date_gmt":"2024-11-04T02:49:09","guid":{"rendered":"https:\/\/chandelier-yc.com\/?post_type=product&#038;p=1733"},"modified":"2024-11-04T02:49:09","modified_gmt":"2024-11-04T02:49:09","slug":"matching-table-and-floor-lamps-x101700","status":"publish","type":"product","link":"https:\/\/chandelier-yc.com\/es\/manufacturer\/matching-table-and-floor-lamps-x101700\/","title":{"rendered":"L\u00e1mparas de mesa y pie a juego (x101700)"},"content":{"rendered":"<p data-sourcepos=\"1:1-1:163\">Las l\u00e1mparas de mesa y pie a juego pueden a\u00f1adir un toque de elegancia y sofisticaci\u00f3n a la decoraci\u00f3n de su hogar. Aqu\u00ed tienes algunos consejos sobre c\u00f3mo elegir el conjunto adecuado para tu espacio:<\/p>\n<h3 data-sourcepos=\"3:1-3:24\"><strong>L\u00e1mparas de mesa y pie a juego Tenga en cuenta su estilo:<\/strong><\/h3>\n<ul data-sourcepos=\"5:1-8:0\">\n<li data-sourcepos=\"5:1-5:92\"><strong>Moderno:<\/strong> L\u00edneas elegantes, dise\u00f1os minimalistas y, a menudo, materiales met\u00e1licos o de cristal.<\/li>\n<li data-sourcepos=\"6:1-6:98\"><strong>Tradicional:<\/strong> Detalles ornamentados, formas cl\u00e1sicas y, a menudo, materiales como la madera o la cer\u00e1mica.<\/li>\n<li data-sourcepos=\"7:1-8:0\"><strong>Transicional:<\/strong> Una mezcla de estilos moderno y tradicional, que ofrece un aspecto equilibrado y vers\u00e1til.<\/li>\n<\/ul>\n<h3 data-sourcepos=\"9:1-9:24\"><strong>L\u00e1mparas de mesa y de pie a juego Factores a tener en cuenta:<\/strong><\/h3>\n<ul data-sourcepos=\"11:1-15:0\">\n<li data-sourcepos=\"11:1-11:64\"><strong>Tama\u00f1o:<\/strong> Aseg\u00farate de que las l\u00e1mparas guardan proporci\u00f3n con el tama\u00f1o de la habitaci\u00f3n.<\/li>\n<li data-sourcepos=\"12:1-12:87\"><strong>Acabado:<\/strong> Seleccione un acabado que complemente sus muebles y su combinaci\u00f3n de colores.<\/li>\n<li data-sourcepos=\"13:1-13:176\"><strong>Material de la pantalla:<\/strong> El material de la pantalla puede influir en la calidad de la luz. Las pantallas de tela ofrecen una luz m\u00e1s suave y difusa, mientras que las de cristal o metal proporcionan un haz m\u00e1s concentrado.<\/li>\n<li data-sourcepos=\"14:1-15:0\"><strong>Funcionalidad:<\/strong> Tenga en cuenta las necesidades espec\u00edficas de iluminaci\u00f3n de la habitaci\u00f3n. Un regulador de intensidad puede ser \u00fatil para ajustar la intensidad de la luz.<\/li>\n<\/ul>\n<h3 data-sourcepos=\"16:1-16:36\"><strong>Estilos populares de conjuntos a juego:<\/strong><\/h3>\n<ul data-sourcepos=\"18:1-21:0\">\n<li data-sourcepos=\"18:1-18:92\"><strong>Moderno:<\/strong> L\u00edneas elegantes, dise\u00f1os minimalistas y, a menudo, materiales met\u00e1licos o de cristal.<\/li>\n<li data-sourcepos=\"19:1-19:98\"><strong>Tradicional:<\/strong> Detalles ornamentados, formas cl\u00e1sicas y, a menudo, materiales como la madera o la cer\u00e1mica.<\/li>\n<li data-sourcepos=\"20:1-21:0\"><strong>Transicional:<\/strong> Una mezcla de estilos moderno y tradicional, que ofrece un aspecto equilibrado y vers\u00e1til.<\/li>\n<\/ul>","protected":false},"excerpt":{"rendered":"<p>Tama\u00f1o del producto:\u03a6300MM*1700MM<\/p>\n<p>Peso del producto (kg):38,5<\/p>\n<p>N\u00famero de focos (piezas):8<\/p>\n<p>M\u00e9todo de embalaje:Espuma+cart\u00f3n<\/p>","protected":false},"featured_media":1734,"template":"","meta":[],"product_brand":[],"product_cat":[41],"product_tag":[],"class_list":{"0":"post-1733","1":"product","2":"type-product","3":"status-publish","4":"has-post-thumbnail","6":"product_cat-table-lamp-and-floor-lamp-1","8":"first","9":"instock","10":"shipping-taxable","11":"product-type-simple"},"_links":{"self":[{"href":"https:\/\/chandelier-yc.com\/es\/wp-json\/wp\/v2\/product\/1733"}],"collection":[{"href":"https:\/\/chandelier-yc.com\/es\/wp-json\/wp\/v2\/product"}],"about":[{"href":"https:\/\/chandelier-yc.com\/es\/wp-json\/wp\/v2\/types\/product"}],"wp:featuredmedia":[{"embeddable":true,"href":"https:\/\/chandelier-yc.com\/es\/wp-json\/wp\/v2\/media\/1734"}],"wp:attachment":[{"href":"https:\/\/chandelier-yc.com\/es\/wp-json\/wp\/v2\/media?parent=1733"}],"wp:term":[{"taxonomy":"product_brand","embeddable":true,"href":"https:\/\/chandelier-yc.com\/es\/wp-json\/wp\/v2\/product_brand?post=1733"},{"taxonomy":"product_cat","embeddable":true,"href":"https:\/\/chandelier-yc.com\/es\/wp-json\/wp\/v2\/product_cat?post=1733"},{"taxonomy":"product_tag","embeddable":true,"href":"https:\/\/chandelier-yc.com\/es\/wp-json\/wp\/v2\/product_tag?post=1733"}],"curies":[{"name":"wp","href":"https:\/\/api.w.org\/{rel}","templated":true}]}}