{"id":1740,"date":"2024-11-04T03:16:52","date_gmt":"2024-11-04T03:16:52","guid":{"rendered":"https:\/\/chandelier-yc.com\/?post_type=product&#038;p=1740"},"modified":"2024-11-04T03:26:02","modified_gmt":"2024-11-04T03:26:02","slug":"matching-table-and-floor-lamp-kg800","status":"publish","type":"product","link":"https:\/\/chandelier-yc.com\/es\/manufacturer\/matching-table-and-floor-lamp-kg800\/","title":{"rendered":"L\u00e1mpara de mesa y pie a juego (KG800)"},"content":{"rendered":"<p data-sourcepos=\"1:1-1:128\">Las l\u00e1mparas de mesa y pie a juego pueden elevar el estilo y la funcionalidad de su espacio vital. Estas son algunas de las opciones m\u00e1s populares:<\/p>\n<h3 data-sourcepos=\"3:1-3:16\"><strong>Juegos de l\u00e1mparas de pie y sobremesa a juego:<\/strong><\/h3>\n<ul data-sourcepos=\"5:1-8:0\">\n<li data-sourcepos=\"5:1-5:102\"><strong>Elegante y minimalista:<\/strong> L\u00edneas limpias, colores neutros y, a menudo, materiales met\u00e1licos o de cristal.<\/li>\n<li data-sourcepos=\"6:1-6:77\"><strong>Geom\u00e9trico:<\/strong> Formas geom\u00e9tricas audaces, como esferas, cubos o cilindros.<\/li>\n<li data-sourcepos=\"7:1-8:0\"><strong>Industrial:<\/strong> Materiales en bruto como el metal y la madera, con bombillas a la vista o pantallas en forma de jaula.<\/li>\n<\/ul>\n<h3 data-sourcepos=\"9:1-9:21\"><strong>Conjuntos tradicionales:<\/strong><\/h3>\n<ul data-sourcepos=\"11:1-13:0\">\n<li data-sourcepos=\"11:1-11:81\"><strong>Detalles ornamentales:<\/strong> Formas cl\u00e1sicas, a menudo con materiales como la madera o la cer\u00e1mica.<\/li>\n<li data-sourcepos=\"12:1-13:0\"><strong>De inspiraci\u00f3n vintage:<\/strong> Dise\u00f1os retro con acabados de estilo vintage.<\/li>\n<\/ul>\n<h3 data-sourcepos=\"14:1-14:22\"><strong>Conjuntos de transici\u00f3n:<\/strong><\/h3>\n<ul data-sourcepos=\"16:1-17:0\">\n<li data-sourcepos=\"16:1-17:0\"><strong>Estilos de mezcla:<\/strong> Una mezcla de elementos modernos y tradicionales, que ofrece un aspecto equilibrado y vers\u00e1til.<\/li>\n<\/ul>\n<h3 data-sourcepos=\"18:1-18:24\"><strong>Factores a tener en cuenta:<\/strong><\/h3>\n<ul data-sourcepos=\"20:1-25:0\">\n<li data-sourcepos=\"20:1-20:61\"><strong>Estilo:<\/strong> Elija un conjunto que complemente la decoraci\u00f3n de su habitaci\u00f3n.<\/li>\n<li data-sourcepos=\"21:1-21:64\"><strong>Tama\u00f1o:<\/strong> Aseg\u00farate de que las l\u00e1mparas guardan proporci\u00f3n con el tama\u00f1o de la habitaci\u00f3n.<\/li>\n<li data-sourcepos=\"22:1-22:79\"><strong>Acabado:<\/strong> Seleccione un acabado que complemente su mobiliario y combinaci\u00f3n de colores.<\/li>\n<li data-sourcepos=\"23:1-23:114\"><strong>Material de la pantalla:<\/strong> Las pantallas de tela ofrecen una luz m\u00e1s suave, mientras que las de cristal o metal proporcionan un haz m\u00e1s concentrado.<\/li>\n<li data-sourcepos=\"24:1-25:0\"><strong>Funcionalidad:<\/strong> Tenga en cuenta las necesidades espec\u00edficas de iluminaci\u00f3n de la habitaci\u00f3n.<\/li>\n<\/ul>","protected":false},"excerpt":{"rendered":"<p>Tama\u00f1o del producto:\u03a6800MM*400MM<\/p>\n<p>Peso del producto (kg):38.18<\/p>\n<p>N\u00famero de focos (piezas):7<\/p>\n<p>M\u00e9todo de embalaje:Espuma+cart\u00f3n<\/p>","protected":false},"featured_media":1741,"template":"","meta":[],"product_brand":[],"product_cat":[41],"product_tag":[],"class_list":{"0":"post-1740","1":"product","2":"type-product","3":"status-publish","4":"has-post-thumbnail","6":"product_cat-table-lamp-and-floor-lamp-1","8":"first","9":"instock","10":"shipping-taxable","11":"product-type-simple"},"_links":{"self":[{"href":"https:\/\/chandelier-yc.com\/es\/wp-json\/wp\/v2\/product\/1740"}],"collection":[{"href":"https:\/\/chandelier-yc.com\/es\/wp-json\/wp\/v2\/product"}],"about":[{"href":"https:\/\/chandelier-yc.com\/es\/wp-json\/wp\/v2\/types\/product"}],"wp:featuredmedia":[{"embeddable":true,"href":"https:\/\/chandelier-yc.com\/es\/wp-json\/wp\/v2\/media\/1741"}],"wp:attachment":[{"href":"https:\/\/chandelier-yc.com\/es\/wp-json\/wp\/v2\/media?parent=1740"}],"wp:term":[{"taxonomy":"product_brand","embeddable":true,"href":"https:\/\/chandelier-yc.com\/es\/wp-json\/wp\/v2\/product_brand?post=1740"},{"taxonomy":"product_cat","embeddable":true,"href":"https:\/\/chandelier-yc.com\/es\/wp-json\/wp\/v2\/product_cat?post=1740"},{"taxonomy":"product_tag","embeddable":true,"href":"https:\/\/chandelier-yc.com\/es\/wp-json\/wp\/v2\/product_tag?post=1740"}],"curies":[{"name":"wp","href":"https:\/\/api.w.org\/{rel}","templated":true}]}}