{"id":1746,"date":"2024-11-04T03:50:45","date_gmt":"2024-11-04T03:50:45","guid":{"rendered":"https:\/\/chandelier-yc.com\/?post_type=product&#038;p=1746"},"modified":"2024-11-04T03:50:45","modified_gmt":"2024-11-04T03:50:45","slug":"floor-lamp-and-table-lamp-wl2410","status":"publish","type":"product","link":"https:\/\/chandelier-yc.com\/es\/manufacturer\/floor-lamp-and-table-lamp-wl2410\/","title":{"rendered":"L\u00e1mpara de pie y l\u00e1mpara de mesa (WL2410)"},"content":{"rendered":"<p data-sourcepos=\"1:1-1:171\">La l\u00e1mpara de pie y la l\u00e1mpara de mesa son elementos esenciales en la decoraci\u00f3n del hogar, ya que proporcionan una iluminaci\u00f3n funcional y un atractivo est\u00e9tico. He aqu\u00ed un desglose de sus principales caracter\u00edsticas y ventajas:<\/p>\n<h3 data-sourcepos=\"3:1-3:15\"><strong>L\u00e1mpara de pie y l\u00e1mpara de mesa:<\/strong><\/h3>\n<ul data-sourcepos=\"5:1-13:0\">\n<li data-sourcepos=\"5:1-5:141\"><strong>Iluminaci\u00f3n vers\u00e1til:<\/strong> Las l\u00e1mparas de pie ofrecen flexibilidad de colocaci\u00f3n y pueden utilizarse para iluminar zonas concretas o crear una iluminaci\u00f3n ambiental.<\/li>\n<li data-sourcepos=\"6:1-6:73\"><strong>Ahorro de espacio:<\/strong> Ideal para habitaciones peque\u00f1as o zonas sin mesas auxiliares.<\/li>\n<li data-sourcepos=\"7:1-7:107\"><strong>Statement Pieces:<\/strong> Pueden servir como puntos focales en una habitaci\u00f3n, especialmente con dise\u00f1os \u00fanicos o colores atrevidos.<\/li>\n<li data-sourcepos=\"8:1-13:0\"><strong>Tipos:<\/strong>\n<ul data-sourcepos=\"9:5-13:0\">\n<li data-sourcepos=\"9:5-9:79\"><strong>L\u00e1mpara de arco:<\/strong> Un dise\u00f1o cl\u00e1sico con brazo curvado para una iluminaci\u00f3n regulable.<\/li>\n<li data-sourcepos=\"10:5-10:86\"><strong>Torchiere:<\/strong> Una l\u00e1mpara alta y esbelta que proporciona luz indirecta orientada hacia arriba.<\/li>\n<li data-sourcepos=\"11:5-11:76\"><strong>L\u00e1mpara de pie tr\u00edpode:<\/strong> Una opci\u00f3n elegante y vers\u00e1til con tres patas.<\/li>\n<li data-sourcepos=\"12:5-13:0\"><strong>L\u00e1mpara de pie con estante:<\/strong> Un dise\u00f1o funcional que incluye una estanter\u00eda integrada.<\/li>\n<\/ul>\n<\/li>\n<\/ul>\n<h3 data-sourcepos=\"14:1-14:15\"><strong>L\u00e1mparas de mesa<\/strong><\/h3>\n<ul data-sourcepos=\"16:1-23:0\">\n<li data-sourcepos=\"16:1-16:76\"><strong>Iluminaci\u00f3n de trabajo:<\/strong> Perfecto para leer, escribir o trabajar con el ordenador.<\/li>\n<li data-sourcepos=\"17:1-17:89\"><strong>Elemento decorativo:<\/strong> Puede a\u00f1adir un toque de estilo a mesas auxiliares, mesillas de noche o escritorios.<\/li>\n<li data-sourcepos=\"18:1-18:68\"><strong>Compacto y port\u00e1til:<\/strong> F\u00e1cil de trasladar y redecorar.<\/li>\n<\/ul>","protected":false},"excerpt":{"rendered":"<p>Product size:L1304MM*W220MM*H2410MM<\/p>\n<p>Peso del producto (kg):173<\/p>\n<p>N\u00famero de focos (piezas):LED<\/p>\n<p>M\u00e9todo de embalaje:Espuma+cart\u00f3n+placa de inserci\u00f3n<\/p>","protected":false},"featured_media":1747,"template":"","meta":[],"product_brand":[],"product_cat":[41],"product_tag":[],"class_list":{"0":"post-1746","1":"product","2":"type-product","3":"status-publish","4":"has-post-thumbnail","6":"product_cat-table-lamp-and-floor-lamp-1","8":"first","9":"instock","10":"shipping-taxable","11":"product-type-simple"},"_links":{"self":[{"href":"https:\/\/chandelier-yc.com\/es\/wp-json\/wp\/v2\/product\/1746"}],"collection":[{"href":"https:\/\/chandelier-yc.com\/es\/wp-json\/wp\/v2\/product"}],"about":[{"href":"https:\/\/chandelier-yc.com\/es\/wp-json\/wp\/v2\/types\/product"}],"wp:featuredmedia":[{"embeddable":true,"href":"https:\/\/chandelier-yc.com\/es\/wp-json\/wp\/v2\/media\/1747"}],"wp:attachment":[{"href":"https:\/\/chandelier-yc.com\/es\/wp-json\/wp\/v2\/media?parent=1746"}],"wp:term":[{"taxonomy":"product_brand","embeddable":true,"href":"https:\/\/chandelier-yc.com\/es\/wp-json\/wp\/v2\/product_brand?post=1746"},{"taxonomy":"product_cat","embeddable":true,"href":"https:\/\/chandelier-yc.com\/es\/wp-json\/wp\/v2\/product_cat?post=1746"},{"taxonomy":"product_tag","embeddable":true,"href":"https:\/\/chandelier-yc.com\/es\/wp-json\/wp\/v2\/product_tag?post=1746"}],"curies":[{"name":"wp","href":"https:\/\/api.w.org\/{rel}","templated":true}]}}