{"id":1748,"date":"2024-11-04T03:55:17","date_gmt":"2024-11-04T03:55:17","guid":{"rendered":"https:\/\/chandelier-yc.com\/?post_type=product&#038;p=1748"},"modified":"2024-11-04T03:55:17","modified_gmt":"2024-11-04T03:55:17","slug":"farmhouse-style-floor-lamp-and-table-lamp-set-%ef%bc%88wl301330%ef%bc%89","status":"publish","type":"product","link":"https:\/\/chandelier-yc.com\/es\/manufacturer\/farmhouse-style-floor-lamp-and-table-lamp-set-\uff08wl301330\uff09\/","title":{"rendered":"L\u00e1mpara de pie estilo granja y l\u00e1mpara de mesa \uff08WL301330\uff09"},"content":{"rendered":"<p data-sourcepos=\"1:1-1:207\">Las l\u00e1mparas de pie y sobremesa de estilo r\u00fastico son una opci\u00f3n popular para a\u00f1adir un toque de encanto r\u00fastico a la decoraci\u00f3n de su hogar. A menudo cuentan con acabados de madera en dificultades, materiales naturales y l\u00edneas simples y limpias.<\/p>\n<h3 data-sourcepos=\"3:1-3:76\"><strong>Estas son algunas de las claves L\u00e1mpara de pie y l\u00e1mpara de mesa estilo granja :<\/strong><\/h3>\n<ul data-sourcepos=\"5:1-10:0\">\n<li data-sourcepos=\"5:1-5:88\"><strong>Acabados de madera envejecida:<\/strong> Estos acabados confieren a las l\u00e1mparas un aspecto envejecido y vintage.<\/li>\n<li data-sourcepos=\"6:1-6:101\"><strong>Materiales naturales:<\/strong> La madera, el metal y el lino son los materiales m\u00e1s utilizados en las l\u00e1mparas de estilo r\u00fastico.<\/li>\n<li data-sourcepos=\"7:1-7:101\"><strong>Formas simples:<\/strong> Las l\u00edneas limpias y los dise\u00f1os sencillos son caracter\u00edsticos del estilo r\u00fastico.<\/li>\n<li data-sourcepos=\"8:1-8:98\"><strong>Colores neutros:<\/strong> El blanco, el beige, el marr\u00f3n y el gris son colores populares para las l\u00e1mparas de granja.<\/li>\n<li data-sourcepos=\"9:1-10:0\"><strong>Persianas de tela:<\/strong> A menudo de lino o algod\u00f3n, estas pantallas proporcionan una luz suave y difusa.<\/li>\n<\/ul>\n<h3 data-sourcepos=\"11:1-11:44\"><strong>D\u00f3nde encontrar juegos de l\u00e1mparas de estilo r\u00fastico:<\/strong><\/h3>\n<ul data-sourcepos=\"13:1-16:0\">\n<li data-sourcepos=\"13:1-13:98\"><strong>Tiendas de muebles:<\/strong> Muchas tiendas de muebles ofrecen diversas opciones de iluminaci\u00f3n de estilo r\u00fastico.<\/li>\n<li data-sourcepos=\"14:1-14:102\"><strong>Tiendas de decoraci\u00f3n:<\/strong> Tiendas como HomeGoods, Target y Walmart suelen tener l\u00e1mparas de estilo r\u00fastico.<\/li>\n<li data-sourcepos=\"15:1-16:0\"><strong>Minoristas en l\u00ednea:<\/strong> Sitios web como Amazon, Wayfair y Overstock ofrecen una amplia selecci\u00f3n de l\u00e1mparas de estilo r\u00fastico.<\/li>\n<\/ul>","protected":false},"excerpt":{"rendered":"<p>Tama\u00f1o del producto:\u03a6660MM*1330MM<\/p>\n<p>Peso del producto (kg):225<\/p>\n<p>N\u00famero de focos (piezas):LED<\/p>\n<p>M\u00e9todo de embalaje:Espuma+cart\u00f3n+placa de inserci\u00f3n<\/p>","protected":false},"featured_media":1749,"template":"","meta":[],"product_brand":[],"product_cat":[41],"product_tag":[],"class_list":{"0":"post-1748","1":"product","2":"type-product","3":"status-publish","4":"has-post-thumbnail","6":"product_cat-table-lamp-and-floor-lamp-1","8":"first","9":"instock","10":"shipping-taxable","11":"product-type-simple"},"_links":{"self":[{"href":"https:\/\/chandelier-yc.com\/es\/wp-json\/wp\/v2\/product\/1748"}],"collection":[{"href":"https:\/\/chandelier-yc.com\/es\/wp-json\/wp\/v2\/product"}],"about":[{"href":"https:\/\/chandelier-yc.com\/es\/wp-json\/wp\/v2\/types\/product"}],"wp:featuredmedia":[{"embeddable":true,"href":"https:\/\/chandelier-yc.com\/es\/wp-json\/wp\/v2\/media\/1749"}],"wp:attachment":[{"href":"https:\/\/chandelier-yc.com\/es\/wp-json\/wp\/v2\/media?parent=1748"}],"wp:term":[{"taxonomy":"product_brand","embeddable":true,"href":"https:\/\/chandelier-yc.com\/es\/wp-json\/wp\/v2\/product_brand?post=1748"},{"taxonomy":"product_cat","embeddable":true,"href":"https:\/\/chandelier-yc.com\/es\/wp-json\/wp\/v2\/product_cat?post=1748"},{"taxonomy":"product_tag","embeddable":true,"href":"https:\/\/chandelier-yc.com\/es\/wp-json\/wp\/v2\/product_tag?post=1748"}],"curies":[{"name":"wp","href":"https:\/\/api.w.org\/{rel}","templated":true}]}}