{"id":1750,"date":"2024-11-04T06:22:58","date_gmt":"2024-11-04T06:22:58","guid":{"rendered":"https:\/\/chandelier-yc.com\/?post_type=product&#038;p=1750"},"modified":"2024-11-04T06:22:58","modified_gmt":"2024-11-04T06:22:58","slug":"table-lamp-clear-glass-wl1107","status":"publish","type":"product","link":"https:\/\/chandelier-yc.com\/es\/manufacturer\/table-lamp-clear-glass-wl1107\/","title":{"rendered":"L\u00e1mpara de mesa Cristal transparente (WL1107)"},"content":{"rendered":"<p data-sourcepos=\"1:1-1:226\">Las l\u00e1mparas de sobremesa de cristal transparente son una opci\u00f3n popular para a\u00f1adir un toque de elegancia y sofisticaci\u00f3n a cualquier habitaci\u00f3n. Las hay de varios estilos, desde minimalistas a ornamentadas, y pueden utilizarse para crear diversos efectos de iluminaci\u00f3n.<\/p>\n<h3 data-sourcepos=\"3:1-3:67\"><strong>\u00c9stos son algunos de los beneficios de usar L\u00e1mpara de mesa de cristal transparente :<\/strong><\/h3>\n<ul data-sourcepos=\"5:1-9:0\">\n<li data-sourcepos=\"5:1-5:119\"><strong>Versatilidad:<\/strong> Las l\u00e1mparas de cristal transparente pueden complementar una amplia gama de estilos de dise\u00f1o de interiores, desde el moderno al tradicional.<\/li>\n<li data-sourcepos=\"6:1-6:128\"><strong>Difusi\u00f3n de la luz:<\/strong> El cristal transparente permite que la luz pase y se difunda uniformemente, creando un ambiente suave y acogedor.<\/li>\n<li data-sourcepos=\"7:1-7:139\"><strong>Inter\u00e9s visual:<\/strong> La transparencia del cristal puede a\u00f1adir inter\u00e9s visual a una habitaci\u00f3n, especialmente si se combina con una base o una pantalla \u00fanicas.<\/li>\n<li data-sourcepos=\"8:1-9:0\"><strong>F\u00e1cil de limpiar:<\/strong> El cristal transparente es f\u00e1cil de limpiar y mantener.<\/li>\n<\/ul>\n<h3><strong>Estos son algunos consejos para elegir la l\u00e1mpara de mesa de cristal transparente :<\/strong><\/h3>\n<ul data-sourcepos=\"12:1-16:0\">\n<li data-sourcepos=\"12:1-12:101\"><strong>Ten en cuenta el estilo de tu habitaci\u00f3n:<\/strong> Elige una l\u00e1mpara que complemente el estilo general de tu habitaci\u00f3n.<\/li>\n<li data-sourcepos=\"13:1-13:87\"><strong>Piensa en el tama\u00f1o de tu habitaci\u00f3n:<\/strong> Para una habitaci\u00f3n m\u00e1s grande puede ser necesaria una l\u00e1mpara m\u00e1s grande.<\/li>\n<li data-sourcepos=\"14:1-14:105\"><strong>Decide el tipo de luz que necesitas:<\/strong> \u00bfQuiere una luz de lectura intensa o una luz de ambiente m\u00e1s suave?<\/li>\n<li data-sourcepos=\"15:1-16:0\"><strong>Elige la altura adecuada:<\/strong> La altura de la l\u00e1mpara debe ser la adecuada para la habitaci\u00f3n y la tarea para la que quieras utilizarla.<\/li>\n<\/ul>\n<h3 data-sourcepos=\"17:1-17:60\"><strong>He aqu\u00ed algunos estilos populares de l\u00e1mparas de mesa de cristal transparente:<\/strong><\/h3>\n<ul data-sourcepos=\"19:1-23:0\">\n<li data-sourcepos=\"19:1-19:91\"><strong>Minimalista:<\/strong> Estas l\u00e1mparas presentan l\u00edneas sencillas y limpias y suelen tener una base minimalista.<\/li>\n<li data-sourcepos=\"20:1-20:96\"><strong>Art D\u00e9co:<\/strong> Estas l\u00e1mparas se caracterizan por sus formas geom\u00e9tricas y sus lujosos materiales.<\/li>\n<li data-sourcepos=\"21:1-21:73\"><strong>Tradicional:<\/strong> Estas l\u00e1mparas suelen tener bases ornamentadas y pantallas de tela.<\/li>\n<li data-sourcepos=\"22:1-23:0\"><strong>Moderno:<\/strong> Estas l\u00e1mparas presentan dise\u00f1os elegantes y contempor\u00e1neos y suelen utilizar iluminaci\u00f3n LED.<\/li>\n<\/ul>","protected":false},"excerpt":{"rendered":"<p>Tama\u00f1o del producto:\u03a61107MM*420MM<\/p>\n<p>Peso del producto (kg):149,5<\/p>\n<p>N\u00famero de focos (piezas):LED<\/p>\n<p>M\u00e9todo de embalaje:Espuma+cart\u00f3n+placa de inserci\u00f3n<\/p>","protected":false},"featured_media":1751,"template":"","meta":[],"product_brand":[],"product_cat":[42],"product_tag":[],"class_list":{"0":"post-1750","1":"product","2":"type-product","3":"status-publish","4":"has-post-thumbnail","6":"product_cat-light-up-dinner-table-1","8":"first","9":"instock","10":"shipping-taxable","11":"product-type-simple"},"_links":{"self":[{"href":"https:\/\/chandelier-yc.com\/es\/wp-json\/wp\/v2\/product\/1750"}],"collection":[{"href":"https:\/\/chandelier-yc.com\/es\/wp-json\/wp\/v2\/product"}],"about":[{"href":"https:\/\/chandelier-yc.com\/es\/wp-json\/wp\/v2\/types\/product"}],"wp:featuredmedia":[{"embeddable":true,"href":"https:\/\/chandelier-yc.com\/es\/wp-json\/wp\/v2\/media\/1751"}],"wp:attachment":[{"href":"https:\/\/chandelier-yc.com\/es\/wp-json\/wp\/v2\/media?parent=1750"}],"wp:term":[{"taxonomy":"product_brand","embeddable":true,"href":"https:\/\/chandelier-yc.com\/es\/wp-json\/wp\/v2\/product_brand?post=1750"},{"taxonomy":"product_cat","embeddable":true,"href":"https:\/\/chandelier-yc.com\/es\/wp-json\/wp\/v2\/product_cat?post=1750"},{"taxonomy":"product_tag","embeddable":true,"href":"https:\/\/chandelier-yc.com\/es\/wp-json\/wp\/v2\/product_tag?post=1750"}],"curies":[{"name":"wp","href":"https:\/\/api.w.org\/{rel}","templated":true}]}}