{"id":1752,"date":"2024-11-04T06:31:37","date_gmt":"2024-11-04T06:31:37","guid":{"rendered":"https:\/\/chandelier-yc.com\/?post_type=product&#038;p=1752"},"modified":"2024-11-04T06:31:37","modified_gmt":"2024-11-04T06:31:37","slug":"round-accent-table-with-glass-top-x20118","status":"publish","type":"product","link":"https:\/\/chandelier-yc.com\/es\/manufacturer\/round-accent-table-with-glass-top-x20118\/","title":{"rendered":"Mesa auxiliar redonda con tapa de cristal (X20118)"},"content":{"rendered":"<p data-sourcepos=\"1:1-1:183\">Mesa de centro redonda con tapa de cristal es una pieza vers\u00e1til y con estilo de los muebles que pueden a\u00f1adir un toque de elegancia a cualquier habitaci\u00f3n. Estas son algunas de las razones por las que son tan populares:<\/p>\n<h3 data-sourcepos=\"3:1-3:52\"><strong>Ventajas de una mesa auxiliar redonda con tapa de cristal:<\/strong><\/h3>\n<ul data-sourcepos=\"5:1-10:0\">\n<li data-sourcepos=\"5:1-5:139\"><strong>Atractivo visual:<\/strong> La elegante tapa de cristal transparente crea un aspecto moderno y minimalista que complementa varios estilos de dise\u00f1o de interiores.<\/li>\n<li data-sourcepos=\"6:1-6:91\"><strong>Ahorro de espacio:<\/strong> Su forma redonda y tama\u00f1o compacto facilitan su colocaci\u00f3n en espacios reducidos.<\/li>\n<li data-sourcepos=\"7:1-7:87\"><strong>Versatilidad:<\/strong> Puede utilizarse como mesa auxiliar, mesa de centro o incluso como soporte para plantas.<\/li>\n<li data-sourcepos=\"8:1-8:107\"><strong>F\u00e1cil de limpiar:<\/strong> La encimera de cristal es f\u00e1cil de limpiar, lo que la convierte en una opci\u00f3n pr\u00e1ctica para hogares ajetreados.<\/li>\n<li data-sourcepos=\"9:1-10:0\"><strong>Amplio y luminoso:<\/strong> La encimera de cristal deja pasar la luz, haciendo que la habitaci\u00f3n parezca m\u00e1s espaciosa y abierta.<\/li>\n<\/ul>\n<h3 data-sourcepos=\"11:1-11:58\"><strong>Estilos populares de Mesa de centro redonda con tapa de cristal:<\/strong><\/h3>\n<ul data-sourcepos=\"13:1-16:0\">\n<li data-sourcepos=\"13:1-13:88\"><strong>Moderno:<\/strong> L\u00edneas elegantes, dise\u00f1os minimalistas y, a menudo, bases de metal o cristal.<\/li>\n<li data-sourcepos=\"14:1-14:92\"><strong>Industrial:<\/strong> Materiales en bruto como el metal y la madera, con bombillas a la vista o pantallas en forma de jaula.<\/li>\n<li data-sourcepos=\"15:1-16:0\"><strong>Art D\u00e9co:<\/strong> Formas geom\u00e9tricas y materiales lujosos como el m\u00e1rmol o el lat\u00f3n.<\/li>\n<\/ul>\n<h3 data-sourcepos=\"17:1-17:38\"><strong>Consejos para elegir la mesa adecuada:<\/strong><\/h3>\n<ul data-sourcepos=\"19:1-23:0\">\n<li data-sourcepos=\"19:1-19:78\"><strong>Ten en cuenta el tama\u00f1o:<\/strong> Elige una mesa proporcional al tama\u00f1o de la habitaci\u00f3n.<\/li>\n<li data-sourcepos=\"20:1-20:81\"><strong>Piensa en el estilo:<\/strong> Elige una mesa que complemente tu decoraci\u00f3n actual.<\/li>\n<li data-sourcepos=\"21:1-21:96\"><strong>Compruebe el grosor del cristal:<\/strong> Una tapa de cristal m\u00e1s gruesa es m\u00e1s duradera y menos propensa a romperse.<\/li>\n<li data-sourcepos=\"22:1-23:0\"><strong>Busque caracter\u00edsticas de seguridad:<\/strong> Algunas mesas tienen bordes redondeados para evitar lesiones.\n<p data-sourcepos=\"24:1-24:125\">\n<\/li>\n<\/ul>","protected":false},"excerpt":{"rendered":"<p>Product size:L2400MM*W1000MM*H780MM<\/p>\n<p>Peso del producto (kg):324.99<\/p>\n<p>N\u00famero de focos (piezas):22<\/p>\n<p>M\u00e9todo de embalaje:Espuma+cart\u00f3n+placa de inserci\u00f3n<\/p>","protected":false},"featured_media":1753,"template":"","meta":[],"product_brand":[],"product_cat":[42],"product_tag":[],"class_list":{"0":"post-1752","1":"product","2":"type-product","3":"status-publish","4":"has-post-thumbnail","6":"product_cat-light-up-dinner-table-1","8":"first","9":"instock","10":"shipping-taxable","11":"product-type-simple"},"_links":{"self":[{"href":"https:\/\/chandelier-yc.com\/es\/wp-json\/wp\/v2\/product\/1752"}],"collection":[{"href":"https:\/\/chandelier-yc.com\/es\/wp-json\/wp\/v2\/product"}],"about":[{"href":"https:\/\/chandelier-yc.com\/es\/wp-json\/wp\/v2\/types\/product"}],"wp:featuredmedia":[{"embeddable":true,"href":"https:\/\/chandelier-yc.com\/es\/wp-json\/wp\/v2\/media\/1753"}],"wp:attachment":[{"href":"https:\/\/chandelier-yc.com\/es\/wp-json\/wp\/v2\/media?parent=1752"}],"wp:term":[{"taxonomy":"product_brand","embeddable":true,"href":"https:\/\/chandelier-yc.com\/es\/wp-json\/wp\/v2\/product_brand?post=1752"},{"taxonomy":"product_cat","embeddable":true,"href":"https:\/\/chandelier-yc.com\/es\/wp-json\/wp\/v2\/product_cat?post=1752"},{"taxonomy":"product_tag","embeddable":true,"href":"https:\/\/chandelier-yc.com\/es\/wp-json\/wp\/v2\/product_tag?post=1752"}],"curies":[{"name":"wp","href":"https:\/\/api.w.org\/{rel}","templated":true}]}}