{"id":1756,"date":"2024-11-04T06:45:20","date_gmt":"2024-11-04T06:45:20","guid":{"rendered":"https:\/\/chandelier-yc.com\/?post_type=product&#038;p=1756"},"modified":"2024-11-04T06:45:20","modified_gmt":"2024-11-04T06:45:20","slug":"clear-glass-lamp-table-x20117","status":"publish","type":"product","link":"https:\/\/chandelier-yc.com\/es\/manufacturer\/clear-glass-lamp-table-x20117\/","title":{"rendered":"L\u00e1mpara de mesa de cristal transparente (X20117)"},"content":{"rendered":"<p data-sourcepos=\"1:1-1:170\">La mesa l\u00e1mpara de cristal transparente es un mueble vers\u00e1til y con estilo que puede a\u00f1adir un toque de elegancia a cualquier habitaci\u00f3n. Estas son algunas de las razones por las que son tan populares:<\/p>\n<h3 data-sourcepos=\"3:1-3:41\"><strong>Ventajas de una mesa l\u00e1mpara de cristal transparente:<\/strong><\/h3>\n<ul data-sourcepos=\"5:1-9:0\">\n<li data-sourcepos=\"5:1-5:119\"><strong>Versatilidad:<\/strong> Las l\u00e1mparas de cristal transparente pueden complementar una amplia gama de estilos de dise\u00f1o de interiores, desde el moderno al tradicional.<\/li>\n<li data-sourcepos=\"6:1-6:128\"><strong>Difusi\u00f3n de la luz:<\/strong> El cristal transparente permite que la luz pase y se difunda uniformemente, creando un ambiente suave y acogedor.<\/li>\n<li data-sourcepos=\"7:1-7:139\"><strong>Inter\u00e9s visual:<\/strong> La transparencia del cristal puede a\u00f1adir inter\u00e9s visual a una habitaci\u00f3n, especialmente si se combina con una base o una pantalla \u00fanicas.<\/li>\n<li data-sourcepos=\"8:1-9:0\"><strong>F\u00e1cil de limpiar:<\/strong> El cristal transparente es f\u00e1cil de limpiar y mantener.<\/li>\n<\/ul>\n<h3 data-sourcepos=\"10:1-10:46\"><strong>Estilos populares de l\u00e1mparas de mesa de cristal transparente:<\/strong><\/h3>\n<ul data-sourcepos=\"12:1-16:0\">\n<li data-sourcepos=\"12:1-12:91\"><strong>Minimalista:<\/strong> Estas l\u00e1mparas presentan l\u00edneas sencillas y limpias y suelen tener una base minimalista.<\/li>\n<li data-sourcepos=\"13:1-13:96\"><strong>Art D\u00e9co:<\/strong> Estas l\u00e1mparas se caracterizan por sus formas geom\u00e9tricas y sus lujosos materiales.<\/li>\n<li data-sourcepos=\"14:1-14:73\"><strong>Tradicional:<\/strong> Estas l\u00e1mparas suelen tener bases ornamentadas y pantallas de tela.<\/li>\n<li data-sourcepos=\"15:1-16:0\"><strong>Moderno:<\/strong> Estas l\u00e1mparas presentan dise\u00f1os elegantes y contempor\u00e1neos y suelen utilizar iluminaci\u00f3n LED.<\/li>\n<\/ul>","protected":false},"excerpt":{"rendered":"<p>Product size:L1350MM*W860MM*H415MM<\/p>\n<p>Peso del producto (kg):133,4<\/p>\n<p>N\u00famero de focos (piezas):16<\/p>\n<p>M\u00e9todo de embalaje:Espuma+cart\u00f3n+placa de inserci\u00f3n<\/p>","protected":false},"featured_media":1757,"template":"","meta":[],"product_brand":[],"product_cat":[42],"product_tag":[],"class_list":{"0":"post-1756","1":"product","2":"type-product","3":"status-publish","4":"has-post-thumbnail","6":"product_cat-light-up-dinner-table-1","8":"first","9":"instock","10":"shipping-taxable","11":"product-type-simple"},"_links":{"self":[{"href":"https:\/\/chandelier-yc.com\/es\/wp-json\/wp\/v2\/product\/1756"}],"collection":[{"href":"https:\/\/chandelier-yc.com\/es\/wp-json\/wp\/v2\/product"}],"about":[{"href":"https:\/\/chandelier-yc.com\/es\/wp-json\/wp\/v2\/types\/product"}],"wp:featuredmedia":[{"embeddable":true,"href":"https:\/\/chandelier-yc.com\/es\/wp-json\/wp\/v2\/media\/1757"}],"wp:attachment":[{"href":"https:\/\/chandelier-yc.com\/es\/wp-json\/wp\/v2\/media?parent=1756"}],"wp:term":[{"taxonomy":"product_brand","embeddable":true,"href":"https:\/\/chandelier-yc.com\/es\/wp-json\/wp\/v2\/product_brand?post=1756"},{"taxonomy":"product_cat","embeddable":true,"href":"https:\/\/chandelier-yc.com\/es\/wp-json\/wp\/v2\/product_cat?post=1756"},{"taxonomy":"product_tag","embeddable":true,"href":"https:\/\/chandelier-yc.com\/es\/wp-json\/wp\/v2\/product_tag?post=1756"}],"curies":[{"name":"wp","href":"https:\/\/api.w.org\/{rel}","templated":true}]}}