{"id":1885,"date":"2024-11-07T02:05:46","date_gmt":"2024-11-07T02:05:46","guid":{"rendered":"https:\/\/chandelier-yc.com\/?page_id=1885"},"modified":"2024-11-27T03:44:15","modified_gmt":"2024-11-27T03:44:15","slug":"hanging-chandelier","status":"publish","type":"page","link":"https:\/\/chandelier-yc.com\/fr\/hanging-chandelier\/","title":{"rendered":"Produits"},"content":{"rendered":"<div class=\"banner has-hover has-parallax\" id=\"banner-1019361927\">\n          <div class=\"banner-inner fill\">\n        <div class=\"banner-bg fill\" data-parallax=\"-3\" data-parallax-container=\".banner\" data-parallax-background>\n            <div class=\"bg fill bg-fill\"><\/div>\n                                    \n                    <\/div>\n\t\t\n        <div class=\"banner-layers container\">\n            <div class=\"fill banner-link\"><\/div>            \n   <div id=\"text-box-928065596\" class=\"text-box banner-layer x50 md-x10 lg-x10 y50 md-y50 lg-y50 res-text\">\n                     <div data-animate=\"fadeInLeft\">           <div class=\"text-box-content text dark\">\n              \n              <div class=\"text-inner text-center\">\n                  \n\t<div id=\"text-4102303963\" class=\"text\">\n\t\t\n<h1>Lustre suspendu<\/h1>\n\t\t\n<style>\n#text-4102303963 {\n  color: rgb(255,255,255);\n}\n#text-4102303963 > * {\n  color: rgb(255,255,255);\n}\n<\/style>\n\t<\/div>\n\t\n              <\/div>\n           <\/div>\n       <\/div>                     \n<style>\n#text-box-928065596 {\n  width: 80%;\n}\n#text-box-928065596 .text-box-content {\n  font-size: 100%;\n}\n@media (min-width:550px) {\n  #text-box-928065596 {\n    width: 72%;\n  }\n}\n<\/style>\n    <\/div>\n \n        <\/div>\n      <\/div>\n\n            \n<style>\n#banner-1019361927 {\n  padding-top: 35.25%;\n}\n#banner-1019361927 .bg.bg-loaded {\n  background-image: url(https:\/\/chandelier-yc.com\/wp-content\/uploads\/2024\/11\/800-scaled.jpg);\n}\n#banner-1019361927 .overlay {\n  background-color: rgba(0, 0, 0, 0.3);\n}\n#banner-1019361927 .bg {\n  background-position: 86% 100%;\n}\n<\/style>\n  <\/div>\n\n\n\t<section class=\"section\" id=\"section_1218021534\">\n\t\t<div class=\"bg section-bg fill bg-fill  bg-loaded\" >\n\n\t\t\t\n\t\t\t\n\t\t\t\n\n\t\t<\/div>\n\n\t\t\n\n\t\t<div class=\"section-content relative\">\n\t\t\t\n<div class=\"row\"  id=\"row-1802512419\">\n\n\t<div id=\"col-723148907\" class=\"col medium-6 small-12 large-6\"  >\n\t\t\t\t<div class=\"col-inner\"  >\n\t\t\t\n\t\t\t\n<h2 style=\"text-align: left;\">Lustres suspendus - Le summum de l'\u00e9l\u00e9gance intemporelle<\/h2>\n<p data-sourcepos=\"3:1-3:198\">Un lustre suspendu est un appareil d'\u00e9clairage classique qui peut rehausser l'ambiance de n'importe quelle pi\u00e8ce. Il est g\u00e9n\u00e9ralement suspendu au plafond et comporte souvent plusieurs sources lumineuses et des motifs complexes.<\/p>\n<p data-sourcepos=\"5:1-5:40\"><strong>Caract\u00e9ristiques principales des lustres suspendus :<\/strong><\/p>\n<ul data-sourcepos=\"7:1-11:0\">\n<li data-sourcepos=\"7:1-7:117\"><strong>Conception polyvalente :<\/strong> Disponible dans diff\u00e9rents styles, du traditionnel au moderne, pour s'adapter aux diff\u00e9rentes pr\u00e9f\u00e9rences en mati\u00e8re de d\u00e9coration.<\/li>\n<li data-sourcepos=\"8:1-8:117\"><strong>\u00c9clairage \u00e9l\u00e9gant :<\/strong> Cr\u00e9e une atmosph\u00e8re chaleureuse et accueillante, parfaite pour les salles \u00e0 manger, les salons et les chambres \u00e0 coucher.<\/li>\n<li data-sourcepos=\"9:1-9:71\"><strong>Sources lumineuses multiples :<\/strong> Fournit un \u00e9clairage suffisant pour la pi\u00e8ce.<\/li>\n<li data-sourcepos=\"10:1-11:0\"><strong>Personnalisable :<\/strong> Peut \u00eatre personnalis\u00e9 avec diff\u00e9rentes finitions, mat\u00e9riaux et ampoules pour s'adapter \u00e0 vos go\u00fbts personnels.<\/li>\n<\/ul>\n\t\t<\/div>\n\t\t\t\t\t<\/div>\n\n\t\n\n\t<div id=\"col-1019649884\" class=\"col medium-6 small-12 large-6\"  >\n\t\t\t\t<div class=\"col-inner\"  >\n\t\t\t\n\t\t\t\n\t<div class=\"img has-hover x md-x lg-x y md-y lg-y\" id=\"image_1968840909\">\n\t\t<a class=\"\" href=\"https:\/\/chandelier-yc.com\/fr\/manufacturer\/chandelier-large-crystal-\uff08at930\uff09\/\" >\t\t\t\t\t\t<div class=\"img-inner image-cover dark\" style=\"padding-top:75%;\">\n\t\t\t<img loading=\"lazy\" decoding=\"async\" width=\"1920\" height=\"812\" src=\"https:\/\/chandelier-yc.com\/wp-content\/uploads\/2024\/11\/565.jpg\" class=\"attachment-original size-original\" alt=\"Produits du fabricant de lustres\" srcset=\"https:\/\/chandelier-yc.com\/wp-content\/uploads\/2024\/11\/565.jpg 1920w, https:\/\/chandelier-yc.com\/wp-content\/uploads\/2024\/11\/565-300x127.jpg 300w, https:\/\/chandelier-yc.com\/wp-content\/uploads\/2024\/11\/565-1024x433.jpg 1024w, https:\/\/chandelier-yc.com\/wp-content\/uploads\/2024\/11\/565-768x325.jpg 768w, https:\/\/chandelier-yc.com\/wp-content\/uploads\/2024\/11\/565-1536x650.jpg 1536w, https:\/\/chandelier-yc.com\/wp-content\/uploads\/2024\/11\/565-18x8.jpg 18w, https:\/\/chandelier-yc.com\/wp-content\/uploads\/2024\/11\/565-600x254.jpg 600w\" sizes=\"(max-width: 1920px) 100vw, 1920px\" title=\"\">\t\t\t\t\t\t\n\t\t\t\t\t<\/div>\n\t\t\t\t\t\t<\/a>\t\t\n<style>\n#image_1968840909 {\n  width: 100%;\n}\n<\/style>\n\t<\/div>\n\t\n\t\t<\/div>\n\t\t\t\t\t<\/div>\n\n\t\n<\/div>\n\t\t<\/div>\n\n\t\t\n<style>\n#section_1218021534 {\n  padding-top: 30px;\n  padding-bottom: 30px;\n}\n<\/style>\n\t<\/section>\n\t\n\t<section class=\"section\" id=\"section_1561010060\">\n\t\t<div class=\"bg section-bg fill bg-fill  bg-loaded\" >\n\n\t\t\t\n\t\t\t\n\t\t\t\n\n\t\t<\/div>\n\n\t\t\n\n\t\t<div class=\"section-content relative\">\n\t\t\t\n<div class=\"row\"  id=\"row-1821186028\">\n\n\t<div id=\"col-96843303\" class=\"col small-12 large-12\"  >\n\t\t\t\t<div class=\"col-inner\"  >\n\t\t\t\n\t\t\t\n<h2 style=\"text-align: center;\">Personnalisez votre lustre suspendu id\u00e9al<\/h2>\n\t\t<\/div>\n\t\t\t\t\t<\/div>\n\n\t\n<\/div>\n<div class=\"row\"  id=\"row-1949041742\">\n\n\t<div id=\"col-2073022410\" class=\"col medium-6 small-12 large-6\"  >\n\t\t\t\t<div class=\"col-inner\"  >\n\t\t\t\n\t\t\t\n\t<div class=\"img has-hover x md-x lg-x y md-y lg-y\" id=\"image_450758802\">\n\t\t\t\t\t\t\t\t<div class=\"img-inner dark\" >\n\t\t\t<img loading=\"lazy\" decoding=\"async\" width=\"1020\" height=\"765\" src=\"https:\/\/chandelier-yc.com\/wp-content\/uploads\/2024\/11\/Tropika-club_-Best-Lighting-Shops-in-Singapore-1-1024x768.jpg\" class=\"attachment-large size-large\" alt=\"Fabricant de lustres\" srcset=\"https:\/\/chandelier-yc.com\/wp-content\/uploads\/2024\/11\/Tropika-club_-Best-Lighting-Shops-in-Singapore-1-1024x768.jpg 1024w, https:\/\/chandelier-yc.com\/wp-content\/uploads\/2024\/11\/Tropika-club_-Best-Lighting-Shops-in-Singapore-1-300x225.jpg 300w, https:\/\/chandelier-yc.com\/wp-content\/uploads\/2024\/11\/Tropika-club_-Best-Lighting-Shops-in-Singapore-1-768x576.jpg 768w, https:\/\/chandelier-yc.com\/wp-content\/uploads\/2024\/11\/Tropika-club_-Best-Lighting-Shops-in-Singapore-1-1536x1152.jpg 1536w, https:\/\/chandelier-yc.com\/wp-content\/uploads\/2024\/11\/Tropika-club_-Best-Lighting-Shops-in-Singapore-1-16x12.jpg 16w, https:\/\/chandelier-yc.com\/wp-content\/uploads\/2024\/11\/Tropika-club_-Best-Lighting-Shops-in-Singapore-1-600x450.jpg 600w, https:\/\/chandelier-yc.com\/wp-content\/uploads\/2024\/11\/Tropika-club_-Best-Lighting-Shops-in-Singapore-1.jpg 2048w\" sizes=\"(max-width: 1020px) 100vw, 1020px\" title=\"\">\t\t\t\t\t\t\n\t\t\t\t\t<\/div>\n\t\t\t\t\t\t\t\t\n<style>\n#image_450758802 {\n  width: 100%;\n}\n<\/style>\n\t<\/div>\n\t\n<p data-sourcepos=\"13:1-13:28\"><strong>3. Large gamme de styles :<\/strong><\/p>\n<ul data-sourcepos=\"14:1-16:0\">\n<li data-sourcepos=\"14:1-14:112\"><strong>Options polyvalentes :<\/strong> Choisissez parmi une vari\u00e9t\u00e9 de styles, dont le traditionnel, le moderne, le rustique et l'industriel.<\/li>\n<li data-sourcepos=\"15:1-16:0\"><strong>Conceptions adaptables :<\/strong> Les fabricants peuvent adapter des mod\u00e8les classiques au go\u00fbt du jour ou cr\u00e9er des pi\u00e8ces contemporaines innovantes.<\/li>\n<\/ul>\n<p>.<strong>4. Efficacit\u00e9 \u00e9nerg\u00e9tique :<\/strong><\/p>\n<ul data-sourcepos=\"18:1-20:0\">\n<li data-sourcepos=\"18:1-18:118\"><strong>Int\u00e9gration des LED :<\/strong> De nombreux fabricants int\u00e8grent la technologie d'\u00e9clairage LED \u00e9conome en \u00e9nergie dans leurs lustres.<\/li>\n<li data-sourcepos=\"19:1-20:0\"><strong>Options de gradation :<\/strong> Les lustres \u00e0 variateur de lumi\u00e8re permettent de r\u00e9gler la luminosit\u00e9 en fonction de l'humeur et des activit\u00e9s.<\/li>\n<\/ul>\n\t\t<\/div>\n\t\t\t\t\t<\/div>\n\n\t\n\n\t<div id=\"col-1393108017\" class=\"col medium-6 small-12 large-6\"  >\n\t\t\t\t<div class=\"col-inner\"  >\n\t\t\t\n\t\t\t\n<p data-sourcepos=\"5:1-5:26\"><strong>1. Mod\u00e8les personnalis\u00e9s :<\/strong><\/p>\n<ul data-sourcepos=\"6:1-8:0\">\n<li data-sourcepos=\"6:1-6:148\"><strong>Adapt\u00e9 \u00e0 votre vision :<\/strong> Les fabricants peuvent cr\u00e9er des mod\u00e8les sur mesure pour r\u00e9pondre \u00e0 vos pr\u00e9f\u00e9rences sp\u00e9cifiques, garantissant ainsi une adaptation parfaite \u00e0 votre int\u00e9rieur.<\/li>\n<li data-sourcepos=\"7:1-8:0\"><strong>Une esth\u00e9tique unique :<\/strong> Du classique au contemporain, les fabricants peuvent donner vie \u00e0 vos id\u00e9es de design.<\/li>\n<\/ul>\n<p data-sourcepos=\"9:1-9:30\"><strong>2. Mat\u00e9riaux de haute qualit\u00e9 :<\/strong><\/p>\n<ul data-sourcepos=\"10:1-12:0\">\n<li data-sourcepos=\"10:1-10:141\"><strong>Composants de premi\u00e8re qualit\u00e9 :<\/strong> Les fabricants s'approvisionnent souvent en mat\u00e9riaux de haute qualit\u00e9, tels que le cristal, le verre et le m\u00e9tal, afin de garantir la durabilit\u00e9 et l'\u00e9l\u00e9gance de leurs produits.<\/li>\n<li data-sourcepos=\"11:1-12:0\"><strong>Un savoir-faire exquis :<\/strong> Des artisans qualifi\u00e9s fabriquent m\u00e9ticuleusement chaque lustre \u00e0 la main, en pr\u00eatant attention \u00e0 chaque d\u00e9tail.<\/li>\n<\/ul>\n<p>.<\/p>\n\t<div id=\"gap-1328612178\" class=\"gap-element clearfix\" style=\"display:block; height:auto;\">\n\t\t\n<style>\n#gap-1328612178 {\n  padding-top: 30px;\n}\n<\/style>\n\t<\/div>\n\t\n\t<div class=\"img has-hover x md-x lg-x y md-y lg-y\" id=\"image_725032106\">\n\t\t\t\t\t\t\t\t<div class=\"img-inner dark\" >\n\t\t\t<img loading=\"lazy\" decoding=\"async\" width=\"600\" height=\"362\" src=\"https:\/\/chandelier-yc.com\/wp-content\/uploads\/2024\/11\/2165.jpg\" class=\"attachment-large size-large\" alt=\"Fabricant de lustres\" srcset=\"https:\/\/chandelier-yc.com\/wp-content\/uploads\/2024\/11\/2165.jpg 600w, https:\/\/chandelier-yc.com\/wp-content\/uploads\/2024\/11\/2165-300x181.jpg 300w, https:\/\/chandelier-yc.com\/wp-content\/uploads\/2024\/11\/2165-18x12.jpg 18w\" sizes=\"(max-width: 600px) 100vw, 600px\" title=\"\">\t\t\t\t\t\t\n\t\t\t\t\t<\/div>\n\t\t\t\t\t\t\t\t\n<style>\n#image_725032106 {\n  width: 100%;\n}\n<\/style>\n\t<\/div>\n\t\n\t\t<\/div>\n\t\t\t\t\t<\/div>\n\n\t\n<\/div>\n\t\t<\/div>\n\n\t\t\n<style>\n#section_1561010060 {\n  padding-top: 30px;\n  padding-bottom: 30px;\n  background-color: rgba(187, 190, 193, 0.308);\n}\n<\/style>\n\t<\/section>\n\t\n\t<section class=\"section\" id=\"section_645649994\">\n\t\t<div class=\"bg section-bg fill bg-fill  bg-loaded\" >\n\n\t\t\t\n\t\t\t\n\t\t\t\n\n\t\t<\/div>\n\n\t\t\n\n\t\t<div class=\"section-content relative\">\n\t\t\t\n<div class=\"row\"  id=\"row-1626235350\">\n\n\t<div id=\"col-1423681724\" class=\"col medium-6 small-12 large-6\"  >\n\t\t\t\t<div class=\"col-inner\"  >\n\t\t\t\n\t\t\t\n\t<div class=\"img has-hover x md-x lg-x y md-y lg-y\" id=\"image_1840857714\">\n\t\t\t\t\t\t\t\t<div class=\"img-inner image-cover dark\" style=\"padding-top:75%;\">\n\t\t\t<img loading=\"lazy\" decoding=\"async\" width=\"720\" height=\"720\" src=\"https:\/\/chandelier-yc.com\/wp-content\/uploads\/2024\/11\/wall-lamp.webp\" class=\"attachment-original size-original\" alt=\"lampe murale\" srcset=\"https:\/\/chandelier-yc.com\/wp-content\/uploads\/2024\/11\/wall-lamp.webp 720w, https:\/\/chandelier-yc.com\/wp-content\/uploads\/2024\/11\/wall-lamp-300x300.webp 300w, https:\/\/chandelier-yc.com\/wp-content\/uploads\/2024\/11\/wall-lamp-150x150.webp 150w, https:\/\/chandelier-yc.com\/wp-content\/uploads\/2024\/11\/wall-lamp-12x12.webp 12w, https:\/\/chandelier-yc.com\/wp-content\/uploads\/2024\/11\/wall-lamp-600x600.webp 600w, https:\/\/chandelier-yc.com\/wp-content\/uploads\/2024\/11\/wall-lamp-100x100.webp 100w\" sizes=\"(max-width: 720px) 100vw, 720px\" title=\"\">\t\t\t\t\t\t\n\t\t\t\t\t<\/div>\n\t\t\t\t\t\t\t\t\n<style>\n#image_1840857714 {\n  width: 100%;\n}\n<\/style>\n\t<\/div>\n\t\n\t\t<\/div>\n\t\t\t\t\t<\/div>\n\n\t\n\n\t<div id=\"col-927214642\" class=\"col medium-6 small-12 large-6\"  >\n\t\t\t\t<div class=\"col-inner\"  >\n\t\t\t\n\t\t\t\n<h2 data-sourcepos=\"1:1-1:57\">Lampes murales : Une solution d'\u00e9clairage \u00e9l\u00e9gante et fonctionnelle<\/h2>\n<p data-sourcepos=\"3:1-3:226\">Les lampes murales, \u00e9galement appel\u00e9es appliques, sont des luminaires polyvalents qui peuvent ajouter du style et de la fonctionnalit\u00e9 \u00e0 n'importe quelle pi\u00e8ce. Elles sont parfaites pour mettre en valeur des zones sp\u00e9cifiques, fournir un \u00e9clairage d'ambiance ou cr\u00e9er une atmosph\u00e8re confortable.<\/p>\n<p data-sourcepos=\"12:1-12:38\"><strong>Applications courantes des lampes murales :<\/strong><\/p>\n<ul data-sourcepos=\"14:1-18:0\">\n<li data-sourcepos=\"14:1-14:89\"><strong>Salles de s\u00e9jour :<\/strong> Utilis\u00e9 pour mettre en valeur les \u0153uvres d'art, les coins lecture ou pour cr\u00e9er un \u00e9clairage d'ambiance.<\/li>\n<li data-sourcepos=\"15:1-15:76\"><strong>Chambres \u00e0 coucher :<\/strong> Id\u00e9al pour la lecture de chevet ou pour cr\u00e9er une atmosph\u00e8re de d\u00e9tente.<\/li>\n<li data-sourcepos=\"16:1-16:85\"><strong>Couloirs et corridors :<\/strong> Fournit un \u00e9clairage d'ambiance et ajoute une touche d'\u00e9l\u00e9gance.<\/li>\n<li data-sourcepos=\"17:1-18:0\"><strong>Salles de bains :<\/strong> Utilis\u00e9 pour \u00e9clairer les meubles-lavabos et cr\u00e9er une ambiance de spa.<\/li>\n<\/ul>\n\t\t<\/div>\n\t\t\t\t\t<\/div>\n\n\t\n<\/div>\n\t\t<\/div>\n\n\t\t\n<style>\n#section_645649994 {\n  padding-top: 30px;\n  padding-bottom: 30px;\n}\n<\/style>\n\t<\/section>\n\t\n\t<section class=\"section\" id=\"section_782994267\">\n\t\t<div class=\"bg section-bg fill bg-fill\" >\n\n\t\t\t\n\t\t\t<div class=\"section-bg-overlay absolute fill\"><\/div>\n\t\t\t\n\n\t\t<\/div>\n\n\t\t\n\n\t\t<div class=\"section-content relative\">\n\t\t\t\n<div class=\"row\"  id=\"row-1178876351\">\n\n\t<div id=\"col-738183281\" class=\"col small-12 large-12\"  >\n\t\t\t\t<div class=\"col-inner\"  >\n\t\t\t\n\t\t\t\n<div class=\"row\"  id=\"row-1949990448\">\n\n\t<div id=\"col-1688265085\" class=\"col small-12 large-12\"  >\n\t\t\t\t<div class=\"col-inner\"  >\n\t\t\t\n\t\t\t\n\t<div id=\"text-4212865051\" class=\"text\">\n\t\t\n<h2 style=\"text-align: center;\">Nous contacter<\/h2>\n\t\t\n<style>\n#text-4212865051 {\n  color: rgb(255,255,255);\n}\n#text-4212865051 > * {\n  color: rgb(255,255,255);\n}\n<\/style>\n\t<\/div>\n\t\n\t\t<\/div>\n\t\t\t\t\t<\/div>\n\n\t\n<\/div>\n\n<div class=\"wpcf7 no-js\" id=\"wpcf7-f280-o1\" lang=\"en-US\" dir=\"ltr\" data-wpcf7-id=\"280\">\n<div class=\"screen-reader-response\"><p role=\"status\" aria-live=\"polite\" aria-atomic=\"true\"><\/p> <ul><\/ul><\/div>\n<form action=\"\/fr\/wp-json\/wp\/v2\/pages\/1885#wpcf7-f280-o1\" method=\"post\" class=\"wpcf7-form init\" aria-label=\"Formulaire de contact\" novalidate=\"novalidate\" data-status=\"init\" data-trp-original-action=\"\/fr\/wp-json\/wp\/v2\/pages\/1885#wpcf7-f280-o1\">\n<div style=\"display: none;\">\n<input type=\"hidden\" name=\"_wpcf7\" value=\"280\" \/>\n<input type=\"hidden\" name=\"_wpcf7_version\" value=\"6.0.6\" \/>\n<input type=\"hidden\" name=\"_wpcf7_locale\" value=\"en_US\" \/>\n<input type=\"hidden\" name=\"_wpcf7_unit_tag\" value=\"wpcf7-f280-o1\" \/>\n<input type=\"hidden\" name=\"_wpcf7_container_post\" value=\"0\" \/>\n<input type=\"hidden\" name=\"_wpcf7_posted_data_hash\" value=\"\" \/>\n<\/div>\n<div class='custom_contact_style'>\n\t<div class=\"row row-small\">\n\t\t<div class=\"col medium-6 small-12 large-6\">\n\t\t\t<div class=\"col-inner\">\n\t\t\t\t<p><span class=\"wpcf7-form-control-wrap\" data-name=\"your-name\"><input size=\"40\" maxlength=\"400\" class=\"wpcf7-form-control wpcf7-text wpcf7-validates-as-required\" aria-required=\"true\" aria-invalid=\"false\" placeholder=\"Nom*\" value=\"\" type=\"text\" name=\"your-name\" \/><\/span>\n\t\t\t\t<\/p>\n\t\t\t<\/div>\n\t\t<\/div>\n\t\t<div class=\"col medium-6 small-12 large-6\">\n\t\t\t<div class=\"col-inner\">\n\t\t\t\t<p><span class=\"wpcf7-form-control-wrap\" data-name=\"your-email\"><input size=\"40\" maxlength=\"400\" class=\"wpcf7-form-control wpcf7-email wpcf7-validates-as-required wpcf7-text wpcf7-validates-as-email\" aria-required=\"true\" aria-invalid=\"false\" placeholder=\"Courriel*\" value=\"\" type=\"email\" name=\"your-email\" \/><\/span>\n\t\t\t\t<\/p>\n\t\t\t<\/div>\n\t\t<\/div>\n\t<\/div>\n\t<div class='cus_contact_form_bottom'>\n\t\t<p><span class=\"wpcf7-form-control-wrap\" data-name=\"your-phone\"><input size=\"40\" maxlength=\"400\" class=\"wpcf7-form-control wpcf7-text\" aria-invalid=\"false\" placeholder=\"T\u00e9l\u00e9phone\" value=\"\" type=\"text\" name=\"your-phone\" \/><\/span>\n\t\t<\/p>\n\t<\/div>\n\t<div class='cus_contact_form_bottom'>\n\t\t<p><span class=\"wpcf7-form-control-wrap\" data-name=\"your-country\"><input size=\"40\" maxlength=\"400\" class=\"wpcf7-form-control wpcf7-text\" aria-invalid=\"false\" placeholder=\"Pays\" value=\"\" type=\"text\" name=\"your-country\" \/><\/span>\n\t\t<\/p>\n\t<\/div>\n\t<p><span class=\"wpcf7-form-control-wrap\" data-name=\"your-message\"><textarea cols=\"40\" rows=\"10\" maxlength=\"2000\" class=\"wpcf7-form-control wpcf7-textarea wpcf7-validates-as-required\" aria-required=\"true\" aria-invalid=\"false\" placeholder=\"Votre message *\" name=\"your-message\"><\/textarea><\/span>\n\t<\/p>\n\t<div style=\"margin-bottom:10px;\">\n\t\t<p><span class=\"wpcf7-form-control-wrap kc_captcha cf7ic-toggle\" data-name=\"kc_captcha\"><span class=\"wpcf7-form-control wpcf7-radio\"><span class=\"captcha-image\" style=\"display: none;\"><span class=\"cf7ic_instructions\">Veuillez prouver que vous \u00eates un \u00eatre humain en s\u00e9lectionnant le<span> camion<\/span>.<\/span><label><input aria-label=\"1\" type=\"radio\" name=\"kc_captcha\" value=\"bot\" \/><svg aria-hidden=\"true\" role=\"img\" xmlns=\"http:\/\/www.w3.org\/2000\/svg\" viewbox=\"0 0 576 512\"><path fill=\"currentColor\" d=\"M415 24c-53 0-103 42-127 65-24-23-74-65-127-65C70 24 16 77 16 166c0 72 67 133 69 135l187 181c9 8 23 8 32 0l187-180c2-3 69-64 69-136 0-89-54-142-145-142z\"\/><\/svg><\/label><label><input aria-label=\"2\" type=\"radio\" name=\"kc_captcha\" value=\"bot\" \/><svg aria-hidden=\"true\" role=\"img\" xmlns=\"http:\/\/www.w3.org\/2000\/svg\" viewbox=\"0 0 576 512\"><path fill=\"currentColor\" d=\"M488 313v143c0 13-11 24-24 24H348c-7 0-12-5-12-12V356c0-7-5-12-12-12h-72c-7 0-12 5-12 12v112c0 7-5 12-12 12H112c-13 0-24-11-24-24V313c0-4 2-7 4-10l188-154c5-4 11-4 16 0l188 154c2 3 4 6 4 10zm84-61l-84-69V44c0-6-5-12-12-12h-56c-7 0-12 6-12 12v73l-89-74a48 48 0 00-61 0L4 252c-5 4-5 12-1 17l25 31c5 5 12 5 17 1l235-193c5-4 11-4 16 0l235 193c5 5 13 4 17-1l25-31c4-6 4-13-1-17z\"\/><\/svg><\/label><label><input aria-label=\"3\" type=\"radio\" name=\"kc_captcha\" value=\"kc_human\" \/><svg aria-hidden=\"true\" role=\"img\" xmlns=\"http:\/\/www.w3.org\/2000\/svg\" viewbox=\"0 0 640 512\"><path fill=\"currentColor\" d=\"M624 352h-16V244c0-13-5-25-14-34L494 110c-9-9-21-14-34-14h-44V48c0-26-21-48-48-48H48C22 0 0 22 0 48v320c0 27 22 48 48 48h16a96 96 0 00192 0h128a96 96 0 00192 0h48c9 0 16-7 16-16v-32c0-9-7-16-16-16zM160 464a48 48 0 110-96 48 48 0 010 96zm320 0a48 48 0 110-96 48 48 0 010 96zm80-208H416V144h44l100 100v12z\"\/><\/svg><\/label>\r\n    <\/span>\r\n    <span style=\"display:none\">\r\n        <input type=\"text\" name=\"kc_honeypot\">\r\n    <\/span><\/span><\/span>\n\t\t<\/p>\n\t<\/div>\n\t<p><input class=\"wpcf7-form-control wpcf7-submit has-spinner\" type=\"submit\" value=\"Envoyer un message\" \/>\n\t<\/p>\n<\/div><div class=\"wpcf7-response-output\" aria-hidden=\"true\"><\/div>\n<input type=\"hidden\" name=\"trp-form-language\" value=\"fr\"\/><\/form>\n<\/div>\n\n\t\t<\/div>\n\t\t\t\t\t<\/div>\n\n\t\n<\/div>\n\t\t<\/div>\n\n\t\t\n<style>\n#section_782994267 {\n  padding-top: 30px;\n  padding-bottom: 30px;\n}\n#section_782994267 .section-bg-overlay {\n  background-color: rgba(0, 0, 0, 0.308);\n}\n#section_782994267 .section-bg.bg-loaded {\n  background-image: url(https:\/\/chandelier-yc.com\/wp-content\/uploads\/2023\/05\/20230526183003.webp);\n}\n#section_782994267 .section-bg {\n  background-position: 46% 41%;\n}\n<\/style>\n\t<\/section>","protected":false},"excerpt":{"rendered":"","protected":false},"author":3,"featured_media":2014,"parent":0,"menu_order":0,"comment_status":"closed","ping_status":"closed","template":"page-blank.php","meta":{"footnotes":""},"class_list":["post-1885","page","type-page","status-publish","has-post-thumbnail","hentry"],"_links":{"self":[{"href":"https:\/\/chandelier-yc.com\/fr\/wp-json\/wp\/v2\/pages\/1885"}],"collection":[{"href":"https:\/\/chandelier-yc.com\/fr\/wp-json\/wp\/v2\/pages"}],"about":[{"href":"https:\/\/chandelier-yc.com\/fr\/wp-json\/wp\/v2\/types\/page"}],"author":[{"embeddable":true,"href":"https:\/\/chandelier-yc.com\/fr\/wp-json\/wp\/v2\/users\/3"}],"replies":[{"embeddable":true,"href":"https:\/\/chandelier-yc.com\/fr\/wp-json\/wp\/v2\/comments?post=1885"}],"version-history":[{"count":41,"href":"https:\/\/chandelier-yc.com\/fr\/wp-json\/wp\/v2\/pages\/1885\/revisions"}],"predecessor-version":[{"id":2115,"href":"https:\/\/chandelier-yc.com\/fr\/wp-json\/wp\/v2\/pages\/1885\/revisions\/2115"}],"wp:featuredmedia":[{"embeddable":true,"href":"https:\/\/chandelier-yc.com\/fr\/wp-json\/wp\/v2\/media\/2014"}],"wp:attachment":[{"href":"https:\/\/chandelier-yc.com\/fr\/wp-json\/wp\/v2\/media?parent=1885"}],"curies":[{"name":"wp","href":"https:\/\/api.w.org\/{rel}","templated":true}]}}