{"id":513,"date":"2023-03-13T07:20:57","date_gmt":"2023-03-13T07:20:57","guid":{"rendered":"https:\/\/chandelier-yc.com\/?page_id=513"},"modified":"2024-11-28T03:10:03","modified_gmt":"2024-11-28T03:10:03","slug":"services","status":"publish","type":"page","link":"https:\/\/chandelier-yc.com\/fr\/services\/","title":{"rendered":"Services"},"content":{"rendered":"<div class=\"banner has-hover\" id=\"banner-284565131\">\n          <div class=\"banner-inner fill\">\n        <div class=\"banner-bg fill\" >\n            <div class=\"bg fill bg-fill\"><\/div>\n                        <div class=\"overlay\"><\/div>            \n                    <\/div>\n\t\t\n        <div class=\"banner-layers container\">\n            <div class=\"fill banner-link\"><\/div>            \n   <div id=\"text-box-1149478829\" class=\"text-box banner-layer x5 md-x5 lg-x95 y50 md-y50 lg-y50 res-text\">\n                                <div class=\"text-box-content text dark\">\n              \n              <div class=\"text-inner text-center\">\n                  \n\t<div id=\"text-3045532594\" class=\"text\">\n\t\t\n<h1>Service OEM<\/h1>\n\t\t\n<style>\n#text-3045532594 {\n  text-align: left;\n  color: #e5c988;\n}\n#text-3045532594 > * {\n  color: #e5c988;\n}\n<\/style>\n\t<\/div>\n\t\n              <\/div>\n           <\/div>\n                            \n<style>\n#text-box-1149478829 {\n  width: 60%;\n}\n#text-box-1149478829 .text-box-content {\n  font-size: 100%;\n}\n<\/style>\n    <\/div>\n \n        <\/div>\n      <\/div>\n\n            \n<style>\n#banner-284565131 {\n  padding-top: 15%;\n  background-color: rgba(0, 0, 0, 0.587);\n}\n#banner-284565131 .overlay {\n  background-color: rgba(0, 0, 0, 0.593);\n}\n<\/style>\n  <\/div>\n\n\n\t<section class=\"section\" id=\"section_1460053077\">\n\t\t<div class=\"bg section-bg fill bg-fill  bg-loaded\" >\n\n\t\t\t\n\t\t\t\n\t\t\t\n\n\t\t<\/div>\n\n\t\t\n\n\t\t<div class=\"section-content relative\">\n\t\t\t\n<div class=\"row\"  id=\"row-1977941362\">\n\n\t<div id=\"col-1267943697\" class=\"col small-12 large-12\"  >\n\t\t\t\t<div class=\"col-inner\"  >\n\t\t\t\n\t\t\t\n<h2 style=\"text-align: center;\">Service de personnalisation OEM du lustre : illuminez votre r\u00eave d'\u00e9clairage exclusif<\/h2>\n<p>\u00c0 l'\u00e8re de la personnalisation et de la qualit\u00e9, les lustres ne sont plus seulement des outils d'\u00e9clairage, mais aussi des \u0153uvres d'art d\u00e9coratives qui mettent en valeur un style et un go\u00fbt uniques. Nous nous concentrons sur les services de personnalisation OEM des lustres et nous nous engageons \u00e0 cr\u00e9er des lustres uniques et adapt\u00e9s \u00e0 la demande, afin que votre espace puisse briller d'un \u00e9clat diff\u00e9rent.<\/p>\n\t\t<\/div>\n\t\t\t\t\t<\/div>\n\n\t\n<\/div>\n<div class=\"row\"  id=\"row-2144416135\">\n\n\t<div id=\"col-277625390\" class=\"col medium-4 small-12 large-4\"  >\n\t\t\t\t<div class=\"col-inner\"  >\n\t\t\t\n\t\t\t\n\t<div class=\"img has-hover x md-x lg-x y md-y lg-y\" id=\"image_1178910098\">\n\t\t<a class=\"\" href=\"https:\/\/chandelier-yc.com\/fr\/manufacturer\/branch-chandeliers-fa800\/\" >\t\t\t\t\t\t<div class=\"img-inner image-cover dark\" style=\"padding-top:75%;\">\n\t\t\t<img loading=\"lazy\" decoding=\"async\" width=\"750\" height=\"750\" src=\"https:\/\/chandelier-yc.com\/wp-content\/uploads\/2024\/11\/1-1.jpg\" class=\"attachment-original size-original\" alt=\"Un savoir-faire exquis\" srcset=\"https:\/\/chandelier-yc.com\/wp-content\/uploads\/2024\/11\/1-1.jpg 750w, https:\/\/chandelier-yc.com\/wp-content\/uploads\/2024\/11\/1-1-300x300.jpg 300w, https:\/\/chandelier-yc.com\/wp-content\/uploads\/2024\/11\/1-1-150x150.jpg 150w, https:\/\/chandelier-yc.com\/wp-content\/uploads\/2024\/11\/1-1-12x12.jpg 12w, https:\/\/chandelier-yc.com\/wp-content\/uploads\/2024\/11\/1-1-600x600.jpg 600w, https:\/\/chandelier-yc.com\/wp-content\/uploads\/2024\/11\/1-1-100x100.jpg 100w\" sizes=\"(max-width: 750px) 100vw, 750px\" title=\"\">\t\t\t\t\t\t\n\t\t\t\t\t<\/div>\n\t\t\t\t\t\t<\/a>\t\t\n<style>\n#image_1178910098 {\n  width: 100%;\n}\n<\/style>\n\t<\/div>\n\t\n\t\t<\/div>\n\t\t\t\t\t<\/div>\n\n\t\n\n\t<div id=\"col-1458455951\" class=\"col medium-8 small-12 large-8\"  >\n\t\t\t\t<div class=\"col-inner\"  >\n\t\t\t\n\t\t\t\n\t<div id=\"gap-431764294\" class=\"gap-element clearfix\" style=\"display:block; height:auto;\">\n\t\t\n<style>\n#gap-431764294 {\n  padding-top: 30px;\n}\n<\/style>\n\t<\/div>\n\t\n<h3>1. un savoir-faire exquis et une riche exp\u00e9rience<\/h3>\n<p>Nous disposons d'une \u00e9quipe de professionnels exp\u00e9riment\u00e9s et qualifi\u00e9s qui sont profond\u00e9ment impliqu\u00e9s dans le domaine de la conception et de la fabrication de lustres depuis de nombreuses ann\u00e9es et qui sont familiaris\u00e9s avec l'utilisation de divers mat\u00e9riaux et processus. Qu'il s'agisse d'une sculpture m\u00e9tallique complexe, d'un soufflage de verre exquis ou d'un travail du bois d\u00e9licat, ils peuvent \u00eatre pr\u00e9sent\u00e9s \u00e0 un excellent niveau, ce qui garantit que chaque lustre personnalis\u00e9 pr\u00e9sente des d\u00e9tails artisanaux de haute qualit\u00e9 et fait preuve d'un raffinement et d'une beaut\u00e9 in\u00e9gal\u00e9s.<\/p>\n\t\t<\/div>\n\t\t\t\t\t<\/div>\n\n\t\n<\/div>\n\t\t<\/div>\n\n\t\t\n<style>\n#section_1460053077 {\n  padding-top: 30px;\n  padding-bottom: 30px;\n  background-color: rgb(255,255,255);\n}\n@media (min-width:850px) {\n  #section_1460053077 {\n    padding-top: 80px;\n    padding-bottom: 80px;\n  }\n}\n<\/style>\n\t<\/section>\n\t\n\t<section class=\"section\" id=\"section_210520488\">\n\t\t<div class=\"bg section-bg fill bg-fill  bg-loaded\" >\n\n\t\t\t\n\t\t\t\n\t\t\t\n\t<div class=\"is-border\"\n\t\tstyle=\"border-width:1px 0px 0px 0px;\">\n\t<\/div>\n\n\t\t<\/div>\n\n\t\t\n\n\t\t<div class=\"section-content relative\">\n\t\t\t\n<div class=\"row\"  id=\"row-166651401\">\n\n\t<div id=\"col-1209598353\" class=\"col medium-8 small-12 large-8\"  >\n\t\t\t\t<div class=\"col-inner\"  >\n\t\t\t\n\t\t\t\n\t<div id=\"gap-2051495787\" class=\"gap-element clearfix\" style=\"display:block; height:auto;\">\n\t\t\n<style>\n#gap-2051495787 {\n  padding-top: 30px;\n}\n<\/style>\n\t<\/div>\n\t\n\t<div id=\"text-540234710\" class=\"text\">\n\t\t\n<h3>2. s\u00e9lection de mat\u00e9riaux divers<\/h3>\n<p>Afin de r\u00e9pondre aux exigences particuli\u00e8res des diff\u00e9rents clients en mati\u00e8re de mat\u00e9riaux pour lustres, nous proposons une biblioth\u00e8que de mat\u00e9riaux riche et vari\u00e9e. Des cristaux nobles et brillants aux m\u00e9taux durables (tels que l'acier inoxydable, le cuivre, le fer, etc.), du bois simple et naturel \u00e0 l'acrylique et au verre modernes et \u00e0 la mode, vous pouvez librement associer et combiner les mat\u00e9riaux en fonction du style du projet et de vos pr\u00e9f\u00e9rences personnelles, et nous transformerons parfaitement vos id\u00e9es en produits r\u00e9els.<\/p>\n\t\t\n<style>\n#text-540234710 {\n  color: rgb(229, 201, 136);\n}\n#text-540234710 > * {\n  color: rgb(229, 201, 136);\n}\n<\/style>\n\t<\/div>\n\t\n\t\t<\/div>\n\t\t\t\t\t<\/div>\n\n\t\n\n\t<div id=\"col-1320340471\" class=\"col medium-4 small-12 large-4\"  >\n\t\t\t\t<div class=\"col-inner\"  >\n\t\t\t\n\t\t\t\n\t<div class=\"img has-hover x md-x lg-x y md-y lg-y\" id=\"image_181568061\">\n\t\t<a class=\"\" href=\"https:\/\/chandelier-yc.com\/fr\/manufacturer\/twig-chandelierft1090ft800ft500\/\" >\t\t\t\t\t\t<div class=\"img-inner image-cover dark\" style=\"padding-top:75%;\">\n\t\t\t<img loading=\"lazy\" decoding=\"async\" width=\"750\" height=\"750\" src=\"https:\/\/chandelier-yc.com\/wp-content\/uploads\/2024\/11\/1-3.jpg\" class=\"attachment-original size-original\" alt=\"Diversit\u00e9 des mat\u00e9riaux\" srcset=\"https:\/\/chandelier-yc.com\/wp-content\/uploads\/2024\/11\/1-3.jpg 750w, https:\/\/chandelier-yc.com\/wp-content\/uploads\/2024\/11\/1-3-300x300.jpg 300w, https:\/\/chandelier-yc.com\/wp-content\/uploads\/2024\/11\/1-3-150x150.jpg 150w, https:\/\/chandelier-yc.com\/wp-content\/uploads\/2024\/11\/1-3-12x12.jpg 12w, https:\/\/chandelier-yc.com\/wp-content\/uploads\/2024\/11\/1-3-600x600.jpg 600w, https:\/\/chandelier-yc.com\/wp-content\/uploads\/2024\/11\/1-3-100x100.jpg 100w\" sizes=\"(max-width: 750px) 100vw, 750px\" title=\"\">\t\t\t\t\t\t\n\t\t\t\t\t<\/div>\n\t\t\t\t\t\t<\/a>\t\t\n<style>\n#image_181568061 {\n  width: 100%;\n}\n<\/style>\n\t<\/div>\n\t\n\t\t<\/div>\n\t\t\t\t\t<\/div>\n\n\t\n<\/div>\n\t\t<\/div>\n\n\t\t\n<style>\n#section_210520488 {\n  padding-top: 20px;\n  padding-bottom: 20px;\n  background-color: rgb(0,0,0);\n}\n@media (min-width:550px) {\n  #section_210520488 {\n    padding-top: 30px;\n    padding-bottom: 30px;\n  }\n}\n@media (min-width:850px) {\n  #section_210520488 {\n    padding-top: 50px;\n    padding-bottom: 50px;\n  }\n}\n<\/style>\n\t<\/section>\n\t\n\t<section class=\"section\" id=\"section_804644592\">\n\t\t<div class=\"bg section-bg fill bg-fill  bg-loaded\" >\n\n\t\t\t\n\t\t\t\n\t\t\t\n\n\t\t<\/div>\n\n\t\t\n\n\t\t<div class=\"section-content relative\">\n\t\t\t\n<div class=\"row\"  id=\"row-901407562\">\n\n\t<div id=\"col-418887479\" class=\"col medium-4 small-12 large-4\"  >\n\t\t\t\t<div class=\"col-inner\"  >\n\t\t\t\n\t\t\t\n\t<div class=\"img has-hover x md-x lg-x y md-y lg-y\" id=\"image_1563965688\">\n\t\t<a class=\"\" href=\"https:\/\/chandelier-yc.com\/fr\/manufacturer\/large-entryway-chandelierft1090\/\" >\t\t\t\t\t\t<div class=\"img-inner image-cover dark\" style=\"padding-top:75%;\">\n\t\t\t<img loading=\"lazy\" decoding=\"async\" width=\"750\" height=\"750\" src=\"https:\/\/chandelier-yc.com\/wp-content\/uploads\/2024\/11\/1-4.jpg\" class=\"attachment-original size-original\" alt=\"Plan de conception personnalis\u00e9\" srcset=\"https:\/\/chandelier-yc.com\/wp-content\/uploads\/2024\/11\/1-4.jpg 750w, https:\/\/chandelier-yc.com\/wp-content\/uploads\/2024\/11\/1-4-300x300.jpg 300w, https:\/\/chandelier-yc.com\/wp-content\/uploads\/2024\/11\/1-4-150x150.jpg 150w, https:\/\/chandelier-yc.com\/wp-content\/uploads\/2024\/11\/1-4-12x12.jpg 12w, https:\/\/chandelier-yc.com\/wp-content\/uploads\/2024\/11\/1-4-600x600.jpg 600w, https:\/\/chandelier-yc.com\/wp-content\/uploads\/2024\/11\/1-4-100x100.jpg 100w\" sizes=\"(max-width: 750px) 100vw, 750px\" title=\"\">\t\t\t\t\t\t\n\t\t\t\t\t<\/div>\n\t\t\t\t\t\t<\/a>\t\t\n<style>\n#image_1563965688 {\n  width: 100%;\n}\n<\/style>\n\t<\/div>\n\t\n\t\t<\/div>\n\t\t\t\t\t<\/div>\n\n\t\n\n\t<div id=\"col-271831106\" class=\"col medium-8 small-12 large-8\"  >\n\t\t\t\t<div class=\"col-inner\"  >\n\t\t\t\n\t\t\t\n<h3>3. plan de conception personnalis\u00e9<\/h3>\n<p>Notre \u00e9quipe de conception est \u00e0 l'\u00e9coute de la cr\u00e9ativit\u00e9 et de la demande de nos clients, et con\u00e7oit des plans de conception de lustres personnalis\u00e9s pour vous avec une perspective de conception professionnelle. Que vous recherchiez un style luxueux de palais europ\u00e9en, un sens simple et moderne de la mode, un ton pastoral frais et naturel ou un style industriel r\u00e9tro, nous pouvons saisir avec pr\u00e9cision la direction du design et pr\u00e9senter de mani\u00e8re vivante l'image id\u00e9ale du lustre dans votre esprit gr\u00e2ce \u00e0 des croquis dessin\u00e9s \u00e0 la main, une mod\u00e9lisation en 3D, etc., afin que vous puissiez clairement pr\u00e9voir l'effet du produit fini avant la personnalisation et vous assurer que le plan de design r\u00e9pond pleinement \u00e0 vos attentes.<\/p>\n\t\t<\/div>\n\t\t\t\t\t<\/div>\n\n\t\n<\/div>\n\t\t<\/div>\n\n\t\t\n<style>\n#section_804644592 {\n  padding-top: 30px;\n  padding-bottom: 30px;\n}\n<\/style>\n\t<\/section>\n\t\n\t<section class=\"section\" id=\"section_2098329930\">\n\t\t<div class=\"bg section-bg fill bg-fill  bg-loaded\" >\n\n\t\t\t\n\t\t\t\n\t\t\t\n\n\t\t<\/div>\n\n\t\t\n\n\t\t<div class=\"section-content relative\">\n\t\t\t\n<div class=\"row\"  id=\"row-1170017833\">\n\n\t<div id=\"col-215560093\" class=\"col medium-8 small-12 large-8\"  >\n\t\t\t\t<div class=\"col-inner\"  >\n\t\t\t\n\t\t\t\n\t<div id=\"gap-457745670\" class=\"gap-element clearfix\" style=\"display:block; height:auto;\">\n\t\t\n<style>\n#gap-457745670 {\n  padding-top: 20px;\n}\n<\/style>\n\t<\/div>\n\t\n\t<div id=\"text-733961579\" class=\"text\">\n\t\t\n<h3>4. un syst\u00e8me strict de contr\u00f4le de la qualit\u00e9<\/h3>\n<p>La qualit\u00e9 est notre ligne de vie. Nous avons mis en place un syst\u00e8me strict de contr\u00f4le de la qualit\u00e9 \u00e0 chaque \u00e9tape de la personnalisation des lustres, de l'approvisionnement en mati\u00e8res premi\u00e8res \u00e0 la production et au traitement, de l'assemblage et du d\u00e9bogage \u00e0 l'inspection des produits finis. Nous utilisons des \u00e9quipements de test avanc\u00e9s et des normes de test rigoureuses pour effectuer des tests complets et d\u00e9taill\u00e9s sur l'apparence, la structure, la s\u00e9curit\u00e9 \u00e9lectrique et d'autres aspects du lustre afin de garantir que chaque lustre personnalis\u00e9 qui vous est livr\u00e9 est s\u00fbr, fiable, d'excellente qualit\u00e9 et peut r\u00e9sister \u00e0 l'\u00e9preuve du temps et du march\u00e9.<\/p>\n\t\t\n<style>\n#text-733961579 {\n  color: rgb(229, 201, 136);\n}\n#text-733961579 > * {\n  color: rgb(229, 201, 136);\n}\n<\/style>\n\t<\/div>\n\t\n\t\t<\/div>\n\t\t\t\t\t<\/div>\n\n\t\n\n\t<div id=\"col-482032605\" class=\"col medium-4 small-12 large-4\"  >\n\t\t\t\t<div class=\"col-inner\"  >\n\t\t\t\n\t\t\t\n\t<div class=\"img has-hover x md-x lg-x y md-y lg-y\" id=\"image_647074923\">\n\t\t<a class=\"\" href=\"https:\/\/chandelier-yc.com\/fr\/manufacturer\/bubble-lighting-chandeliers-tr680tr1000tr1320\/\" >\t\t\t\t\t\t<div class=\"img-inner image-cover dark\" style=\"padding-top:75%;\">\n\t\t\t<img loading=\"lazy\" decoding=\"async\" width=\"750\" height=\"750\" src=\"https:\/\/chandelier-yc.com\/wp-content\/uploads\/2024\/11\/1-5.jpg\" class=\"attachment-original size-original\" alt=\"Syst\u00e8me strict de contr\u00f4le de la qualit\u00e9\" srcset=\"https:\/\/chandelier-yc.com\/wp-content\/uploads\/2024\/11\/1-5.jpg 750w, https:\/\/chandelier-yc.com\/wp-content\/uploads\/2024\/11\/1-5-300x300.jpg 300w, https:\/\/chandelier-yc.com\/wp-content\/uploads\/2024\/11\/1-5-150x150.jpg 150w, https:\/\/chandelier-yc.com\/wp-content\/uploads\/2024\/11\/1-5-12x12.jpg 12w, https:\/\/chandelier-yc.com\/wp-content\/uploads\/2024\/11\/1-5-600x600.jpg 600w, https:\/\/chandelier-yc.com\/wp-content\/uploads\/2024\/11\/1-5-100x100.jpg 100w\" sizes=\"(max-width: 750px) 100vw, 750px\" title=\"\">\t\t\t\t\t\t\n\t\t\t\t\t<\/div>\n\t\t\t\t\t\t<\/a>\t\t\n<style>\n#image_647074923 {\n  width: 100%;\n}\n<\/style>\n\t<\/div>\n\t\n\t\t<\/div>\n\t\t\t\t\t<\/div>\n\n\t\n<\/div>\n\t\t<\/div>\n\n\t\t\n<style>\n#section_2098329930 {\n  padding-top: 30px;\n  padding-bottom: 30px;\n  background-color: rgb(0,0,0);\n}\n<\/style>\n\t<\/section>\n\t\n\t<section class=\"section\" id=\"section_1259648037\">\n\t\t<div class=\"bg section-bg fill bg-fill  bg-loaded\" >\n\n\t\t\t\n\t\t\t\n\t\t\t\n\n\t\t<\/div>\n\n\t\t\n\n\t\t<div class=\"section-content relative\">\n\t\t\t\n<div class=\"row\"  id=\"row-741307897\">\n\n\t<div id=\"col-1786561991\" class=\"col medium-4 small-12 large-4\"  >\n\t\t\t\t<div class=\"col-inner\"  >\n\t\t\t\n\t\t\t\n\t<div class=\"img has-hover x md-x lg-x y md-y lg-y\" id=\"image_625968706\">\n\t\t<a class=\"\" href=\"https:\/\/chandelier-yc.com\/fr\/manufacturer\/turquoise-chandelier-earrings-fc0480fc0780fc1079\/\" >\t\t\t\t\t\t<div class=\"img-inner image-cover dark\" style=\"padding-top:75%;\">\n\t\t\t<img loading=\"lazy\" decoding=\"async\" width=\"750\" height=\"731\" src=\"https:\/\/chandelier-yc.com\/wp-content\/uploads\/2024\/11\/21.jpg\" class=\"attachment-original size-original\" alt=\"Personnalisation souple\" srcset=\"https:\/\/chandelier-yc.com\/wp-content\/uploads\/2024\/11\/21.jpg 750w, https:\/\/chandelier-yc.com\/wp-content\/uploads\/2024\/11\/21-300x292.jpg 300w, https:\/\/chandelier-yc.com\/wp-content\/uploads\/2024\/11\/21-12x12.jpg 12w, https:\/\/chandelier-yc.com\/wp-content\/uploads\/2024\/11\/21-600x585.jpg 600w\" sizes=\"(max-width: 750px) 100vw, 750px\" title=\"\">\t\t\t\t\t\t\n\t\t\t\t\t<\/div>\n\t\t\t\t\t\t<\/a>\t\t\n<style>\n#image_625968706 {\n  width: 100%;\n}\n<\/style>\n\t<\/div>\n\t\n\t\t<\/div>\n\t\t\t\t\t<\/div>\n\n\t\n\n\t<div id=\"col-1209188859\" class=\"col medium-8 small-12 large-8\"  >\n\t\t\t\t<div class=\"col-inner\"  >\n\t\t\t\n\t\t\t\n\t<div id=\"gap-547368555\" class=\"gap-element clearfix\" style=\"display:block; height:auto;\">\n\t\t\n<style>\n#gap-547368555 {\n  padding-top: 30px;\n}\n<\/style>\n\t<\/div>\n\t\n<h3>5. quantit\u00e9 de personnalisation flexible et livraison efficace<\/h3>\n<p>Qu'il s'agisse de personnaliser de petits lots pour des projets r\u00e9sidentiels haut de gamme ou de personnaliser \u00e0 grande \u00e9chelle pour r\u00e9pondre aux besoins de d\u00e9coration de lieux commerciaux (h\u00f4tels, centres commerciaux, restaurants, etc.), nous pouvons r\u00e9agir avec souplesse et fournir des solutions personnalis\u00e9es appropri\u00e9es. Par ailleurs, nous sommes parfaitement conscients de l'importance du temps pour les clients. En optimisant le processus de production et en g\u00e9rant efficacement la cha\u00eene d'approvisionnement, nous nous assurons que les lustres personnalis\u00e9s peuvent \u00eatre livr\u00e9s \u00e0 temps tout en garantissant la qualit\u00e9, de sorte que votre projet puisse se d\u00e9rouler en douceur sans avoir \u00e0 s'inqui\u00e9ter des retards de construction.<\/p>\n\t\t<\/div>\n\t\t\t\t\t<\/div>\n\n\t\n<\/div>\n\t\t<\/div>\n\n\t\t\n<style>\n#section_1259648037 {\n  padding-top: 30px;\n  padding-bottom: 30px;\n}\n<\/style>\n\t<\/section>\n\t\n\t<section class=\"section\" id=\"section_2037212654\">\n\t\t<div class=\"bg section-bg fill bg-fill  bg-loaded\" >\n\n\t\t\t\n\t\t\t\n\t\t\t\n\n\t\t<\/div>\n\n\t\t\n\n\t\t<div class=\"section-content relative\">\n\t\t\t\n<div class=\"row\"  id=\"row-151686899\">\n\n\t<div id=\"col-962456423\" class=\"col small-12 large-12\"  >\n\t\t\t\t<div class=\"col-inner\"  >\n\t\t\t\n\t\t\t\n\t<div id=\"text-3014971196\" class=\"text\">\n\t\t\n<h2 style=\"text-align: center;\">Nous contacter<\/h2>\n\t\t\n<style>\n#text-3014971196 {\n  color: rgb(0,0,0);\n}\n#text-3014971196 > * {\n  color: rgb(0,0,0);\n}\n<\/style>\n\t<\/div>\n\t\n\t\t<\/div>\n\t\t\t\t\t<\/div>\n\n\t\n<\/div>\n<div class=\"row\"  id=\"row-739963177\">\n\n\t<div id=\"col-1395010387\" class=\"col small-12 large-12\"  >\n\t\t\t\t<div class=\"col-inner\"  >\n\t\t\t\n\t\t\t\n\n<div class=\"wpcf7 no-js\" id=\"wpcf7-f280-o1\" lang=\"en-US\" dir=\"ltr\" data-wpcf7-id=\"280\">\n<div class=\"screen-reader-response\"><p role=\"status\" aria-live=\"polite\" aria-atomic=\"true\"><\/p> <ul><\/ul><\/div>\n<form action=\"\/fr\/wp-json\/wp\/v2\/pages\/513#wpcf7-f280-o1\" method=\"post\" class=\"wpcf7-form init\" aria-label=\"Formulaire de contact\" novalidate=\"novalidate\" data-status=\"init\" data-trp-original-action=\"\/fr\/wp-json\/wp\/v2\/pages\/513#wpcf7-f280-o1\">\n<div style=\"display: none;\">\n<input type=\"hidden\" name=\"_wpcf7\" value=\"280\" \/>\n<input type=\"hidden\" name=\"_wpcf7_version\" value=\"6.0.6\" \/>\n<input type=\"hidden\" name=\"_wpcf7_locale\" value=\"en_US\" \/>\n<input type=\"hidden\" name=\"_wpcf7_unit_tag\" value=\"wpcf7-f280-o1\" \/>\n<input type=\"hidden\" name=\"_wpcf7_container_post\" value=\"0\" \/>\n<input type=\"hidden\" name=\"_wpcf7_posted_data_hash\" value=\"\" \/>\n<\/div>\n<div class='custom_contact_style'>\n\t<div class=\"row row-small\">\n\t\t<div class=\"col medium-6 small-12 large-6\">\n\t\t\t<div class=\"col-inner\">\n\t\t\t\t<p><span class=\"wpcf7-form-control-wrap\" data-name=\"your-name\"><input size=\"40\" maxlength=\"400\" class=\"wpcf7-form-control wpcf7-text wpcf7-validates-as-required\" aria-required=\"true\" aria-invalid=\"false\" placeholder=\"Nom*\" value=\"\" type=\"text\" name=\"your-name\" \/><\/span>\n\t\t\t\t<\/p>\n\t\t\t<\/div>\n\t\t<\/div>\n\t\t<div class=\"col medium-6 small-12 large-6\">\n\t\t\t<div class=\"col-inner\">\n\t\t\t\t<p><span class=\"wpcf7-form-control-wrap\" data-name=\"your-email\"><input size=\"40\" maxlength=\"400\" class=\"wpcf7-form-control wpcf7-email wpcf7-validates-as-required wpcf7-text wpcf7-validates-as-email\" aria-required=\"true\" aria-invalid=\"false\" placeholder=\"Courriel*\" value=\"\" type=\"email\" name=\"your-email\" \/><\/span>\n\t\t\t\t<\/p>\n\t\t\t<\/div>\n\t\t<\/div>\n\t<\/div>\n\t<div class='cus_contact_form_bottom'>\n\t\t<p><span class=\"wpcf7-form-control-wrap\" data-name=\"your-phone\"><input size=\"40\" maxlength=\"400\" class=\"wpcf7-form-control wpcf7-text\" aria-invalid=\"false\" placeholder=\"T\u00e9l\u00e9phone\" value=\"\" type=\"text\" name=\"your-phone\" \/><\/span>\n\t\t<\/p>\n\t<\/div>\n\t<div class='cus_contact_form_bottom'>\n\t\t<p><span class=\"wpcf7-form-control-wrap\" data-name=\"your-country\"><input size=\"40\" maxlength=\"400\" class=\"wpcf7-form-control wpcf7-text\" aria-invalid=\"false\" placeholder=\"Pays\" value=\"\" type=\"text\" name=\"your-country\" \/><\/span>\n\t\t<\/p>\n\t<\/div>\n\t<p><span class=\"wpcf7-form-control-wrap\" data-name=\"your-message\"><textarea cols=\"40\" rows=\"10\" maxlength=\"2000\" class=\"wpcf7-form-control wpcf7-textarea wpcf7-validates-as-required\" aria-required=\"true\" aria-invalid=\"false\" placeholder=\"Votre message *\" name=\"your-message\"><\/textarea><\/span>\n\t<\/p>\n\t<div style=\"margin-bottom:10px;\">\n\t\t<p><span class=\"wpcf7-form-control-wrap kc_captcha cf7ic-toggle\" data-name=\"kc_captcha\"><span class=\"wpcf7-form-control wpcf7-radio\"><span class=\"captcha-image\" style=\"display: none;\"><span class=\"cf7ic_instructions\">Veuillez prouver que vous \u00eates un \u00eatre humain en s\u00e9lectionnant le<span> tree<\/span>.<\/span><label><input aria-label=\"1\" type=\"radio\" name=\"kc_captcha\" value=\"bot\" \/><svg aria-hidden=\"true\" role=\"img\" xmlns=\"http:\/\/www.w3.org\/2000\/svg\" viewbox=\"0 0 640 512\"><path fill=\"currentColor\" d=\"M192 384h192c53 0 96-43 96-96h32a128 128 0 000-256H120c-13 0-24 11-24 24v232c0 53 43 96 96 96zM512 96a64 64 0 010 128h-32V96h32zm48 384H48c-47 0-61-64-36-64h584c25 0 11 64-36 64z\"\/><\/svg><\/label><label><input aria-label=\"2\" type=\"radio\" name=\"kc_captcha\" value=\"kc_human\" \/><svg aria-hidden=\"true\" role=\"img\" xmlns=\"http:\/\/www.w3.org\/2000\/svg\" viewbox=\"0 0 384 512\"><path fill=\"currentColor\" d=\"M377 375l-83-87h34c21 0 32-25 17-40l-82-88h33c21 0 32-25 18-40L210 8c-10-11-26-11-36 0L70 120c-14 15-3 40 18 40h33l-82 88c-15 15-4 40 17 40h34L7 375c-15 16-4 41 17 41h120c0 33-11 49-34 68-12 9-5 28 10 28h144c15 0 22-19 10-28-20-16-34-32-34-68h120c21 0 32-25 17-41z\"\/><\/svg><\/label><label><input aria-label=\"3\" type=\"radio\" name=\"kc_captcha\" value=\"bot\" \/><svg aria-hidden=\"true\" role=\"img\" xmlns=\"http:\/\/www.w3.org\/2000\/svg\" viewbox=\"0 0 576 512\"><path fill=\"currentColor\" d=\"M472 200H360L256 6a12 12 0 00-10-6h-58c-8 0-14 7-12 15l34 185H100l-35-58a12 12 0 00-10-6H12c-8 0-13 7-12 14l21 106L0 362c-1 7 4 14 12 14h43c4 0 8-2 10-6l35-58h110l-34 185c-2 8 4 15 12 15h58a12 12 0 0010-6l104-194h112c57 0 104-25 104-56s-47-56-104-56z\"\/><\/svg><\/label>\r\n    <\/span>\r\n    <span style=\"display:none\">\r\n        <input type=\"text\" name=\"kc_honeypot\">\r\n    <\/span><\/span><\/span>\n\t\t<\/p>\n\t<\/div>\n\t<p><input class=\"wpcf7-form-control wpcf7-submit has-spinner\" type=\"submit\" value=\"Envoyer un message\" \/>\n\t<\/p>\n<\/div><div class=\"wpcf7-response-output\" aria-hidden=\"true\"><\/div>\n<input type=\"hidden\" name=\"trp-form-language\" value=\"fr\"\/><\/form>\n<\/div>\n\n\t\t<\/div>\n\t\t\t\t\t<\/div>\n\n\t\n<\/div>\n\t\t<\/div>\n\n\t\t\n<style>\n#section_2037212654 {\n  padding-top: 30px;\n  padding-bottom: 30px;\n  background-color: rgba(0, 0, 0, 0.128);\n}\n<\/style>\n\t<\/section>","protected":false},"excerpt":{"rendered":"","protected":false},"author":3,"featured_media":2124,"parent":0,"menu_order":0,"comment_status":"closed","ping_status":"closed","template":"page-blank.php","meta":{"footnotes":""},"class_list":["post-513","page","type-page","status-publish","has-post-thumbnail","hentry"],"_links":{"self":[{"href":"https:\/\/chandelier-yc.com\/fr\/wp-json\/wp\/v2\/pages\/513"}],"collection":[{"href":"https:\/\/chandelier-yc.com\/fr\/wp-json\/wp\/v2\/pages"}],"about":[{"href":"https:\/\/chandelier-yc.com\/fr\/wp-json\/wp\/v2\/types\/page"}],"author":[{"embeddable":true,"href":"https:\/\/chandelier-yc.com\/fr\/wp-json\/wp\/v2\/users\/3"}],"replies":[{"embeddable":true,"href":"https:\/\/chandelier-yc.com\/fr\/wp-json\/wp\/v2\/comments?post=513"}],"version-history":[{"count":28,"href":"https:\/\/chandelier-yc.com\/fr\/wp-json\/wp\/v2\/pages\/513\/revisions"}],"predecessor-version":[{"id":2141,"href":"https:\/\/chandelier-yc.com\/fr\/wp-json\/wp\/v2\/pages\/513\/revisions\/2141"}],"wp:featuredmedia":[{"embeddable":true,"href":"https:\/\/chandelier-yc.com\/fr\/wp-json\/wp\/v2\/media\/2124"}],"wp:attachment":[{"href":"https:\/\/chandelier-yc.com\/fr\/wp-json\/wp\/v2\/media?parent=513"}],"curies":[{"name":"wp","href":"https:\/\/api.w.org\/{rel}","templated":true}]}}