{"id":1660,"date":"2024-11-01T03:40:52","date_gmt":"2024-11-01T03:40:52","guid":{"rendered":"https:\/\/chandelier-yc.com\/?post_type=product&#038;p=1660"},"modified":"2024-11-01T03:40:52","modified_gmt":"2024-11-01T03:40:52","slug":"maria-theresa-chandelier-bk1870","status":"publish","type":"product","link":"https:\/\/chandelier-yc.com\/fr\/manufacturer\/maria-theresa-chandelier-bk1870\/","title":{"rendered":"Lustre Marie-Th\u00e9r\u00e8se (BK1870)"},"content":{"rendered":"<p data-sourcepos=\"1:1-1:268\"><span class=\"citation-0 recitation citation-end-0\">Les lustres Marie-Th\u00e9r\u00e8se sont un style classique de luminaire, connu pour son design \u00e9l\u00e9gant et orn\u00e9.<\/span> <span class=\"citation-1 recitation citation-end-1\">Elles se caract\u00e9risent par leur structure complexe, souvent en m\u00e9tal, et sont orn\u00e9es de milliers de gouttelettes de cristal \u00e9tincelantes<\/span><\/p>\n<h3 data-sourcepos=\"5:1-5:46\"><strong>Caract\u00e9ristiques principales des lustres :<\/strong><\/h3>\n<ul data-sourcepos=\"7:1-11:0\">\n<li data-sourcepos=\"7:1-7:123\"><strong><span class=\"citation-2 recitation\">Design opulent :<\/span><\/strong><span class=\"citation-2 recitation citation-end-2\"> Le cadre complexe et les gouttelettes de cristal cr\u00e9ent une apparence luxueuse et \u00e9blouissante.<\/span><\/li>\n<li data-sourcepos=\"7:1-7:123\"><strong style=\"font-size: 14.4px;\">Une \u00e9l\u00e9gance intemporelle :<\/strong> <span class=\"citation-3 recitation citation-end-3\" style=\"font-size: 14.4px;\">Ce style de lustre est populaire depuis des si\u00e8cles et reste un classique intemporel.<\/span><\/li>\n<li data-sourcepos=\"7:1-7:123\"><strong><span class=\"citation-4 recitation\">Polyvalence :<\/span><\/strong><span class=\"citation-4 recitation citation-end-4\"> Souvent associ\u00e9s \u00e0 un d\u00e9cor traditionnel, les lustres Marie-Th\u00e9r\u00e8se peuvent \u00e9galement s'int\u00e9grer dans des int\u00e9rieurs modernes et contemporains.<\/span><\/li>\n<li data-sourcepos=\"7:1-7:123\"><strong><span class=\"citation-5 recitation\">Personnalisation :<\/span><\/strong><span class=\"citation-5 recitation citation-end-5\"> Ils peuvent \u00eatre personnalis\u00e9s en termes de taille, de forme, de couleur et de nombre de lumi\u00e8res pour r\u00e9pondre \u00e0 vos besoins sp\u00e9cifiques.<\/span>\n<div class=\"container\"><\/div>\n<\/li>\n<\/ul>","protected":false},"excerpt":{"rendered":"<p>Taille du produit : L1870MM*W550MM*H460MM<\/p>\n<p>Poids du produit (kg) : 102,98<\/p>\n<p>Nombre de t\u00eates de lampe (pi\u00e8ces):22<\/p>\n<p>M\u00e9thode d'emballage : mousse+carton<\/p>","protected":false},"featured_media":1661,"template":"","meta":[],"product_brand":[],"product_cat":[39],"product_tag":[],"class_list":{"0":"post-1660","1":"product","2":"type-product","3":"status-publish","4":"has-post-thumbnail","6":"product_cat-chandelier-1","8":"first","9":"instock","10":"shipping-taxable","11":"product-type-simple"},"_links":{"self":[{"href":"https:\/\/chandelier-yc.com\/fr\/wp-json\/wp\/v2\/product\/1660"}],"collection":[{"href":"https:\/\/chandelier-yc.com\/fr\/wp-json\/wp\/v2\/product"}],"about":[{"href":"https:\/\/chandelier-yc.com\/fr\/wp-json\/wp\/v2\/types\/product"}],"wp:featuredmedia":[{"embeddable":true,"href":"https:\/\/chandelier-yc.com\/fr\/wp-json\/wp\/v2\/media\/1661"}],"wp:attachment":[{"href":"https:\/\/chandelier-yc.com\/fr\/wp-json\/wp\/v2\/media?parent=1660"}],"wp:term":[{"taxonomy":"product_brand","embeddable":true,"href":"https:\/\/chandelier-yc.com\/fr\/wp-json\/wp\/v2\/product_brand?post=1660"},{"taxonomy":"product_cat","embeddable":true,"href":"https:\/\/chandelier-yc.com\/fr\/wp-json\/wp\/v2\/product_cat?post=1660"},{"taxonomy":"product_tag","embeddable":true,"href":"https:\/\/chandelier-yc.com\/fr\/wp-json\/wp\/v2\/product_tag?post=1660"}],"curies":[{"name":"wp","href":"https:\/\/api.w.org\/{rel}","templated":true}]}}