{"id":1663,"date":"2024-11-01T03:50:13","date_gmt":"2024-11-01T03:50:13","guid":{"rendered":"https:\/\/chandelier-yc.com\/?post_type=product&#038;p=1663"},"modified":"2024-11-01T03:50:14","modified_gmt":"2024-11-01T03:50:14","slug":"arts-and-crafts-chandelierbk800","status":"publish","type":"product","link":"https:\/\/chandelier-yc.com\/fr\/manufacturer\/arts-and-crafts-chandelierbk800\/","title":{"rendered":"Lustre Arts et M\u00e9tiers(BK800)"},"content":{"rendered":"<p data-sourcepos=\"1:1-1:340\">Les lustres Arts and Crafts, \u00e9galement connus sous le nom de lustres Mission ou Craftsman, se caract\u00e9risent par leur design simple mais \u00e9l\u00e9gant, souvent caract\u00e9ris\u00e9 par des lignes \u00e9pur\u00e9es, des mat\u00e9riaux naturels et des d\u00e9tails fabriqu\u00e9s \u00e0 la main. Ce style est apparu \u00e0 la fin du XIXe si\u00e8cle et au d\u00e9but du XXe si\u00e8cle, mettant l'accent sur la simplicit\u00e9, la fonctionnalit\u00e9 et le lien avec la nature.<\/p>\n<h3 data-sourcepos=\"5:1-5:48\"><strong>Caract\u00e9ristiques principales des lustres :<\/strong><\/h3>\n<ul data-sourcepos=\"7:1-11:0\">\n<li data-sourcepos=\"7:1-7:110\"><strong>Des lignes simples et \u00e9pur\u00e9es :<\/strong> Le design \u00e9vite souvent l'ornementation excessive et se concentre sur des formes simples.<\/li>\n<li data-sourcepos=\"8:1-8:121\"><strong>Mat\u00e9riaux naturels :<\/strong> Les mat\u00e9riaux couramment utilis\u00e9s sont le bois, le m\u00e9tal et le verre, souvent avec une finition rustique ou alt\u00e9r\u00e9e.<\/li>\n<li data-sourcepos=\"9:1-9:140\"><strong>D\u00e9tails artisanaux :<\/strong> De nombreux lustres Arts and Crafts pr\u00e9sentent des d\u00e9tails complexes tels que le travail du m\u00e9tal forg\u00e9 \u00e0 la main ou les abat-jours en verre souffl\u00e9 \u00e0 la main.<\/li>\n<li data-sourcepos=\"10:1-11:0\"><strong>Une lumi\u00e8re chaude et accueillante :<\/strong> Le design met souvent l'accent sur une lumi\u00e8re douce et diffuse, cr\u00e9ant ainsi une atmosph\u00e8re douillette et confortable.<\/li>\n<\/ul>","protected":false},"excerpt":{"rendered":"<p>Taille du produit : \u03a6800MM*430MM<\/p>\n<p>Poids du produit (kg) : 42,81<\/p>\n<p>Nombre de t\u00eates de lampe (pi\u00e8ces):8<\/p>\n<p>M\u00e9thode d'emballage : mousse+carton<\/p>","protected":false},"featured_media":1662,"template":"","meta":[],"product_brand":[],"product_cat":[39],"product_tag":[],"class_list":{"0":"post-1663","1":"product","2":"type-product","3":"status-publish","4":"has-post-thumbnail","6":"product_cat-chandelier-1","8":"first","9":"instock","10":"shipping-taxable","11":"product-type-simple"},"_links":{"self":[{"href":"https:\/\/chandelier-yc.com\/fr\/wp-json\/wp\/v2\/product\/1663"}],"collection":[{"href":"https:\/\/chandelier-yc.com\/fr\/wp-json\/wp\/v2\/product"}],"about":[{"href":"https:\/\/chandelier-yc.com\/fr\/wp-json\/wp\/v2\/types\/product"}],"wp:featuredmedia":[{"embeddable":true,"href":"https:\/\/chandelier-yc.com\/fr\/wp-json\/wp\/v2\/media\/1662"}],"wp:attachment":[{"href":"https:\/\/chandelier-yc.com\/fr\/wp-json\/wp\/v2\/media?parent=1663"}],"wp:term":[{"taxonomy":"product_brand","embeddable":true,"href":"https:\/\/chandelier-yc.com\/fr\/wp-json\/wp\/v2\/product_brand?post=1663"},{"taxonomy":"product_cat","embeddable":true,"href":"https:\/\/chandelier-yc.com\/fr\/wp-json\/wp\/v2\/product_cat?post=1663"},{"taxonomy":"product_tag","embeddable":true,"href":"https:\/\/chandelier-yc.com\/fr\/wp-json\/wp\/v2\/product_tag?post=1663"}],"curies":[{"name":"wp","href":"https:\/\/api.w.org\/{rel}","templated":true}]}}