{"id":1696,"date":"2024-11-02T08:31:26","date_gmt":"2024-11-02T08:31:26","guid":{"rendered":"https:\/\/chandelier-yc.com\/?post_type=product&#038;p=1696"},"modified":"2024-11-02T08:31:53","modified_gmt":"2024-11-02T08:31:53","slug":"small-brass-chandelier-6080","status":"publish","type":"product","link":"https:\/\/chandelier-yc.com\/fr\/manufacturer\/small-brass-chandelier-6080\/","title":{"rendered":"Petit lustre en laiton (6080)"},"content":{"rendered":"<p data-sourcepos=\"1:1-1:270\">Les petits lustres en laiton sont un ajout charmant \u00e0 tout espace, ajoutant une touche d'\u00e9l\u00e9gance et de chaleur. Ils sont parfaits pour les petites pi\u00e8ces ou les endroits o\u00f9 un lustre de grande taille pourrait \u00eatre trop encombrant. Voici quelques raisons pour lesquelles les petits lustres en laiton sont si attrayants :<\/p>\n<h4 data-sourcepos=\"3:1-3:25\"><strong>1. L'\u00e9l\u00e9gance intemporelle :<\/strong><\/h4>\n<ul data-sourcepos=\"4:4-6:0\">\n<li data-sourcepos=\"4:4-4:62\">Le laiton est un mat\u00e9riau classique qui ne se d\u00e9mode jamais.<\/li>\n<li data-sourcepos=\"5:4-6:0\">Sa teinte chaude et dor\u00e9e s'accorde avec une grande vari\u00e9t\u00e9 de styles de d\u00e9coration int\u00e9rieure, du traditionnel au contemporain.<\/li>\n<\/ul>\n<h4 data-sourcepos=\"7:1-7:22\"><strong>2. Conception compacte :<\/strong><\/h4>\n<ul data-sourcepos=\"8:4-10:0\">\n<li data-sourcepos=\"8:4-8:106\">Les petits lustres en laiton sont id\u00e9aux pour les petits espaces tels que les salles d'eau, les entr\u00e9es et les chambres douillettes.<\/li>\n<li data-sourcepos=\"9:4-10:0\">Ils n'envahiront pas la pi\u00e8ce, mais auront un impact visuel important.<\/li>\n<\/ul>\n<h4 data-sourcepos=\"11:1-11:26\"><strong>3. \u00c9clairage polyvalent :<\/strong><\/h4>\n<ul data-sourcepos=\"12:4-14:0\">\n<li data-sourcepos=\"12:4-12:126\">Elles peuvent \u00eatre utilis\u00e9es pour cr\u00e9er un \u00e9clairage d'ambiance, un \u00e9clairage de travail ou un \u00e9clairage d'accentuation, en fonction du type d'ampoule et de son emplacement.<\/li>\n<li data-sourcepos=\"13:4-14:0\">Les ampoules \u00e0 intensit\u00e9 variable vous permettent d'adapter l'ambiance et l'atmosph\u00e8re de la pi\u00e8ce.<\/li>\n<\/ul>\n<h4 data-sourcepos=\"15:1-15:23\"><strong>4. Facile \u00e0 installer :<\/strong><\/h4>\n<ul data-sourcepos=\"16:4-17:0\">\n<li data-sourcepos=\"16:4-17:0\">Les petits lustres sont g\u00e9n\u00e9ralement plus faciles \u00e0 installer que les grands, ce qui en fait une option int\u00e9ressante pour les bricoleurs.<\/li>\n<\/ul>","protected":false},"excerpt":{"rendered":"<p>Taille du produit : \u03a6800MM*460MM<\/p>\n<p>Poids du produit (kg) : 27,4<\/p>\n<p>Nombre de t\u00eates de lampe (pi\u00e8ces):8<\/p>\n<p>M\u00e9thode d'emballage : mousse+carton<\/p>","protected":false},"featured_media":1697,"template":"","meta":[],"product_brand":[],"product_cat":[39],"product_tag":[],"class_list":{"0":"post-1696","1":"product","2":"type-product","3":"status-publish","4":"has-post-thumbnail","6":"product_cat-chandelier-1","8":"first","9":"instock","10":"shipping-taxable","11":"product-type-simple"},"_links":{"self":[{"href":"https:\/\/chandelier-yc.com\/fr\/wp-json\/wp\/v2\/product\/1696"}],"collection":[{"href":"https:\/\/chandelier-yc.com\/fr\/wp-json\/wp\/v2\/product"}],"about":[{"href":"https:\/\/chandelier-yc.com\/fr\/wp-json\/wp\/v2\/types\/product"}],"wp:featuredmedia":[{"embeddable":true,"href":"https:\/\/chandelier-yc.com\/fr\/wp-json\/wp\/v2\/media\/1697"}],"wp:attachment":[{"href":"https:\/\/chandelier-yc.com\/fr\/wp-json\/wp\/v2\/media?parent=1696"}],"wp:term":[{"taxonomy":"product_brand","embeddable":true,"href":"https:\/\/chandelier-yc.com\/fr\/wp-json\/wp\/v2\/product_brand?post=1696"},{"taxonomy":"product_cat","embeddable":true,"href":"https:\/\/chandelier-yc.com\/fr\/wp-json\/wp\/v2\/product_cat?post=1696"},{"taxonomy":"product_tag","embeddable":true,"href":"https:\/\/chandelier-yc.com\/fr\/wp-json\/wp\/v2\/product_tag?post=1696"}],"curies":[{"name":"wp","href":"https:\/\/api.w.org\/{rel}","templated":true}]}}