{"id":1708,"date":"2024-11-02T09:04:42","date_gmt":"2024-11-02T09:04:42","guid":{"rendered":"https:\/\/chandelier-yc.com\/?post_type=product&#038;p=1708"},"modified":"2024-11-02T09:05:15","modified_gmt":"2024-11-02T09:05:15","slug":"rope-chandelier-light-wl1100","status":"publish","type":"product","link":"https:\/\/chandelier-yc.com\/fr\/manufacturer\/rope-chandelier-light-wl1100\/","title":{"rendered":"Luminaire \u00e0 corde (WL1100)"},"content":{"rendered":"<p data-sourcepos=\"1:1-1:181\">Les lustres \u00e0 cordes sont des luminaires uniques et \u00e9l\u00e9gants qui peuvent ajouter une touche de charme rustique ou de minimalisme moderne \u00e0 n'importe quel espace. Voici quelques-uns des avantages des lustres \u00e0 corde :<\/p>\n<h2 data-sourcepos=\"3:1-3:18\"><strong>L'attrait visuel :<\/strong><\/h2>\n<ul data-sourcepos=\"5:1-8:0\">\n<li data-sourcepos=\"5:1-5:135\"><strong>Unique et attrayant :<\/strong> Leur design distinctif, qui int\u00e8gre des \u00e9l\u00e9ments de corde tress\u00e9e, cr\u00e9e un point de mire \u00e9poustouflant dans n'importe quelle pi\u00e8ce.<\/li>\n<li data-sourcepos=\"6:1-6:133\"><strong>Polyvalent :<\/strong> Les lustres en corde peuvent \u00eatre personnalis\u00e9s pour s'adapter \u00e0 diff\u00e9rents styles d'int\u00e9rieur, de la ferme rustique au minimalisme contemporain.<\/li>\n<li data-sourcepos=\"7:1-8:0\"><strong>Texture et chaleur :<\/strong> La texture naturelle de la corde ajoute de la chaleur et de la profondeur \u00e0 un espace.<\/li>\n<\/ul>\n<h4 data-sourcepos=\"9:1-9:24\"><strong>Avantages fonctionnels :<\/strong><\/h4>\n<ul data-sourcepos=\"11:1-14:0\">\n<li data-sourcepos=\"11:1-11:176\"><strong>Lumi\u00e8re douce et diffuse :<\/strong> Le design du lustre \u00e0 corde int\u00e8gre souvent des espaces ouverts ou des abat-jour en tissu, ce qui permet d'obtenir un \u00e9clairage doux et diffus qui cr\u00e9e une atmosph\u00e8re chaleureuse.<\/li>\n<li data-sourcepos=\"12:1-12:122\"><strong>Efficacit\u00e9 \u00e9nerg\u00e9tique :<\/strong> De nombreux lustres \u00e0 cordes sont compatibles avec des ampoules LED \u00e0 faible consommation d'\u00e9nergie, ce qui permet de r\u00e9duire la consommation d'\u00e9nergie.<\/li>\n<li data-sourcepos=\"13:1-14:0\"><strong>Placement polyvalent :<\/strong> Ils peuvent \u00eatre utilis\u00e9s dans diff\u00e9rents contextes, des salles \u00e0 manger et des salons aux chambres \u00e0 coucher et m\u00eame aux espaces ext\u00e9rieurs.<\/li>\n<\/ul>","protected":false},"excerpt":{"rendered":"<p>Taille du produit : \u03a61100MM*137MM<\/p>\n<p>Poids du produit (kg) : 26,5<\/p>\n<p>Nombre de t\u00eates de lampe (pi\u00e8ces):LED<\/p>\n<p>M\u00e9thode d'emballage : Mousse+carton+plaque d'insertion<\/p>","protected":false},"featured_media":1709,"template":"","meta":[],"product_brand":[],"product_cat":[39],"product_tag":[],"class_list":{"0":"post-1708","1":"product","2":"type-product","3":"status-publish","4":"has-post-thumbnail","6":"product_cat-chandelier-1","8":"first","9":"instock","10":"shipping-taxable","11":"product-type-simple"},"_links":{"self":[{"href":"https:\/\/chandelier-yc.com\/fr\/wp-json\/wp\/v2\/product\/1708"}],"collection":[{"href":"https:\/\/chandelier-yc.com\/fr\/wp-json\/wp\/v2\/product"}],"about":[{"href":"https:\/\/chandelier-yc.com\/fr\/wp-json\/wp\/v2\/types\/product"}],"wp:featuredmedia":[{"embeddable":true,"href":"https:\/\/chandelier-yc.com\/fr\/wp-json\/wp\/v2\/media\/1709"}],"wp:attachment":[{"href":"https:\/\/chandelier-yc.com\/fr\/wp-json\/wp\/v2\/media?parent=1708"}],"wp:term":[{"taxonomy":"product_brand","embeddable":true,"href":"https:\/\/chandelier-yc.com\/fr\/wp-json\/wp\/v2\/product_brand?post=1708"},{"taxonomy":"product_cat","embeddable":true,"href":"https:\/\/chandelier-yc.com\/fr\/wp-json\/wp\/v2\/product_cat?post=1708"},{"taxonomy":"product_tag","embeddable":true,"href":"https:\/\/chandelier-yc.com\/fr\/wp-json\/wp\/v2\/product_tag?post=1708"}],"curies":[{"name":"wp","href":"https:\/\/api.w.org\/{rel}","templated":true}]}}