{"id":1722,"date":"2024-11-04T01:42:21","date_gmt":"2024-11-04T01:42:21","guid":{"rendered":"https:\/\/chandelier-yc.com\/?post_type=product&#038;p=1722"},"modified":"2024-11-04T01:52:46","modified_gmt":"2024-11-04T01:52:46","slug":"floor-lamps-5101","status":"publish","type":"product","link":"https:\/\/chandelier-yc.com\/fr\/manufacturer\/floor-lamps-5101\/","title":{"rendered":"Lampes de sol (5101)"},"content":{"rendered":"<p data-sourcepos=\"1:1-1:187\">Les lampadaires sont un moyen polyvalent et \u00e9l\u00e9gant d'ajouter un \u00e9clairage d'ambiance \u00e0 n'importe quelle pi\u00e8ce de votre maison. Ils existent dans une grande vari\u00e9t\u00e9 de styles, du moderne et minimaliste au traditionnel et orn\u00e9.<\/p>\n<h3 data-sourcepos=\"6:1-6:59\"><strong>Voici quelques-uns des principaux avantages de l'utilisation des lampadaires :<\/strong><\/h3>\n<ul data-sourcepos=\"8:1-12:0\">\n<li data-sourcepos=\"8:1-8:86\"><strong>Flexibilit\u00e9 :<\/strong> Les lampadaires peuvent \u00eatre facilement d\u00e9plac\u00e9s pour r\u00e9pondre \u00e0 vos besoins changeants.<\/li>\n<li data-sourcepos=\"9:1-9:121\"><strong>Polyvalence :<\/strong> Ils peuvent \u00eatre utilis\u00e9s pour cr\u00e9er une vari\u00e9t\u00e9 d'effets d'\u00e9clairage, allant d'un \u00e9clairage doux et confortable \u00e0 un \u00e9clairage lumineux et fonctionnel.<\/li>\n<li data-sourcepos=\"10:1-10:86\"><strong>Style :<\/strong> Les lampadaires peuvent \u00eatre utilis\u00e9s pour ajouter une touche de personnalit\u00e9 \u00e0 votre d\u00e9coration int\u00e9rieure.<\/li>\n<li data-sourcepos=\"11:1-12:0\"><strong>Efficacit\u00e9 \u00e9nerg\u00e9tique :<\/strong> De nombreux lampadaires modernes utilisent des ampoules LED \u00e0 faible consommation d'\u00e9nergie.<\/li>\n<\/ul>\n<h3 data-sourcepos=\"13:1-13:71\"><strong>Voici quelques conseils pour choisir le bon lampadaire pour votre maison :<\/strong><\/h3>\n<ul data-sourcepos=\"15:1-19:0\">\n<li data-sourcepos=\"15:1-15:107\"><strong>Tenez compte du style de votre pi\u00e8ce :<\/strong> Choisissez un lampadaire qui s'harmonise avec le style g\u00e9n\u00e9ral de votre pi\u00e8ce.<\/li>\n<li data-sourcepos=\"16:1-16:93\"><strong>Pensez \u00e0 la taille de votre pi\u00e8ce :<\/strong> Un lampadaire plus grand peut \u00eatre n\u00e9cessaire pour une pi\u00e8ce plus grande.<\/li>\n<li data-sourcepos=\"17:1-17:105\"><strong>D\u00e9terminez le type de lumi\u00e8re dont vous avez besoin :<\/strong> Souhaitez-vous une liseuse lumineuse ou une lumi\u00e8re d'ambiance plus douce ?<\/li>\n<li data-sourcepos=\"18:1-19:0\"><strong>Choisissez la bonne hauteur :<\/strong> La hauteur du lampadaire doit \u00eatre adapt\u00e9e \u00e0 la pi\u00e8ce et \u00e0 l'utilisation que vous souhaitez en faire.<\/li>\n<\/ul>\n<h3 data-sourcepos=\"20:1-20:48\"><strong>Voici quelques styles populaires de lampadaires :<\/strong><\/h3>\n<ul data-sourcepos=\"22:1-26:0\">\n<li data-sourcepos=\"22:1-22:108\"><strong>Lampes \u00e0 arc :<\/strong> Ces lampes sont dot\u00e9es d'un long bras incurv\u00e9 qui peut \u00eatre ajust\u00e9 pour diriger la lumi\u00e8re l\u00e0 o\u00f9 vous en avez besoin.<\/li>\n<li data-sourcepos=\"23:1-23:87\"><strong>Lampes torch\u00e8res :<\/strong> Ces lampes hautes et minces fournissent une lumi\u00e8re indirecte, orient\u00e9e vers le haut.<\/li>\n<li data-sourcepos=\"24:1-24:104\"><strong>Lampes standard :<\/strong> Ces lampes ont un design droit et constituent un choix classique pour n'importe quelle pi\u00e8ce.<\/li>\n<li data-sourcepos=\"25:1-26:0\"><strong>Lampes modernes :<\/strong> Ces lampes pr\u00e9sentent un design \u00e9pur\u00e9 et minimaliste et sont souvent \u00e9quip\u00e9es d'un \u00e9clairage LED.<\/li>\n<\/ul>","protected":false},"excerpt":{"rendered":"<p>Taille du produit : \u03a6520MM*1820MM<\/p>\n<p>Poids du produit (kg) : 25<\/p>\n<p>Nombre de t\u00eates de lampe5 (pi\u00e8ces):5\/10\/15<\/p>\n<p>M\u00e9thode d'emballage : mousse+carton<\/p>","protected":false},"featured_media":1723,"template":"","meta":[],"product_brand":[],"product_cat":[41],"product_tag":[],"class_list":{"0":"post-1722","1":"product","2":"type-product","3":"status-publish","4":"has-post-thumbnail","6":"product_cat-table-lamp-and-floor-lamp-1","8":"first","9":"instock","10":"shipping-taxable","11":"product-type-simple"},"_links":{"self":[{"href":"https:\/\/chandelier-yc.com\/fr\/wp-json\/wp\/v2\/product\/1722"}],"collection":[{"href":"https:\/\/chandelier-yc.com\/fr\/wp-json\/wp\/v2\/product"}],"about":[{"href":"https:\/\/chandelier-yc.com\/fr\/wp-json\/wp\/v2\/types\/product"}],"wp:featuredmedia":[{"embeddable":true,"href":"https:\/\/chandelier-yc.com\/fr\/wp-json\/wp\/v2\/media\/1723"}],"wp:attachment":[{"href":"https:\/\/chandelier-yc.com\/fr\/wp-json\/wp\/v2\/media?parent=1722"}],"wp:term":[{"taxonomy":"product_brand","embeddable":true,"href":"https:\/\/chandelier-yc.com\/fr\/wp-json\/wp\/v2\/product_brand?post=1722"},{"taxonomy":"product_cat","embeddable":true,"href":"https:\/\/chandelier-yc.com\/fr\/wp-json\/wp\/v2\/product_cat?post=1722"},{"taxonomy":"product_tag","embeddable":true,"href":"https:\/\/chandelier-yc.com\/fr\/wp-json\/wp\/v2\/product_tag?post=1722"}],"curies":[{"name":"wp","href":"https:\/\/api.w.org\/{rel}","templated":true}]}}