{"id":1728,"date":"2024-11-04T02:13:40","date_gmt":"2024-11-04T02:13:40","guid":{"rendered":"https:\/\/chandelier-yc.com\/?post_type=product&#038;p=1728"},"modified":"2024-11-04T02:22:10","modified_gmt":"2024-11-04T02:22:10","slug":"modern-table-and-floor-lamps-ft600","status":"publish","type":"product","link":"https:\/\/chandelier-yc.com\/fr\/manufacturer\/modern-table-and-floor-lamps-ft600\/","title":{"rendered":"Lampes de table et lampadaires modernes (FT600)"},"content":{"rendered":"<p data-sourcepos=\"1:1-1:129\">Les lampes de table et les lampadaires modernes offrent une fa\u00e7on \u00e9l\u00e9gante et raffin\u00e9e d'\u00e9clairer votre espace de vie. Voici quelques mod\u00e8les modernes populaires :<\/p>\n<h3 data-sourcepos=\"3:1-3:23\"><strong>Lampes de table et lampadaires modernes :<\/strong><\/h3>\n<ul data-sourcepos=\"5:1-9:0\">\n<li data-sourcepos=\"5:1-5:91\"><strong>Minimaliste :<\/strong> Lignes simples et \u00e9pur\u00e9es, couleurs neutres, souvent avec une base en m\u00e9tal ou en verre.<\/li>\n<li data-sourcepos=\"6:1-6:77\"><strong>G\u00e9om\u00e9trique :<\/strong> Les formes g\u00e9om\u00e9triques en gras, telles que les sph\u00e8res, les cubes ou les cylindres.<\/li>\n<li data-sourcepos=\"7:1-7:92\"><strong>Industriel :<\/strong> Des mat\u00e9riaux bruts comme le m\u00e9tal et le bois, avec des ampoules apparentes ou des abat-jour en forme de cage.<\/li>\n<li data-sourcepos=\"8:1-9:0\"><strong>Art d\u00e9co :<\/strong> Des courbes \u00e9pur\u00e9es et des mat\u00e9riaux luxueux comme le marbre ou le laiton.<\/li>\n<\/ul>\n<h3 data-sourcepos=\"10:1-10:23\"><strong>Lampes de sol modernes :<\/strong><\/h3>\n<ul data-sourcepos=\"12:1-16:0\">\n<li data-sourcepos=\"12:1-12:95\"><strong>Lampe \u00e0 arc :<\/strong> Un design classique et moderne avec un bras incurv\u00e9 qui peut \u00eatre ajust\u00e9 pour diriger la lumi\u00e8re.<\/li>\n<li data-sourcepos=\"13:1-13:82\"><strong>Torch\u00e8re :<\/strong> Une lampe haute et mince qui fournit une lumi\u00e8re indirecte, orient\u00e9e vers le haut.<\/li>\n<li data-sourcepos=\"14:1-14:102\"><strong>Lampadaire tr\u00e9pied :<\/strong> Une option \u00e9l\u00e9gante et polyvalente avec trois pieds et une vari\u00e9t\u00e9 de styles d'abat-jour.<\/li>\n<li data-sourcepos=\"15:1-16:0\"><strong>Lampadaire avec \u00e9tag\u00e8re :<\/strong> Un design fonctionnel qui comprend une \u00e9tag\u00e8re int\u00e9gr\u00e9e pour les livres, les plantes ou d'autres objets d\u00e9coratifs.<\/li>\n<\/ul>\n<h3 data-sourcepos=\"17:1-17:51\"><strong>Conseils pour choisir des lampes de table et des lampadaires modernes :<\/strong><\/h3>\n<ul data-sourcepos=\"19:1-23:0\">\n<li data-sourcepos=\"19:1-19:83\"><strong>Tenez compte du style de votre pi\u00e8ce :<\/strong> Choisissez des lampes qui s'int\u00e8grent \u00e0 votre d\u00e9cor.<\/li>\n<li data-sourcepos=\"20:1-20:111\"><strong>Pensez \u00e0 l'\u00e9clairage de la pi\u00e8ce :<\/strong> Avez-vous besoin d'une lampe de lecture lumineuse ou d'une lumi\u00e8re d'ambiance plus douce ?<\/li>\n<li data-sourcepos=\"21:1-21:114\"><strong>Faites attention \u00e0 la taille et \u00e0 l'\u00e9chelle des lampes :<\/strong> Les lampes doivent \u00eatre proportionn\u00e9es \u00e0 la taille de la pi\u00e8ce.<\/li>\n<li data-sourcepos=\"22:1-23:0\"><strong>Recherchez des options efficaces sur le plan \u00e9nerg\u00e9tique :<\/strong> Les ampoules LED sont un excellent moyen d'\u00e9conomiser de l'\u00e9nergie et de l'argent.<\/li>\n<\/ul>","protected":false},"excerpt":{"rendered":"<p>Taille du produit : \u03a6400MM*600MM<\/p>\n<p>Poids du produit (kg) : 36,8<\/p>\n<p>Nombre de t\u00eates de lampe (pi\u00e8ces):3<\/p>\n<p>M\u00e9thode d'emballage : mousse+carton<\/p>","protected":false},"featured_media":1729,"template":"","meta":[],"product_brand":[],"product_cat":[39,41],"product_tag":[],"class_list":{"0":"post-1728","1":"product","2":"type-product","3":"status-publish","4":"has-post-thumbnail","6":"product_cat-chandelier-1","7":"product_cat-table-lamp-and-floor-lamp-1","9":"first","10":"instock","11":"shipping-taxable","12":"product-type-simple"},"_links":{"self":[{"href":"https:\/\/chandelier-yc.com\/fr\/wp-json\/wp\/v2\/product\/1728"}],"collection":[{"href":"https:\/\/chandelier-yc.com\/fr\/wp-json\/wp\/v2\/product"}],"about":[{"href":"https:\/\/chandelier-yc.com\/fr\/wp-json\/wp\/v2\/types\/product"}],"wp:featuredmedia":[{"embeddable":true,"href":"https:\/\/chandelier-yc.com\/fr\/wp-json\/wp\/v2\/media\/1729"}],"wp:attachment":[{"href":"https:\/\/chandelier-yc.com\/fr\/wp-json\/wp\/v2\/media?parent=1728"}],"wp:term":[{"taxonomy":"product_brand","embeddable":true,"href":"https:\/\/chandelier-yc.com\/fr\/wp-json\/wp\/v2\/product_brand?post=1728"},{"taxonomy":"product_cat","embeddable":true,"href":"https:\/\/chandelier-yc.com\/fr\/wp-json\/wp\/v2\/product_cat?post=1728"},{"taxonomy":"product_tag","embeddable":true,"href":"https:\/\/chandelier-yc.com\/fr\/wp-json\/wp\/v2\/product_tag?post=1728"}],"curies":[{"name":"wp","href":"https:\/\/api.w.org\/{rel}","templated":true}]}}