{"id":1730,"date":"2024-11-04T02:31:24","date_gmt":"2024-11-04T02:31:24","guid":{"rendered":"https:\/\/chandelier-yc.com\/?post_type=product&#038;p=1730"},"modified":"2024-11-04T02:33:31","modified_gmt":"2024-11-04T02:33:31","slug":"modern-floor-and-table-lamps-ft1700","status":"publish","type":"product","link":"https:\/\/chandelier-yc.com\/fr\/manufacturer\/modern-floor-and-table-lamps-ft1700\/","title":{"rendered":"Lampes de sol et de table modernes (FT1700)"},"content":{"rendered":"<p data-sourcepos=\"1:1-1:194\">Les lampadaires et lampes de table modernes sont un ajout \u00e9l\u00e9gant et fonctionnel \u00e0 toute maison contemporaine. Elles offrent une esth\u00e9tique \u00e9pur\u00e9e et minimaliste qui peut s'int\u00e9grer \u00e0 une vari\u00e9t\u00e9 de styles de d\u00e9coration int\u00e9rieure.<\/p>\n<h3 data-sourcepos=\"3:1-3:41\"><strong>Voici quelques mod\u00e8les populaires de lampes de table et de sol modernes :<\/strong><\/h3>\n<h4 data-sourcepos=\"5:1-5:23\"><strong>Lampes de table modernes :<\/strong><\/h4>\n<ul data-sourcepos=\"7:1-11:0\">\n<li data-sourcepos=\"7:1-7:91\"><strong>Minimaliste :<\/strong> Lignes simples et \u00e9pur\u00e9es, couleurs neutres, souvent avec une base en m\u00e9tal ou en verre.<\/li>\n<li data-sourcepos=\"8:1-8:77\"><strong>G\u00e9om\u00e9trique :<\/strong> Les formes g\u00e9om\u00e9triques en gras, telles que les sph\u00e8res, les cubes ou les cylindres.<\/li>\n<li data-sourcepos=\"9:1-9:92\"><strong>Industriel :<\/strong> Des mat\u00e9riaux bruts comme le m\u00e9tal et le bois, avec des ampoules apparentes ou des abat-jour en forme de cage.<\/li>\n<li data-sourcepos=\"10:1-11:0\"><strong>Art d\u00e9co :<\/strong> Des courbes \u00e9pur\u00e9es et des mat\u00e9riaux luxueux comme le marbre ou le laiton.<\/li>\n<\/ul>\n<h4 data-sourcepos=\"12:1-12:23\"><strong>Lampes de sol modernes :<\/strong><\/h4>\n<ul data-sourcepos=\"14:1-18:0\">\n<li data-sourcepos=\"14:1-14:95\"><strong>Lampe \u00e0 arc :<\/strong> Un design classique et moderne avec un bras incurv\u00e9 qui peut \u00eatre ajust\u00e9 pour diriger la lumi\u00e8re.<\/li>\n<li data-sourcepos=\"15:1-15:82\"><strong>Torch\u00e8re :<\/strong> Une lampe haute et mince qui fournit une lumi\u00e8re indirecte, orient\u00e9e vers le haut.<\/li>\n<li data-sourcepos=\"16:1-16:102\"><strong>Lampadaire tr\u00e9pied :<\/strong> Une option \u00e9l\u00e9gante et polyvalente avec trois pieds et une vari\u00e9t\u00e9 de styles d'abat-jour.<\/li>\n<li data-sourcepos=\"17:1-18:0\"><strong>Lampadaire avec \u00e9tag\u00e8re :<\/strong> Un design fonctionnel qui comprend une \u00e9tag\u00e8re int\u00e9gr\u00e9e pour les livres, les plantes ou d'autres objets d\u00e9coratifs.<\/li>\n<\/ul>\n<h4 data-sourcepos=\"19:1-19:51\"><strong>Conseils pour choisir des lampadaires et des lampes de table modernes :<\/strong><\/h4>\n<ul data-sourcepos=\"21:1-25:0\">\n<li data-sourcepos=\"21:1-21:83\"><strong>Tenez compte du style de votre pi\u00e8ce :<\/strong> Choisissez des lampes qui s'int\u00e8grent \u00e0 votre d\u00e9cor.<\/li>\n<li data-sourcepos=\"22:1-22:111\"><strong>Pensez \u00e0 l'\u00e9clairage de la pi\u00e8ce :<\/strong> Avez-vous besoin d'une lampe de lecture lumineuse ou d'une lumi\u00e8re d'ambiance plus douce ?<\/li>\n<li data-sourcepos=\"23:1-23:114\"><strong>Faites attention \u00e0 la taille et \u00e0 l'\u00e9chelle des lampes :<\/strong> Les lampes doivent \u00eatre proportionn\u00e9es \u00e0 la taille de la pi\u00e8ce.<\/li>\n<li data-sourcepos=\"24:1-25:0\"><strong>Recherchez des options efficaces sur le plan \u00e9nerg\u00e9tique :<\/strong> Les ampoules LED sont un excellent moyen d'\u00e9conomiser de l'\u00e9nergie et de l'argent.<\/li>\n<\/ul>","protected":false},"excerpt":{"rendered":"<p>Product size:\u03a6500MM*1700MM<\/p>\n<p>Product weight (kg):57.99<\/p>\n<p>Number of lamp heads (pieces):6<\/p>\n<p>M\u00e9thode d'emballage : mousse+carton<\/p>","protected":false},"featured_media":1731,"template":"","meta":[],"product_brand":[],"product_cat":[41],"product_tag":[],"class_list":{"0":"post-1730","1":"product","2":"type-product","3":"status-publish","4":"has-post-thumbnail","6":"product_cat-table-lamp-and-floor-lamp-1","8":"first","9":"instock","10":"shipping-taxable","11":"product-type-simple"},"_links":{"self":[{"href":"https:\/\/chandelier-yc.com\/fr\/wp-json\/wp\/v2\/product\/1730"}],"collection":[{"href":"https:\/\/chandelier-yc.com\/fr\/wp-json\/wp\/v2\/product"}],"about":[{"href":"https:\/\/chandelier-yc.com\/fr\/wp-json\/wp\/v2\/types\/product"}],"wp:featuredmedia":[{"embeddable":true,"href":"https:\/\/chandelier-yc.com\/fr\/wp-json\/wp\/v2\/media\/1731"}],"wp:attachment":[{"href":"https:\/\/chandelier-yc.com\/fr\/wp-json\/wp\/v2\/media?parent=1730"}],"wp:term":[{"taxonomy":"product_brand","embeddable":true,"href":"https:\/\/chandelier-yc.com\/fr\/wp-json\/wp\/v2\/product_brand?post=1730"},{"taxonomy":"product_cat","embeddable":true,"href":"https:\/\/chandelier-yc.com\/fr\/wp-json\/wp\/v2\/product_cat?post=1730"},{"taxonomy":"product_tag","embeddable":true,"href":"https:\/\/chandelier-yc.com\/fr\/wp-json\/wp\/v2\/product_tag?post=1730"}],"curies":[{"name":"wp","href":"https:\/\/api.w.org\/{rel}","templated":true}]}}